{"id":14825,"date":"2022-01-06T20:36:55","date_gmt":"2022-01-06T20:36:55","guid":{"rendered":"http:\/\/thurzozoltan.com\/de\/koncertek-2022-ben\/"},"modified":"2022-01-06T20:36:55","modified_gmt":"2022-01-06T20:36:55","slug":"koncertek-2022-ben","status":"publish","type":"page","link":"http:\/\/thurzozoltan.com\/de\/koncertek-2022-ben\/","title":{"rendered":"Koncertek 2022-ben"},"content":{"rendered":"<table>\n<thead>\n<tr>\n<td>\n<p><strong>D\u00e1tum<\/strong><\/p>\n<\/td>\n<td>\n<p><strong>V\u00e1ros\/orsz\u00e1g<\/strong><\/p>\n<\/td>\n<td>\n<p><strong>Helysz\u00edn &#8211; Le\u00edr\u00e1s<\/strong><\/p>\n<\/td>\n<td>\n<p><strong>\u00a0<\/strong><\/p>\n<\/td>\n<\/tr>\n<\/thead>\n<\/table>\n<tr>\r\n\t<td class=\"koncert-datum\">2022.10.30<\/td>\r\n    <td>Nagyajta \/ Rom\u00e1nia<\/td>\r\n    <td>M\u0171eml\u00e9k V\u00e1rtemplom - Thurz\u00f3 Zolt\u00e1n \u00f6n\u00e1ll\u00f3 zongorahangversenye<\/td>\r\n\t<td style=\"text-align:right;\"><a href=\"http:\/\/thurzozoltan.com\/de\/koncert\/nagyajta-muemlek-vartemplom-thurzo-zoltan-oenallo-zongorahangversenye\/\">Mehr Infos<\/a><\/td>  \r\n   <\/tr><tr>\r\n\t<td class=\"koncert-datum\">2022.10.28<\/td>\r\n    <td>Budapest \/ Magyarorsz\u00e1g<\/td>\r\n    <td>H\u00c1L\u00d3 K\u00f6z\u00f6ss\u00e9gi \u00e9s Kultur\u00e1lis K\u00f6zpont - N\u00e9gyszemk\u00f6zt jeles gondolkod\u00f3ink, m\u0171v\u00e9szeink - a Budapesti Sz\u00e9kely K\u00f6r megh\u00edvottja: Thurz\u00f3 Zolt\u00e1n Guinness vil\u00e1grekorder zongoram\u0171v\u00e9sz<\/td>\r\n\t<td style=\"text-align:right;\"><a href=\"http:\/\/thurzozoltan.com\/de\/koncert\/budapest-halo-koezoessegi-es-kulturalis-koezpont-budapesti-szekely-koer-meghivottja-thurzo-zoltan-guinness-vilagrekorder-zongoramuvesz-negyszemkoezt-jeles-gondolkodoink-muveszeink\/\">Mehr Infos<\/a><\/td>  \r\n   <\/tr><tr>\r\n\t<td class=\"koncert-datum\">2022.10.23<\/td>\r\n    <td>Gyergy\u00f3szentmikl\u00f3s \/ Rom\u00e1nia<\/td>\r\n    <td>Szent Mikl\u00f3s R\u00f3mai Katolikus Templom - Megeml\u00e9kez\u00e9s az 1956-os forradalom \u00e9s szabads\u00e1gharcr\u00f3l \u2013 Thurz\u00f3 Zolt\u00e1n \u00f6n\u00e1ll\u00f3 zongorahangversenye: H\u00e1bor\u00fa \u00e1s B\u00e9ke a zene hangjaiban<\/td>\r\n\t<td style=\"text-align:right;\"><a href=\"http:\/\/thurzozoltan.com\/de\/koncert\/gyergyoszentmiklos-thurzo-zoltan-oenallo-zongorahangversenye\/\">Mehr Infos<\/a><\/td>  \r\n   <\/tr><tr>\r\n\t<td class=\"koncert-datum\">2022.10.01<\/td>\r\n    <td>Sepsiszentgy\u00f6rgy \/ Rom\u00e1nia<\/td>\r\n    <td>Tam\u00e1si \u00c1ron Sz\u00ednh\u00e1z - Thurz\u00f3 Zolt\u00e1n motiv\u00e1ci\u00f3s el\u0151ad\u00e1sa a megrendezett TEDx keret\u00e9n bel\u00fcl: \"Art IN Business - Art IS Business, 10 gondolat az \u00f6nmanagel\u00e9s lehet\u0151s\u00e9geir\u0151l \u00e9s ezeknek fontoss\u00e1g\u00e1r\u00f3l\"<\/td>\r\n\t<td style=\"text-align:right;\"><a href=\"http:\/\/thurzozoltan.com\/de\/koncert\/14902\/\">Mehr Infos<\/a><\/td>  \r\n   <\/tr><tr>\r\n\t<td class=\"koncert-datum\">2022.09.25<\/td>\r\n    <td>Nagyv\u00e1rad \/ Rom\u00e1nia<\/td>\r\n    <td>Semiramis k\u00e1v\u00e9z\u00f3 emeleti konferenciaterme - Guinness World Records OFFICIAL ATTEMPT 2022 \u2013 Longest marathon playing keyboard \/ piano by an individual, Thurz\u00f3 Zolt\u00e1n \u2013 concert pianist\/zongoram\u0171v\u00e9sz<\/td>\r\n\t<td style=\"text-align:right;\"><a href=\"http:\/\/thurzozoltan.com\/de\/koncert\/guinness-world-records-official-attempt-2022-longest-marathon-playing-keyboard-piano-individual-thurzo-zoltan-concert-pianistzongoramuvesz-6\/\">Mehr Infos<\/a><\/td>  \r\n   <\/tr><tr>\r\n\t<td class=\"koncert-datum\">2022.09.24<\/td>\r\n    <td>Nagyv\u00e1rad \/ Rom\u00e1nia<\/td>\r\n    <td>Semiramis k\u00e1v\u00e9z\u00f3 emeleti konferenciaterme - Guinness World Records OFFICIAL ATTEMPT 2022 \u2013 Longest marathon playing keyboard \/ piano by an individual, Thurz\u00f3 Zolt\u00e1n \u2013 concert pianist\/zongoram\u0171v\u00e9sz<\/td>\r\n\t<td style=\"text-align:right;\"><a href=\"http:\/\/thurzozoltan.com\/de\/koncert\/guinness-world-records-official-attempt-2022-longest-marathon-playing-keyboard-piano-individual-thurzo-zoltan-concert-pianistzongoramuvesz-5\/\">Mehr Infos<\/a><\/td>  \r\n   <\/tr><tr>\r\n\t<td class=\"koncert-datum\">2022.09.23<\/td>\r\n    <td>Nagyv\u00e1rad \/ Rom\u00e1nia<\/td>\r\n    <td>Semiramis k\u00e1v\u00e9z\u00f3 emeleti konferenciaterme - Guinness World Records OFFICIAL ATTEMPT 2022 \u2013 Longest marathon playing keyboard \/ piano by an individual, Thurz\u00f3 Zolt\u00e1n \u2013 concert pianist\/zongoram\u0171v\u00e9sz<\/td>\r\n\t<td style=\"text-align:right;\"><a href=\"http:\/\/thurzozoltan.com\/de\/koncert\/guinness-world-records-official-attempt-2022-longest-marathon-playing-keyboard-piano-individual-thurzo-zoltan-concert-pianistzongoramuvesz-4\/\">Mehr Infos<\/a><\/td>  \r\n   <\/tr><tr>\r\n\t<td class=\"koncert-datum\">2022.09.22<\/td>\r\n    <td>Nagyv\u00e1rad \/ Rom\u00e1nia<\/td>\r\n    <td>Semiramis k\u00e1v\u00e9z\u00f3 emeleti konferenciaterme - Guinness World Records OFFICIAL ATTEMPT 2022 \u2013 Longest marathon playing keyboard \/ piano by an individual, Thurz\u00f3 Zolt\u00e1n \u2013 concert pianist\/zongoram\u0171v\u00e9sz<\/td>\r\n\t<td style=\"text-align:right;\"><a href=\"http:\/\/thurzozoltan.com\/de\/koncert\/guinness-world-records-official-attempt-2022-longest-marathon-playing-keyboard-piano-individual-thurzo-zoltan-concert-pianistzongoramuvesz-3\/\">Mehr Infos<\/a><\/td>  \r\n   <\/tr><tr>\r\n\t<td class=\"koncert-datum\">2022.09.21<\/td>\r\n    <td>Nagyv\u00e1rad \/ Rom\u00e1nia<\/td>\r\n    <td>Semiramis k\u00e1v\u00e9z\u00f3 emeleti konferenciaterme - Guinness World Records OFFICIAL ATTEMPT 2022 \u2013 Longest marathon playing keyboard \/ piano by an individual, Thurz\u00f3 Zolt\u00e1n \u2013 concert pianist\/zongoram\u0171v\u00e9sz<\/td>\r\n\t<td style=\"text-align:right;\"><a href=\"http:\/\/thurzozoltan.com\/de\/koncert\/guinness-world-records-official-attempt-2022-longest-marathon-playing-keyboard-piano-individual-thurzo-zoltan-concert-pianistzongoramuvesz-2\/\">Mehr Infos<\/a><\/td>  \r\n   <\/tr><tr>\r\n\t<td class=\"koncert-datum\">2022.09.20<\/td>\r\n    <td>Nagyv\u00e1rad \/ Rom\u00e1nia<\/td>\r\n    <td>Semiramis k\u00e1v\u00e9z\u00f3 emeleti konferenciaterme - Guinness World Records OFFICIAL ATTEMPT 2022 \u2013 Longest marathon playing keyboard \/ piano by an individual, Thurz\u00f3 Zolt\u00e1n \u2013 concert pianist\/zongoram\u0171v\u00e9sz<\/td>\r\n\t<td style=\"text-align:right;\"><a href=\"http:\/\/thurzozoltan.com\/de\/koncert\/14907\/\">Mehr Infos<\/a><\/td>  \r\n   <\/tr><tr>\r\n\t<td class=\"koncert-datum\">2022.09.19<\/td>\r\n    <td>Nagyv\u00e1rad \/ Rom\u00e1nia<\/td>\r\n    <td>Semiramis k\u00e1v\u00e9z\u00f3 emeleti konferenciaterme - Guinness World Records OFFICIAL ATTEMPT 2022 \u2013 Longest marathon playing keyboard \/ piano by an individual, Thurz\u00f3 Zolt\u00e1n \u2013 concert pianist\/zongoram\u0171v\u00e9sz<\/td>\r\n\t<td style=\"text-align:right;\"><a href=\"http:\/\/thurzozoltan.com\/de\/koncert\/guinness-world-records-official-attempt-2022-longest-marathon-playing-keyboard-piano-individual-thurzo-zoltan-concert-pianistzongoramuvesz\/\">Mehr Infos<\/a><\/td>  \r\n   <\/tr><tr>\r\n\t<td class=\"koncert-datum\">2022.09.03<\/td>\r\n    <td>Sepsiszentgy\u00f6rgy \/ Rom\u00e1nia<\/td>\r\n    <td>Sepsiszentgy\u00f6rgy, a r\u00e9gi doh\u00e1nygy\u00e1r \u00e9p\u00fcleteggy\u00fctes\u00e9nek egyik szabadt\u00e9ri sz\u00ednpad\u00e1n - Thurz\u00f3 Zolt\u00e1n motiv\u00e1ci\u00f3s el\u0151ad\u00e1sa a TABAK\u00d3 FESZTIV\u00c1L keret\u00e9ben: Tenned kell az \u00e1lmaid\u00e9rt. Mik\u00e9nt kell haszn\u00e1ljuk manaps\u00e1g az \u00f6nmanagel\u00e9st.<\/td>\r\n\t<td style=\"text-align:right;\"><a href=\"http:\/\/thurzozoltan.com\/de\/koncert\/14901\/\">Mehr Infos<\/a><\/td>  \r\n   <\/tr><tr>\r\n\t<td class=\"koncert-datum\">2022.06.30<\/td>\r\n    <td>Sepsiszentgy\u00f6rgy \/ Rom\u00e1nia<\/td>\r\n    <td>\u00c1rkosi Kultur\u00e1lis K\u00f6zpont - Thurz\u00f3 Zolt\u00e1n \u00f6n\u00e1ll\u00f3 zongorahangversenye<\/td>\r\n\t<td style=\"text-align:right;\"><a href=\"http:\/\/thurzozoltan.com\/de\/koncert\/14841\/\">Mehr Infos<\/a><\/td>  \r\n   <\/tr><tr>\r\n\t<td class=\"koncert-datum\">2022.06.24<\/td>\r\n    <td>Nagyv\u00e1rad \/ Rom\u00e1nia<\/td>\r\n    <td>Partiumi Kereszt\u00e9ny Egyetem d\u00edszterme - Partiumi Kereszt\u00e9ny Egyetem d\u00edszterme \u2013 \u201cHimnusz a magasban\u201d Mount Everest expedic\u00ed\u00f3 zongor\u00e1val - Thurz\u00f3 Zolt\u00e1n k\u00e9pes\/videos \u00e9lm\u00e9nybesz\u00e1mol\u00f3ja a Guiness vil\u00e1grekordja kapcs\u00e1n<\/td>\r\n\t<td style=\"text-align:right;\"><a href=\"http:\/\/thurzozoltan.com\/de\/koncert\/14840\/\">Mehr Infos<\/a><\/td>  \r\n   <\/tr><tr>\r\n\t<td class=\"koncert-datum\">2022.06.13<\/td>\r\n    <td>Mount Everest Base Camp \/ Nepal<\/td>\r\n    <td>Mount Everest Base Camp - Guinness World Records OFFICIAL ATTEMPT 2022  - Thurz\u00f3 Zolt\u00e1n, concert pianist ( With this piano performance Thurz\u00f3 Zolt\u00e1n turnes into a Guinness World Records OFFICIAL TITLE HOLDER! )<\/td>\r\n\t<td style=\"text-align:right;\"><a href=\"http:\/\/thurzozoltan.com\/de\/koncert\/guinness-world-records-official-attempt-2022-thurzo-zoltan-concert-pianist\/\">Mehr Infos<\/a><\/td>  \r\n   <\/tr><span class=\"pods-pagination-advanced \">\n    \n    <span class=\"pods-pagination-number pods-pagination-current \">1<\/span>\n\n            <a href=\"\/de\/wp-json\/wp\/v2\/pages\/14825?pg=2\" class=\"pods-pagination-number pods-pagination-last \">2<\/a>\n                    <a href=\"\/de\/wp-json\/wp\/v2\/pages\/14825?pg=2\" class=\"pods-pagination-number pods-pagination-next \">N\u00e4chste &rsaquo;<\/a>\n                                <a href=\"\/de\/wp-json\/wp\/v2\/pages\/14825?pg=2\" class=\"pods-pagination-number pods-pagination-last \">Letzte &raquo;<\/a>\n                    \n<\/span>\n\n","protected":false},"excerpt":{"rendered":"<p>D\u00e1tum V\u00e1ros\/orsz\u00e1g Helysz\u00edn &#8211; Le\u00edr\u00e1s \u00a0<\/p>\n","protected":false},"author":2,"featured_media":0,"parent":0,"menu_order":0,"comment_status":"closed","ping_status":"closed","template":"","meta":{"footnotes":""},"class_list":["post-14825","page","type-page","status-publish","hentry"],"_links":{"self":[{"href":"http:\/\/thurzozoltan.com\/de\/wp-json\/wp\/v2\/pages\/14825","targetHints":{"allow":["GET"]}}],"collection":[{"href":"http:\/\/thurzozoltan.com\/de\/wp-json\/wp\/v2\/pages"}],"about":[{"href":"http:\/\/thurzozoltan.com\/de\/wp-json\/wp\/v2\/types\/page"}],"author":[{"embeddable":true,"href":"http:\/\/thurzozoltan.com\/de\/wp-json\/wp\/v2\/users\/2"}],"replies":[{"embeddable":true,"href":"http:\/\/thurzozoltan.com\/de\/wp-json\/wp\/v2\/comments?post=14825"}],"version-history":[{"count":0,"href":"http:\/\/thurzozoltan.com\/de\/wp-json\/wp\/v2\/pages\/14825\/revisions"}],"wp:attachment":[{"href":"http:\/\/thurzozoltan.com\/de\/wp-json\/wp\/v2\/media?parent=14825"}],"curies":[{"name":"wp","href":"https:\/\/api.w.org\/{rel}","templated":true}]}}