{"id":8881,"date":"2016-06-23T06:50:28","date_gmt":"2016-06-23T06:50:28","guid":{"rendered":"http:\/\/thurzozoltan.com\/de\/koncertek-2014-ben\/"},"modified":"2016-10-05T13:32:27","modified_gmt":"2016-10-05T13:32:27","slug":"koncertek-2014-ben","status":"publish","type":"page","link":"http:\/\/thurzozoltan.com\/de\/koncertek-2014-ben\/","title":{"rendered":"Konzerte im Jahr 2014"},"content":{"rendered":"<table class=\"koncert-table\" cellspacing=\"0\" cellpadding=\"0\">\n<thead>\n<tr>\n<th class=\"koncert-datum\">Datum<\/th>\n<th class=\"koncert-varos\">Stadt\/Land<\/th>\n<th class=\"koncert-leiras\">Lage \u2013 Beschreibung<\/th>\n<th class=\"koncert-info\"><\/th>\n<\/tr>\n<\/thead>\n<tbody>\n<tr>\r\n\t<td class=\"koncert-datum\">2014.12.31<\/td>\r\n    <td>Nagyv\u00e1rad \/ Rom\u00e1nia<\/td>\r\n    <td>Lotus bev\u00e1s\u00e1rl\u00f3k\u00f6zpont rendezv\u00e9nyterme - \"Els\u0151 Nagyv\u00e1radi Magyar Szilveszteri B\u00e1l\" keret\u00e9n bel\u00fcl<\/td>\r\n\t<td style=\"text-align:right;\"><a href=\"http:\/\/thurzozoltan.com\/de\/koncert\/event-21152\/\">Mehr Infos<\/a><\/td>  \r\n   <\/tr><tr>\r\n\t<td class=\"koncert-datum\">2014.12.28<\/td>\r\n    <td>Nagyv\u00e1rad \/ Rom\u00e1nia<\/td>\r\n    <td>Bar\u00e1tok Temploma - \"\u00dcnnepi hangverseny\" keret\u00e9n bel\u00fcl<\/td>\r\n\t<td style=\"text-align:right;\"><a href=\"http:\/\/thurzozoltan.com\/de\/koncert\/event-12734\/\">Mehr Infos<\/a><\/td>  \r\n   <\/tr><tr>\r\n\t<td class=\"koncert-datum\">2014.12.27<\/td>\r\n    <td>Nagyv\u00e1rad \/ Rom\u00e1nia<\/td>\r\n    <td>Partiumi Kereszt\u00e9ny Egyetem D\u00edszterme - \"\u00daj\u00e9vv\u00e1r\u00f3 koncert\" keret\u00e9n bel\u00fcl<\/td>\r\n\t<td style=\"text-align:right;\"><a href=\"http:\/\/thurzozoltan.com\/de\/koncert\/event-19760\/\">Mehr Infos<\/a><\/td>  \r\n   <\/tr><tr>\r\n\t<td class=\"koncert-datum\">2014.12.21<\/td>\r\n    <td>Nagyv\u00e1rad \/ Rom\u00e1nia<\/td>\r\n    <td>Lor\u00e1ntffy Zsuzsanna Egyh\u00e1zi K\u00f6zpont M\u00fazeumterme - \"M\u00fazeumi Hangversenyek - Kar\u00e1csonyi \u00dcnnepi Hangverseny\" keret\u00e9n bel\u00fcl<\/td>\r\n\t<td style=\"text-align:right;\"><a href=\"http:\/\/thurzozoltan.com\/de\/koncert\/event-11948\/\">Mehr Infos<\/a><\/td>  \r\n   <\/tr><tr>\r\n\t<td class=\"koncert-datum\">2014.12.15<\/td>\r\n    <td>Biharkeresztes \/ Magyarorsz\u00e1g<\/td>\r\n    <td>\u201eGondvisel\u00e9s H\u00e1za\u201d Reform\u00e1tus Id\u0151sek Otthona - \u201eGondvisel\u00e9s H\u00e1za\u201d Reform\u00e1tus Id\u0151sek Otthona fenn\u00e1ll\u00e1s\u00e1nak 10. \u00e9vfordul\u00f3ja alkalm\u00e1b\u00f3l<\/td>\r\n\t<td style=\"text-align:right;\"><a href=\"http:\/\/thurzozoltan.com\/de\/koncert\/event-14438\/\">Mehr Infos<\/a><\/td>  \r\n   <\/tr><tr>\r\n\t<td class=\"koncert-datum\">2014.12.07<\/td>\r\n    <td>Mez\u0151t\u00far \/ Magyarorsz\u00e1g<\/td>\r\n    <td>M\u00f3ricz Zsigmond K\u00f6nyvt\u00e1r \u00e9s K\u00f6z\u00f6ss\u00e9gi H\u00e1z Nagyterme - Zongoraest<\/td>\r\n\t<td style=\"text-align:right;\"><a href=\"http:\/\/thurzozoltan.com\/de\/koncert\/event-95295\/\">Mehr Infos<\/a><\/td>  \r\n   <\/tr><tr>\r\n\t<td class=\"koncert-datum\">2014.12.06<\/td>\r\n    <td>Nagyv\u00e1rad \/ Rom\u00e1nia<\/td>\r\n    <td>Nagyv\u00e1radi \u00c1llami Sz\u00ednh\u00e1z - \u201eKi Mit Tud?\u201d D\u00f6nt\u0151 keret\u00e9n bel\u00fcl<\/td>\r\n\t<td style=\"text-align:right;\"><a href=\"http:\/\/thurzozoltan.com\/de\/koncert\/event-21267\/\">Mehr Infos<\/a><\/td>  \r\n   <\/tr><tr>\r\n\t<td class=\"koncert-datum\">2014.11.30<\/td>\r\n    <td>Nagyv\u00e1rad \/ Rom\u00e1nia<\/td>\r\n    <td>Lor\u00e1ntffy Zsuzsanna Egyh\u00e1zi K\u00f6zpont M\u00fazeumterme - M\u00fazeumi Hangversenyek - \u00dajabb Musical-Operett-Opera d\u00e9lut\u00e1n<\/td>\r\n\t<td style=\"text-align:right;\"><a href=\"http:\/\/thurzozoltan.com\/de\/koncert\/event-34524\/\">Mehr Infos<\/a><\/td>  \r\n   <\/tr><tr>\r\n\t<td class=\"koncert-datum\">2014.11.23<\/td>\r\n    <td>Nagyv\u00e1rad \/ Rom\u00e1nia<\/td>\r\n    <td>Partiumi Kereszt\u00e9ny Egyetem D\u00edszterme - J\u00f3t\u00e9konys\u00e1gi est az \u00dajv\u00e1rosi Reform\u00e1tus Templom jav\u00e1ra<\/td>\r\n\t<td style=\"text-align:right;\"><a href=\"http:\/\/thurzozoltan.com\/de\/koncert\/event-19957\/\">Mehr Infos<\/a><\/td>  \r\n   <\/tr><tr>\r\n\t<td class=\"koncert-datum\">2014.11.22<\/td>\r\n    <td>Nagyv\u00e1rad \/ Rom\u00e1nia<\/td>\r\n    <td>\u00dajv\u00e1rosi Reform\u00e1tus Templom Imaterme - J\u00f3t\u00e9konys\u00e1gi est az \u00dajv\u00e1rosi Reform\u00e1tus Templom jav\u00e1ra<\/td>\r\n\t<td style=\"text-align:right;\"><a href=\"http:\/\/thurzozoltan.com\/de\/koncert\/event-17450\/\">Mehr Infos<\/a><\/td>  \r\n   <\/tr><tr>\r\n\t<td class=\"koncert-datum\">2014.11.07<\/td>\r\n    <td>Nagyv\u00e1rad \/ Rom\u00e1nia<\/td>\r\n    <td>Vura Vinot\u00e9ka - \"M\u00e1rton napi zen\u00e9s bork\u00f3stol\u00f3 libavacsor\u00e1val\" keret\u00e9n bel\u00fcl<\/td>\r\n\t<td style=\"text-align:right;\"><a href=\"http:\/\/thurzozoltan.com\/de\/koncert\/event-44877\/\">Mehr Infos<\/a><\/td>  \r\n   <\/tr><tr>\r\n\t<td class=\"koncert-datum\">2014.10.26<\/td>\r\n    <td>Nagyv\u00e1rad \/ Rom\u00e1nia<\/td>\r\n    <td>Lor\u00e1ntffy Zsuzsanna Egyh\u00e1zi K\u00f6zpont M\u00fazeumterme - \"M\u00fazeumi Hangversenyek\" keret\u00e9n bel\u00fcl<\/td>\r\n\t<td style=\"text-align:right;\"><a href=\"http:\/\/thurzozoltan.com\/de\/koncert\/event-35125\/\">Mehr Infos<\/a><\/td>  \r\n   <\/tr><tr>\r\n\t<td class=\"koncert-datum\">2014.10.25<\/td>\r\n    <td>\u00c9lesd \/ Rom\u00e1nia<\/td>\r\n    <td>Rekk\u00f3 - \u201eA Zen\u00e9n t\u00fal\u201d Bihar Megyei Hangversenyturn\u00e9<\/td>\r\n\t<td style=\"text-align:right;\"><a href=\"http:\/\/thurzozoltan.com\/de\/koncert\/event-19260\/\">Mehr Infos<\/a><\/td>  \r\n   <\/tr><tr>\r\n\t<td class=\"koncert-datum\">2014.10.25<\/td>\r\n    <td>Sz\u00e9kelyh\u00edd \/ Rom\u00e1nia<\/td>\r\n    <td>Reform\u00e1tus Templom: \u00daj gy\u00fclekezeti terem - \u201eA Zen\u00e9n t\u00fal\u201d Bihar Megyei Hangversenyturn\u00e9<\/td>\r\n\t<td style=\"text-align:right;\"><a href=\"http:\/\/thurzozoltan.com\/de\/koncert\/event-17512\/\">Mehr Infos<\/a><\/td>  \r\n   <\/tr><tr>\r\n\t<td class=\"koncert-datum\">2014.10.24<\/td>\r\n    <td>Nagyv\u00e1rad \/ Rom\u00e1nia<\/td>\r\n    <td>Nagyv\u00e1radi \u00c1llami Filharm\u00f3nia \u201eEnescu-Bart\u00f3k\u201d Hangversenyterme - \"RMDSZ Kelemen Hunor \u00e1llameln\u00f6kjel\u00f6lt kamp\u00e1nyz\u00e1r\u00f3ja\" keret\u00e9n bel\u00fcl<\/td>\r\n\t<td style=\"text-align:right;\"><a href=\"http:\/\/thurzozoltan.com\/de\/koncert\/event-97760\/\">Mehr Infos<\/a><\/td>  \r\n   <\/tr><span class=\"pods-pagination-advanced \">\n    \n    <span class=\"pods-pagination-number pods-pagination-current \">1<\/span>\n\n                <a href=\"\/de\/wp-json\/wp\/v2\/pages\/8881?pg=2\" class=\"pods-pagination-number pods-pagination-2 \">2<\/a>\n                        <a href=\"\/de\/wp-json\/wp\/v2\/pages\/8881?pg=3\" class=\"pods-pagination-number pods-pagination-3 \">3<\/a>\n                    <a href=\"\/de\/wp-json\/wp\/v2\/pages\/8881?pg=4\" class=\"pods-pagination-number pods-pagination-last \">4<\/a>\n                    <a href=\"\/de\/wp-json\/wp\/v2\/pages\/8881?pg=2\" class=\"pods-pagination-number pods-pagination-next \">N\u00e4chste &rsaquo;<\/a>\n                                <a href=\"\/de\/wp-json\/wp\/v2\/pages\/8881?pg=4\" class=\"pods-pagination-number pods-pagination-last \">Letzte &raquo;<\/a>\n                    \n<\/span>\n\n<\/tbody>\n<\/table>\n","protected":false},"excerpt":{"rendered":"<p>Datum Stadt\/Land Lage \u2013 Beschreibung<\/p>\n","protected":false},"author":1,"featured_media":0,"parent":0,"menu_order":0,"comment_status":"closed","ping_status":"closed","template":"","meta":{"footnotes":""},"class_list":["post-8881","page","type-page","status-publish","hentry"],"_links":{"self":[{"href":"http:\/\/thurzozoltan.com\/de\/wp-json\/wp\/v2\/pages\/8881","targetHints":{"allow":["GET"]}}],"collection":[{"href":"http:\/\/thurzozoltan.com\/de\/wp-json\/wp\/v2\/pages"}],"about":[{"href":"http:\/\/thurzozoltan.com\/de\/wp-json\/wp\/v2\/types\/page"}],"author":[{"embeddable":true,"href":"http:\/\/thurzozoltan.com\/de\/wp-json\/wp\/v2\/users\/1"}],"replies":[{"embeddable":true,"href":"http:\/\/thurzozoltan.com\/de\/wp-json\/wp\/v2\/comments?post=8881"}],"version-history":[{"count":2,"href":"http:\/\/thurzozoltan.com\/de\/wp-json\/wp\/v2\/pages\/8881\/revisions"}],"predecessor-version":[{"id":8932,"href":"http:\/\/thurzozoltan.com\/de\/wp-json\/wp\/v2\/pages\/8881\/revisions\/8932"}],"wp:attachment":[{"href":"http:\/\/thurzozoltan.com\/de\/wp-json\/wp\/v2\/media?parent=8881"}],"curies":[{"name":"wp","href":"https:\/\/api.w.org\/{rel}","templated":true}]}}