{"id":8981,"date":"2016-06-28T14:37:43","date_gmt":"2016-06-28T14:37:43","guid":{"rendered":"http:\/\/thurzozoltan.com\/de\/?page_id=8981"},"modified":"2016-10-25T14:03:41","modified_gmt":"2016-10-25T14:03:41","slug":"bartok-nagyvaradon-a-helyi-sajto-tukreben","status":"publish","type":"page","link":"http:\/\/thurzozoltan.com\/de\/konyvek\/bartok-nagyvaradon-a-helyi-sajto-tukreben\/","title":{"rendered":"Bart\u00f3k in Oradea im Spiegel der lokalen Massenmedien"},"content":{"rendered":"[et_pb_section admin_label=&#8221;Section&#8221; fullwidth=&#8221;on&#8221; specialty=&#8221;off&#8221; transparent_background=&#8221;on&#8221; background_color=&#8221;#ffffff&#8221; allow_player_pause=&#8221;off&#8221; inner_shadow=&#8221;off&#8221; parallax=&#8221;off&#8221; parallax_method=&#8221;off&#8221; padding_mobile=&#8221;off&#8221; make_fullwidth=&#8221;off&#8221; use_custom_width=&#8221;off&#8221; width_unit=&#8221;on&#8221; make_equal=&#8221;off&#8221; use_custom_gutter=&#8221;off&#8221;][et_pb_fullwidth_post_title admin_label=&#8221;Fullwidth Post Title&#8221; title=&#8221;on&#8221; meta=&#8221;off&#8221; author=&#8221;on&#8221; date=&#8221;on&#8221; categories=&#8221;on&#8221; comments=&#8221;on&#8221; featured_image=&#8221;off&#8221; featured_placement=&#8221;below&#8221; parallax_effect=&#8221;on&#8221; parallax_method=&#8221;on&#8221; text_orientation=&#8221;center&#8221; text_color=&#8221;dark&#8221; text_background=&#8221;off&#8221; text_bg_color=&#8221;rgba(255,255,255,0.9)&#8221; module_bg_color=&#8221;rgba(255,255,255,0)&#8221; title_font_size=&#8221;36&#8243; title_font_size_tablet=&#8221;29&#8243; title_font_size_phone=&#8221;20&#8243; title_font_size_last_edited=&#8221;on|phone&#8221; title_text_color=&#8221;#fee29b&#8221; title_all_caps=&#8221;off&#8221; use_border_color=&#8221;off&#8221; border_color=&#8221;#ffffff&#8221; border_style=&#8221;solid&#8221;] [\/et_pb_fullwidth_post_title][\/et_pb_section][et_pb_section admin_label=&#8221;section&#8221; transparent_background=&#8221;on&#8221; background_color=&#8221;#ffffff&#8221; allow_player_pause=&#8221;off&#8221; inner_shadow=&#8221;off&#8221; parallax=&#8221;off&#8221; parallax_method=&#8221;off&#8221; padding_mobile=&#8221;off&#8221; make_fullwidth=&#8221;off&#8221; use_custom_width=&#8221;off&#8221; width_unit=&#8221;on&#8221; make_equal=&#8221;off&#8221; use_custom_gutter=&#8221;off&#8221;][et_pb_row admin_label=&#8221;Row&#8221;][et_pb_column type=&#8221;2_3&#8243;][et_pb_text admin_label=&#8221;Text&#8221; background_layout=&#8221;light&#8221; text_orientation=&#8221;left&#8221; use_border_color=&#8221;off&#8221; border_color=&#8221;#ffffff&#8221; border_style=&#8221;solid&#8221;]\n<p style=\"text-align: justify;\">B\u00e9la Bart\u00f3k hat viele Verbindungen zu Oradea.<\/p>\n<p style=\"text-align: justify;\">Dieser Name ist ein Begriff in der Welt der Musik heute.\u00a0Seine Pers\u00f6nlichkeit ist ein Wahrzeichen in der Geschichte der Musik.\u00a0Es gibt nur wenige Namen, die so viele revolution\u00e4re spirituelle Zust\u00e4nde, wie der Name von B\u00e9la Bart\u00f3k binden.\u00a0In den kommendne Reihen wird der Leser einen Ersatzvolumen erhalten.<\/p>\n<p style=\"text-align: justify;\"><a class=\"et_pb_lightbox_image\" href=\"http:\/\/thurzozoltan.com\/wp-content\/uploads\/2016\/06\/Bart\u00f3k-B\u00e9la-1.bmp\"><img loading=\"lazy\" decoding=\"async\" class=\"alignleft wp-image-9001\" src=\"http:\/\/thurzozoltan.com\/wp-content\/uploads\/2016\/06\/Bart\u00f3k-B\u00e9la-1.bmp\" alt=\"Bart\u00f3k B\u00e9la 1\" width=\"337\" height=\"210\" \/><\/a>Wenige wissen, da\u00df der erste Semester des Schuljahres 1891-1892,\u00a0 Bart\u00f3k B\u00e9la, im Alter von 10 Jahre, in Oradea studierte. \u00a0Er studierte hier die musikalische Komposition, in der zweiten Klasse der Mittelschule, zusammen mit Ferenc Kersch, die einst Franz\u00a0Liszt Lehrling wurde.\u00a0Sp\u00e4ter seine erste Deb\u00fctantin, Fischer Stef\u00e1nia Ervinn\u00e9 Szalay, legt Ihn zu Oradea.\u00a0Bart\u00f3k B\u00e9la\u00a0 ruhte merhmals bei dem Paar Fischer-Szalay w\u00e4hrens seinen musikalischen Touren.\u00a0Wiederholend war Oradea die erste Station der siebenb\u00fcrgischen Turnieren.\u00a0B\u00e9la Bart\u00f3k nimmt eine wichtige Position durch die Ausgaben bestimmter Zeiten in meiner Heimstadt &#8211; sowohl w\u00e4hrend Studien, sp\u00e4ter als Komponist, K\u00fcnstler, Sammler von Volksmusik, als auch durch Aktivit\u00e4ten nationaler Br\u00fcderlichkeit zu st\u00e4rken. Im Laufe seines Lebens verk\u00fcndete er die Br\u00fcderlichkeit der V\u00f6lker, sowohl verbal als auch durch seine Musik.\u00a0Eines des Zieles von Bart\u00f3k B\u00e9la einzigartige Sprache war Kontakt und Atmosph\u00e4re zu schaffen.\u00a0Wir wissen, da\u00df in der gro\u00dfen Welt, Bart\u00f3k B\u00e9la den Ruf des Musiklebens von Oradea gest\u00e4rkte, das wegen seiner Werte schon lobenswert war.<\/p>\n<p style=\"text-align: justify;\"><a class=\"et_pb_lightbox_image\" href=\"http:\/\/thurzozoltan.com\/wp-content\/uploads\/2016\/06\/Bart\u00f3k-B\u00e9la-2.bmp\"><img loading=\"lazy\" decoding=\"async\" class=\"alignright wp-image-9002\" src=\"http:\/\/thurzozoltan.com\/wp-content\/uploads\/2016\/06\/Bart\u00f3k-B\u00e9la-2.bmp\" alt=\"Bart\u00f3k B\u00e9la 2\" width=\"201\" height=\"323\" \/><\/a>Bart\u00f3k B\u00e9la, der unsterbliche Komponist des zwanzigsten Jahrhunderts, hatte viele Verbindungen mit Oradea, meist mit den Landschaften von Bihor, die ihn f\u00fcr seine Sammlung der rum\u00e4nischen Volksliedern inspiriert haben.\u00a0Wir sind stolz darauf, nicht nur, weil wir an dem genialen Komponist gebunden sind, sondern weil auch er der Lnadschaft von Bihor viel zu danken hat.\u00a0Das Ziel ist es: die Bekanntmachung der Verbindung, welche der gro\u00dfen ungarischen Komponist mit der Stadt Oradea hat, oder eher der Stadt Verbundenheit mit Ihm, beide sind sehr wichtig f\u00fcr uns.\u00a0Wir sind stolz darauf, nicht nur, weil wir an dem genialen Komponist gebunden sind, sondern weil auch er der Stadt Oradea viel zu danken hat.\u00a0Und warum?<\/p>\n<p style=\"text-align: justify;\">Daf\u00fcr gibt die Antwort, der Autor, id.Thurz\u00f3 S\u00e1ndor, der gr\u00f6\u00dfte Experte in Musik und Musiker von Oradea.\u00a0S\u00e1ndor Thurz\u00f3 entwickelte multilaterale Aktivit\u00e4ten im Laufe seines Lebens.\u00a0Jetzt kann der Leser in seiner Zusammenstellung diejenige Momente aktualisieren, wodurch\u00a0 B\u00e9la Bart\u00f3k in dem Spiegel der lokalen Medien und in seinem pers\u00f6nlichen Gedanken wiederbelebt.<\/p>\n<p style=\"text-align: justify;\">Ich hoffe, da\u00df Sie das Lesen dieses Buches n\u00fctzlich finden und da\u00df sie w\u00e4hrend des Lesens auch andere interessante Reisen verfolgen k\u00f6nnen.<\/p>\n<p style=\"text-align: justify;\"><a href=\"http:\/\/thurzozoltan.com\/wp-content\/uploads\/2016\/06\/Bartok-Nagyvaradon-a-helyi-sajto-tukreben.pdf\" target=\"_blank\">Bart\u00f3k in Oradea im Spiegel der lokalen Massenmedien (das ganze Buch herunterladen)<\/a><\/p>\n<h3 style=\"text-align: justify;\">Kapitel<\/h3>\n<p style=\"text-align: justify;\"><a href=\"http:\/\/thurzozoltan.com\/wp-content\/uploads\/2016\/06\/Elso-borito.pdf\" target=\"_blank\">Vorderbuchdeckel<\/a><br \/>\n <a href=\"http:\/\/thurzozoltan.com\/wp-content\/uploads\/2016\/06\/01-138.pdf\" target=\"_blank\">Bart\u00f3k in den Massenmedie<\/a><br \/>\n <a href=\"http:\/\/thurzozoltan.com\/wp-content\/uploads\/2016\/06\/139-141.pdf\" target=\"_blank\">Bart\u00f3k B\u00e9la`s Auff\u00fchrungen in Oradea<\/a><br \/>\n <a href=\"http:\/\/thurzozoltan.com\/wp-content\/uploads\/2016\/06\/142-151.pdf\" target=\"_blank\">Bart\u00f3k \u2013 in Bildern<\/a><br \/>\n <a href=\"http:\/\/thurzozoltan.com\/wp-content\/uploads\/2016\/06\/Hatso-borito.pdf\" target=\"_blank\">R\u00fcckdeckel<\/a><\/p>\n[\/et_pb_text][\/et_pb_column][et_pb_column type=&#8221;1_3&#8243;][et_pb_image admin_label=&#8221;Image&#8221; src=&#8221;http:\/\/thurzozoltan.com\/wp-content\/uploads\/2016\/04\/konyvek-borito-2.jpg&#8221; show_in_lightbox=&#8221;off&#8221; url_new_window=&#8221;off&#8221; use_overlay=&#8221;off&#8221; animation=&#8221;left&#8221; sticky=&#8221;off&#8221; align=&#8221;left&#8221; force_fullwidth=&#8221;off&#8221; always_center_on_mobile=&#8221;on&#8221; use_border_color=&#8221;off&#8221; border_color=&#8221;#ffffff&#8221; border_style=&#8221;solid&#8221;] [\/et_pb_image][\/et_pb_column][\/et_pb_row][et_pb_row admin_label=&#8221;Row&#8221;][et_pb_column type=&#8221;4_4&#8243;][et_pb_text admin_label=&#8221;Text&#8221; background_layout=&#8221;light&#8221; text_orientation=&#8221;left&#8221; use_border_color=&#8221;off&#8221; border_color=&#8221;#ffffff&#8221; border_style=&#8221;solid&#8221;]\n<p style=\"text-align: right;\"><a href=\"http:\/\/thurzozoltan.com\/de\/konyvek\/\">Zur\u00fcck<\/a><\/p>\n[\/et_pb_text][\/et_pb_column][\/et_pb_row][\/et_pb_section]\n","protected":false},"excerpt":{"rendered":"<p>[et_pb_section admin_label=&#8221;Section&#8221; fullwidth=&#8221;on&#8221; specialty=&#8221;off&#8221; transparent_background=&#8221;on&#8221; background_color=&#8221;#ffffff&#8221; allow_player_pause=&#8221;off&#8221; inner_shadow=&#8221;off&#8221; parallax=&#8221;off&#8221; parallax_method=&#8221;off&#8221; padding_mobile=&#8221;off&#8221; make_fullwidth=&#8221;off&#8221; use_custom_width=&#8221;off&#8221; width_unit=&#8221;on&#8221; make_equal=&#8221;off&#8221; use_custom_gutter=&#8221;off&#8221;][et_pb_fullwidth_post_title admin_label=&#8221;Fullwidth Post Title&#8221; title=&#8221;on&#8221; meta=&#8221;off&#8221; author=&#8221;on&#8221; date=&#8221;on&#8221; categories=&#8221;on&#8221; comments=&#8221;on&#8221; featured_image=&#8221;off&#8221; featured_placement=&#8221;below&#8221; parallax_effect=&#8221;on&#8221; parallax_method=&#8221;on&#8221; text_orientation=&#8221;center&#8221; text_color=&#8221;dark&#8221; text_background=&#8221;off&#8221; text_bg_color=&#8221;rgba(255,255,255,0.9)&#8221; module_bg_color=&#8221;rgba(255,255,255,0)&#8221; title_font_size=&#8221;36&#8243; title_font_size_tablet=&#8221;29&#8243; title_font_size_phone=&#8221;20&#8243; title_font_size_last_edited=&#8221;on|phone&#8221; title_text_color=&#8221;#fee29b&#8221; title_all_caps=&#8221;off&#8221; use_border_color=&#8221;off&#8221; border_color=&#8221;#ffffff&#8221; border_style=&#8221;solid&#8221;] [\/et_pb_fullwidth_post_title][\/et_pb_section][et_pb_section admin_label=&#8221;section&#8221; transparent_background=&#8221;on&#8221; background_color=&#8221;#ffffff&#8221; allow_player_pause=&#8221;off&#8221; inner_shadow=&#8221;off&#8221; parallax=&#8221;off&#8221; parallax_method=&#8221;off&#8221; padding_mobile=&#8221;off&#8221; make_fullwidth=&#8221;off&#8221; use_custom_width=&#8221;off&#8221; width_unit=&#8221;on&#8221; [&hellip;]<\/p>\n","protected":false},"author":1,"featured_media":0,"parent":6983,"menu_order":0,"comment_status":"closed","ping_status":"closed","template":"","meta":{"footnotes":""},"class_list":["post-8981","page","type-page","status-publish","hentry"],"_links":{"self":[{"href":"http:\/\/thurzozoltan.com\/de\/wp-json\/wp\/v2\/pages\/8981","targetHints":{"allow":["GET"]}}],"collection":[{"href":"http:\/\/thurzozoltan.com\/de\/wp-json\/wp\/v2\/pages"}],"about":[{"href":"http:\/\/thurzozoltan.com\/de\/wp-json\/wp\/v2\/types\/page"}],"author":[{"embeddable":true,"href":"http:\/\/thurzozoltan.com\/de\/wp-json\/wp\/v2\/users\/1"}],"replies":[{"embeddable":true,"href":"http:\/\/thurzozoltan.com\/de\/wp-json\/wp\/v2\/comments?post=8981"}],"version-history":[{"count":8,"href":"http:\/\/thurzozoltan.com\/de\/wp-json\/wp\/v2\/pages\/8981\/revisions"}],"predecessor-version":[{"id":9439,"href":"http:\/\/thurzozoltan.com\/de\/wp-json\/wp\/v2\/pages\/8981\/revisions\/9439"}],"up":[{"embeddable":true,"href":"http:\/\/thurzozoltan.com\/de\/wp-json\/wp\/v2\/pages\/6983"}],"wp:attachment":[{"href":"http:\/\/thurzozoltan.com\/de\/wp-json\/wp\/v2\/media?parent=8981"}],"curies":[{"name":"wp","href":"https:\/\/api.w.org\/{rel}","templated":true}]}}