{"id":6979,"date":"2016-04-19T13:45:41","date_gmt":"2016-04-19T13:45:41","guid":{"rendered":"http:\/\/thurzozoltan.com\/fr\/konyvek\/"},"modified":"2016-10-26T14:08:06","modified_gmt":"2016-10-26T14:08:06","slug":"konyvek","status":"publish","type":"page","link":"http:\/\/thurzozoltan.com\/fr\/konyvek\/","title":{"rendered":"Livres"},"content":{"rendered":"[et_pb_section admin_label=&#8221;Section&#8221; fullwidth=&#8221;on&#8221; specialty=&#8221;off&#8221; transparent_background=&#8221;on&#8221; background_color=&#8221;#ffffff&#8221; allow_player_pause=&#8221;off&#8221; inner_shadow=&#8221;off&#8221; parallax=&#8221;off&#8221; parallax_method=&#8221;off&#8221; padding_mobile=&#8221;off&#8221; make_fullwidth=&#8221;off&#8221; use_custom_width=&#8221;off&#8221; width_unit=&#8221;on&#8221; make_equal=&#8221;off&#8221; use_custom_gutter=&#8221;off&#8221;][et_pb_fullwidth_post_title admin_label=&#8221;Fullwidth Post Title&#8221; title=&#8221;on&#8221; meta=&#8221;off&#8221; author=&#8221;on&#8221; date=&#8221;on&#8221; categories=&#8221;on&#8221; comments=&#8221;on&#8221; featured_image=&#8221;off&#8221; featured_placement=&#8221;below&#8221; parallax_effect=&#8221;on&#8221; parallax_method=&#8221;on&#8221; text_orientation=&#8221;center&#8221; text_color=&#8221;dark&#8221; text_background=&#8221;off&#8221; text_bg_color=&#8221;rgba(255,255,255,0.9)&#8221; module_bg_color=&#8221;rgba(255,255,255,0)&#8221; title_font_size=&#8221;36&#8243; title_font_size_tablet=&#8221;29&#8243; title_font_size_phone=&#8221;20&#8243; title_font_size_last_edited=&#8221;on|phone&#8221; title_text_color=&#8221;#fee29b&#8221; title_all_caps=&#8221;off&#8221; use_border_color=&#8221;off&#8221; border_color=&#8221;#ffffff&#8221; border_style=&#8221;solid&#8221;] <br \/>\n [\/et_pb_fullwidth_post_title][\/et_pb_section][et_pb_section admin_label=&#8221;section&#8221; transparent_background=&#8221;on&#8221; background_color=&#8221;#ffffff&#8221; allow_player_pause=&#8221;off&#8221; inner_shadow=&#8221;off&#8221; parallax=&#8221;off&#8221; parallax_method=&#8221;off&#8221; padding_mobile=&#8221;off&#8221; make_fullwidth=&#8221;off&#8221; use_custom_width=&#8221;off&#8221; width_unit=&#8221;on&#8221; make_equal=&#8221;off&#8221; use_custom_gutter=&#8221;off&#8221;][et_pb_row admin_label=&#8221;Row&#8221;][et_pb_column type=&#8221;4_4&#8243;][et_pb_text admin_label=&#8221;Text&#8221; background_layout=&#8221;light&#8221; text_orientation=&#8221;left&#8221; use_border_color=&#8221;off&#8221; border_color=&#8221;#ffffff&#8221; border_style=&#8221;solid&#8221;]\n<p style=\"text-align: justify;\">Les spectacles sont un miroir du pr\u00e9sent, des pens\u00e9es personnelles, le meme miroir peut repr\u00e9senter tant la personnalit\u00e9 d\u2019un homme mais aussi d\u2019une \u00e9poque r\u00e9volue.<\/p>\n<p style=\"text-align: justify;\">La nouvelle soci\u00e9t\u00e9 fond\u00e9e sur la connaissance, le role de connaissance, l\u2019acc\u00e8s, l\u2019acquisition des nouvelles informations et int\u00e9ressantes se moultiplie.\u00a0Grace \u00e0 l\u2019\u00e9ducation tout au lon de l\u2019histoire\u00a0; la connaissance civique est ,, le transportateur,, immortel des livres eux-meme et pour cette raison a acquis beaucoup de connaissances qui forme en grande partie la sensibilit\u00e9 s l\u2019ame.\u00a0Bien sur qu\u2019il est valable pour les notes musicales.\u00a0<\/p>\n<p style=\"text-align: justify;\">Il est connu le fait que tous les couches sociales, d\u2019une mani\u00e8re ou d\u2019une autre\u00a0 sont en contact avec le monde des livres.\u00a0Dans la petite enfance, meme avent de commencer les \u00e9tudes, le developpement de la fantaisie joue un role important.\u00a0Il est la grande responsabilit\u00e9 des parantes d\u2019\u00e9veiller la curiosit\u00e9 de l\u2019enfant, son puissance d\u2019imagination a travers des contes de f\u00e9es et de les garder aussi longtemeps.\u00a0Plus tarde, la p\u00e9riode des \u00e9tudes offre les bases sures pour d\u00e9cider quels livres on prende de l\u2019\u00e9tag\u00e8re et il choisie ce qu\u2019il aime de magazines de la vie de culture. La stimulation est n\u00e9e par l\u2019example motivationel de l\u2019adulte qui lit contamment.<\/p>\n<p style=\"text-align: justify;\"><img loading=\"lazy\" decoding=\"async\" class=\" wp-image-6982 alignright\" src=\"http:\/\/thurzozoltan.com\/wp-content\/uploads\/2016\/04\/Thurzo-Sandor-300x200.jpg\" alt=\"Thurzo Sandor\" width=\"341\" height=\"227\" srcset=\"http:\/\/thurzozoltan.com\/wp-content\/uploads\/2016\/04\/Thurzo-Sandor-300x200.jpg 300w, http:\/\/thurzozoltan.com\/wp-content\/uploads\/2016\/04\/Thurzo-Sandor.jpg 589w\" sizes=\"auto, (max-width: 341px) 100vw, 341px\" \/>Il peut devenir un jeu spirituel et passionnant la lecture d\u2019un bon livre contenent \u00e0 la fois des messages\u00a0 que l\u2019auteur voulait transmettre mais aussi les d\u00e9couvertes de la fantaisie de lecteur.\u00a0La lecture est en meme temps une relation intime int\u00e9rieure ou dispare la notion de temps et de l\u2019espace, il ferme le monde ext\u00e9rieur et nous ouvre la merveilleuse porte du monde de fantaisie.\u00a0A travers de la multitude des id\u00e9es que l\u2019on trouve dans les livres qui sont bas\u00e9s sur des petites v\u00e9rit\u00e9s, l\u2019homme peut connaitre d\u2019autre points de vue, des conclusions ayant ainsi la possibilit\u00e9 de mettre les bases de la propre connaissance culturelle et de construire toute une vie. Le livre pour un lecteur et comme la composition pour le musicien.\u00a0Si la lecture est faite sans rien comprendre, le livre est juste une multitude de lettres comme l\u2019amasse des notes musicales du profan.\u00a0En echange l\u2019homme int\u00e9r\u00e9sse et r\u00e9ceptif lui montre les tresors cach\u00e9es comme pour le musicien la logique et lrharmonie des notes musicales.\u00a0<\/p>\n<p style=\"text-align: justify;\">La musique est une langue\u2026dans la langue.<\/p>\n<p style=\"text-align: justify;\">Pour moi et bien d\u2019autres, la musique est une langue bien utilis\u00e9e au niveau artistique et haut des compositeurs et plus tard par les artistes.\u00a0La base de language musicale est un alphabet blanc et noir et chaque compositeur utilise la meme palette de base compos\u00e9e par 12 motes musicales.\u00a0Il ne change que la forme de musique par chaque situation de moyen de subsistance personnelle.\u00a0Le meme principe est valable\u00a0 aussi dans le monde des livres.\u00a0Chaque livre et aussi chaque composition musicale trasmetent toujours d\u2019autres valeurs.\u00a0Les mots et les notes musicales sont les memes, mais l\u2019ordre et leur vari\u00e9t\u00e9 sont ilimit\u00e9es.<\/p>\n<p style=\"text-align: justify;\">Chaque livre enrichit les connaissances sur le monde dans lequel nous vivons, ou ont v\u00e9cus nos descendants ou nous desirons vire.\u00a0Il est un sentiment fantastique pour ceux qui voient \u00e0 travers les yeux de l\u2019ame ce qu\u2019ils lisent.\u00a0Les deux livres qui peuvent etre consult\u00e9s par les visiteurs du site\u00a0 refl\u00e8te un personnalit\u00e9 pour laquelle a \u00e9t\u00e9 tres importante de refl\u00e9ter\u00a0 les valeurs de la musique de Oradea vers le monde.<\/p>\n<p style=\"text-align: justify;\">Thurzo Sandor musicologue et historien musicale native; reste \u00e0 ce jour la personnalit\u00e9 dominante dans l\u2019histoire educative de Oradea.\u00a0<\/p>\n<p style=\"text-align: justify;\">Le livre peut etre d\u00e9charg\u00e9 entierement ou sur des chapitres.\u00a0Cliquez sur le titre du livre.<\/p>\n[\/et_pb_text][\/et_pb_column][\/et_pb_row][et_pb_row admin_label=&#8221;row&#8221;][et_pb_column type=&#8221;1_4&#8243;][et_pb_image admin_label=&#8221;Image&#8221; src=&#8221;http:\/\/thurzozoltan.com\/wp-content\/uploads\/2016\/04\/konyvek-borito-1.jpg&#8221; show_in_lightbox=&#8221;off&#8221; url_new_window=&#8221;off&#8221; use_overlay=&#8221;off&#8221; animation=&#8221;left&#8221; sticky=&#8221;off&#8221; align=&#8221;left&#8221; force_fullwidth=&#8221;off&#8221; always_center_on_mobile=&#8221;on&#8221; use_border_color=&#8221;off&#8221; border_color=&#8221;#ffffff&#8221; border_style=&#8221;solid&#8221; url=&#8221;http:\/\/thurzozoltan.com\/fr\/konyvek\/a-nagyvaradi-zenei-elet-apostola-thurzo-sandor-emlekere\/&#8221;] [\/et_pb_image][\/et_pb_column][et_pb_column type=&#8221;3_4&#8243;][et_pb_text admin_label=&#8221;Text&#8221; background_layout=&#8221;light&#8221; text_orientation=&#8221;left&#8221; use_border_color=&#8221;off&#8221; border_color=&#8221;#ffffff&#8221; border_style=&#8221;solid&#8221;]\n<h2>Apotre de la vie musicale de Oradea- A la m\u00e9moire de Thurzo Sandor (t\u00e9l\u00e9charg\u00e9 le livre enti\u00e8rement)<\/h2>\n<p style=\"text-align: right;\"><a href=\"http:\/\/thurzozoltan.com\/fr\/konyvek\/a-nagyvaradi-zenei-elet-apostola-thurzo-sandor-emlekere\/\">d\u00e9tails<\/a><\/p>\n[\/et_pb_text][\/et_pb_column][\/et_pb_row][et_pb_row admin_label=&#8221;row&#8221;][et_pb_column type=&#8221;1_4&#8243;][et_pb_image admin_label=&#8221;Image&#8221; src=&#8221;http:\/\/thurzozoltan.com\/wp-content\/uploads\/2016\/04\/konyvek-borito-2.jpg&#8221; show_in_lightbox=&#8221;off&#8221; url_new_window=&#8221;off&#8221; use_overlay=&#8221;off&#8221; animation=&#8221;left&#8221; sticky=&#8221;off&#8221; align=&#8221;left&#8221; force_fullwidth=&#8221;off&#8221; always_center_on_mobile=&#8221;on&#8221; use_border_color=&#8221;off&#8221; border_color=&#8221;#ffffff&#8221; border_style=&#8221;solid&#8221; url=&#8221;http:\/\/thurzozoltan.com\/fr\/konyvek\/bartok-nagyvaradon-a-helyi-sajto-tukreben\/&#8221;] [\/et_pb_image][\/et_pb_column][et_pb_column type=&#8221;3_4&#8243;][et_pb_text admin_label=&#8221;Text&#8221; background_layout=&#8221;light&#8221; text_orientation=&#8221;left&#8221; use_border_color=&#8221;off&#8221; border_color=&#8221;#ffffff&#8221; border_style=&#8221;solid&#8221;]\n<h2>\u201dBart\u00f3k \u00e0 Oradea a \u00e9t\u00e9 vu par le m\u00e9dia locale\u201d<\/h2>\n<p style=\"text-align: right;\"><a href=\"http:\/\/thurzozoltan.com\/fr\/konyvek\/bartok-nagyvaradon-a-helyi-sajto-tukreben\/\">d\u00e9tails<\/a><\/p>\n[\/et_pb_text][\/et_pb_column][\/et_pb_row][\/et_pb_section]\n","protected":false},"excerpt":{"rendered":"<p>[et_pb_section admin_label=&#8221;Section&#8221; fullwidth=&#8221;on&#8221; specialty=&#8221;off&#8221; transparent_background=&#8221;on&#8221; background_color=&#8221;#ffffff&#8221; allow_player_pause=&#8221;off&#8221; inner_shadow=&#8221;off&#8221; parallax=&#8221;off&#8221; parallax_method=&#8221;off&#8221; padding_mobile=&#8221;off&#8221; make_fullwidth=&#8221;off&#8221; use_custom_width=&#8221;off&#8221; width_unit=&#8221;on&#8221; make_equal=&#8221;off&#8221; use_custom_gutter=&#8221;off&#8221;][et_pb_fullwidth_post_title admin_label=&#8221;Fullwidth Post Title&#8221; title=&#8221;on&#8221; meta=&#8221;off&#8221; author=&#8221;on&#8221; date=&#8221;on&#8221; categories=&#8221;on&#8221; comments=&#8221;on&#8221; featured_image=&#8221;off&#8221; featured_placement=&#8221;below&#8221; parallax_effect=&#8221;on&#8221; parallax_method=&#8221;on&#8221; text_orientation=&#8221;center&#8221; text_color=&#8221;dark&#8221; text_background=&#8221;off&#8221; text_bg_color=&#8221;rgba(255,255,255,0.9)&#8221; module_bg_color=&#8221;rgba(255,255,255,0)&#8221; title_font_size=&#8221;36&#8243; title_font_size_tablet=&#8221;29&#8243; title_font_size_phone=&#8221;20&#8243; title_font_size_last_edited=&#8221;on|phone&#8221; title_text_color=&#8221;#fee29b&#8221; title_all_caps=&#8221;off&#8221; use_border_color=&#8221;off&#8221; border_color=&#8221;#ffffff&#8221; border_style=&#8221;solid&#8221;] [\/et_pb_fullwidth_post_title][\/et_pb_section][et_pb_section admin_label=&#8221;section&#8221; transparent_background=&#8221;on&#8221; background_color=&#8221;#ffffff&#8221; allow_player_pause=&#8221;off&#8221; inner_shadow=&#8221;off&#8221; parallax=&#8221;off&#8221; parallax_method=&#8221;off&#8221; padding_mobile=&#8221;off&#8221; make_fullwidth=&#8221;off&#8221; use_custom_width=&#8221;off&#8221; width_unit=&#8221;on&#8221; [&hellip;]<\/p>\n","protected":false},"author":1,"featured_media":0,"parent":0,"menu_order":0,"comment_status":"closed","ping_status":"closed","template":"","meta":{"footnotes":""},"class_list":["post-6979","page","type-page","status-publish","hentry"],"_links":{"self":[{"href":"http:\/\/thurzozoltan.com\/fr\/wp-json\/wp\/v2\/pages\/6979","targetHints":{"allow":["GET"]}}],"collection":[{"href":"http:\/\/thurzozoltan.com\/fr\/wp-json\/wp\/v2\/pages"}],"about":[{"href":"http:\/\/thurzozoltan.com\/fr\/wp-json\/wp\/v2\/types\/page"}],"author":[{"embeddable":true,"href":"http:\/\/thurzozoltan.com\/fr\/wp-json\/wp\/v2\/users\/1"}],"replies":[{"embeddable":true,"href":"http:\/\/thurzozoltan.com\/fr\/wp-json\/wp\/v2\/comments?post=6979"}],"version-history":[{"count":9,"href":"http:\/\/thurzozoltan.com\/fr\/wp-json\/wp\/v2\/pages\/6979\/revisions"}],"predecessor-version":[{"id":9484,"href":"http:\/\/thurzozoltan.com\/fr\/wp-json\/wp\/v2\/pages\/6979\/revisions\/9484"}],"wp:attachment":[{"href":"http:\/\/thurzozoltan.com\/fr\/wp-json\/wp\/v2\/media?parent=6979"}],"curies":[{"name":"wp","href":"https:\/\/api.w.org\/{rel}","templated":true}]}}