{"id":8980,"date":"2016-06-28T14:37:43","date_gmt":"2016-06-28T14:37:43","guid":{"rendered":"http:\/\/thurzozoltan.com\/fr\/?page_id=8980"},"modified":"2016-10-25T14:01:01","modified_gmt":"2016-10-25T14:01:01","slug":"bartok-nagyvaradon-a-helyi-sajto-tukreben","status":"publish","type":"page","link":"http:\/\/thurzozoltan.com\/fr\/konyvek\/bartok-nagyvaradon-a-helyi-sajto-tukreben\/","title":{"rendered":"Bart\u00f3k \u00e0 Oradea a \u00e9t\u00e9 vu par le m\u00e9dia locale"},"content":{"rendered":"[et_pb_section admin_label=&#8221;Section&#8221; fullwidth=&#8221;on&#8221; specialty=&#8221;off&#8221; transparent_background=&#8221;on&#8221; background_color=&#8221;#ffffff&#8221; allow_player_pause=&#8221;off&#8221; inner_shadow=&#8221;off&#8221; parallax=&#8221;off&#8221; parallax_method=&#8221;off&#8221; padding_mobile=&#8221;off&#8221; make_fullwidth=&#8221;off&#8221; use_custom_width=&#8221;off&#8221; width_unit=&#8221;on&#8221; make_equal=&#8221;off&#8221; use_custom_gutter=&#8221;off&#8221;][et_pb_fullwidth_post_title admin_label=&#8221;Fullwidth Post Title&#8221; title=&#8221;on&#8221; meta=&#8221;off&#8221; author=&#8221;on&#8221; date=&#8221;on&#8221; categories=&#8221;on&#8221; comments=&#8221;on&#8221; featured_image=&#8221;off&#8221; featured_placement=&#8221;below&#8221; parallax_effect=&#8221;on&#8221; parallax_method=&#8221;on&#8221; text_orientation=&#8221;center&#8221; text_color=&#8221;dark&#8221; text_background=&#8221;off&#8221; text_bg_color=&#8221;rgba(255,255,255,0.9)&#8221; module_bg_color=&#8221;rgba(255,255,255,0)&#8221; title_font_size=&#8221;36&#8243; title_font_size_tablet=&#8221;29&#8243; title_font_size_phone=&#8221;20&#8243; title_font_size_last_edited=&#8221;on|phone&#8221; title_text_color=&#8221;#fee29b&#8221; title_all_caps=&#8221;off&#8221; use_border_color=&#8221;off&#8221; border_color=&#8221;#ffffff&#8221; border_style=&#8221;solid&#8221;] [\/et_pb_fullwidth_post_title][\/et_pb_section][et_pb_section admin_label=&#8221;section&#8221; transparent_background=&#8221;on&#8221; background_color=&#8221;#ffffff&#8221; allow_player_pause=&#8221;off&#8221; inner_shadow=&#8221;off&#8221; parallax=&#8221;off&#8221; parallax_method=&#8221;off&#8221; padding_mobile=&#8221;off&#8221; make_fullwidth=&#8221;off&#8221; use_custom_width=&#8221;off&#8221; width_unit=&#8221;on&#8221; make_equal=&#8221;off&#8221; use_custom_gutter=&#8221;off&#8221;][et_pb_row admin_label=&#8221;Row&#8221;][et_pb_column type=&#8221;2_3&#8243;][et_pb_text admin_label=&#8221;Text&#8221; background_layout=&#8221;light&#8221; text_orientation=&#8221;left&#8221; use_border_color=&#8221;off&#8221; border_color=&#8221;#ffffff&#8221; border_style=&#8221;solid&#8221;]\n<p style=\"text-align: justify;\">Bart\u00f3k B\u00e9la a beaucopu de liaisons avec la ville de Oradea.\u00a0Ce nom est un concept dans l\u2019univers de la musique.\u00a0Sa personnalit\u00e9 est un point de rep\u00e8re\u00a0 dans l\u2019histoire de la musique. \u00a0Dans les \u00e9v\u00e9nements de la musique. \u00a0<\/p>\n<p style=\"text-align: justify;\">Il y a quelques noms qui se lient tant d\u2019\u00e9tats spirituels revolutionnaire mais aussi avec le nom d Bartok Bela. \u00a0Dans les suivants lignes, le lecteur b\u00e9n\u00e9fici\u00e9ra d\u2019un volum de remplacement.\u00a0Peu de gens savent que le premier semestre de l\u2019ann\u00e9e scolaire 1981-9, \u00e0 l\u2019age de 10 ans\u00a0; Bartok Bela a pass\u00e9 2 ann\u00e9es \u00e0 Oradea.\u00a0Il a \u00e9tudi\u00e9 ici, le deuxi\u00e8me ann\u00e9e de coll\u00e8ge, la composition musicale avec Kersch Ferenc qui \u00e9tait autrefois l\u2019apprenti de Franz Liszt.\u00a0Bela Bartok occupe une place importante \u00e0 travers certaines p\u00e9riodes dans ma ville natale,tant dans la p\u00e9riode d\u2019\u00e9tude et plus tarde comme compositeur, artiste, collectionneur de musique folklorique mais aussi \u00e0 travers les activit\u00e9s pour renforcer la fraternit\u00e9 nationale.\u00a0<\/p>\n<p style=\"text-align: justify;\"><a class=\"et_pb_lightbox_image\" href=\"http:\/\/thurzozoltan.com\/wp-content\/uploads\/2016\/06\/Bart\u00f3k-B\u00e9la-1.bmp\"><img loading=\"lazy\" decoding=\"async\" class=\"alignleft wp-image-8991\" src=\"http:\/\/thurzozoltan.com\/wp-content\/uploads\/2016\/06\/Bart\u00f3k-B\u00e9la-1.bmp\" alt=\"Bart\u00f3k B\u00e9la 1\" width=\"330\" height=\"206\" \/><\/a>Plus tard, sa premi\u00e8re d\u00e9butante, Fischer Ervinn\u00e9 Szalay Stef\u00e1nia, l\u2019attache plus de Oradea. \u00a0Bartok Bela plusieurs fois s\u2019\u00e9tait r\u00e9pos\u00e9 chez le couple Fischer-Szalay \u00e0 l\u2019occasion de ses tournois.\u00a0R\u00e9p\u00e9titivement la ville de Oradea a \u00e9t\u00e9 la premi\u00e8re station de tournois de Transylvanie.\u00a0Il a proclam\u00e9 la fraternit\u00e9 entres les nations tans du point de vu verbale mais aussi par sa musique.\u00a0L\u2019un des buts du language unique de Bartoka Bela a \u00e9t\u00e9 la cr\u00e9ation cu contacte et de l\u2019atmosph\u00e8re. \u00a0On sait que dans le monde sup\u00e9rieure Bartoka Bela\u00a0a d\u00e9s\u00e9ch\u00e9 la r\u00e9nom\u00e9e de la vie musicale de Oradea qui est aussi digne de respecte en raison de ses valeurs.<\/p>\n<p style=\"text-align: justify;\"><a class=\"et_pb_lightbox_image\" href=\"http:\/\/thurzozoltan.com\/wp-content\/uploads\/2016\/06\/Bart\u00f3k-B\u00e9la-2.bmp\"><img loading=\"lazy\" decoding=\"async\" class=\"alignright wp-image-8992\" src=\"http:\/\/thurzozoltan.com\/wp-content\/uploads\/2016\/06\/Bart\u00f3k-B\u00e9la-2.bmp\" alt=\"Bart\u00f3k B\u00e9la 2\" width=\"208\" height=\"334\" \/><\/a>Bart\u00f3k B\u00e9la a de nombreux liens\u00a0 avec la ville de Oradea, le compositeur immortel du XX si\u00e8cle sutout avec les paysages de Bihor qui l\u2019ont inspir\u00e9 pour la collection des chansons populaires roumaines.\u00a0Nous sommes fiers non seulement pour la fait d\u2019etre attach\u00e9s au compositeur g\u00e9nial mais aussi parce qu\u2019il doit remercier beaucoup \u00e0 la ville de Oradea et aux payssanges de Bihor.<\/p>\n<p style=\"text-align: justify;\">L\u2019objectif est\u00a0: la connaissance du lien avec Oradea du grand compositeur hongrois ou plut\u00f4t l\u2019attachement\u00a0 \u00e0 la ville de Oradea de Bartok Bela, les deux sont tre\u00e8s importants pour nous.\u00a0Nous sommes fiers non seulement parce qu\u2019on est attach\u00e9 au compositeur g\u00e9nial mais aussi parce qu\u2019il doit remercier beaucoup \u00e0 la ville de Oradea.<\/p>\n<p style=\"text-align: justify;\">Pour quoi?\u00a0\u00a0<\/p>\n<p style=\"text-align: justify;\">Pour cette question c\u2019est l\u2019auteur\u00a0 Thurzo Sandor, le plus grand expert en musique de la ville de Oradea qui peut donner la r\u00e9ponse.\u00a0Thurzo Sandor\u00a0 a d\u00e9velopp\u00e9 des activit\u00e9s multilat\u00e9rales au long de sa vie.<\/p>\n<p style=\"text-align: justify;\">Maintenat dans sa contemplation le lecteur peut refraichir les moments de ressuscitation de Bartok Bela dans le miroir de la presse locale mais aussi par ses pens\u00e9es personnelles.K\u2019esp\u00e8re que vous voulez lire ce livre et que tout au long de la lecture vous obtenes aussi des voyages tr\u00e8s int\u00e9ressants.<\/p>\n<p style=\"text-align: justify;\">\u00a0<\/p>\n<p style=\"text-align: justify;\"><a href=\"http:\/\/thurzozoltan.com\/wp-content\/uploads\/2016\/06\/Bartok-Nagyvaradon-a-helyi-sajto-tukreben.pdf\" target=\"_blank\">Bart\u00f3k \u00e0 Oradea a \u00e9t\u00e9 vu par le m\u00e9dia locale (t\u00e9l\u00e9charg\u00e9 le livre enti\u00e8rement)<\/a><\/p>\n<h3 style=\"text-align: justify;\">Les chapitres<\/h3>\n<p style=\"text-align: justify;\"><a href=\"http:\/\/thurzozoltan.com\/wp-content\/uploads\/2016\/06\/Elso-borito.pdf\" target=\"_blank\">La couverture d\u2019avant<\/a><br \/>\n <a href=\"http:\/\/thurzozoltan.com\/wp-content\/uploads\/2016\/06\/01-138.pdf\" target=\"_blank\">Bart\u00f3k en m\u00e9dia<\/a><br \/>\n <a href=\"http:\/\/thurzozoltan.com\/wp-content\/uploads\/2016\/06\/139-141.pdf\" target=\"_blank\">Les concerts de Bart\u00f3k Bela \u00e0 Oradea<\/a><br \/>\n <a href=\"http:\/\/thurzozoltan.com\/wp-content\/uploads\/2016\/06\/142-151.pdf\" target=\"_blank\">Bart\u00f3k- dans les photos<\/a><br \/>\n <a href=\"http:\/\/thurzozoltan.com\/wp-content\/uploads\/2016\/06\/Hatso-borito.pdf\" target=\"_blank\">La couverture arri\u00e8re<\/a><\/p>\n[\/et_pb_text][\/et_pb_column][et_pb_column type=&#8221;1_3&#8243;][et_pb_image admin_label=&#8221;Image&#8221; src=&#8221;http:\/\/thurzozoltan.com\/wp-content\/uploads\/2016\/04\/konyvek-borito-2.jpg&#8221; show_in_lightbox=&#8221;off&#8221; url_new_window=&#8221;off&#8221; use_overlay=&#8221;off&#8221; animation=&#8221;left&#8221; sticky=&#8221;off&#8221; align=&#8221;left&#8221; force_fullwidth=&#8221;off&#8221; always_center_on_mobile=&#8221;on&#8221; use_border_color=&#8221;off&#8221; border_color=&#8221;#ffffff&#8221; border_style=&#8221;solid&#8221;] [\/et_pb_image][\/et_pb_column][\/et_pb_row][et_pb_row admin_label=&#8221;Row&#8221;][et_pb_column type=&#8221;4_4&#8243;][et_pb_text admin_label=&#8221;Text&#8221; background_layout=&#8221;light&#8221; text_orientation=&#8221;left&#8221; use_border_color=&#8221;off&#8221; border_color=&#8221;#ffffff&#8221; border_style=&#8221;solid&#8221;]\n<p style=\"text-align: right;\"><a href=\"http:\/\/thurzozoltan.com\/fr\/konyvek\/\">retourner<\/a><\/p>\n[\/et_pb_text][\/et_pb_column][\/et_pb_row][\/et_pb_section]\n","protected":false},"excerpt":{"rendered":"<p>[et_pb_section admin_label=&#8221;Section&#8221; fullwidth=&#8221;on&#8221; specialty=&#8221;off&#8221; transparent_background=&#8221;on&#8221; background_color=&#8221;#ffffff&#8221; allow_player_pause=&#8221;off&#8221; inner_shadow=&#8221;off&#8221; parallax=&#8221;off&#8221; parallax_method=&#8221;off&#8221; padding_mobile=&#8221;off&#8221; make_fullwidth=&#8221;off&#8221; use_custom_width=&#8221;off&#8221; width_unit=&#8221;on&#8221; make_equal=&#8221;off&#8221; use_custom_gutter=&#8221;off&#8221;][et_pb_fullwidth_post_title admin_label=&#8221;Fullwidth Post Title&#8221; title=&#8221;on&#8221; meta=&#8221;off&#8221; author=&#8221;on&#8221; date=&#8221;on&#8221; categories=&#8221;on&#8221; comments=&#8221;on&#8221; featured_image=&#8221;off&#8221; featured_placement=&#8221;below&#8221; parallax_effect=&#8221;on&#8221; parallax_method=&#8221;on&#8221; text_orientation=&#8221;center&#8221; text_color=&#8221;dark&#8221; text_background=&#8221;off&#8221; text_bg_color=&#8221;rgba(255,255,255,0.9)&#8221; module_bg_color=&#8221;rgba(255,255,255,0)&#8221; title_font_size=&#8221;36&#8243; title_font_size_tablet=&#8221;29&#8243; title_font_size_phone=&#8221;20&#8243; title_font_size_last_edited=&#8221;on|phone&#8221; title_text_color=&#8221;#fee29b&#8221; title_all_caps=&#8221;off&#8221; use_border_color=&#8221;off&#8221; border_color=&#8221;#ffffff&#8221; border_style=&#8221;solid&#8221;] [\/et_pb_fullwidth_post_title][\/et_pb_section][et_pb_section admin_label=&#8221;section&#8221; transparent_background=&#8221;on&#8221; background_color=&#8221;#ffffff&#8221; allow_player_pause=&#8221;off&#8221; inner_shadow=&#8221;off&#8221; parallax=&#8221;off&#8221; parallax_method=&#8221;off&#8221; padding_mobile=&#8221;off&#8221; make_fullwidth=&#8221;off&#8221; use_custom_width=&#8221;off&#8221; width_unit=&#8221;on&#8221; [&hellip;]<\/p>\n","protected":false},"author":1,"featured_media":0,"parent":6979,"menu_order":0,"comment_status":"closed","ping_status":"closed","template":"","meta":{"footnotes":""},"class_list":["post-8980","page","type-page","status-publish","hentry"],"_links":{"self":[{"href":"http:\/\/thurzozoltan.com\/fr\/wp-json\/wp\/v2\/pages\/8980","targetHints":{"allow":["GET"]}}],"collection":[{"href":"http:\/\/thurzozoltan.com\/fr\/wp-json\/wp\/v2\/pages"}],"about":[{"href":"http:\/\/thurzozoltan.com\/fr\/wp-json\/wp\/v2\/types\/page"}],"author":[{"embeddable":true,"href":"http:\/\/thurzozoltan.com\/fr\/wp-json\/wp\/v2\/users\/1"}],"replies":[{"embeddable":true,"href":"http:\/\/thurzozoltan.com\/fr\/wp-json\/wp\/v2\/comments?post=8980"}],"version-history":[{"count":9,"href":"http:\/\/thurzozoltan.com\/fr\/wp-json\/wp\/v2\/pages\/8980\/revisions"}],"predecessor-version":[{"id":9438,"href":"http:\/\/thurzozoltan.com\/fr\/wp-json\/wp\/v2\/pages\/8980\/revisions\/9438"}],"up":[{"embeddable":true,"href":"http:\/\/thurzozoltan.com\/fr\/wp-json\/wp\/v2\/pages\/6979"}],"wp:attachment":[{"href":"http:\/\/thurzozoltan.com\/fr\/wp-json\/wp\/v2\/media?parent=8980"}],"curies":[{"name":"wp","href":"https:\/\/api.w.org\/{rel}","templated":true}]}}