{"id":2664,"date":"2016-07-20T13:36:35","date_gmt":"2016-07-20T13:36:35","guid":{"rendered":"http:\/\/thurzozoltan.com\/it\/?page_id=2664"},"modified":"2016-10-12T13:08:12","modified_gmt":"2016-10-12T13:08:12","slug":"apostolo-della-vita-musicale-di-oradea-in-memoriam-thurzo-sandor","status":"publish","type":"page","link":"http:\/\/thurzozoltan.com\/it\/libri\/apostolo-della-vita-musicale-di-oradea-in-memoriam-thurzo-sandor\/","title":{"rendered":"Apostolo della vita musicale di Oradea &#8211; in memoriam Thurz\u00f3 S\u00e1ndor"},"content":{"rendered":"[et_pb_section admin_label=&#8221;Section&#8221; fullwidth=&#8221;on&#8221; specialty=&#8221;off&#8221; transparent_background=&#8221;on&#8221; background_color=&#8221;#ffffff&#8221; allow_player_pause=&#8221;off&#8221; inner_shadow=&#8221;off&#8221; parallax=&#8221;off&#8221; parallax_method=&#8221;off&#8221; padding_mobile=&#8221;off&#8221; make_fullwidth=&#8221;off&#8221; use_custom_width=&#8221;off&#8221; width_unit=&#8221;on&#8221; make_equal=&#8221;off&#8221; use_custom_gutter=&#8221;off&#8221;][et_pb_fullwidth_post_title admin_label=&#8221;Fullwidth Post Title&#8221; title=&#8221;on&#8221; meta=&#8221;off&#8221; author=&#8221;on&#8221; date=&#8221;on&#8221; categories=&#8221;on&#8221; comments=&#8221;on&#8221; featured_image=&#8221;off&#8221; featured_placement=&#8221;below&#8221; parallax_effect=&#8221;on&#8221; parallax_method=&#8221;on&#8221; text_orientation=&#8221;center&#8221; text_color=&#8221;dark&#8221; text_background=&#8221;off&#8221; text_bg_color=&#8221;rgba(255,255,255,0.9)&#8221; module_bg_color=&#8221;rgba(255,255,255,0)&#8221; title_font_size=&#8221;36&#8243; title_font_size_tablet=&#8221;29&#8243; title_font_size_phone=&#8221;20&#8243; title_font_size_last_edited=&#8221;on|phone&#8221; title_text_color=&#8221;#fee29b&#8221; title_all_caps=&#8221;off&#8221; use_border_color=&#8221;off&#8221; border_color=&#8221;#ffffff&#8221; border_style=&#8221;solid&#8221;] [\/et_pb_fullwidth_post_title][\/et_pb_section][et_pb_section admin_label=&#8221;section&#8221; transparent_background=&#8221;on&#8221; background_color=&#8221;#ffffff&#8221; allow_player_pause=&#8221;off&#8221; inner_shadow=&#8221;off&#8221; parallax=&#8221;off&#8221; parallax_method=&#8221;off&#8221; padding_mobile=&#8221;off&#8221; make_fullwidth=&#8221;off&#8221; use_custom_width=&#8221;off&#8221; width_unit=&#8221;on&#8221; make_equal=&#8221;off&#8221; use_custom_gutter=&#8221;off&#8221;][et_pb_row admin_label=&#8221;Row&#8221;][et_pb_column type=&#8221;2_3&#8243;][et_pb_text admin_label=&#8221;Text&#8221; background_layout=&#8221;light&#8221; text_orientation=&#8221;left&#8221; use_border_color=&#8221;off&#8221; border_color=&#8221;#ffffff&#8221; border_style=&#8221;solid&#8221;]\n<p><strong>Musica e riflessione.<\/strong><\/p>\n<p>&#8220;<em>Non lasciare mai che qualcuno non sia pi\u00f9 felice dopo l\u2019incontro con te di come era prima di incontrarti.<\/em>\u201c (Madre Teresa)<\/p>\n<p style=\"text-align: justify;\">Una vera misura della citt\u00e0 si trova nella sua cultura. \u201cIl valore della citt\u00e0 \u00e8 fornito dal suo passato e presente culturale\u201d- ha detto tra l&#8217;altro Thurz\u00f3 S\u00e1ndor.\u00a0L&#8217;unico proprietario dell&#8217;intero archivio della storia della vita musicale di Oradea \u00e8 la famiglia Thurz\u00f3.\u00a0S\u00e1ndor Thurz\u00f3 credeva nella salvezza del mondo.\u00a0La creazione dei sistemi di valori \u00e8 un lavoro noioso e tuttavia coerente, perch\u00e9 \u00e8 anche la salvatezza dei valori.<\/p>\n<p style=\"text-align: justify;\"><img loading=\"lazy\" decoding=\"async\" class=\"wp-image-6318 alignleft\" src=\"http:\/\/thurzozoltan.com\/wp-content\/uploads\/2016\/06\/Thurzo-Sandor-300x200.jpg\" alt=\"OLYMPUS DIGITAL CAMERA\" width=\"329\" height=\"219\" srcset=\"http:\/\/thurzozoltan.com\/wp-content\/uploads\/2016\/06\/Thurzo-Sandor-300x200.jpg 300w, http:\/\/thurzozoltan.com\/wp-content\/uploads\/2016\/06\/Thurzo-Sandor.jpg 590w\" sizes=\"auto, (max-width: 329px) 100vw, 329px\" \/>Lui ha messo le basi per molte cose a Oradea.\u00a0La raccolta di questo archivio musicale \u00e8 gi\u00e0 iniziata 100 anni fa da S\u00e1ndor Thurz\u00f3, storico musicale locale e musicologo.\u00a0Ogni momento della sua vita \u00e8 stata caratterizzata da una meticolosa ricerca scientifica.\u00a0La collezione privata delle tradizioni storiche, in particolare il rapporto della famiglia con la documentazione della musica di Oradea offre una visione, e ha consentito\/ consente a coloro che sono interessati di perseguire la trasformazione delle epoche classiche. S\u00e1ndor Thurz\u00f3.\u00a0Come personalit\u00e0 dominante nella storia dell&#8217;arte di Oradea, il suo scopo era una fiorente vita musicale della sua amata citt\u00e0 di nascita.\u00a0Tutta la vita le sue attivit\u00e0 sono state guidate dalla passione per la musica.\u00a0I secoli rappresentano uno specchio del presente, i pensieri personali invece sono uno specchio del carattere personale.\u00a0Grazie ai commenti di altri il caro lettore pu\u00f2 leggere su un uomo che costituir\u00e0 parte integrante di Oradea e della coscienza collettiva internazionale, anche post-mortem.<\/p>\n<p style=\"text-align: justify;\">Un libro commemorativo, che \u00e8 molto di pi\u00f9.<\/p>\n<p style=\"text-align: justify;\">Il libro commemorativo pubblicato \u00e8 la prima statua degna costruita per lo sforzo di Thurz\u00f3 S\u00e1ndor musicologo che in otto decenni \u00e8 stato il leader del rel\u00e8 della vita culturale della citt\u00e0, per il suo carattere, per i risultati della ricerca , per la sua condotta esemplare.\u00a0Come una rappresentazione immaginiamo la tomba di Rousseau alla fine dell\u2019enorme sarcofago, ad una porta che si chiude \u00e8 una mano che tiene una lanterna.\u00a0Thurz\u00f3 S\u00e1ndor era una lanterna nella sua vita, e questa cosa non \u00e8\u00a0 cambiata neanche dopo la sua morte.\u00a0La porta si riaprira quando abbiamo finito tutto quello per cui siamo venuti\u00a0 in questo mondo.\u00a0Quando il lettore legge il libro commemorativo, come attraverso una sezione trasversale, ha parte di un viaggio nel tempo, attraverso il quale li si presentano storie di vita che lo fanno pensare.<\/p>\n<p style=\"text-align: justify;\">Dalla lettura di questo libro commemorativo avrete da beneficiare.<\/p>\n<p>&nbsp;<\/p>\n<p><a href=\"http:\/\/thurzozoltan.com\/wp-content\/uploads\/2016\/06\/A-nagyvaradi-zenei-elet-apostola.pdf\" target=\"_blank\">Apostolo della vita musicale di Oradea &#8211; in memoriam Thurz\u00f3 S\u00e1ndor (scaricare libro completo) &#8211; lingua ungherese<\/a><\/p>\n<h3>Capitoli<\/h3>\n<p><a href=\"http:\/\/thurzozoltan.com\/wp-content\/uploads\/2016\/06\/thurzo_fedel1.pdf\" target=\"_blank\">Copertina anteriore<br \/>\n <\/a><a href=\"http:\/\/thurzozoltan.com\/wp-content\/uploads\/2016\/06\/Thurzo_1.pdf\" target=\"_blank\">Introduzione<\/a><a href=\"http:\/\/thurzozoltan.com\/wp-content\/uploads\/2016\/06\/thurzo_fedel4.pdf\" target=\"_blank\"><br \/>\n <\/a><a href=\"http:\/\/thurzozoltan.com\/wp-content\/uploads\/2016\/06\/Thurzo_2.pdf\" target=\"_blank\">Scritti pubblicati<\/a><a href=\"http:\/\/thurzozoltan.com\/wp-content\/uploads\/2016\/06\/thurzo_fedel4.pdf\"><br \/>\n <\/a><a href=\"http:\/\/thurzozoltan.com\/wp-content\/uploads\/2016\/06\/Thurzo_3.pdf\" target=\"_blank\">Nello specchio dei media<\/a><a href=\"http:\/\/thurzozoltan.com\/wp-content\/uploads\/2016\/06\/Thurzo_2.pdf\" target=\"_blank\"><br \/>\n <\/a><a href=\"http:\/\/thurzozoltan.com\/wp-content\/uploads\/2016\/06\/Thurzo_4.pdf\" target=\"_blank\">Scritti su riviste<\/a> <a href=\"http:\/\/thurzozoltan.com\/wp-content\/uploads\/2016\/06\/Thurzo_2.pdf\" target=\"_blank\"><br \/>\n <\/a><a href=\"http:\/\/thurzozoltan.com\/wp-content\/uploads\/2016\/06\/Thurzo_5.pdf\" target=\"_blank\">Corrispondenza<\/a> <a href=\"http:\/\/thurzozoltan.com\/wp-content\/uploads\/2016\/06\/Thurzo_2.pdf\" target=\"_blank\"><br \/>\n <\/a><a href=\"http:\/\/thurzozoltan.com\/wp-content\/uploads\/2016\/06\/Thurzo_6.pdf\" target=\"_blank\">Decorazioni conferiti<\/a> <a href=\"http:\/\/thurzozoltan.com\/wp-content\/uploads\/2016\/06\/Thurzo_2.pdf\" target=\"_blank\"><br \/>\n <\/a><a href=\"http:\/\/thurzozoltan.com\/wp-content\/uploads\/2016\/06\/Thurzo_7.pdf\" target=\"_blank\">Necrologio<\/a> <a href=\"http:\/\/thurzozoltan.com\/wp-content\/uploads\/2016\/06\/thurzo_fedel4.pdf\"><br \/>\n <\/a> <a href=\"http:\/\/thurzozoltan.com\/wp-content\/uploads\/2016\/06\/Thurzo_8.pdf\" target=\"_blank\">Ricordi<\/a> <a href=\"http:\/\/thurzozoltan.com\/wp-content\/uploads\/2016\/06\/Thurzo_2.pdf\" target=\"_blank\"><br \/>\n <\/a><a href=\"http:\/\/thurzozoltan.com\/wp-content\/uploads\/2016\/06\/thurzo_fedel4.pdf\" target=\"_blank\">Copertina posteriore<\/a><\/p>\n<p>&nbsp;<\/p>\n[\/et_pb_text][\/et_pb_column][et_pb_column type=&#8221;1_3&#8243;][et_pb_image admin_label=&#8221;Image&#8221; src=&#8221;http:\/\/thurzozoltan.com\/wp-content\/uploads\/2016\/04\/konyvek-borito-1.jpg&#8221; show_in_lightbox=&#8221;off&#8221; url_new_window=&#8221;off&#8221; use_overlay=&#8221;off&#8221; animation=&#8221;left&#8221; sticky=&#8221;off&#8221; align=&#8221;left&#8221; force_fullwidth=&#8221;off&#8221; always_center_on_mobile=&#8221;on&#8221; use_border_color=&#8221;off&#8221; border_color=&#8221;#ffffff&#8221; border_style=&#8221;solid&#8221;] [\/et_pb_image][\/et_pb_column][\/et_pb_row][et_pb_row admin_label=&#8221;Row&#8221;][et_pb_column type=&#8221;4_4&#8243;][et_pb_text admin_label=&#8221;Text&#8221; background_layout=&#8221;light&#8221; text_orientation=&#8221;left&#8221; use_border_color=&#8221;off&#8221; border_color=&#8221;#ffffff&#8221; border_style=&#8221;solid&#8221;]\n<p>&nbsp;<\/p>\n<p style=\"text-align: right;\"><a href=\"http:\/\/thurzozoltan.com\/it\/libri\/\">Torna ai Libri<\/a><\/p>\n<p>&nbsp;<\/p>\n[\/et_pb_text][\/et_pb_column][\/et_pb_row][\/et_pb_section]\n","protected":false},"excerpt":{"rendered":"<p>[et_pb_section admin_label=&#8221;Section&#8221; fullwidth=&#8221;on&#8221; specialty=&#8221;off&#8221; transparent_background=&#8221;on&#8221; background_color=&#8221;#ffffff&#8221; allow_player_pause=&#8221;off&#8221; inner_shadow=&#8221;off&#8221; parallax=&#8221;off&#8221; parallax_method=&#8221;off&#8221; padding_mobile=&#8221;off&#8221; make_fullwidth=&#8221;off&#8221; use_custom_width=&#8221;off&#8221; width_unit=&#8221;on&#8221; make_equal=&#8221;off&#8221; use_custom_gutter=&#8221;off&#8221;][et_pb_fullwidth_post_title admin_label=&#8221;Fullwidth Post Title&#8221; title=&#8221;on&#8221; meta=&#8221;off&#8221; author=&#8221;on&#8221; date=&#8221;on&#8221; categories=&#8221;on&#8221; comments=&#8221;on&#8221; featured_image=&#8221;off&#8221; featured_placement=&#8221;below&#8221; parallax_effect=&#8221;on&#8221; parallax_method=&#8221;on&#8221; text_orientation=&#8221;center&#8221; text_color=&#8221;dark&#8221; text_background=&#8221;off&#8221; text_bg_color=&#8221;rgba(255,255,255,0.9)&#8221; module_bg_color=&#8221;rgba(255,255,255,0)&#8221; title_font_size=&#8221;36&#8243; title_font_size_tablet=&#8221;29&#8243; title_font_size_phone=&#8221;20&#8243; title_font_size_last_edited=&#8221;on|phone&#8221; title_text_color=&#8221;#fee29b&#8221; title_all_caps=&#8221;off&#8221; use_border_color=&#8221;off&#8221; border_color=&#8221;#ffffff&#8221; border_style=&#8221;solid&#8221;] [\/et_pb_fullwidth_post_title][\/et_pb_section][et_pb_section admin_label=&#8221;section&#8221; transparent_background=&#8221;on&#8221; background_color=&#8221;#ffffff&#8221; allow_player_pause=&#8221;off&#8221; inner_shadow=&#8221;off&#8221; parallax=&#8221;off&#8221; parallax_method=&#8221;off&#8221; padding_mobile=&#8221;off&#8221; make_fullwidth=&#8221;off&#8221; use_custom_width=&#8221;off&#8221; width_unit=&#8221;on&#8221; [&hellip;]<\/p>\n","protected":false},"author":1,"featured_media":0,"parent":2658,"menu_order":0,"comment_status":"closed","ping_status":"closed","template":"","meta":{"footnotes":""},"class_list":["post-2664","page","type-page","status-publish","hentry"],"_links":{"self":[{"href":"http:\/\/thurzozoltan.com\/it\/wp-json\/wp\/v2\/pages\/2664","targetHints":{"allow":["GET"]}}],"collection":[{"href":"http:\/\/thurzozoltan.com\/it\/wp-json\/wp\/v2\/pages"}],"about":[{"href":"http:\/\/thurzozoltan.com\/it\/wp-json\/wp\/v2\/types\/page"}],"author":[{"embeddable":true,"href":"http:\/\/thurzozoltan.com\/it\/wp-json\/wp\/v2\/users\/1"}],"replies":[{"embeddable":true,"href":"http:\/\/thurzozoltan.com\/it\/wp-json\/wp\/v2\/comments?post=2664"}],"version-history":[{"count":6,"href":"http:\/\/thurzozoltan.com\/it\/wp-json\/wp\/v2\/pages\/2664\/revisions"}],"predecessor-version":[{"id":9268,"href":"http:\/\/thurzozoltan.com\/it\/wp-json\/wp\/v2\/pages\/2664\/revisions\/9268"}],"up":[{"embeddable":true,"href":"http:\/\/thurzozoltan.com\/it\/wp-json\/wp\/v2\/pages\/2658"}],"wp:attachment":[{"href":"http:\/\/thurzozoltan.com\/it\/wp-json\/wp\/v2\/media?parent=2664"}],"curies":[{"name":"wp","href":"https:\/\/api.w.org\/{rel}","templated":true}]}}