{"id":8872,"date":"2016-06-23T07:04:21","date_gmt":"2016-06-23T07:04:21","guid":{"rendered":"http:\/\/thurzozoltan.com\/it\/koncertek-2012-ben\/"},"modified":"2016-10-05T13:39:27","modified_gmt":"2016-10-05T13:39:27","slug":"koncertek-2012-ben","status":"publish","type":"page","link":"http:\/\/thurzozoltan.com\/it\/koncertek-2012-ben\/","title":{"rendered":"Concerti nel 2012"},"content":{"rendered":"<table class=\"koncert-table\" cellspacing=\"0\" cellpadding=\"0\">\n<thead>\n<tr>\n<th class=\"koncert-datum\">Data<\/th>\n<th class=\"koncert-varos\">Citta\/Paese<\/th>\n<th class=\"koncert-leiras\">Luogo \u2013 Descrizione<\/th>\n<th class=\"koncert-info\"><\/th>\n<\/tr>\n<\/thead>\n<tbody>\n<tr>\r\n\t<td class=\"koncert-datum\">2012.12.23<\/td>\r\n    <td>Nagyv\u00e1rad \/ Rom\u00e1nia<\/td>\r\n    <td>Szent L\u00e1szl\u00f3 Templom - \"Hangverseny\" keret\u00e9n bel\u00fcl<\/td>\r\n\t<td style=\"text-align:right;\"><a href=\"http:\/\/thurzozoltan.com\/it\/koncert\/event-43054\/\">Informazioni<\/a><\/td>  \r\n   <\/tr><tr>\r\n\t<td class=\"koncert-datum\">2012.12.21<\/td>\r\n    <td>Nagyv\u00e1rad \/ Rom\u00e1nia<\/td>\r\n    <td>Nagyv\u00e1radi Zenel\u00edceum Disztereme - \"Kamarakoncert\" keret\u00e9n bel\u00fcl<\/td>\r\n\t<td style=\"text-align:right;\"><a href=\"http:\/\/thurzozoltan.com\/it\/koncert\/event-75290\/\">Informazioni<\/a><\/td>  \r\n   <\/tr><tr>\r\n\t<td class=\"koncert-datum\">2012.12.16<\/td>\r\n    <td>Nagyv\u00e1rad \/ Rom\u00e1nia<\/td>\r\n    <td>Ady Endre Elm\u00e9leti L\u00edceum Diszterme - \u201cAdom\u00e1nygy\u0171jt\u0151 Hangversenyek...egy zongor\u00e1ra\u201d hangversenysorozat keret\u00e9n bel\u00fcl - (Kod\u00e1ly Zolt\u00e1n sz\u00fclet\u00e9snapj\u00e1n) Kod\u00e1ly Zolt\u00e1n \u00f6sszes zongoram\u0171ve \u2013 sz\u00fclet\u00e9s\u00e9nek 130. \u00e9vfordul\u00f3ja alkalm\u00e1b\u00f3l<\/td>\r\n\t<td style=\"text-align:right;\"><a href=\"http:\/\/thurzozoltan.com\/it\/koncert\/event-36659\/\">Informazioni<\/a><\/td>  \r\n   <\/tr><tr>\r\n\t<td class=\"koncert-datum\">2012.12.14<\/td>\r\n    <td>Nagyv\u00e1rad \/ Rom\u00e1nia<\/td>\r\n    <td>Nagyv\u00e1radi \u00c1llami Egyetem - Zeneegyetem 1-es Diszterme - \"Operaest\" keret\u00e9n bel\u00fcl<\/td>\r\n\t<td style=\"text-align:right;\"><a href=\"http:\/\/thurzozoltan.com\/it\/koncert\/event-69407\/\">Informazioni<\/a><\/td>  \r\n   <\/tr><tr>\r\n\t<td class=\"koncert-datum\">2012.12.13<\/td>\r\n    <td>Szil\u00e1gy megye, Zilah \/ Rom\u00e1nia<\/td>\r\n    <td>Polg\u00e1rmesteri Hivatal Avram Iancu D\u00edszterme - Operag\u00e1la<\/td>\r\n\t<td style=\"text-align:right;\"><a href=\"http:\/\/thurzozoltan.com\/it\/koncert\/event-17648\/\">Informazioni<\/a><\/td>  \r\n   <\/tr><tr>\r\n\t<td class=\"koncert-datum\">2012.12.09<\/td>\r\n    <td>Nagyv\u00e1rad \/ Rom\u00e1nia<\/td>\r\n    <td>Szent L\u00e1szl\u00f3 Templom - \u201cAdom\u00e1nygy\u0171jt\u0151 Hangversenyek...egy zongor\u00e1ra\u201d  hangversenysorozat keret\u00e9n bel\u00fcl<\/td>\r\n\t<td style=\"text-align:right;\"><a href=\"http:\/\/thurzozoltan.com\/it\/koncert\/event-81340\/\">Informazioni<\/a><\/td>  \r\n   <\/tr><tr>\r\n\t<td class=\"koncert-datum\">2012.11.25<\/td>\r\n    <td>Nagyv\u00e1rad \/ Rom\u00e1nia<\/td>\r\n    <td>Szent L\u00e1szl\u00f3 Templom - \"Hangverseny\" keret\u00e9n bel\u00fcl<\/td>\r\n\t<td style=\"text-align:right;\"><a href=\"http:\/\/thurzozoltan.com\/it\/koncert\/event-12498\/\">Informazioni<\/a><\/td>  \r\n   <\/tr><tr>\r\n\t<td class=\"koncert-datum\">2012.11.21<\/td>\r\n    <td>Nagyv\u00e1rad \/ Rom\u00e1nia<\/td>\r\n    <td>Bar\u00e1tok Temploma - \"Tokaji \u00c1gnes eml\u00e9kest\" keret\u00e9n bel\u00fcl<\/td>\r\n\t<td style=\"text-align:right;\"><a href=\"http:\/\/thurzozoltan.com\/it\/koncert\/event-31497\/\">Informazioni<\/a><\/td>  \r\n   <\/tr><tr>\r\n\t<td class=\"koncert-datum\">2012.11.18<\/td>\r\n    <td>\u00c9lesd \/ Rom\u00e1nia<\/td>\r\n    <td>Reform\u00e1tus Templom - \"Zen\u00e9s \u00c1hitat\" keret\u00e9n bel\u00fcl<\/td>\r\n\t<td style=\"text-align:right;\"><a href=\"http:\/\/thurzozoltan.com\/it\/koncert\/event-73648\/\">Informazioni<\/a><\/td>  \r\n   <\/tr><tr>\r\n\t<td class=\"koncert-datum\">2012.11.16<\/td>\r\n    <td>\u00c9rmih\u00e1lyfalva \/ Rom\u00e1nia<\/td>\r\n    <td>Bart\u00f3k B\u00e9la M\u0171vel\u0151d\u00e9si H\u00e1z Disztereme - \u201eA Zen\u00e9n t\u00fal...Folytat\u00f3dik\u201d Bihar Megyei Hangversenyturn\u00e9<\/td>\r\n\t<td style=\"text-align:right;\"><a href=\"http:\/\/thurzozoltan.com\/it\/koncert\/event-16709\/\">Informazioni<\/a><\/td>  \r\n   <\/tr><tr>\r\n\t<td class=\"koncert-datum\">2012.11.10<\/td>\r\n    <td>\u00c9rsemj\u00e9n \/ Rom\u00e1nia<\/td>\r\n    <td>Fr\u00e1ter L\u00f3r\u00e1nd M\u0171vel\u0151d\u00e9si H\u00e1z Disztereme - J\u00f3t\u00e9konys\u00e1gi est az \u00c9rmell\u00e9ki Reform\u00e1tus Diak\u00f3niai Alapitv\u00e1ny megsegit\u00e9se c\u00e9lj\u00e1b\u00f3l<\/td>\r\n\t<td style=\"text-align:right;\"><a href=\"http:\/\/thurzozoltan.com\/it\/koncert\/event-40965\/\">Informazioni<\/a><\/td>  \r\n   <\/tr><tr>\r\n\t<td class=\"koncert-datum\">2012.11.04<\/td>\r\n    <td>Nagyv\u00e1rad \/ Rom\u00e1nia<\/td>\r\n    <td>Szent L\u00e1szl\u00f3 Templom - K.D.von Dittersdorf Est keret\u00e9n bel\u00fcl -  (M.Haydn, W.Pichl, K.D.von Dittersdorf IX. Fesztiv\u00e1l keret\u00e9n bel\u00fcl)<\/td>\r\n\t<td style=\"text-align:right;\"><a href=\"http:\/\/thurzozoltan.com\/it\/koncert\/event-94368\/\">Informazioni<\/a><\/td>  \r\n   <\/tr><tr>\r\n\t<td class=\"koncert-datum\">2012.11.02<\/td>\r\n    <td>Sz\u00e9kelyhid \/ Rom\u00e1nia<\/td>\r\n    <td>M\u00fazeum - \u201eA Zen\u00e9n t\u00fal...Folytat\u00f3dik\u201d Bihar Megyei Hangversenyturn\u00e9<\/td>\r\n\t<td style=\"text-align:right;\"><a href=\"http:\/\/thurzozoltan.com\/it\/koncert\/event-27563\/\">Informazioni<\/a><\/td>  \r\n   <\/tr><tr>\r\n\t<td class=\"koncert-datum\">2012.10.28<\/td>\r\n    <td>Nagyv\u00e1rad \/ Rom\u00e1nia<\/td>\r\n    <td>Szent L\u00e1szl\u00f3 Templom - \"Hangverseny\" keret\u00e9n bel\u00fcl<\/td>\r\n\t<td style=\"text-align:right;\"><a href=\"http:\/\/thurzozoltan.com\/it\/koncert\/event-18659\/\">Informazioni<\/a><\/td>  \r\n   <\/tr><tr>\r\n\t<td class=\"koncert-datum\">2012.10.12<\/td>\r\n    <td>Bel\u00e9nyes \/ Rom\u00e1nia<\/td>\r\n    <td>V\u00e1rosh\u00e1za D\u00edszterme - \u201eA Zen\u00e9n t\u00fal...Folytat\u00f3dik\u201d Bihar Megyei Hangversenyturn\u00e9<\/td>\r\n\t<td style=\"text-align:right;\"><a href=\"http:\/\/thurzozoltan.com\/it\/koncert\/event-37340\/\">Informazioni<\/a><\/td>  \r\n   <\/tr><span class=\"pods-pagination-advanced \">\n    \n    <span class=\"pods-pagination-number pods-pagination-current \">1<\/span>\n\n                <a href=\"\/it\/wp-json\/wp\/v2\/pages\/8872?pg=2\" class=\"pods-pagination-number pods-pagination-2 \">2<\/a>\n                        <a href=\"\/it\/wp-json\/wp\/v2\/pages\/8872?pg=3\" class=\"pods-pagination-number pods-pagination-3 \">3<\/a>\n                    <a href=\"\/it\/wp-json\/wp\/v2\/pages\/8872?pg=4\" class=\"pods-pagination-number pods-pagination-last \">4<\/a>\n                    <a href=\"\/it\/wp-json\/wp\/v2\/pages\/8872?pg=2\" class=\"pods-pagination-number pods-pagination-next \">Avanti &rsaquo;<\/a>\n                                <a href=\"\/it\/wp-json\/wp\/v2\/pages\/8872?pg=4\" class=\"pods-pagination-number pods-pagination-last \">Fine &raquo;<\/a>\n                    \n<\/span>\n\n<\/tbody>\n<\/table>\n","protected":false},"excerpt":{"rendered":"<p>Data Citta\/Paese Luogo \u2013 Descrizione<\/p>\n","protected":false},"author":1,"featured_media":0,"parent":0,"menu_order":0,"comment_status":"closed","ping_status":"closed","template":"","meta":{"footnotes":""},"class_list":["post-8872","page","type-page","status-publish","hentry"],"_links":{"self":[{"href":"http:\/\/thurzozoltan.com\/it\/wp-json\/wp\/v2\/pages\/8872","targetHints":{"allow":["GET"]}}],"collection":[{"href":"http:\/\/thurzozoltan.com\/it\/wp-json\/wp\/v2\/pages"}],"about":[{"href":"http:\/\/thurzozoltan.com\/it\/wp-json\/wp\/v2\/types\/page"}],"author":[{"embeddable":true,"href":"http:\/\/thurzozoltan.com\/it\/wp-json\/wp\/v2\/users\/1"}],"replies":[{"embeddable":true,"href":"http:\/\/thurzozoltan.com\/it\/wp-json\/wp\/v2\/comments?post=8872"}],"version-history":[{"count":2,"href":"http:\/\/thurzozoltan.com\/it\/wp-json\/wp\/v2\/pages\/8872\/revisions"}],"predecessor-version":[{"id":8945,"href":"http:\/\/thurzozoltan.com\/it\/wp-json\/wp\/v2\/pages\/8872\/revisions\/8945"}],"wp:attachment":[{"href":"http:\/\/thurzozoltan.com\/it\/wp-json\/wp\/v2\/media?parent=8872"}],"curies":[{"name":"wp","href":"https:\/\/api.w.org\/{rel}","templated":true}]}}