{"id":8887,"date":"2016-06-23T06:49:36","date_gmt":"2016-06-23T06:49:36","guid":{"rendered":"http:\/\/thurzozoltan.com\/it\/koncertek-2015-ben\/"},"modified":"2016-10-05T13:43:57","modified_gmt":"2016-10-05T13:43:57","slug":"koncertek-2015-ben","status":"publish","type":"page","link":"http:\/\/thurzozoltan.com\/it\/koncertek-2015-ben\/","title":{"rendered":"Concerti nel 2015"},"content":{"rendered":"<table class=\"koncert-table\" cellspacing=\"0\" cellpadding=\"0\">\n<thead>\n<tr>\n<th class=\"koncert-datum\">Data<\/th>\n<th class=\"koncert-varos\">Citta\/Paese<\/th>\n<th class=\"koncert-leiras\">Luogo \u2013 Descrizione<\/th>\n<th class=\"koncert-info\"><\/th>\n<\/tr>\n<\/thead>\n<tbody>\n<tr>\r\n\t<td class=\"koncert-datum\">2015.12.24<\/td>\r\n    <td>Biharkeresztes \/ Magyarorsz\u00e1g<\/td>\r\n    <td>Reform\u00e1tus templom - Kar\u00e1csonyi Istentisztelet keret\u00e9n bel\u00fcl<\/td>\r\n\t<td style=\"text-align:right;\"><a href=\"http:\/\/thurzozoltan.com\/it\/koncert\/event-68140\/\">Informazioni<\/a><\/td>  \r\n   <\/tr><tr>\r\n\t<td class=\"koncert-datum\">2015.12.20<\/td>\r\n    <td>Nagyv\u00e1rad \/ Rom\u00e1nia<\/td>\r\n    <td>Lor\u00e1ntffy Zsuzsanna Egyh\u00e1zi K\u00f6zpont M\u00fazeumterme - \u201eSzereti \u00d6n Chopint?\u201d turn\u00e9z\u00e1r\u00f3 hangverseny gyertyaf\u00e9nyben<\/td>\r\n\t<td style=\"text-align:right;\"><a href=\"http:\/\/thurzozoltan.com\/it\/koncert\/event-14367\/\">Informazioni<\/a><\/td>  \r\n   <\/tr><tr>\r\n\t<td class=\"koncert-datum\">2015.12.19<\/td>\r\n    <td>Biharkeresztes \/ Magyarorsz\u00e1g<\/td>\r\n    <td>Bihar K\u00f6z\u00f6ss\u00e9gi H\u00e1z - \u201eKar\u00e1csonyv\u00e1r\u00f3 Zongoraest Gyertyaf\u00e9nyben\u201d<\/td>\r\n\t<td style=\"text-align:right;\"><a href=\"http:\/\/thurzozoltan.com\/it\/koncert\/event-20013\/\">Informazioni<\/a><\/td>  \r\n   <\/tr><tr>\r\n\t<td class=\"koncert-datum\">2015.12.12<\/td>\r\n    <td>Szeben megye, Medgyes \/ Rom\u00e1nia<\/td>\r\n    <td>R\u00f3mai Katolikus Pl\u00e9b\u00e1niatemplom - \u201cSzereti \u00d6n Chopint?\u201d orsz\u00e1gos turn\u00e9<\/td>\r\n\t<td style=\"text-align:right;\"><a href=\"http:\/\/thurzozoltan.com\/it\/koncert\/event-10484\/\">Informazioni<\/a><\/td>  \r\n   <\/tr><tr>\r\n\t<td class=\"koncert-datum\">2015.12.11<\/td>\r\n    <td>Arad megye, Arad \/ Rom\u00e1nia<\/td>\r\n    <td>Evang\u00e9likus-Luther\u00e1nuis Templom - \u201cSzereti \u00d6n Chopint?\u201d orsz\u00e1gos turn\u00e9<\/td>\r\n\t<td style=\"text-align:right;\"><a href=\"http:\/\/thurzozoltan.com\/it\/koncert\/event-12093\/\">Informazioni<\/a><\/td>  \r\n   <\/tr><tr>\r\n\t<td class=\"koncert-datum\">2015.12.10<\/td>\r\n    <td>Temes megye, Temesv\u00e1r, \/ Rom\u00e1nia<\/td>\r\n    <td>Belv\u00e1rosi Reform\u00e1tus Templom - \u201cSzereti \u00d6n Chopint?\u201d orsz\u00e1gos turn\u00e9<\/td>\r\n\t<td style=\"text-align:right;\"><a href=\"http:\/\/thurzozoltan.com\/it\/koncert\/event-17557\/\">Informazioni<\/a><\/td>  \r\n   <\/tr><tr>\r\n\t<td class=\"koncert-datum\">2015.12.05<\/td>\r\n    <td>Beszterce-Nasza\u00f3d megye, Beszterce \/ Rom\u00e1nia<\/td>\r\n    <td>R\u00f3mai Katolikus Templom - \u201cSzereti \u00d6n Chopint?\u201d orsz\u00e1gos turn\u00e9<\/td>\r\n\t<td style=\"text-align:right;\"><a href=\"http:\/\/thurzozoltan.com\/it\/koncert\/event-18371\/\">Informazioni<\/a><\/td>  \r\n   <\/tr><tr>\r\n\t<td class=\"koncert-datum\">2015.12.04<\/td>\r\n    <td>M\u00e1ramaros megye, Nagyb\u00e1nya \/ Rom\u00e1nia<\/td>\r\n    <td>Szenth\u00e1roms\u00e1g R\u00f3mai Katolikus Templom - \u201cSzereti \u00d6n Chopint?\u201d orsz\u00e1gos turn\u00e9<\/td>\r\n\t<td style=\"text-align:right;\"><a href=\"http:\/\/thurzozoltan.com\/it\/koncert\/event-64703\/\">Informazioni<\/a><\/td>  \r\n   <\/tr><tr>\r\n\t<td class=\"koncert-datum\">2015.11.29<\/td>\r\n    <td>Nagyv\u00e1rad \/ Rom\u00e1nia<\/td>\r\n    <td>Lor\u00e1ntffy Zsuzsanna Egyh\u00e1zi K\u00f6zpont M\u00fazeumterme - \u201eA \u201cStadler Klarin\u00e9t Kamarazenekar\u201d \nel\u0151ad\u00f3estje\u201d keret\u00e9n bel\u00fcl<\/td>\r\n\t<td style=\"text-align:right;\"><a href=\"http:\/\/thurzozoltan.com\/it\/koncert\/event-19620\/\">Informazioni<\/a><\/td>  \r\n   <\/tr><tr>\r\n\t<td class=\"koncert-datum\">2015.11.27<\/td>\r\n    <td>Feh\u00e9r Megye, Nagyenyed \/ Rom\u00e1nia<\/td>\r\n    <td>R\u00f3mai Katolikus Templom - \u201cSzereti \u00d6n Chopint?\u201d orsz\u00e1gos turn\u00e9<\/td>\r\n\t<td style=\"text-align:right;\"><a href=\"http:\/\/thurzozoltan.com\/it\/koncert\/event-12271\/\">Informazioni<\/a><\/td>  \r\n   <\/tr><tr>\r\n\t<td class=\"koncert-datum\">2015.11.26<\/td>\r\n    <td>Hunyad megye, D\u00e9va \/ Rom\u00e1nia<\/td>\r\n    <td>Teleki Katolikus Templom - \u201cSzereti \u00d6n Chopint?\u201d orsz\u00e1gos turn\u00e9<\/td>\r\n\t<td style=\"text-align:right;\"><a href=\"http:\/\/thurzozoltan.com\/it\/koncert\/event-17033\/\">Informazioni<\/a><\/td>  \r\n   <\/tr><tr>\r\n\t<td class=\"koncert-datum\">2015.11.25<\/td>\r\n    <td>Brass\u00f3 megye, Brass\u00f3 \/ Rom\u00e1nia<\/td>\r\n    <td>Magyar Evang\u00e9likus Luther\u00e1nus Templom - \u201cSzereti \u00d6n Chopint?\u201d orsz\u00e1gos turn\u00e9<\/td>\r\n\t<td style=\"text-align:right;\"><a href=\"http:\/\/thurzozoltan.com\/it\/koncert\/event-11244\/\">Informazioni<\/a><\/td>  \r\n   <\/tr><tr>\r\n\t<td class=\"koncert-datum\">2015.11.21<\/td>\r\n    <td>Nagyv\u00e1rad \/ Rom\u00e1nia<\/td>\r\n    <td>Partiumi Kereszt\u00e9ny Egyetem D\u00edszterme - Erzs\u00e9bet-Katalin J\u00f3t\u00e9konys\u00e1gi B\u00e1l keret\u00e9n bel\u00fcl<\/td>\r\n\t<td style=\"text-align:right;\"><a href=\"http:\/\/thurzozoltan.com\/it\/koncert\/event-93185\/\">Informazioni<\/a><\/td>  \r\n   <\/tr><tr>\r\n\t<td class=\"koncert-datum\">2015.10.25<\/td>\r\n    <td>Nagyv\u00e1rad \/ Rom\u00e1nia<\/td>\r\n    <td>Lor\u00e1ntffy Zsuzsanna Egyh\u00e1zi K\u00f6zpont M\u00fazeumterme - Rendk\u00edv\u0171li klarin\u00e9t-saxofon-zongora est keret\u00e9n bel\u00fcl<\/td>\r\n\t<td style=\"text-align:right;\"><a href=\"http:\/\/thurzozoltan.com\/it\/koncert\/event-10488\/\">Informazioni<\/a><\/td>  \r\n   <\/tr><tr>\r\n\t<td class=\"koncert-datum\">2015.10.10<\/td>\r\n    <td>Nagyv\u00e1rad \/ Rom\u00e1nia<\/td>\r\n    <td>Nagyv\u00e1radi R\u00f3mai Katolikus V\u00e1rtemplom - Thurz\u00f3 Zolt\u00e1n zongoram\u0171v\u00e9sz, a nagyv\u00e1radi v\u00e1r t\u00f6rt\u00e9net\u00e9ben el\u0151sz\u00f6r, k\u00e9t zongoraestet tart:  \u201cUtaz\u00e1s a v\u00e1r t\u00f6rt\u00e9nelm\u00e9ben Liszt, Bart\u00f3k, Kod\u00e1ly v\u00e1logatott m\u0171veivel\u201d<\/td>\r\n\t<td style=\"text-align:right;\"><a href=\"http:\/\/thurzozoltan.com\/it\/koncert\/event-10427\/\">Informazioni<\/a><\/td>  \r\n   <\/tr><span class=\"pods-pagination-advanced \">\n    \n    <span class=\"pods-pagination-number pods-pagination-current \">1<\/span>\n\n                <a href=\"\/it\/wp-json\/wp\/v2\/pages\/8887?pg=2\" class=\"pods-pagination-number pods-pagination-2 \">2<\/a>\n                    <a href=\"\/it\/wp-json\/wp\/v2\/pages\/8887?pg=3\" class=\"pods-pagination-number pods-pagination-last \">3<\/a>\n                    <a href=\"\/it\/wp-json\/wp\/v2\/pages\/8887?pg=2\" class=\"pods-pagination-number pods-pagination-next \">Avanti &rsaquo;<\/a>\n                                <a href=\"\/it\/wp-json\/wp\/v2\/pages\/8887?pg=3\" class=\"pods-pagination-number pods-pagination-last \">Fine &raquo;<\/a>\n                    \n<\/span>\n\n<\/tbody>\n<\/table>\n","protected":false},"excerpt":{"rendered":"<p>Data Citta\/Paese Luogo \u2013 Descrizione<\/p>\n","protected":false},"author":1,"featured_media":0,"parent":0,"menu_order":0,"comment_status":"closed","ping_status":"closed","template":"","meta":{"footnotes":""},"class_list":["post-8887","page","type-page","status-publish","hentry"],"_links":{"self":[{"href":"http:\/\/thurzozoltan.com\/it\/wp-json\/wp\/v2\/pages\/8887","targetHints":{"allow":["GET"]}}],"collection":[{"href":"http:\/\/thurzozoltan.com\/it\/wp-json\/wp\/v2\/pages"}],"about":[{"href":"http:\/\/thurzozoltan.com\/it\/wp-json\/wp\/v2\/types\/page"}],"author":[{"embeddable":true,"href":"http:\/\/thurzozoltan.com\/it\/wp-json\/wp\/v2\/users\/1"}],"replies":[{"embeddable":true,"href":"http:\/\/thurzozoltan.com\/it\/wp-json\/wp\/v2\/comments?post=8887"}],"version-history":[{"count":2,"href":"http:\/\/thurzozoltan.com\/it\/wp-json\/wp\/v2\/pages\/8887\/revisions"}],"predecessor-version":[{"id":8948,"href":"http:\/\/thurzozoltan.com\/it\/wp-json\/wp\/v2\/pages\/8887\/revisions\/8948"}],"wp:attachment":[{"href":"http:\/\/thurzozoltan.com\/it\/wp-json\/wp\/v2\/media?parent=8887"}],"curies":[{"name":"wp","href":"https:\/\/api.w.org\/{rel}","templated":true}]}}