{"id":1420,"date":"2016-04-19T13:43:14","date_gmt":"2016-04-19T13:43:14","guid":{"rendered":"http:\/\/thurzozoltan.com\/ro\/fenykepek\/"},"modified":"2016-10-26T14:17:47","modified_gmt":"2016-10-26T14:17:47","slug":"poze","status":"publish","type":"page","link":"http:\/\/thurzozoltan.com\/ro\/poze\/","title":{"rendered":"Poze"},"content":{"rendered":"[et_pb_section admin_label=&#8221;section&#8221; transparent_background=&#8221;on&#8221; background_color=&#8221;#ffffff&#8221; allow_player_pause=&#8221;off&#8221; inner_shadow=&#8221;off&#8221; parallax=&#8221;off&#8221; parallax_method=&#8221;off&#8221; padding_mobile=&#8221;off&#8221; make_fullwidth=&#8221;off&#8221; use_custom_width=&#8221;off&#8221; width_unit=&#8221;on&#8221; make_equal=&#8221;off&#8221; use_custom_gutter=&#8221;off&#8221;][et_pb_row admin_label=&#8221;Row&#8221; make_fullwidth=&#8221;off&#8221; use_custom_width=&#8221;off&#8221; width_unit=&#8221;on&#8221; use_custom_gutter=&#8221;off&#8221; padding_mobile=&#8221;off&#8221; allow_player_pause=&#8221;off&#8221; parallax=&#8221;off&#8221; parallax_method=&#8221;off&#8221; make_equal=&#8221;off&#8221; parallax_1=&#8221;off&#8221; parallax_method_1=&#8221;off&#8221; column_padding_mobile=&#8221;on&#8221; custom_padding=&#8221;0px|||&#8221;][et_pb_column type=&#8221;4_4&#8243;][et_pb_text admin_label=&#8221;Text&#8221; background_layout=&#8221;light&#8221; text_orientation=&#8221;center&#8221; use_border_color=&#8221;off&#8221; border_color=&#8221;#ffffff&#8221; border_style=&#8221;solid&#8221;]\n<h1>Spectacole oferite pentru organizatori<\/h1>\n[\/et_pb_text][et_pb_text admin_label=&#8221;Text&#8221; background_layout=&#8221;light&#8221; text_orientation=&#8221;left&#8221; use_border_color=&#8221;off&#8221; border_color=&#8221;#ffffff&#8221; border_style=&#8221;solid&#8221;]\n<p style=\"text-align: center;\"><em>\u201eMuzica nu este altceva, dec\u00e2t un limbaj artistic.\u201d\u00a0(J. J. Quantz)<\/em><\/p>\n<p style=\"text-align: justify;\">Thurz\u00f3 Zolt\u00e1n este capabil s\u0103 schimbe imaginea noastr\u0103 despre muzica serioas\u0103, piesele de pian cu frumuse\u0163i nelimitate \u0219i compozitori.<\/p>\n<p style=\"text-align: justify;\">Filtrat prin personalitatea lui proprie aduce chiar mai aproape de vizitatorii concertului, dat de\u00a0piese de pian, de stari de spirit personale, \u0219i, desigur, ei \u00een\u0219i\u0219i compozitori, atunci c\u00e2nd relateaz\u0103 &#8222;na\u0219terea&#8221; circumstan\u021belor de pove\u0219ti, profit\u00e2nd\u00a0 astfel de abilit\u0103\u021bi excelente de comunicare cu publicul, el este \u00een mod constant cuplat la firul concertului.<\/p>\n<p style=\"text-align: justify;\">Concertele independente de pian sunt de multe ori de natura &#8222;one man show&#8221;,unde uneori las\u0103 chiar \u0219i\u00a0 instrumentul s\u0103u, explic\u00e2nd \u00een timpul plimb\u0103rilor \u00eentre r\u00e2nduri,&#8221;pove\u0219ti&#8221;surprinz\u0103toare, rememor\u00e2nd spiritele de muzic\u0103 care sunt percepute de neatins.\u00a0Noi \u0219tim c\u0103 muzica este caricatura cea mai interioar\u0103 a compozitorului de muzica, prin\u00a0 care cunoastem m\u0103re\u021bia spiritual\u0103, natura, personalitatea.<\/p>\n<p style=\"text-align: justify;\">Thurz\u00f3 Zolt\u00e1n are spectacole speciale care fac apelare la aventuri muzicale.\u00a0El savureaz\u0103 muzica si totul este legat de ea. Acest lucru prin naturale\u021bea intuitiv\u0103 p\u0103trunde \u00een fiecare spectacol.\u00a0Nu este un secret inten\u0163ia de a fi atins c\u00e2t mai mult publicul din r\u00e2nduri (at\u00e2t adul\u0163ii c\u00e2t \u0219i copii) de ceea ce transmit piesele de pian interpretate,\u00a0 ceea ce pentru artist reprezint\u0103 cotidianul: lumea misterioas\u0103 a muzicii, precum \u0219i cercetarea evenimentelor, \u00eent\u00e2mpl\u0103rilor ce se afl\u0103 \u00een spatele culiselor.<\/p>\n<p style=\"text-align: justify;\">Cele mai bune amintiri sunt depozitate de muzic\u0103 &#8211; \u00een st\u0103rile de spirit a tuturor celor mai buni portreti\u015fti.\u00a0Muzica, precum \u0219i sensibilitatea este esen\u021bial\u0103 pentru revitalizarea operelor muzicale, \u00een ceea ce prive\u0219te transmiterea de informa\u021bii de fond asupra publicului. Muzica \u00a0\u00een general prezint\u0103 povesti cu umor &#8230; ca ni\u0219te basme. Obiectivul s\u0103u cu acest lucru este faptul c\u0103 promisiunea de divertisment \u00een \u00eentreaga audien\u021b\u0103, mai deschis, mai interesant, mai cuprinzator, sa devina mai sensibil din punct de vedere social.<\/p>\n<p style=\"text-align: justify;\">Dupa ce &#8222;activit\u0103\u021bile&#8221; bazate pe creativitate muzical\u0103, vizitatorii concertului se \u00eentorc acas\u0103 cu un &#8222;surplus&#8221; iar dup\u0103 aceast\u0103 experien\u021b\u0103, \u00een afar\u0103 de pl\u0103cerea de a asculta muzica, spectatorul r\u0103m\u00e2ne cu informa\u0163iile ob\u0163inute, cu evenimetele anexate, cu g\u00e2ndurile formate.<\/p>\n<p style=\"text-align: justify;\">\u00a0<\/p>\n[\/et_pb_text][et_pb_blog admin_label=&#8221;Blog&#8221; fullwidth=&#8221;off&#8221; posts_number=&#8221;20&#8243; include_categories=&#8221;9&#8243; show_thumbnail=&#8221;on&#8221; show_content=&#8221;off&#8221; show_more=&#8221;off&#8221; show_author=&#8221;off&#8221; show_date=&#8221;off&#8221; show_categories=&#8221;off&#8221; show_comments=&#8221;off&#8221; show_pagination=&#8221;on&#8221; offset_number=&#8221;0&#8243; use_overlay=&#8221;on&#8221; background_layout=&#8221;light&#8221; use_dropshadow=&#8221;on&#8221; use_border_color=&#8221;off&#8221; border_color=&#8221;#fee290&#8243; border_style=&#8221;solid&#8221; meta_date=&#8221;Y M j &#8221; overlay_icon_color=&#8221;#fee290&#8243; hover_overlay_color=&#8221;rgba(254,226,144,0.44)&#8221; masonry_tile_background_color=&#8221;rgba(255,255,255,0)&#8221; header_font_size=&#8221;16&#8243;] [\/et_pb_blog][\/et_pb_column][\/et_pb_row][et_pb_row admin_label=&#8221;Row&#8221; make_fullwidth=&#8221;off&#8221; use_custom_width=&#8221;off&#8221; width_unit=&#8221;on&#8221; use_custom_gutter=&#8221;off&#8221; padding_mobile=&#8221;off&#8221; allow_player_pause=&#8221;off&#8221; parallax=&#8221;off&#8221; parallax_method=&#8221;off&#8221; make_equal=&#8221;off&#8221; parallax_1=&#8221;off&#8221; parallax_method_1=&#8221;off&#8221; column_padding_mobile=&#8221;on&#8221; custom_padding=&#8221;0px|||&#8221;][et_pb_column type=&#8221;4_4&#8243;][et_pb_text admin_label=&#8221;Text&#8221; background_layout=&#8221;light&#8221; text_orientation=&#8221;center&#8221; use_border_color=&#8221;off&#8221; border_color=&#8221;#ffffff&#8221; border_style=&#8221;solid&#8221;]\n<h1>Poze despre alte prezent\u0103ri<\/h1>\n[\/et_pb_text][et_pb_blog admin_label=&#8221;Blog&#8221; fullwidth=&#8221;off&#8221; posts_number=&#8221;20&#8243; include_categories=&#8221;6&#8243; show_thumbnail=&#8221;on&#8221; show_content=&#8221;off&#8221; show_more=&#8221;off&#8221; show_author=&#8221;off&#8221; show_date=&#8221;off&#8221; show_categories=&#8221;off&#8221; show_comments=&#8221;off&#8221; show_pagination=&#8221;on&#8221; offset_number=&#8221;0&#8243; use_overlay=&#8221;on&#8221; background_layout=&#8221;light&#8221; use_dropshadow=&#8221;on&#8221; use_border_color=&#8221;off&#8221; border_color=&#8221;#fee290&#8243; border_style=&#8221;solid&#8221; meta_date=&#8221;Y M j &#8221; overlay_icon_color=&#8221;#fee290&#8243; hover_overlay_color=&#8221;rgba(254,226,144,0.44)&#8221; masonry_tile_background_color=&#8221;rgba(255,255,255,0)&#8221; header_font_size=&#8221;16&#8243;] [\/et_pb_blog][\/et_pb_column][\/et_pb_row][et_pb_row admin_label=&#8221;Row&#8221; make_fullwidth=&#8221;off&#8221; use_custom_width=&#8221;off&#8221; width_unit=&#8221;on&#8221; use_custom_gutter=&#8221;off&#8221; padding_mobile=&#8221;off&#8221; allow_player_pause=&#8221;off&#8221; parallax=&#8221;off&#8221; parallax_method=&#8221;off&#8221; make_equal=&#8221;off&#8221; parallax_1=&#8221;off&#8221; parallax_method_1=&#8221;off&#8221; column_padding_mobile=&#8221;on&#8221; custom_padding=&#8221;0px|||&#8221;][et_pb_column type=&#8221;4_4&#8243;][et_pb_text admin_label=&#8221;Text&#8221; background_layout=&#8221;light&#8221; text_orientation=&#8221;center&#8221; use_border_color=&#8221;off&#8221; border_color=&#8221;#ffffff&#8221; border_style=&#8221;solid&#8221;]\n<h1>Fotografii de profil\u00a0<\/h1>\n[\/et_pb_text][et_pb_text admin_label=&#8221;Text&#8221; background_layout=&#8221;light&#8221; text_orientation=&#8221;left&#8221; use_border_color=&#8221;off&#8221; border_color=&#8221;#ffffff&#8221; border_style=&#8221;solid&#8221;]\n<p>Material de fond fotografic.<\/p>\n<p>Pozele care se g\u0103sesc aici sunt accesabile \u015fi pentru mass-media, respectiv pot fi desc\u0103rcate \u00een rezolu\u0163ie mare.<\/p>\n<p>&nbsp;<\/p>\n[\/et_pb_text][et_pb_blog admin_label=&#8221;Blog&#8221; fullwidth=&#8221;off&#8221; posts_number=&#8221;20&#8243; include_categories=&#8221;10&#8243; show_thumbnail=&#8221;on&#8221; show_content=&#8221;off&#8221; show_more=&#8221;off&#8221; show_author=&#8221;off&#8221; show_date=&#8221;off&#8221; show_categories=&#8221;off&#8221; show_comments=&#8221;off&#8221; show_pagination=&#8221;on&#8221; offset_number=&#8221;0&#8243; use_overlay=&#8221;on&#8221; background_layout=&#8221;light&#8221; use_dropshadow=&#8221;on&#8221; use_border_color=&#8221;off&#8221; border_color=&#8221;#fee290&#8243; border_style=&#8221;solid&#8221; meta_date=&#8221;Y M j &#8221; overlay_icon_color=&#8221;#fee290&#8243; hover_overlay_color=&#8221;rgba(254,226,144,0.44)&#8221; masonry_tile_background_color=&#8221;rgba(255,255,255,0)&#8221; header_font_size=&#8221;16&#8243;] [\/et_pb_blog][\/et_pb_column][\/et_pb_row][\/et_pb_section]\n","protected":false},"excerpt":{"rendered":"<p>[et_pb_section admin_label=&#8221;section&#8221; transparent_background=&#8221;on&#8221; background_color=&#8221;#ffffff&#8221; allow_player_pause=&#8221;off&#8221; inner_shadow=&#8221;off&#8221; parallax=&#8221;off&#8221; parallax_method=&#8221;off&#8221; padding_mobile=&#8221;off&#8221; make_fullwidth=&#8221;off&#8221; use_custom_width=&#8221;off&#8221; width_unit=&#8221;on&#8221; make_equal=&#8221;off&#8221; use_custom_gutter=&#8221;off&#8221;][et_pb_row admin_label=&#8221;Row&#8221; make_fullwidth=&#8221;off&#8221; use_custom_width=&#8221;off&#8221; width_unit=&#8221;on&#8221; use_custom_gutter=&#8221;off&#8221; padding_mobile=&#8221;off&#8221; allow_player_pause=&#8221;off&#8221; parallax=&#8221;off&#8221; parallax_method=&#8221;off&#8221; make_equal=&#8221;off&#8221; parallax_1=&#8221;off&#8221; parallax_method_1=&#8221;off&#8221; column_padding_mobile=&#8221;on&#8221; custom_padding=&#8221;0px|||&#8221;][et_pb_column type=&#8221;4_4&#8243;][et_pb_text admin_label=&#8221;Text&#8221; background_layout=&#8221;light&#8221; text_orientation=&#8221;center&#8221; use_border_color=&#8221;off&#8221; border_color=&#8221;#ffffff&#8221; border_style=&#8221;solid&#8221;] Spectacole oferite pentru organizatori [\/et_pb_text][et_pb_text admin_label=&#8221;Text&#8221; background_layout=&#8221;light&#8221; text_orientation=&#8221;left&#8221; use_border_color=&#8221;off&#8221; border_color=&#8221;#ffffff&#8221; border_style=&#8221;solid&#8221;] \u201eMuzica nu este altceva, dec\u00e2t un limbaj artistic.\u201d\u00a0(J. J. [&hellip;]<\/p>\n","protected":false},"author":1,"featured_media":0,"parent":0,"menu_order":0,"comment_status":"closed","ping_status":"closed","template":"","meta":{"footnotes":""},"class_list":["post-1420","page","type-page","status-publish","hentry"],"_links":{"self":[{"href":"http:\/\/thurzozoltan.com\/ro\/wp-json\/wp\/v2\/pages\/1420","targetHints":{"allow":["GET"]}}],"collection":[{"href":"http:\/\/thurzozoltan.com\/ro\/wp-json\/wp\/v2\/pages"}],"about":[{"href":"http:\/\/thurzozoltan.com\/ro\/wp-json\/wp\/v2\/types\/page"}],"author":[{"embeddable":true,"href":"http:\/\/thurzozoltan.com\/ro\/wp-json\/wp\/v2\/users\/1"}],"replies":[{"embeddable":true,"href":"http:\/\/thurzozoltan.com\/ro\/wp-json\/wp\/v2\/comments?post=1420"}],"version-history":[{"count":10,"href":"http:\/\/thurzozoltan.com\/ro\/wp-json\/wp\/v2\/pages\/1420\/revisions"}],"predecessor-version":[{"id":9486,"href":"http:\/\/thurzozoltan.com\/ro\/wp-json\/wp\/v2\/pages\/1420\/revisions\/9486"}],"wp:attachment":[{"href":"http:\/\/thurzozoltan.com\/ro\/wp-json\/wp\/v2\/media?parent=1420"}],"curies":[{"name":"wp","href":"https:\/\/api.w.org\/{rel}","templated":true}]}}