{"id":2647,"date":"2016-07-20T12:32:28","date_gmt":"2016-07-20T12:32:28","guid":{"rendered":"http:\/\/thurzozoltan.com\/ro\/?page_id=2647"},"modified":"2017-06-22T08:27:05","modified_gmt":"2017-06-22T08:27:05","slug":"calendar-concerte","status":"publish","type":"page","link":"http:\/\/thurzozoltan.com\/ro\/calendar-concerte\/","title":{"rendered":"Calendar concerte"},"content":{"rendered":"<table class=\"koncert-table\" cellspacing=\"0\" cellpadding=\"0\">\n<thead>\n<tr>\n<th class=\"koncert-datum\">Data<\/th>\n<th class=\"koncert-varos\">Ora\u0219 \/ \u021bar\u0103<\/th>\n<th class=\"koncert-leiras\">Loca\u021bie &#8211; Descriere<\/th>\n<th class=\"koncert-info\">\u00a0<\/th>\n<\/tr>\n<\/thead>\n<tbody>\n<tr>\r\n\t<td class=\"koncert-datum\">2027.06.01<\/td>\r\n    <td>New York \/ Amerikai Egyes\u00fclt \u00c1llamok (U.S.A.)<\/td>\r\n    <td>CARNEGIE HALL - Thurz\u00f3 Zolt\u00e1n Piano Recital: Fr. Chopin - Complete Nocturnes<\/td>\r\n\t<td style=\"text-align:right;\"><a href=\"http:\/\/thurzozoltan.com\/ro\/koncert\/new-york-carnegie-hall-thurzo-zoltan-piano-recital\/\">Mai multe<\/a><\/td>  \r\n   <\/tr><tr>\r\n\t<td class=\"koncert-datum\">2026.12.15<\/td>\r\n    <td>Cs\u00edkszereda - Miercurea Ciuc \/ Rom\u00e1nia<\/td>\r\n    <td>CINEMA CS\u00edKI MOZI - THURZ\u00d3 ZOLT\u00c1N KAR\u00c1CSONYV\u00c1R\u00d3 PIANO CONCERT SHOW Filmzen\u00e9k \u2013 Jazz \u2013 Mesefilmek \u2013 Caf\u00e9-concert \u00e9s k\u00f6nny\u0171zenei \u00e1tiratok<\/td>\r\n\t<td style=\"text-align:right;\"><a href=\"http:\/\/thurzozoltan.com\/ro\/koncert\/thurzo-zoltan-karacsonyvaro-piano-concert-show-filmzenek-jazz-mesefilmek-cafe-concert-es-koennyuzenei-atiratok-2\/\">Mai multe<\/a><\/td>  \r\n   <\/tr><tr>\r\n\t<td class=\"koncert-datum\">2025.12.23<\/td>\r\n    <td>Nagyv\u00e1rad \/ Rom\u00e1nia<\/td>\r\n    <td>Partiumi Kereszt\u00e9ny Egyetem d\u00edszterme - KAR\u00c1CSONYV\u00c1R\u00d3 PIANO CONCERT SHOW - Art&Culture Guinness Music Evenings<\/td>\r\n\t<td style=\"text-align:right;\"><a href=\"http:\/\/thurzozoltan.com\/ro\/koncert\/artculture-guinness-music-evenings-6\/\">Mai multe<\/a><\/td>  \r\n   <\/tr><tr>\r\n\t<td class=\"koncert-datum\">2025.12.16<\/td>\r\n    <td>Cs\u00edkszereda - Miercurea Ciuc \/ Rom\u00e1nia<\/td>\r\n    <td>CINEMA CS\u00edKI MOZI - THURZ\u00d3 ZOLT\u00c1N KAR\u00c1CSONYV\u00c1R\u00d3 PIANO CONCERT SHOW Filmzen\u00e9k \u2013 Jazz \u2013 Mesefilmek \u2013 Caf\u00e9-concert \u00e9s k\u00f6nny\u0171zenei \u00e1tiratok<\/td>\r\n\t<td style=\"text-align:right;\"><a href=\"http:\/\/thurzozoltan.com\/ro\/koncert\/thurzo-zoltan-karacsonyvaro-piano-concert-show-filmzenek-jazz-mesefilmek-cafe-concert-es-koennyuzenei-atiratok\/\">Mai multe<\/a><\/td>  \r\n   <\/tr><tr>\r\n\t<td class=\"koncert-datum\">2025.12.13<\/td>\r\n    <td>Aiud - Nagyenyed \/ Rom\u00e1nia<\/td>\r\n    <td>V\u00e1rtemplom - THURZ\u00d3 ZOLT\u00c1N KAR\u00c1CSONYV\u00c1R\u00d3 PIANO CONCERT SHOW Nagyenyed<\/td>\r\n\t<td style=\"text-align:right;\"><a href=\"http:\/\/thurzozoltan.com\/ro\/koncert\/thurzo-zoltan-karacsonyvaro-piano-concert-show-nagyenyed\/\">Mai multe<\/a><\/td>  \r\n   <\/tr><tr>\r\n\t<td class=\"koncert-datum\">2025.10.26<\/td>\r\n    <td>Nagyv\u00e1rad \/ Rom\u00e1nia<\/td>\r\n    <td>Partiumi Kereszt\u00e9ny Egyetem d\u00edszterme - Art&Culture Guinness Music Evenings - KultT\u00e9r \u2013 R\u00c9KASI K\u00c1ROLY \u00e9s THURZ\u00d3 ZOLT\u00c1N k\u00f6z\u00f6s zen\u00e9s-irodalmi-besz\u00e9lget\u0151s estje<\/td>\r\n\t<td style=\"text-align:right;\"><a href=\"http:\/\/thurzozoltan.com\/ro\/koncert\/artculture-guinness-music-evenings-5\/\">Mai multe<\/a><\/td>  \r\n   <\/tr><tr>\r\n\t<td class=\"koncert-datum\">2025.09.21<\/td>\r\n    <td>Nagyv\u00e1rad \/ Rom\u00e1nia<\/td>\r\n    <td>Partiumi Kereszt\u00e9ny Egyetem d\u00edszterme - Art&Culture Guinness Music Evenings - KultT\u00e9r - VINCZE LILLA \u00e9s THURZ\u00d3 ZOLT\u00c1N k\u00f6z\u00f6s estje<\/td>\r\n\t<td style=\"text-align:right;\"><a href=\"http:\/\/thurzozoltan.com\/ro\/koncert\/artculture-guinness-music-evenings-4\/\">Mai multe<\/a><\/td>  \r\n   <\/tr><tr>\r\n\t<td class=\"koncert-datum\">2025.08.30<\/td>\r\n    <td>Margitta \/ Marghita \/ Rom\u00e1nia<\/td>\r\n    <td>Margitta - Ny\u00edlt Nap az Autizmus\u00e9rt<\/td>\r\n\t<td style=\"text-align:right;\"><a href=\"http:\/\/thurzozoltan.com\/ro\/koncert\/16073\/\">Mai multe<\/a><\/td>  \r\n   <\/tr><tr>\r\n\t<td class=\"koncert-datum\">2025.08.21<\/td>\r\n    <td>Szatm\u00e1rn\u00e9meti \/ Satu Mare \/ Rom\u00e1nia<\/td>\r\n    <td>Szatm\u00e1rn\u00e9meti Dinu Lipatti \u00c1llami Filharm\u00f3nia - XXIV. Partiumi Magyar Napok: FILMZEN\u00c9K | JAZZ | CAF\u00c9-CONCERT \u00e9s K\u00d6NNY\u0170ZENEI \u00c1TIRATOK<\/td>\r\n\t<td style=\"text-align:right;\"><a href=\"http:\/\/thurzozoltan.com\/ro\/koncert\/filmzenek-jazz-cafe-concert-es-koennyuzenei-atiratok-thurzo-zoltan-zongora\/\">Mai multe<\/a><\/td>  \r\n   <\/tr><tr>\r\n\t<td class=\"koncert-datum\">2025.08.10<\/td>\r\n    <td>Nagyv\u00e1rad \/ Rom\u00e1nia<\/td>\r\n    <td>Priv\u00e1t helysz\u00edn - Priv\u00e1t koncert<\/td>\r\n\t<td style=\"text-align:right;\"><a href=\"http:\/\/thurzozoltan.com\/ro\/koncert\/privat-koncert\/\">Mai multe<\/a><\/td>  \r\n   <\/tr><tr>\r\n\t<td class=\"koncert-datum\">2025.08.02<\/td>\r\n    <td>Visegr\u00e1d \/ Magyarorsz\u00e1g<\/td>\r\n    <td>Kir\u00e1lyi Palota - \u201cSohase Mondd\u2026\u201d GREGOR BERNADETT \u00e9s THURZ\u00d3 ZOLT\u00c1N k\u00f6z\u00f6s estje<\/td>\r\n\t<td style=\"text-align:right;\"><a href=\"http:\/\/thurzozoltan.com\/ro\/koncert\/sohase-mondd-gregor-bernadett-es-thurzo-zoltan-koezoes-estje-4\/\">Mai multe<\/a><\/td>  \r\n   <\/tr><tr>\r\n\t<td class=\"koncert-datum\">2025.07.13<\/td>\r\n    <td>Nagyv\u00e1rad \/ Rom\u00e1nia<\/td>\r\n    <td>Partiumi Kereszt\u00e9ny Egyetem d\u00edszterme - Art&Culture Guinness Music Evenings: KultT\u00e9r - KERESZTES ILDIK\u00d3 \u00e9s THURZ\u00d3 ZOLT\u00c1N k\u00f6z\u00f6s estje<\/td>\r\n\t<td style=\"text-align:right;\"><a href=\"http:\/\/thurzozoltan.com\/ro\/koncert\/artculture-guinness-music-evenings-3\/\">Mai multe<\/a><\/td>  \r\n   <\/tr><tr>\r\n\t<td class=\"koncert-datum\">2025.05.31<\/td>\r\n    <td>Nagyv\u00e1rad \/ Rom\u00e1nia<\/td>\r\n    <td>Nagyv\u00e1radi \u00c1llami Filharm\u00f3nia \u201eEnescu-Bart\u00f3k\u201d Hangversenyterme - A nagyv\u00e1radi \"Iuliu Maniu\" G\u00f6r\u00f6gkatolikus Gimn\u00e1zium \"Egy zongora az iskol\u00e1mnak\" (\u201eUn pian pentru \u0219coala mea\u201d) j\u00f3t\u00e9konys\u00e1gi koncertje<\/td>\r\n\t<td style=\"text-align:right;\"><a href=\"http:\/\/thurzozoltan.com\/ro\/koncert\/nagyvaradi-iuliu-maniu-goeroegkatolikus-gimnazium-egy-zongora-az-iskolamnak-un-pian-pentru-scoala-mea-jotekonysagi-koncertje\/\">Mai multe<\/a><\/td>  \r\n   <\/tr><tr>\r\n\t<td class=\"koncert-datum\">2025.05.26<\/td>\r\n    <td>Gyergy\u00f3szentmikl\u00f3s - Gheorgheni \/ Rom\u00e1nia<\/td>\r\n    <td>Salamon Ern\u0151 Gimn\u00e1zium d\u00edszterme - \u201cSohase Mondd\u2026\u201d GREGOR BERNADETT \u00e9s THURZ\u00d3 ZOLT\u00c1N k\u00f6z\u00f6s estje<\/td>\r\n\t<td style=\"text-align:right;\"><a href=\"http:\/\/thurzozoltan.com\/ro\/koncert\/sohase-mondd-gregor-bernadett-es-thurzo-zoltan-koezoes-estje-3\/\">Mai multe<\/a><\/td>  \r\n   <\/tr><tr>\r\n\t<td class=\"koncert-datum\">2025.05.25<\/td>\r\n    <td>Arad \/ Rom\u00e1nia<\/td>\r\n    <td>Kult\u00farpalota - \u201cSohase Mondd\u2026\u201d GREGOR BERNADETT \u00e9s THURZ\u00d3 ZOLT\u00c1N k\u00f6z\u00f6s estje<\/td>\r\n\t<td style=\"text-align:right;\"><a href=\"http:\/\/thurzozoltan.com\/ro\/koncert\/16052\/\">Mai multe<\/a><\/td>  \r\n   <\/tr><span class=\"pods-pagination-advanced \">\n    \n    <span class=\"pods-pagination-number pods-pagination-current \">1<\/span>\n\n                <a href=\"\/ro\/wp-json\/wp\/v2\/pages\/2647?pg=2\" class=\"pods-pagination-number pods-pagination-2 \">2<\/a>\n                        <a href=\"\/ro\/wp-json\/wp\/v2\/pages\/2647?pg=3\" class=\"pods-pagination-number pods-pagination-3 \">3<\/a>\n                    <a href=\"\/ro\/wp-json\/wp\/v2\/pages\/2647?pg=11\" class=\"pods-pagination-number pods-pagination-11 \">11<\/a>\n                <a href=\"\/ro\/wp-json\/wp\/v2\/pages\/2647?pg=37\" class=\"pods-pagination-number pods-pagination-last \">37<\/a>\n                    <a href=\"\/ro\/wp-json\/wp\/v2\/pages\/2647?pg=2\" class=\"pods-pagination-number pods-pagination-next \">Urm\u0103toarea &rsaquo;<\/a>\n                                <a href=\"\/ro\/wp-json\/wp\/v2\/pages\/2647?pg=37\" class=\"pods-pagination-number pods-pagination-last \">Ultima &raquo;<\/a>\n                    \n<\/span>\n\n<p><\/tobdy><br \/>\n<\/table>\n","protected":false},"excerpt":{"rendered":"<p>Data Ora\u0219 \/ \u021bar\u0103 Loca\u021bie &#8211; Descriere \u00a0<\/p>\n","protected":false},"author":1,"featured_media":0,"parent":0,"menu_order":0,"comment_status":"closed","ping_status":"closed","template":"","meta":{"footnotes":""},"class_list":["post-2647","page","type-page","status-publish","hentry"],"_links":{"self":[{"href":"http:\/\/thurzozoltan.com\/ro\/wp-json\/wp\/v2\/pages\/2647","targetHints":{"allow":["GET"]}}],"collection":[{"href":"http:\/\/thurzozoltan.com\/ro\/wp-json\/wp\/v2\/pages"}],"about":[{"href":"http:\/\/thurzozoltan.com\/ro\/wp-json\/wp\/v2\/types\/page"}],"author":[{"embeddable":true,"href":"http:\/\/thurzozoltan.com\/ro\/wp-json\/wp\/v2\/users\/1"}],"replies":[{"embeddable":true,"href":"http:\/\/thurzozoltan.com\/ro\/wp-json\/wp\/v2\/comments?post=2647"}],"version-history":[{"count":4,"href":"http:\/\/thurzozoltan.com\/ro\/wp-json\/wp\/v2\/pages\/2647\/revisions"}],"predecessor-version":[{"id":10827,"href":"http:\/\/thurzozoltan.com\/ro\/wp-json\/wp\/v2\/pages\/2647\/revisions\/10827"}],"wp:attachment":[{"href":"http:\/\/thurzozoltan.com\/ro\/wp-json\/wp\/v2\/media?parent=2647"}],"curies":[{"name":"wp","href":"https:\/\/api.w.org\/{rel}","templated":true}]}}