{"id":2662,"date":"2016-07-20T13:16:26","date_gmt":"2016-07-20T13:16:26","guid":{"rendered":"http:\/\/thurzozoltan.com\/ro\/?page_id=2662"},"modified":"2016-10-25T13:55:34","modified_gmt":"2016-10-25T13:55:34","slug":"bartok-in-oradea-in-oglinda-presei-locale","status":"publish","type":"page","link":"http:\/\/thurzozoltan.com\/ro\/carti\/bartok-in-oradea-in-oglinda-presei-locale\/","title":{"rendered":"Bart\u00f3k \u00een Oradea, \u00een oglinda presei locale"},"content":{"rendered":"[et_pb_section admin_label=&#8221;Section&#8221; fullwidth=&#8221;on&#8221; specialty=&#8221;off&#8221; transparent_background=&#8221;on&#8221; background_color=&#8221;#ffffff&#8221; allow_player_pause=&#8221;off&#8221; inner_shadow=&#8221;off&#8221; parallax=&#8221;off&#8221; parallax_method=&#8221;off&#8221; padding_mobile=&#8221;off&#8221; make_fullwidth=&#8221;off&#8221; use_custom_width=&#8221;off&#8221; width_unit=&#8221;on&#8221; make_equal=&#8221;off&#8221; use_custom_gutter=&#8221;off&#8221;][et_pb_fullwidth_post_title admin_label=&#8221;Fullwidth Post Title&#8221; title=&#8221;on&#8221; meta=&#8221;off&#8221; author=&#8221;on&#8221; date=&#8221;on&#8221; categories=&#8221;on&#8221; comments=&#8221;on&#8221; featured_image=&#8221;off&#8221; featured_placement=&#8221;below&#8221; parallax_effect=&#8221;on&#8221; parallax_method=&#8221;on&#8221; text_orientation=&#8221;center&#8221; text_color=&#8221;dark&#8221; text_background=&#8221;off&#8221; text_bg_color=&#8221;rgba(255,255,255,0.9)&#8221; module_bg_color=&#8221;rgba(255,255,255,0)&#8221; title_font_size=&#8221;36&#8243; title_font_size_tablet=&#8221;29&#8243; title_font_size_phone=&#8221;20&#8243; title_font_size_last_edited=&#8221;on|phone&#8221; title_text_color=&#8221;#fee29b&#8221; title_all_caps=&#8221;off&#8221; use_border_color=&#8221;off&#8221; border_color=&#8221;#ffffff&#8221; border_style=&#8221;solid&#8221;] [\/et_pb_fullwidth_post_title][\/et_pb_section][et_pb_section admin_label=&#8221;section&#8221; transparent_background=&#8221;on&#8221; background_color=&#8221;#ffffff&#8221; allow_player_pause=&#8221;off&#8221; inner_shadow=&#8221;off&#8221; parallax=&#8221;off&#8221; parallax_method=&#8221;off&#8221; padding_mobile=&#8221;off&#8221; make_fullwidth=&#8221;off&#8221; use_custom_width=&#8221;off&#8221; width_unit=&#8221;on&#8221; make_equal=&#8221;off&#8221; use_custom_gutter=&#8221;off&#8221;][et_pb_row admin_label=&#8221;Row&#8221;][et_pb_column type=&#8221;2_3&#8243;][et_pb_text admin_label=&#8221;Text&#8221; background_layout=&#8221;light&#8221; text_orientation=&#8221;left&#8221; use_border_color=&#8221;off&#8221; border_color=&#8221;#ffffff&#8221; border_style=&#8221;solid&#8221;]\n<p style=\"text-align: justify;\">Bart\u00f3k B\u00e9la are multe leg\u0103turi cu Oradea.\u00a0Acest nume, azi este un concept, \u00een universul muzicii clasice.\u00a0Personalitatea lui este un punct de reper \u015fi \u00een istoria muzicii.\u00a0<\/p>\n<p style=\"text-align: justify;\">Exist\u0103 pu\u0163ine nume, de care se leag\u0103 at\u00e2tea st\u0103ri spirituale revolu\u0163ionare, ca la numele lui Bart\u00f3k B\u00e9la.\u00a0\u00cen um\u0103toarele r\u00e2nduri cititorul va avea parte de un volum suplinitor.\u00a0Pu\u0163ini \u015ftiu, c\u0103 primul semestru\u00a0 din anul \u015fcolar 1891-92, la v\u0103rsta de 10 ani Bart\u00f3k B\u00e9la l-a petrecut \u00een Oradea.\u00a0A studiat aici, \u00een clasa a II a \u015fcolii gimnaziale de atunci, compozi\u0163ie muzical\u0103, \u00eempreun\u0103 cu\u00a0 Kersch Ferenc, care c\u00e2ndva a fost studentul lui Franz Liszt (Ferenc).\u00a0Ocup\u0103 o postur\u0103 important\u0103 Bart\u00f3k B\u00e9la prin petrecerea anumitor perioade \u00een Oradea, at\u00e2t \u00een perioada de studiu, ulterior ca \u015fi compozitor, artist, colec\u0163ionar de muzic\u0103 folcloric\u0103, c\u00e2t \u015fi prin activit\u0103\u0163ile de \u00eent\u0103rire a fr\u0103\u0163iei na\u0163ionale.<\/p>\n<p style=\"text-align: justify;\"><a class=\"et_pb_lightbox_image\" href=\"http:\/\/thurzozoltan.com\/wp-content\/uploads\/2016\/06\/Bart\u00f3k-B\u00e9la-1.bmp\"><img loading=\"lazy\" decoding=\"async\" class=\"alignleft wp-image-6308\" src=\"http:\/\/thurzozoltan.com\/wp-content\/uploads\/2016\/06\/Bart\u00f3k-B\u00e9la-1.bmp\" alt=\"Bart\u00f3k B\u00e9la 1\" width=\"340\" height=\"212\" \/><\/a>Mai t\u00e2rziu, prima debutant\u0103 a lui Bartok, Fischer Ervinn\u00e9 Szalay Stef\u00e1nia , \u00eel ata\u015feaz\u0103\u00a0 de Oradea.\u00a0Bart\u00f3k B\u00e9la de mai multe ori s-a odihnit la cuplul Fischer-Szalay cu ocazia turneelor.\u00a0\u00cen mod repetitiv Oradea a fost prima sta\u021bie a turneelor Transilvanene.\u00a0\u00cen toat\u0103 lui a proclamat fr\u0103\u0163ia dintre na\u0163iuni, at\u00e2t verbal c\u00e2t \u015fi prin muzica lui.\u00a0Unul dintre scopurile limbajului unic a lui Bart\u00f3k B\u00e9la a fost crearea contactului \u015fi a atmosferei.\u00a0\u015etim c\u0103 \u00een lumea mare Bart\u00f3k B\u00e9la a ve\u015ftejit faima vie\u0163ii muzicale a Oradiei, care este oricum demn\u0103 de laud\u0103 datorit\u0103 valorilor ei.\u00a0Multe leg\u0103turi are cu Oradea,\u00a0 Bart\u00f3k B\u00e9la, compozitorul nemuritor a secolului XX, mai ales cu peisajele bihorene, care l-au inspirat pentru colec\u0163ia c\u00e2ntecelor populare rom\u00e2ne\u015fti.<\/p>\n<p style=\"text-align: justify;\"><a class=\"et_pb_lightbox_image\" href=\"http:\/\/thurzozoltan.com\/wp-content\/uploads\/2016\/06\/Bart\u00f3k-B\u00e9la-2.bmp\"><img loading=\"lazy\" decoding=\"async\" class=\"alignright wp-image-6312\" src=\"http:\/\/thurzozoltan.com\/wp-content\/uploads\/2016\/06\/Bart\u00f3k-B\u00e9la-2.bmp\" alt=\"Bart\u00f3k B\u00e9la 2\" width=\"217\" height=\"348\" \/><\/a>Suntem m\u00e2ndri, nu doar pentru c\u0103\u00a0 noi suntem ata\u015fa\u0163i de compozitorul genial, ci pentru c\u0103 \u015fi el poate mul\u0163umi mult Oradiei \u015fi peisajului Bihorean.\u00a0Scopul este: cunoa\u015fterea leg\u0103turii cu Oradea a marelui compozitor maghiar, sau mai degrab\u0103 ata\u015famentul Oradiei fa\u0163\u0103 de Bart\u00f3k B\u00e9la, ambele sunt foarte importante pentru noi.\u00a0Suntem m\u00e2ndri, nu doar pentru c\u0103\u00a0 noi suntem ata\u015fa\u0163i de de compozitorul genial, ci pentru c\u0103 \u015fi el poate mul\u0163umi mult Oradiei.<\/p>\n<p style=\"text-align: justify;\">Pentru de ce?<\/p>\n<p style=\"text-align: justify;\">La asta d\u0103 r\u0103spuns, autorul volumului, Thurz\u00f3 S\u00e1ndor, cel mai mare expert \u00een muzic\u0103 si muzicolog din Oradea.\u00a0Thurz\u00f3 S\u00e1ndor a dezvoltat activit\u0103\u0163i multilaterale de-a lungul vie\u0163ii sale.\u00a0Acum, \u00een complectarea lui poate re\u00eemprosp\u0103ta cititorul acele momente, prin care re\u00eenvie Bart\u00f3k B\u00e9la \u00een oglinda presei locale, \u015fi prin g\u00e2ndurile sale personale.<\/p>\n<p style=\"text-align: justify;\">Sper c\u0103 ve\u0163i citi aceast\u0103 carte cu folos \u015fi c\u0103 pe parcursul lecturii ve\u0163i avea parte printre altele \u015fi\u00a0 de c\u0103l\u0103torii foarte interesante.<\/p>\n<p><a href=\"http:\/\/thurzozoltan.com\/wp-content\/uploads\/2016\/06\/Bartok-Nagyvaradon-a-helyi-sajto-tukreben.pdf\" target=\"_blank\">Bart\u00f3k \u00een Oradea, \u00een oglinda presei locale (desc\u0103rcarea c\u0103r\u021bii complete) &#8211; \u00een limba maghiar\u0103<\/a><\/p>\n<h3>Capitole<\/h3>\n<p><a href=\"http:\/\/thurzozoltan.com\/wp-content\/uploads\/2016\/06\/Elso-borito.pdf\" target=\"_blank\">Coperta din fa\u021b\u0103<\/a><br \/>\n <a href=\"http:\/\/thurzozoltan.com\/wp-content\/uploads\/2016\/06\/01-138.pdf\" target=\"_blank\">Bart\u00f3k \u00een pres\u0103<\/a><br \/>\n <a href=\"http:\/\/thurzozoltan.com\/wp-content\/uploads\/2016\/06\/139-141.pdf\" target=\"_blank\">Concertele lui Bart\u00f3k B\u00e9la \u00een Oradea<\/a><br \/>\n <a href=\"http:\/\/thurzozoltan.com\/wp-content\/uploads\/2016\/06\/142-151.pdf\" target=\"_blank\">Bart\u00f3k \u2013 \u00een imagini<\/a><br \/>\n <a href=\"http:\/\/thurzozoltan.com\/wp-content\/uploads\/2016\/06\/Hatso-borito.pdf\" target=\"_blank\">Coperta din spate<\/a><\/p>\n<p>&nbsp;<\/p>\n[\/et_pb_text][\/et_pb_column][et_pb_column type=&#8221;1_3&#8243;][et_pb_image admin_label=&#8221;Image&#8221; src=&#8221;http:\/\/thurzozoltan.com\/wp-content\/uploads\/2016\/04\/konyvek-borito-2.jpg&#8221; show_in_lightbox=&#8221;off&#8221; url_new_window=&#8221;off&#8221; use_overlay=&#8221;off&#8221; animation=&#8221;left&#8221; sticky=&#8221;off&#8221; align=&#8221;left&#8221; force_fullwidth=&#8221;off&#8221; always_center_on_mobile=&#8221;on&#8221; use_border_color=&#8221;off&#8221; border_color=&#8221;#ffffff&#8221; border_style=&#8221;solid&#8221;] [\/et_pb_image][\/et_pb_column][\/et_pb_row][et_pb_row admin_label=&#8221;Row&#8221;][et_pb_column type=&#8221;4_4&#8243;][et_pb_text admin_label=&#8221;Text&#8221; background_layout=&#8221;light&#8221; text_orientation=&#8221;left&#8221; use_border_color=&#8221;off&#8221; border_color=&#8221;#ffffff&#8221; border_style=&#8221;solid&#8221;]\n<p>&nbsp;<\/p>\n<p style=\"text-align: right;\"><a href=\"http:\/\/thurzozoltan.com\/ro\/carti\/\">\u00cenapoi la c\u0103r\u021bi<\/a><\/p>\n<p>&nbsp;<\/p>\n[\/et_pb_text][\/et_pb_column][\/et_pb_row][\/et_pb_section]\n","protected":false},"excerpt":{"rendered":"<p>[et_pb_section admin_label=&#8221;Section&#8221; fullwidth=&#8221;on&#8221; specialty=&#8221;off&#8221; transparent_background=&#8221;on&#8221; background_color=&#8221;#ffffff&#8221; allow_player_pause=&#8221;off&#8221; inner_shadow=&#8221;off&#8221; parallax=&#8221;off&#8221; parallax_method=&#8221;off&#8221; padding_mobile=&#8221;off&#8221; make_fullwidth=&#8221;off&#8221; use_custom_width=&#8221;off&#8221; width_unit=&#8221;on&#8221; make_equal=&#8221;off&#8221; use_custom_gutter=&#8221;off&#8221;][et_pb_fullwidth_post_title admin_label=&#8221;Fullwidth Post Title&#8221; title=&#8221;on&#8221; meta=&#8221;off&#8221; author=&#8221;on&#8221; date=&#8221;on&#8221; categories=&#8221;on&#8221; comments=&#8221;on&#8221; featured_image=&#8221;off&#8221; featured_placement=&#8221;below&#8221; parallax_effect=&#8221;on&#8221; parallax_method=&#8221;on&#8221; text_orientation=&#8221;center&#8221; text_color=&#8221;dark&#8221; text_background=&#8221;off&#8221; text_bg_color=&#8221;rgba(255,255,255,0.9)&#8221; module_bg_color=&#8221;rgba(255,255,255,0)&#8221; title_font_size=&#8221;36&#8243; title_font_size_tablet=&#8221;29&#8243; title_font_size_phone=&#8221;20&#8243; title_font_size_last_edited=&#8221;on|phone&#8221; title_text_color=&#8221;#fee29b&#8221; title_all_caps=&#8221;off&#8221; use_border_color=&#8221;off&#8221; border_color=&#8221;#ffffff&#8221; border_style=&#8221;solid&#8221;] [\/et_pb_fullwidth_post_title][\/et_pb_section][et_pb_section admin_label=&#8221;section&#8221; transparent_background=&#8221;on&#8221; background_color=&#8221;#ffffff&#8221; allow_player_pause=&#8221;off&#8221; inner_shadow=&#8221;off&#8221; parallax=&#8221;off&#8221; parallax_method=&#8221;off&#8221; padding_mobile=&#8221;off&#8221; make_fullwidth=&#8221;off&#8221; use_custom_width=&#8221;off&#8221; width_unit=&#8221;on&#8221; [&hellip;]<\/p>\n","protected":false},"author":1,"featured_media":0,"parent":2659,"menu_order":0,"comment_status":"closed","ping_status":"closed","template":"","meta":{"footnotes":""},"class_list":["post-2662","page","type-page","status-publish","hentry"],"_links":{"self":[{"href":"http:\/\/thurzozoltan.com\/ro\/wp-json\/wp\/v2\/pages\/2662","targetHints":{"allow":["GET"]}}],"collection":[{"href":"http:\/\/thurzozoltan.com\/ro\/wp-json\/wp\/v2\/pages"}],"about":[{"href":"http:\/\/thurzozoltan.com\/ro\/wp-json\/wp\/v2\/types\/page"}],"author":[{"embeddable":true,"href":"http:\/\/thurzozoltan.com\/ro\/wp-json\/wp\/v2\/users\/1"}],"replies":[{"embeddable":true,"href":"http:\/\/thurzozoltan.com\/ro\/wp-json\/wp\/v2\/comments?post=2662"}],"version-history":[{"count":8,"href":"http:\/\/thurzozoltan.com\/ro\/wp-json\/wp\/v2\/pages\/2662\/revisions"}],"predecessor-version":[{"id":9435,"href":"http:\/\/thurzozoltan.com\/ro\/wp-json\/wp\/v2\/pages\/2662\/revisions\/9435"}],"up":[{"embeddable":true,"href":"http:\/\/thurzozoltan.com\/ro\/wp-json\/wp\/v2\/pages\/2659"}],"wp:attachment":[{"href":"http:\/\/thurzozoltan.com\/ro\/wp-json\/wp\/v2\/media?parent=2662"}],"curies":[{"name":"wp","href":"https:\/\/api.w.org\/{rel}","templated":true}]}}