{"id":2918,"date":"2016-07-22T11:01:54","date_gmt":"2016-07-22T11:01:54","guid":{"rendered":"http:\/\/thurzozoltan.com\/ro\/?page_id=2918"},"modified":"2016-10-13T16:18:42","modified_gmt":"2016-10-13T16:18:42","slug":"interviuri","status":"publish","type":"page","link":"http:\/\/thurzozoltan.com\/ro\/jurnal\/presa-scrisa\/interviuri\/","title":{"rendered":"Interviuri (presa scris\u0103)"},"content":{"rendered":"[et_pb_section admin_label=&#8221;Section&#8221; fullwidth=&#8221;on&#8221; specialty=&#8221;off&#8221; transparent_background=&#8221;on&#8221; background_color=&#8221;#ffffff&#8221; allow_player_pause=&#8221;off&#8221; inner_shadow=&#8221;off&#8221; parallax=&#8221;off&#8221; parallax_method=&#8221;off&#8221; padding_mobile=&#8221;off&#8221; make_fullwidth=&#8221;off&#8221; use_custom_width=&#8221;off&#8221; width_unit=&#8221;on&#8221; make_equal=&#8221;off&#8221; use_custom_gutter=&#8221;off&#8221; custom_padding=&#8221;||0px|&#8221;][et_pb_fullwidth_image admin_label=&#8221;Fullwidth Image&#8221; src=&#8221;http:\/\/thurzozoltan.com\/wp-content\/uploads\/2016\/05\/header-sajto.jpg&#8221; show_in_lightbox=&#8221;off&#8221; url_new_window=&#8221;off&#8221; use_overlay=&#8221;off&#8221; animation=&#8221;right&#8221; use_border_color=&#8221;off&#8221; border_color=&#8221;#ffffff&#8221; border_style=&#8221;solid&#8221;] [\/et_pb_fullwidth_image][et_pb_fullwidth_post_title admin_label=&#8221;Fullwidth Post Title&#8221; title=&#8221;on&#8221; meta=&#8221;off&#8221; author=&#8221;on&#8221; date=&#8221;on&#8221; categories=&#8221;on&#8221; comments=&#8221;on&#8221; featured_image=&#8221;off&#8221; featured_placement=&#8221;below&#8221; parallax_effect=&#8221;on&#8221; parallax_method=&#8221;on&#8221; text_orientation=&#8221;center&#8221; text_color=&#8221;dark&#8221; text_background=&#8221;off&#8221; text_bg_color=&#8221;rgba(255,255,255,0.9)&#8221; module_bg_color=&#8221;rgba(255,255,255,0)&#8221; title_font_size=&#8221;36&#8243; title_font_size_tablet=&#8221;29&#8243; title_font_size_phone=&#8221;20&#8243; title_font_size_last_edited=&#8221;on|phone&#8221; title_text_color=&#8221;#fee29b&#8221; title_all_caps=&#8221;off&#8221; use_border_color=&#8221;off&#8221; border_color=&#8221;#ffffff&#8221; border_style=&#8221;solid&#8221;] [\/et_pb_fullwidth_post_title][\/et_pb_section][et_pb_section admin_label=&#8221;section&#8221; transparent_background=&#8221;on&#8221; background_color=&#8221;#ffffff&#8221; allow_player_pause=&#8221;off&#8221; inner_shadow=&#8221;off&#8221; parallax=&#8221;off&#8221; parallax_method=&#8221;off&#8221; padding_mobile=&#8221;off&#8221; make_fullwidth=&#8221;off&#8221; use_custom_width=&#8221;off&#8221; width_unit=&#8221;on&#8221; make_equal=&#8221;off&#8221; use_custom_gutter=&#8221;off&#8221;][et_pb_row admin_label=&#8221;row&#8221;][et_pb_column type=&#8221;4_4&#8243;][et_pb_text admin_label=&#8221;Text&#8221; background_layout=&#8221;light&#8221; text_orientation=&#8221;left&#8221; use_border_color=&#8221;off&#8221; border_color=&#8221;#ffffff&#8221; border_style=&#8221;solid&#8221;]\n<p>Pe timpul unui interviu se ivesc numeroase \u00eentreb\u0103ri \u015fi g\u00e2nduri. \u00cen anexele ata\u015fate pute\u0163i citi c\u00e2teva dintre aceste conversa\u021bii. Dac\u0103 face\u021bi clic pe titlu, acesta va devini disponibil\u0103 \u00een publica\u0163ia original\u0103.<\/p>\n<p>&nbsp;<\/p>\n[\/et_pb_text][et_pb_text admin_label=&#8221;Text&#8221; background_layout=&#8221;light&#8221; text_orientation=&#8221;left&#8221; use_border_color=&#8221;off&#8221; border_color=&#8221;#ffffff&#8221; border_style=&#8221;solid&#8221;] \n\n<ul class=\"su-posts su-posts-list-loop\">\n<li id=\"su-post-12643\" class=\"su-post\"><a href=\"http:\/\/thurzozoltan.com\/ro\/2019-02-28-interju-zenetoertenelmi-adatok-keruelnek-nyilvanossagra-bihari-naplo-csuetoertoek-7-oldal\/\">2019.02.28  &#8211; Interj\u00fa: \u201cZenet\u00f6rt\u00e9nelmi adatok ker\u00fclnek nyilv\u00e1noss\u00e1gra\u201d \u2013 Bihari Napl\u00f3, cs\u00fct\u00f6rt\u00f6k, 7. oldal<\/a><\/li>\n<li id=\"su-post-12555\" class=\"su-post\"><a href=\"http:\/\/thurzozoltan.com\/ro\/2019-02-01-interju-eredmenyes-evet-zart-thurzo-zoltan-zongoramuvesz-bihari-naplo-pentek-1-oldal-8-oldal\/\">2019.02.01 \u2013 Interj\u00fa: \u201cEredm\u00e9nyes \u00e9vet z\u00e1rt Thurz\u00f3 Zolt\u00e1n zongoram\u0171v\u00e9sz\u201d \u2013 Bihari Napl\u00f3, p\u00e9ntek, 1. oldal, 8. oldal<\/a><\/li>\n<li id=\"su-post-12171\" class=\"su-post\"><a href=\"http:\/\/thurzozoltan.com\/ro\/2018-11-19-interju-albumul-oradeanului-thurzo-zoltan-lansat-casa-franz-liszt-din-budapesta-crsana-1-oldal-11-oldal\/\">2018.11.19 \u2013 Interj\u00fa: \u201cAlbumul or\u0103deanului Thurz\u00f3 Zolt\u00e1n \u2013 Lansat \u00een casa Franz Liszt din Budapesta\u201d \u2013 Cri\u0219ana, 1. oldal, 11. oldal<\/a><\/li>\n<li id=\"su-post-12066\" class=\"su-post\"><a href=\"http:\/\/thurzozoltan.com\/ro\/%e2%80%a22018-10-19-interju-egy-zenesz-sokszinu-szemelyiseg-legyen-bihari-naplo-10-oldal\/\">2018.10.19 \u2013 Interj\u00fa: \u201cEgy zen\u00e9sz soksz\u00edn\u0171 szem\u00e9lyis\u00e9g legyen\u201d \u2013 Bihari Napl\u00f3, 10. oldal<\/a><\/li>\n<li id=\"su-post-11934\" class=\"su-post\"><a href=\"http:\/\/thurzozoltan.com\/ro\/2018-09-14-interju-megjelent-thurzo-zoltan-zongoramuvesz-elso-albuma-bihari-naplo-1-oldal-7-oldal\/\">2018.09.14 \u2013 Interj\u00fa: \u201cMegjelent Thurz\u00f3 Zolt\u00e1n zongoram\u0171v\u00e9sz els\u0151 albuma\u201d \u2013 Bihari Napl\u00f3, 1. oldal, 7. oldal<\/a><\/li>\n<li id=\"su-post-9558\" class=\"su-post\"><a href=\"http:\/\/thurzozoltan.com\/ro\/thurzo-zoltan-zongoramuvesz-weboldala\/\">2016.08.11 &#8211; Interj\u00fa: &#8222;Thurz\u00f3 Zolt\u00e1n zongoram\u0171v\u00e9sz weboldala&#8221; &#8211; Bihari Napl\u00f3, 4.oldal<\/a><\/li>\n<li id=\"su-post-5549\" class=\"su-post\"><a href=\"http:\/\/thurzozoltan.com\/ro\/2016-07-08-zi-de-zi-bihoreni-cu-care-ne-mandrim-10-11-oldalak\/\">2016.07.08 &#8211; &#8222;Zi de Zi: Bihoreni cu care ne m\u00e2ndrim (10.,11. oldalak)&#8221;<\/a><\/li>\n<li id=\"su-post-5562\" class=\"su-post\"><a href=\"http:\/\/thurzozoltan.com\/ro\/2016-04-22-zi-de-zi-interviu-12-13-oldalak\/\">2016.04.22. &#8211; &#8222;Zi de Zi: Interviu (12.,13. oldalak)&#8221;<\/a><\/li>\n<li id=\"su-post-5574\" class=\"su-post\"><a href=\"http:\/\/thurzozoltan.com\/ro\/2014-09-19-interju-egy-nagyobb-magyar-magyar-osszefogast-szeretnek-elosegiteni-bihari-naplo-4-oldal\/\">2014.09.19. &#8211; Interj\u00fa: &#8222;Egy nagyobb magyar-magyar \u00f6sszefog\u00e1st szeretn\u00e9k el\u0151seg\u00edteni&#8221; &#8211; Bihari Napl\u00f3, 4.oldal<\/a><\/li>\n<li id=\"su-post-5583\" class=\"su-post\"><a href=\"http:\/\/thurzozoltan.com\/ro\/2013-11-01-interju-a-zenen-tul-hangversenysorozat-harmadszor-is-bihari-naplo-7-oldal\/\">2013.11.01. &#8211; Interj\u00fa: \u201eA zen\u00e9n t\u00fal&#8230;hangversenysorozat harmadszor is\u201d- Bihari Napl\u00f3, 7.oldal<\/a><\/li>\n<\/ul>\n [\/et_pb_text][\/et_pb_column][\/et_pb_row][\/et_pb_section]\n","protected":false},"excerpt":{"rendered":"<p>[et_pb_section admin_label=&#8221;Section&#8221; fullwidth=&#8221;on&#8221; specialty=&#8221;off&#8221; transparent_background=&#8221;on&#8221; background_color=&#8221;#ffffff&#8221; allow_player_pause=&#8221;off&#8221; inner_shadow=&#8221;off&#8221; parallax=&#8221;off&#8221; parallax_method=&#8221;off&#8221; padding_mobile=&#8221;off&#8221; make_fullwidth=&#8221;off&#8221; use_custom_width=&#8221;off&#8221; width_unit=&#8221;on&#8221; make_equal=&#8221;off&#8221; use_custom_gutter=&#8221;off&#8221; custom_padding=&#8221;||0px|&#8221;][et_pb_fullwidth_image admin_label=&#8221;Fullwidth Image&#8221; src=&#8221;http:\/\/thurzozoltan.com\/wp-content\/uploads\/2016\/05\/header-sajto.jpg&#8221; show_in_lightbox=&#8221;off&#8221; url_new_window=&#8221;off&#8221; use_overlay=&#8221;off&#8221; animation=&#8221;right&#8221; use_border_color=&#8221;off&#8221; border_color=&#8221;#ffffff&#8221; border_style=&#8221;solid&#8221;] [\/et_pb_fullwidth_image][et_pb_fullwidth_post_title admin_label=&#8221;Fullwidth Post Title&#8221; title=&#8221;on&#8221; meta=&#8221;off&#8221; author=&#8221;on&#8221; date=&#8221;on&#8221; categories=&#8221;on&#8221; comments=&#8221;on&#8221; featured_image=&#8221;off&#8221; featured_placement=&#8221;below&#8221; parallax_effect=&#8221;on&#8221; parallax_method=&#8221;on&#8221; text_orientation=&#8221;center&#8221; text_color=&#8221;dark&#8221; text_background=&#8221;off&#8221; text_bg_color=&#8221;rgba(255,255,255,0.9)&#8221; module_bg_color=&#8221;rgba(255,255,255,0)&#8221; title_font_size=&#8221;36&#8243; title_font_size_tablet=&#8221;29&#8243; title_font_size_phone=&#8221;20&#8243; title_font_size_last_edited=&#8221;on|phone&#8221; title_text_color=&#8221;#fee29b&#8221; title_all_caps=&#8221;off&#8221; use_border_color=&#8221;off&#8221; border_color=&#8221;#ffffff&#8221; border_style=&#8221;solid&#8221;] [&hellip;]<\/p>\n","protected":false},"author":1,"featured_media":0,"parent":2905,"menu_order":0,"comment_status":"closed","ping_status":"closed","template":"","meta":{"footnotes":""},"class_list":["post-2918","page","type-page","status-publish","hentry"],"_links":{"self":[{"href":"http:\/\/thurzozoltan.com\/ro\/wp-json\/wp\/v2\/pages\/2918","targetHints":{"allow":["GET"]}}],"collection":[{"href":"http:\/\/thurzozoltan.com\/ro\/wp-json\/wp\/v2\/pages"}],"about":[{"href":"http:\/\/thurzozoltan.com\/ro\/wp-json\/wp\/v2\/types\/page"}],"author":[{"embeddable":true,"href":"http:\/\/thurzozoltan.com\/ro\/wp-json\/wp\/v2\/users\/1"}],"replies":[{"embeddable":true,"href":"http:\/\/thurzozoltan.com\/ro\/wp-json\/wp\/v2\/comments?post=2918"}],"version-history":[{"count":5,"href":"http:\/\/thurzozoltan.com\/ro\/wp-json\/wp\/v2\/pages\/2918\/revisions"}],"predecessor-version":[{"id":9327,"href":"http:\/\/thurzozoltan.com\/ro\/wp-json\/wp\/v2\/pages\/2918\/revisions\/9327"}],"up":[{"embeddable":true,"href":"http:\/\/thurzozoltan.com\/ro\/wp-json\/wp\/v2\/pages\/2905"}],"wp:attachment":[{"href":"http:\/\/thurzozoltan.com\/ro\/wp-json\/wp\/v2\/media?parent=2918"}],"curies":[{"name":"wp","href":"https:\/\/api.w.org\/{rel}","templated":true}]}}