{"id":8863,"date":"2016-06-23T07:05:24","date_gmt":"2016-06-23T07:05:24","guid":{"rendered":"http:\/\/thurzozoltan.com\/ro\/koncertek-2010-ben\/"},"modified":"2016-10-05T13:50:15","modified_gmt":"2016-10-05T13:50:15","slug":"koncertek-2010-ben","status":"publish","type":"page","link":"http:\/\/thurzozoltan.com\/ro\/koncertek-2010-ben\/","title":{"rendered":"Concerte \u00een 2010"},"content":{"rendered":"<table class=\"koncert-table\" cellspacing=\"0\" cellpadding=\"0\">\n<thead>\n<tr>\n<th class=\"koncert-datum\">Data<\/th>\n<th class=\"koncert-varos\">Ora\u0219 \/ \u021bar\u0103<\/th>\n<th class=\"koncert-leiras\">Loca\u021bie \u2013 Descriere<\/th>\n<th class=\"koncert-info\"><\/th>\n<\/tr>\n<\/thead>\n<tbody>\n<tr>\r\n\t<td class=\"koncert-datum\">2010.12.19<\/td>\r\n    <td>Nagyv\u00e1rad \/ Rom\u00e1nia<\/td>\r\n    <td>Szent L\u00e1szl\u00f3 Templom - \"Kar\u00e1csonyi Hangverseny\" keret\u00e9n bel\u00fcl<\/td>\r\n\t<td style=\"text-align:right;\"><a href=\"http:\/\/thurzozoltan.com\/ro\/koncert\/event-20660\/\">Mai multe<\/a><\/td>  \r\n   <\/tr><tr>\r\n\t<td class=\"koncert-datum\">2010.12.16<\/td>\r\n    <td>Nagyv\u00e1rad \/ Rom\u00e1nia<\/td>\r\n    <td>Nagyv\u00e1radi \u00c1llami Filharm\u00f3nia \u201cEnescu- Bart\u00f3k\u201d Hangversenyterme - \"Szimf\u00f3nikus Hangverseny\" keret\u00e9n bel\u00fcl<\/td>\r\n\t<td style=\"text-align:right;\"><a href=\"http:\/\/thurzozoltan.com\/ro\/koncert\/event-10183\/\">Mai multe<\/a><\/td>  \r\n   <\/tr><tr>\r\n\t<td class=\"koncert-datum\">2010.12.12<\/td>\r\n    <td>Nagyv\u00e1rad \/ Rom\u00e1nia<\/td>\r\n    <td>Partiumi Kereszt\u00e9ny Egyetem - Bart\u00f3k terem - \u201eBart\u00f3k termi Zenei est\u00e9k\u201d keret\u00e9n bel\u00fcl<\/td>\r\n\t<td style=\"text-align:right;\"><a href=\"http:\/\/thurzozoltan.com\/ro\/koncert\/event-10224\/\">Mai multe<\/a><\/td>  \r\n   <\/tr><tr>\r\n\t<td class=\"koncert-datum\">2010.12.11<\/td>\r\n    <td>Nagyv\u00e1rad \/ Rom\u00e1nia<\/td>\r\n    <td>Nagyv\u00e1radi \u00c1llami Filharm\u00f3nia \u201cEnescu- Bart\u00f3k\u201d Hangversenyterme - \" IV Euror\u00e9gi\u00f3 Fesztiv\u00e1l Verseny G\u00e1l\u00e1ja\" keret\u00e9n bel\u00fcl<\/td>\r\n\t<td style=\"text-align:right;\"><a href=\"http:\/\/thurzozoltan.com\/ro\/koncert\/event-16900\/\">Mai multe<\/a><\/td>  \r\n   <\/tr><tr>\r\n\t<td class=\"koncert-datum\">2010.11.21<\/td>\r\n    <td>Nagyv\u00e1rad \/ Rom\u00e1nia<\/td>\r\n    <td>Szent L\u00e1szl\u00f3 Templom - Fr\u00e9d\u00e9ric Chopin J\u00f3t\u00e9konys\u00e1gi est a zeneszerz\u0151 sz\u00fclet\u00e9s\u00e9nek 200. \u00e9vfordul\u00f3ja, valamint a hangversenysorozat m\u00e1sodik \u00e9vfordul\u00f3ja alkalm\u00e1b\u00f3l (A j\u00f3t\u00e9konys\u00e1gi est t\u00e1mogatottja So\u00f3s N\u00e1ndor)<\/td>\r\n\t<td style=\"text-align:right;\"><a href=\"http:\/\/thurzozoltan.com\/ro\/koncert\/event-93859\/\">Mai multe<\/a><\/td>  \r\n   <\/tr><tr>\r\n\t<td class=\"koncert-datum\">2010.10.31<\/td>\r\n    <td>Sz\u00e9kelyh\u00edd \/ Rom\u00e1nia<\/td>\r\n    <td>Sz\u00e9kelyh\u00eddi M\u00fazeum - J\u00f3t\u00e9konys\u00e1gi est az \u00c9rmell\u00e9ki Reform\u00e1tus Diak\u00f3niai Alapitv\u00e1ny megsegit\u00e9se c\u00e9lj\u00e1b\u00f3l<\/td>\r\n\t<td style=\"text-align:right;\"><a href=\"http:\/\/thurzozoltan.com\/ro\/koncert\/event-95659\/\">Mai multe<\/a><\/td>  \r\n   <\/tr><tr>\r\n\t<td class=\"koncert-datum\">2010.10.24<\/td>\r\n    <td>Nagyv\u00e1rad \/ Rom\u00e1nia<\/td>\r\n    <td>Szacsvay  Imre szobra - 1848\/49- es forradalom \u00e9s szabads\u00e1gharc m\u00e1rt\u00edr jegyz\u0151je hal\u00e1l\u00e1nak 161. \u00e9vfordul\u00f3ja alkalm\u00e1b\u00f3l<\/td>\r\n\t<td style=\"text-align:right;\"><a href=\"http:\/\/thurzozoltan.com\/ro\/koncert\/event-14967\/\">Mai multe<\/a><\/td>  \r\n   <\/tr><tr>\r\n\t<td class=\"koncert-datum\">2010.10.17<\/td>\r\n    <td>Nagyv\u00e1rad \/ Rom\u00e1nia<\/td>\r\n    <td>Szent L\u00e1szl\u00f3 Templom - K.D.von Dittersdorf Est keret\u00e9n bel\u00fcl (M.Haydn, W.Pichl, K.D.von Dittersdorf VII. Fesztiv\u00e1l keret\u00e9n bel\u00fcl)<\/td>\r\n\t<td style=\"text-align:right;\"><a href=\"http:\/\/thurzozoltan.com\/ro\/koncert\/event-15234\/\">Mai multe<\/a><\/td>  \r\n   <\/tr><tr>\r\n\t<td class=\"koncert-datum\">2010.10.10<\/td>\r\n    <td>Nagyv\u00e1rad \/ Rom\u00e1nia<\/td>\r\n    <td>Nagyv\u00e1radi Sz\u00e9kesegyh\u00e1z - Bazilika - Michael Haydn Est keret\u00e9n bel\u00fcl (M.Haydn, W.Pichl, K.D.von Dittersdorf VII. Fesztiv\u00e1l keret\u00e9n bel\u00fcl)<\/td>\r\n\t<td style=\"text-align:right;\"><a href=\"http:\/\/thurzozoltan.com\/ro\/koncert\/event-11214\/\">Mai multe<\/a><\/td>  \r\n   <\/tr><tr>\r\n\t<td class=\"koncert-datum\">2010.10.05<\/td>\r\n    <td>Nagyv\u00e1rad \/ Rom\u00e1nia<\/td>\r\n    <td>Nagyv\u00e1radi \u00c1llami Egyetem Aul\u00e1ja (Aula Magna) - \"Dijjkioszt\u00f3 \u00dcnneps\u00e9g\" keret\u00e9n bel\u00fcl<\/td>\r\n\t<td style=\"text-align:right;\"><a href=\"http:\/\/thurzozoltan.com\/ro\/koncert\/event-18956\/\">Mai multe<\/a><\/td>  \r\n   <\/tr><tr>\r\n\t<td class=\"koncert-datum\">2010.10.03<\/td>\r\n    <td>Nagyv\u00e1rad \/ Rom\u00e1nia<\/td>\r\n    <td>Bar\u00e1tok Temploma - \"Svetozar Sasa Kovacevici est\" keret\u00e9n bel\u00fcl<\/td>\r\n\t<td style=\"text-align:right;\"><a href=\"http:\/\/thurzozoltan.com\/ro\/koncert\/event-15690\/\">Mai multe<\/a><\/td>  \r\n   <\/tr><tr>\r\n\t<td class=\"koncert-datum\">2010.09.26<\/td>\r\n    <td>Nagyv\u00e1rad \/ Rom\u00e1nia<\/td>\r\n    <td>Szent L\u00e1szl\u00f3 Templom - \"Hangverseny  -  In Memoriam Thurz\u00f3 S\u00e1ndor\" keret\u00e9n bel\u00fcl<\/td>\r\n\t<td style=\"text-align:right;\"><a href=\"http:\/\/thurzozoltan.com\/ro\/koncert\/event-17927\/\">Mai multe<\/a><\/td>  \r\n   <\/tr><tr>\r\n\t<td class=\"koncert-datum\">2010.09.05<\/td>\r\n    <td>Nagyv\u00e1rad \/ Rom\u00e1nia<\/td>\r\n    <td>Velencei M\u0171vel\u0151d\u00e9si H\u00e1z - In Memoriam Thurz\u00f3 S\u00e1ndor ( 1 \u00e9ves megeml\u00e9kez\u00e9s ) keret\u00e9n bel\u00fcl<\/td>\r\n\t<td style=\"text-align:right;\"><a href=\"http:\/\/thurzozoltan.com\/ro\/koncert\/event-75813\/\">Mai multe<\/a><\/td>  \r\n   <\/tr><tr>\r\n\t<td class=\"koncert-datum\">2010.08.20<\/td>\r\n    <td>M\u00e1t\u00e9szalka \/ Magyarorsz\u00e1g<\/td>\r\n    <td>V\u00e1rosi M\u0171vel\u0151d\u00e9si K\u00f6zpont Szinh\u00e1zterme - \"Augusztus 20-i V\u00e1rosi Disz\u00fcnneps\u00e9g\" keret\u00e9n bel\u00fcl<\/td>\r\n\t<td style=\"text-align:right;\"><a href=\"http:\/\/thurzozoltan.com\/ro\/koncert\/event-14487\/\">Mai multe<\/a><\/td>  \r\n   <\/tr><tr>\r\n\t<td class=\"koncert-datum\">2010.08.08<\/td>\r\n    <td>R\u00e9v \/ Rom\u00e1nia<\/td>\r\n    <td>Reform\u00e1tus Templom - \"Elsz\u00e1rmazottak Tal\u00e1lkoz\u00f3ja\" keret\u00e9n bel\u00fcl<\/td>\r\n\t<td style=\"text-align:right;\"><a href=\"http:\/\/thurzozoltan.com\/ro\/koncert\/event-11268\/\">Mai multe<\/a><\/td>  \r\n   <\/tr><span class=\"pods-pagination-advanced \">\n    \n    <span class=\"pods-pagination-number pods-pagination-current \">1<\/span>\n\n                <a href=\"\/ro\/wp-json\/wp\/v2\/pages\/8863?pg=2\" class=\"pods-pagination-number pods-pagination-2 \">2<\/a>\n                    <a href=\"\/ro\/wp-json\/wp\/v2\/pages\/8863?pg=3\" class=\"pods-pagination-number pods-pagination-last \">3<\/a>\n                    <a href=\"\/ro\/wp-json\/wp\/v2\/pages\/8863?pg=2\" class=\"pods-pagination-number pods-pagination-next \">Urm\u0103toarea &rsaquo;<\/a>\n                                <a href=\"\/ro\/wp-json\/wp\/v2\/pages\/8863?pg=3\" class=\"pods-pagination-number pods-pagination-last \">Ultima &raquo;<\/a>\n                    \n<\/span>\n\n<\/tbody>\n<\/table>\n","protected":false},"excerpt":{"rendered":"<p>Data Ora\u0219 \/ \u021bar\u0103 Loca\u021bie \u2013 Descriere<\/p>\n","protected":false},"author":1,"featured_media":0,"parent":0,"menu_order":0,"comment_status":"closed","ping_status":"closed","template":"","meta":{"footnotes":""},"class_list":["post-8863","page","type-page","status-publish","hentry"],"_links":{"self":[{"href":"http:\/\/thurzozoltan.com\/ro\/wp-json\/wp\/v2\/pages\/8863","targetHints":{"allow":["GET"]}}],"collection":[{"href":"http:\/\/thurzozoltan.com\/ro\/wp-json\/wp\/v2\/pages"}],"about":[{"href":"http:\/\/thurzozoltan.com\/ro\/wp-json\/wp\/v2\/types\/page"}],"author":[{"embeddable":true,"href":"http:\/\/thurzozoltan.com\/ro\/wp-json\/wp\/v2\/users\/1"}],"replies":[{"embeddable":true,"href":"http:\/\/thurzozoltan.com\/ro\/wp-json\/wp\/v2\/comments?post=8863"}],"version-history":[{"count":2,"href":"http:\/\/thurzozoltan.com\/ro\/wp-json\/wp\/v2\/pages\/8863\/revisions"}],"predecessor-version":[{"id":8963,"href":"http:\/\/thurzozoltan.com\/ro\/wp-json\/wp\/v2\/pages\/8863\/revisions\/8963"}],"wp:attachment":[{"href":"http:\/\/thurzozoltan.com\/ro\/wp-json\/wp\/v2\/media?parent=8863"}],"curies":[{"name":"wp","href":"https:\/\/api.w.org\/{rel}","templated":true}]}}