{"id":8868,"date":"2016-06-23T07:04:50","date_gmt":"2016-06-23T07:04:50","guid":{"rendered":"http:\/\/thurzozoltan.com\/ro\/koncertek-2011-ben\/"},"modified":"2016-10-05T13:50:02","modified_gmt":"2016-10-05T13:50:02","slug":"koncertek-2011-ben","status":"publish","type":"page","link":"http:\/\/thurzozoltan.com\/ro\/koncertek-2011-ben\/","title":{"rendered":"Concerte \u00een 2011"},"content":{"rendered":"<table class=\"koncert-table\" cellspacing=\"0\" cellpadding=\"0\">\n<thead>\n<tr>\n<th class=\"koncert-datum\">Data<\/th>\n<th class=\"koncert-varos\">Ora\u0219 \/ \u021bar\u0103<\/th>\n<th class=\"koncert-leiras\">Loca\u021bie \u2013 Descriere<\/th>\n<th class=\"koncert-info\"><\/th>\n<\/tr>\n<\/thead>\n<tbody>\n<tr>\r\n\t<td class=\"koncert-datum\">2011.12.25<\/td>\r\n    <td>Nagyv\u00e1rad \/ Rom\u00e1nia<\/td>\r\n    <td>Szent L\u00e1szl\u00f3 Templom - \"Kar\u00e1csonyi Hangverseny\" keret\u00e9n bel\u00fcl<\/td>\r\n\t<td style=\"text-align:right;\"><a href=\"http:\/\/thurzozoltan.com\/ro\/koncert\/event-81033\/\">Mai multe<\/a><\/td>  \r\n   <\/tr><tr>\r\n\t<td class=\"koncert-datum\">2011.12.15<\/td>\r\n    <td>Nagyv\u00e1rad \/ Rom\u00e1nia<\/td>\r\n    <td>Nagyv\u00e1radi \u00c1llami Filharm\u00f3nia \u201eEnescu-Bart\u00f3k\u201d Hangversenyterme - \"Szimf\u00f3nikus Hangverseny\" keret\u00e9n bel\u00fcl<\/td>\r\n\t<td style=\"text-align:right;\"><a href=\"http:\/\/thurzozoltan.com\/ro\/koncert\/event-20316\/\">Mai multe<\/a><\/td>  \r\n   <\/tr><tr>\r\n\t<td class=\"koncert-datum\">2011.12.11<\/td>\r\n    <td>Sz\u00e9kelyh\u00edd \/ Rom\u00e1nia<\/td>\r\n    <td>Reform\u00e1tus Templom - \u201eA Zen\u00e9n t\u00fal...\u201d Bihar Megyei Hangversenyturn\u00e9<\/td>\r\n\t<td style=\"text-align:right;\"><a href=\"http:\/\/thurzozoltan.com\/ro\/koncert\/event-20609\/\">Mai multe<\/a><\/td>  \r\n   <\/tr><tr>\r\n\t<td class=\"koncert-datum\">2011.12.10<\/td>\r\n    <td>Sz\u00e9kelyh\u00edd \/ Rom\u00e1nia<\/td>\r\n    <td>Katolikus Templom - \u201eA Zen\u00e9n t\u00fal...\u201d Bihar Megyei Hangversenyturn\u00e9<\/td>\r\n\t<td style=\"text-align:right;\"><a href=\"http:\/\/thurzozoltan.com\/ro\/koncert\/event-63716\/\">Mai multe<\/a><\/td>  \r\n   <\/tr><tr>\r\n\t<td class=\"koncert-datum\">2011.12.09<\/td>\r\n    <td>Sz\u00e9kelyh\u00edd \/ Rom\u00e1nia<\/td>\r\n    <td>Sz\u00e9kelyh\u00eddi M\u00fazeum - \u201eA Zen\u00e9n t\u00fal...\u201d Bihar Megyei Hangversenyturn\u00e9<\/td>\r\n\t<td style=\"text-align:right;\"><a href=\"http:\/\/thurzozoltan.com\/ro\/koncert\/event-16471\/\">Mai multe<\/a><\/td>  \r\n   <\/tr><tr>\r\n\t<td class=\"koncert-datum\">2011.11.23<\/td>\r\n    <td>Nagyv\u00e1rad \/ Rom\u00e1nia<\/td>\r\n    <td>Nagyv\u00e1radi Zenel\u00edceum - \"Bart\u00f3k B\u00e9la est\" keret\u00e9n bel\u00fcl<\/td>\r\n\t<td style=\"text-align:right;\"><a href=\"http:\/\/thurzozoltan.com\/ro\/koncert\/event-75708\/\">Mai multe<\/a><\/td>  \r\n   <\/tr><tr>\r\n\t<td class=\"koncert-datum\">2011.11.20<\/td>\r\n    <td>\u00c9lesd \/ Rom\u00e1nia<\/td>\r\n    <td>Reform\u00e1tus templom - Hangverseny: \u201e\u00c9lesdi  barangol\u00e1s a zene titokzatos vil\u00e1g\u00e1ban!\u201d<\/td>\r\n\t<td style=\"text-align:right;\"><a href=\"http:\/\/thurzozoltan.com\/ro\/koncert\/event-11436\/\">Mai multe<\/a><\/td>  \r\n   <\/tr><tr>\r\n\t<td class=\"koncert-datum\">2011.11.04<\/td>\r\n    <td>Bel\u00e9nyes \/ Rom\u00e1nia<\/td>\r\n    <td>Rom\u00e1n Etnogr\u00e1fiai M\u00fazeum - \u201eA Zen\u00e9n t\u00fal...\u201d Bihar Megyei Hangversenyturn\u00e9<\/td>\r\n\t<td style=\"text-align:right;\"><a href=\"http:\/\/thurzozoltan.com\/ro\/koncert\/event-19705\/\">Mai multe<\/a><\/td>  \r\n   <\/tr><tr>\r\n\t<td class=\"koncert-datum\">2011.10.30<\/td>\r\n    <td>Nagyv\u00e1rad \/ Rom\u00e1nia<\/td>\r\n    <td>Szent L\u00e1szl\u00f3 Templom - Liszt 200. - Zongorahangverseny<\/td>\r\n\t<td style=\"text-align:right;\"><a href=\"http:\/\/thurzozoltan.com\/ro\/koncert\/event-77829\/\">Mai multe<\/a><\/td>  \r\n   <\/tr><tr>\r\n\t<td class=\"koncert-datum\">2011.10.22<\/td>\r\n    <td>Nagyv\u00e1rad \/ Rom\u00e1nia<\/td>\r\n    <td>Szent L\u00e1szl\u00f3 Templom - K.D.von Dittersdorf Est keret\u00e9n bel\u00fcl (M.Haydn, W.Pichl, K.D.von Dittersdorf VIII. Fesztiv\u00e1l keret\u00e9n bel\u00fcl)<\/td>\r\n\t<td style=\"text-align:right;\"><a href=\"http:\/\/thurzozoltan.com\/ro\/koncert\/event-11992\/\">Mai multe<\/a><\/td>  \r\n   <\/tr><tr>\r\n\t<td class=\"koncert-datum\">2011.10.12<\/td>\r\n    <td>Nagyv\u00e1rad \/ Rom\u00e1nia<\/td>\r\n    <td>Nagyv\u00e1radi \u00c1llami Sz\u00ednh\u00e1z - LISZT 200. - Liszt Ferenc muzsik\u00e1ja a k\u00e9pz\u0151m\u0171v\u00e9szetben...<\/td>\r\n\t<td style=\"text-align:right;\"><a href=\"http:\/\/thurzozoltan.com\/ro\/koncert\/event-13826\/\">Mai multe<\/a><\/td>  \r\n   <\/tr><tr>\r\n\t<td class=\"koncert-datum\">2011.10.09<\/td>\r\n    <td>Nagyszalonta \/ Rom\u00e1nia<\/td>\r\n    <td>Reform\u00e1tus Templom - \u201eA Zen\u00e9n t\u00fal...\u201d Bihar Megyei Hangversenyturn\u00e9<\/td>\r\n\t<td style=\"text-align:right;\"><a href=\"http:\/\/thurzozoltan.com\/ro\/koncert\/event-87925\/\">Mai multe<\/a><\/td>  \r\n   <\/tr><tr>\r\n\t<td class=\"koncert-datum\">2011.10.06<\/td>\r\n    <td>Nagyszalonta \/ Rom\u00e1nia<\/td>\r\n    <td>Magyar H\u00e1z D\u00edszterme - \u201eA Zen\u00e9n t\u00fal...\u201d Bihar Megyei Hangversenyturn\u00e9<\/td>\r\n\t<td style=\"text-align:right;\"><a href=\"http:\/\/thurzozoltan.com\/ro\/koncert\/event-21294\/\">Mai multe<\/a><\/td>  \r\n   <\/tr><tr>\r\n\t<td class=\"koncert-datum\">2011.09.30<\/td>\r\n    <td>Nagyv\u00e1rad \/ Rom\u00e1nia<\/td>\r\n    <td>Partiumi Kereszt\u00e9ny Egyetem D\u00edszterme - Zongoraest<\/td>\r\n\t<td style=\"text-align:right;\"><a href=\"http:\/\/thurzozoltan.com\/ro\/koncert\/event-10060\/\">Mai multe<\/a><\/td>  \r\n   <\/tr><tr>\r\n\t<td class=\"koncert-datum\">2011.09.25<\/td>\r\n    <td>Nagyv\u00e1rad \/ Rom\u00e1nia<\/td>\r\n    <td>Szent L\u00e1szl\u00f3 Templom - \"In Memoriam Thurz\u00f3 S\u00e1ndor\" keret\u00e9n bel\u00fcl<\/td>\r\n\t<td style=\"text-align:right;\"><a href=\"http:\/\/thurzozoltan.com\/ro\/koncert\/event-16536\/\">Mai multe<\/a><\/td>  \r\n   <\/tr><span class=\"pods-pagination-advanced \">\n    \n    <span class=\"pods-pagination-number pods-pagination-current \">1<\/span>\n\n                <a href=\"\/ro\/wp-json\/wp\/v2\/pages\/8868?pg=2\" class=\"pods-pagination-number pods-pagination-2 \">2<\/a>\n                        <a href=\"\/ro\/wp-json\/wp\/v2\/pages\/8868?pg=3\" class=\"pods-pagination-number pods-pagination-3 \">3<\/a>\n                    <a href=\"\/ro\/wp-json\/wp\/v2\/pages\/8868?pg=4\" class=\"pods-pagination-number pods-pagination-last \">4<\/a>\n                    <a href=\"\/ro\/wp-json\/wp\/v2\/pages\/8868?pg=2\" class=\"pods-pagination-number pods-pagination-next \">Urm\u0103toarea &rsaquo;<\/a>\n                                <a href=\"\/ro\/wp-json\/wp\/v2\/pages\/8868?pg=4\" class=\"pods-pagination-number pods-pagination-last \">Ultima &raquo;<\/a>\n                    \n<\/span>\n\n<\/tbody>\n<\/table>\n","protected":false},"excerpt":{"rendered":"<p>Data Ora\u0219 \/ \u021bar\u0103 Loca\u021bie \u2013 Descriere<\/p>\n","protected":false},"author":1,"featured_media":0,"parent":0,"menu_order":0,"comment_status":"closed","ping_status":"closed","template":"","meta":{"footnotes":""},"class_list":["post-8868","page","type-page","status-publish","hentry"],"_links":{"self":[{"href":"http:\/\/thurzozoltan.com\/ro\/wp-json\/wp\/v2\/pages\/8868","targetHints":{"allow":["GET"]}}],"collection":[{"href":"http:\/\/thurzozoltan.com\/ro\/wp-json\/wp\/v2\/pages"}],"about":[{"href":"http:\/\/thurzozoltan.com\/ro\/wp-json\/wp\/v2\/types\/page"}],"author":[{"embeddable":true,"href":"http:\/\/thurzozoltan.com\/ro\/wp-json\/wp\/v2\/users\/1"}],"replies":[{"embeddable":true,"href":"http:\/\/thurzozoltan.com\/ro\/wp-json\/wp\/v2\/comments?post=8868"}],"version-history":[{"count":2,"href":"http:\/\/thurzozoltan.com\/ro\/wp-json\/wp\/v2\/pages\/8868\/revisions"}],"predecessor-version":[{"id":8962,"href":"http:\/\/thurzozoltan.com\/ro\/wp-json\/wp\/v2\/pages\/8868\/revisions\/8962"}],"wp:attachment":[{"href":"http:\/\/thurzozoltan.com\/ro\/wp-json\/wp\/v2\/media?parent=8868"}],"curies":[{"name":"wp","href":"https:\/\/api.w.org\/{rel}","templated":true}]}}