{"id":8878,"date":"2016-06-23T07:03:59","date_gmt":"2016-06-23T07:03:59","guid":{"rendered":"http:\/\/thurzozoltan.com\/ro\/koncertek-2013-ban\/"},"modified":"2016-10-05T13:49:52","modified_gmt":"2016-10-05T13:49:52","slug":"koncertek-2013-ban","status":"publish","type":"page","link":"http:\/\/thurzozoltan.com\/ro\/koncertek-2013-ban\/","title":{"rendered":"Concerte \u00een 2013"},"content":{"rendered":"<table class=\"koncert-table\" cellspacing=\"0\" cellpadding=\"0\">\n<thead>\n<tr>\n<th class=\"koncert-datum\">Data<\/th>\n<th class=\"koncert-varos\">Ora\u0219 \/ \u021bar\u0103<\/th>\n<th class=\"koncert-leiras\">Loca\u021bie \u2013 Descriere<\/th>\n<th class=\"koncert-info\"><\/th>\n<\/tr>\n<\/thead>\n<tbody>\n<tr>\r\n\t<td class=\"koncert-datum\">2013.12.29<\/td>\r\n    <td>Nagyv\u00e1rad \/ Rom\u00e1nia<\/td>\r\n    <td>Bar\u00e1tok Temploma - \"\u00dcnnepi Hangverseny\" keret\u00e9n bel\u00fcl<\/td>\r\n\t<td style=\"text-align:right;\"><a href=\"http:\/\/thurzozoltan.com\/ro\/koncert\/event-16237\/\">Mai multe<\/a><\/td>  \r\n   <\/tr><tr>\r\n\t<td class=\"koncert-datum\">2013.12.22<\/td>\r\n    <td>Nagyv\u00e1rad \/ Rom\u00e1nia<\/td>\r\n    <td>Szent L\u00e1szl\u00f3 Templom - \"Kar\u00e1csonyi hangverseny\" keret\u00e9n bel\u00fcl<\/td>\r\n\t<td style=\"text-align:right;\"><a href=\"http:\/\/thurzozoltan.com\/ro\/koncert\/event-20127\/\">Mai multe<\/a><\/td>  \r\n   <\/tr><tr>\r\n\t<td class=\"koncert-datum\">2013.12.17<\/td>\r\n    <td>Nagyv\u00e1rad \/ Rom\u00e1nia<\/td>\r\n    <td>Nagyv\u00e1radi \u00c1llami Egyetem - \u00daj K\u00f6nyvr\u00e1t el\u0151tere - \"Hangverseny\" keret\u00e9n bel\u00fcl<\/td>\r\n\t<td style=\"text-align:right;\"><a href=\"http:\/\/thurzozoltan.com\/ro\/koncert\/event-15445\/\">Mai multe<\/a><\/td>  \r\n   <\/tr><tr>\r\n\t<td class=\"koncert-datum\">2013.12.15<\/td>\r\n    <td>Nagyv\u00e1rad \/ Rom\u00e1nia<\/td>\r\n    <td>Lor\u00e1ntffy Zsuzsanna Egyh\u00e1zi K\u00f6zpont M\u00fazeumterme - M\u00fazeumi Hangversenyek<\/td>\r\n\t<td style=\"text-align:right;\"><a href=\"http:\/\/thurzozoltan.com\/ro\/koncert\/event-28411\/\">Mai multe<\/a><\/td>  \r\n   <\/tr><tr>\r\n\t<td class=\"koncert-datum\">2013.12.13<\/td>\r\n    <td>\u00c9rmih\u00e1lyfalva \/ Rom\u00e1nia<\/td>\r\n    <td>Bart\u00f3k B\u00e9la M\u0171vel\u0151d\u00e9si H\u00e1z Diszterme - \u201eA Zen\u00e9n t\u00fal...Folytat\u00f3dik, H\u00e1ny nyelven sz\u00f3l hozz\u00e1nk a zene\u201d Bihar Megyei Hangversenyturn\u00e9<\/td>\r\n\t<td style=\"text-align:right;\"><a href=\"http:\/\/thurzozoltan.com\/ro\/koncert\/event-33118\/\">Mai multe<\/a><\/td>  \r\n   <\/tr><tr>\r\n\t<td class=\"koncert-datum\">2013.12.12<\/td>\r\n    <td>Nagyv\u00e1rad \/ Rom\u00e1nia<\/td>\r\n    <td>Nagyv\u00e1radi \u00c1llami Egyetem - Zeneegyetem 1-es Diszterme - \u00c1ria koncert<\/td>\r\n\t<td style=\"text-align:right;\"><a href=\"http:\/\/thurzozoltan.com\/ro\/koncert\/event-16618\/\">Mai multe<\/a><\/td>  \r\n   <\/tr><tr>\r\n\t<td class=\"koncert-datum\">2013.12.06<\/td>\r\n    <td>Margitta \/ Rom\u00e1nia<\/td>\r\n    <td>Reform\u00e1tus templom - \u201eA Zen\u00e9n t\u00fal...Folytat\u00f3dik, H\u00e1ny nyelven sz\u00f3l hozz\u00e1nk a zene\u201d Bihar Megyei Hangversenyturn\u00e9<\/td>\r\n\t<td style=\"text-align:right;\"><a href=\"http:\/\/thurzozoltan.com\/ro\/koncert\/event-13700\/\">Mai multe<\/a><\/td>  \r\n   <\/tr><tr>\r\n\t<td class=\"koncert-datum\">2013.11.24<\/td>\r\n    <td>Nagyv\u00e1rad \/ Rom\u00e1nia<\/td>\r\n    <td>Szent L\u00e1szl\u00f3 Templom - Hangverseny keret\u00e9n bel\u00fcl: Thurz\u00f3 S\u00e1ndor J\u00f3zsef  br\u00e1csa el\u0151ad\u00f3estje megh\u00edvott vend\u00e9gekkel  - zenei p\u00e1ly\u00e1j\u00e1nak 55 \u00e9ves \u00e9vfordul\u00f3ja alkalm\u00e1b\u00f3l<\/td>\r\n\t<td style=\"text-align:right;\"><a href=\"http:\/\/thurzozoltan.com\/ro\/koncert\/event-14235\/\">Mai multe<\/a><\/td>  \r\n   <\/tr><tr>\r\n\t<td class=\"koncert-datum\">2013.11.21<\/td>\r\n    <td>Nagyv\u00e1rad \/ Rom\u00e1nia<\/td>\r\n    <td>Lor\u00e1ntffy Zsuzsanna Egyh\u00e1zi K\u00f6zpont M\u00fazeumterme - \"I. Nagyv\u00e1radi Irodalmi napok\" keret\u00e9n bel\u00fcl<\/td>\r\n\t<td style=\"text-align:right;\"><a href=\"http:\/\/thurzozoltan.com\/ro\/koncert\/event-17930\/\">Mai multe<\/a><\/td>  \r\n   <\/tr><tr>\r\n\t<td class=\"koncert-datum\">2013.11.21<\/td>\r\n    <td>Nagyv\u00e1rad \/ Rom\u00e1nia<\/td>\r\n    <td>Bar\u00e1tok Temploma - \"In Memoriam Tokaji \u00c1gnes eml\u00e9kkoncert\"<\/td>\r\n\t<td style=\"text-align:right;\"><a href=\"http:\/\/thurzozoltan.com\/ro\/koncert\/in-memoriam-tokaji-agnes-emlekkoncert\/\">Mai multe<\/a><\/td>  \r\n   <\/tr><tr>\r\n\t<td class=\"koncert-datum\">2013.11.17<\/td>\r\n    <td>Micske \/ Rom\u00e1nia<\/td>\r\n    <td>M\u0171vel\u0151d\u00e9si H\u00e1z - J\u00f3t\u00e9konys\u00e1gi est az \u00c9rmell\u00e9ki Reform\u00e1tus Diak\u00f3niai Alapitv\u00e1ny megsegit\u00e9se c\u00e9lj\u00e1b\u00f3l<\/td>\r\n\t<td style=\"text-align:right;\"><a href=\"http:\/\/thurzozoltan.com\/ro\/koncert\/event-27614\/\">Mai multe<\/a><\/td>  \r\n   <\/tr><tr>\r\n\t<td class=\"koncert-datum\">2013.11.10<\/td>\r\n    <td>Bel\u00e9nyes \/ Rom\u00e1nia<\/td>\r\n    <td>Rom\u00e1n Etnogr\u00e1fiai M\u00fazeum - \u201eA Zen\u00e9n t\u00fal...Folytat\u00f3dik, H\u00e1ny nyelven sz\u00f3l hozz\u00e1nk a zene\u201d Bihar Megyei Hangversenyturn\u00e9<\/td>\r\n\t<td style=\"text-align:right;\"><a href=\"http:\/\/thurzozoltan.com\/ro\/koncert\/event-16420\/\">Mai multe<\/a><\/td>  \r\n   <\/tr><tr>\r\n\t<td class=\"koncert-datum\">2013.11.08<\/td>\r\n    <td>Nagyszalonta \/ Rom\u00e1nia<\/td>\r\n    <td>Reform\u00e1tus templom - \u201eA Zen\u00e9n t\u00fal...Folytat\u00f3dik, H\u00e1ny nyelven sz\u00f3l hozz\u00e1nk a zene\u201d Bihar Megyei Hangversenyturn\u00e9<\/td>\r\n\t<td style=\"text-align:right;\"><a href=\"http:\/\/thurzozoltan.com\/ro\/koncert\/event-17527\/\">Mai multe<\/a><\/td>  \r\n   <\/tr><tr>\r\n\t<td class=\"koncert-datum\">2013.11.05<\/td>\r\n    <td>Nagyv\u00e1rad \/ Rom\u00e1nia<\/td>\r\n    <td>Lor\u00e1ntffy Zsuzsanna Egyh\u00e1zi K\u00f6zpont M\u00fazeumterme - Hajd\u00fan\u00e1n\u00e1si magyar tan\u00e1roknak egy r\u00f6gt\u00f6nz\u00f6tt koncert<\/td>\r\n\t<td style=\"text-align:right;\"><a href=\"http:\/\/thurzozoltan.com\/ro\/koncert\/event-37712\/\">Mai multe<\/a><\/td>  \r\n   <\/tr><tr>\r\n\t<td class=\"koncert-datum\">2013.11.03<\/td>\r\n    <td>\u00c9lesd \/ Rom\u00e1nia<\/td>\r\n    <td>Reform\u00e1tus templom - \u201eA Zen\u00e9n t\u00fal...Folytat\u00f3dik, H\u00e1ny nyelven sz\u00f3l hozz\u00e1nk a zene\u201d Bihar Megyei Hangversenyturn\u00e9<\/td>\r\n\t<td style=\"text-align:right;\"><a href=\"http:\/\/thurzozoltan.com\/ro\/koncert\/event-11568\/\">Mai multe<\/a><\/td>  \r\n   <\/tr><span class=\"pods-pagination-advanced \">\n    \n    <span class=\"pods-pagination-number pods-pagination-current \">1<\/span>\n\n                <a href=\"\/ro\/wp-json\/wp\/v2\/pages\/8878?pg=2\" class=\"pods-pagination-number pods-pagination-2 \">2<\/a>\n                        <a href=\"\/ro\/wp-json\/wp\/v2\/pages\/8878?pg=3\" class=\"pods-pagination-number pods-pagination-3 \">3<\/a>\n                    <a href=\"\/ro\/wp-json\/wp\/v2\/pages\/8878?pg=4\" class=\"pods-pagination-number pods-pagination-last \">4<\/a>\n                    <a href=\"\/ro\/wp-json\/wp\/v2\/pages\/8878?pg=2\" class=\"pods-pagination-number pods-pagination-next \">Urm\u0103toarea &rsaquo;<\/a>\n                                <a href=\"\/ro\/wp-json\/wp\/v2\/pages\/8878?pg=4\" class=\"pods-pagination-number pods-pagination-last \">Ultima &raquo;<\/a>\n                    \n<\/span>\n\n<\/tbody>\n<\/table>\n","protected":false},"excerpt":{"rendered":"<p>Data Ora\u0219 \/ \u021bar\u0103 Loca\u021bie \u2013 Descriere<\/p>\n","protected":false},"author":1,"featured_media":0,"parent":0,"menu_order":0,"comment_status":"closed","ping_status":"closed","template":"","meta":{"footnotes":""},"class_list":["post-8878","page","type-page","status-publish","hentry"],"_links":{"self":[{"href":"http:\/\/thurzozoltan.com\/ro\/wp-json\/wp\/v2\/pages\/8878","targetHints":{"allow":["GET"]}}],"collection":[{"href":"http:\/\/thurzozoltan.com\/ro\/wp-json\/wp\/v2\/pages"}],"about":[{"href":"http:\/\/thurzozoltan.com\/ro\/wp-json\/wp\/v2\/types\/page"}],"author":[{"embeddable":true,"href":"http:\/\/thurzozoltan.com\/ro\/wp-json\/wp\/v2\/users\/1"}],"replies":[{"embeddable":true,"href":"http:\/\/thurzozoltan.com\/ro\/wp-json\/wp\/v2\/comments?post=8878"}],"version-history":[{"count":2,"href":"http:\/\/thurzozoltan.com\/ro\/wp-json\/wp\/v2\/pages\/8878\/revisions"}],"predecessor-version":[{"id":8960,"href":"http:\/\/thurzozoltan.com\/ro\/wp-json\/wp\/v2\/pages\/8878\/revisions\/8960"}],"wp:attachment":[{"href":"http:\/\/thurzozoltan.com\/ro\/wp-json\/wp\/v2\/media?parent=8878"}],"curies":[{"name":"wp","href":"https:\/\/api.w.org\/{rel}","templated":true}]}}