{"id":8893,"date":"2016-06-15T13:43:53","date_gmt":"2016-06-15T13:43:53","guid":{"rendered":"http:\/\/thurzozoltan.com\/ro\/koncertek-2016\/"},"modified":"2016-10-05T13:49:33","modified_gmt":"2016-10-05T13:49:33","slug":"koncertek-2016","status":"publish","type":"page","link":"http:\/\/thurzozoltan.com\/ro\/koncertek-2016\/","title":{"rendered":"Concerte \u00een 2016"},"content":{"rendered":"<table class=\"koncert-table\" cellspacing=\"0\" cellpadding=\"0\">\n<thead>\n<tr>\n<th class=\"koncert-datum\">Data<\/th>\n<th class=\"koncert-varos\">Ora\u0219 \/ \u021bar\u0103<\/th>\n<th class=\"koncert-leiras\">Loca\u021bie \u2013 Descriere<\/th>\n<th class=\"koncert-info\"><\/th>\n<\/tr>\n<\/thead>\n<tbody>\n<tr>\r\n\t<td class=\"koncert-datum\">2016.12.25<\/td>\r\n    <td>S\u00edter \/ Rom\u00e1nia<\/td>\r\n    <td>S\u00edteri kult\u00farotthon - \u00dcnnepi koncert...kicsit m\u00e1sk\u00e9pp!<\/td>\r\n\t<td style=\"text-align:right;\"><a href=\"http:\/\/thurzozoltan.com\/ro\/koncert\/9659\/\">Mai multe<\/a><\/td>  \r\n   <\/tr><tr>\r\n\t<td class=\"koncert-datum\">2016.12.18<\/td>\r\n    <td>Nagyv\u00e1rad \/ Rom\u00e1nia<\/td>\r\n    <td>Lor\u00e1ntffy Zsuzsanna Reform\u00e1tus Egyh\u00e1zi K\u00f6zpont M\u00fazeumterme - Kar\u00e1csonyi Hangverseny<\/td>\r\n\t<td style=\"text-align:right;\"><a href=\"http:\/\/thurzozoltan.com\/ro\/koncert\/karacsonyi-hangverseny\/\">Mai multe<\/a><\/td>  \r\n   <\/tr><tr>\r\n\t<td class=\"koncert-datum\">2016.12.09<\/td>\r\n    <td>Vedres\u00e1br\u00e1ny \/ Rom\u00e1nia<\/td>\r\n    <td>Reform\u00e1tus templom - Zongorahangverseny meglepet\u00e9sekkel - \"Harmadik \u00f6kumenikus adventi koncert\"<\/td>\r\n\t<td style=\"text-align:right;\"><a href=\"http:\/\/thurzozoltan.com\/ro\/koncert\/9629\/\">Mai multe<\/a><\/td>  \r\n   <\/tr><tr>\r\n\t<td class=\"koncert-datum\">2016.11.27<\/td>\r\n    <td>Nagyv\u00e1rad \/ Rom\u00e1nia<\/td>\r\n    <td>Lor\u00e1ntffy Zsuzsanna Reform\u00e1tus Egyh\u00e1zi K\u00f6zpont M\u00fazeumterme - Hangverseny<\/td>\r\n\t<td style=\"text-align:right;\"><a href=\"http:\/\/thurzozoltan.com\/ro\/koncert\/hangverseny\/\">Mai multe<\/a><\/td>  \r\n   <\/tr><tr>\r\n\t<td class=\"koncert-datum\">2016.10.30<\/td>\r\n    <td>Nagyv\u00e1rad \/ Rom\u00e1nia<\/td>\r\n    <td>Partiumi Kereszt\u00e9ny Egyetem - D\u00edszterem - \u201cA zene hangjai\u201d<\/td>\r\n\t<td style=\"text-align:right;\"><a href=\"http:\/\/thurzozoltan.com\/ro\/koncert\/szereti-antal-imret-szeszelyes-evszakok-kereszttuzeben-mindenrol-amirol-nem-tudtunk-vele-kapcsolatbanes-ami-mogotte-volt\/\">Mai multe<\/a><\/td>  \r\n   <\/tr><tr>\r\n\t<td class=\"koncert-datum\">2016.10.09<\/td>\r\n    <td>Nagyv\u00e1rad \/ Rom\u00e1nia<\/td>\r\n    <td>Nagyv\u00e1radi V\u00e1r - R\u00f3mai Katolikus V\u00e1rtemplom - \u201eZenem\u00e1gia: b\u0171v\u00f6s \u0151szi hangok...\u201d - Thurz\u00f3 Zolt\u00e1n  zongorahangversenye<\/td>\r\n\t<td style=\"text-align:right;\"><a href=\"http:\/\/thurzozoltan.com\/ro\/koncert\/6362\/\">Mai multe<\/a><\/td>  \r\n   <\/tr><tr>\r\n\t<td class=\"koncert-datum\">2016.10.08<\/td>\r\n    <td>Nagyv\u00e1rad \/ Rom\u00e1nia<\/td>\r\n    <td>Nagyv\u00e1radi V\u00e1r - R\u00f3mai Katolikus V\u00e1rtemplom - \"A zene k\u00fcl\u00f6nb\u00f6z\u0151 hangjai Nagyv\u00e1rad fiatal el\u0151ad\u00f3m\u0171v\u00e9szeinek tolm\u00e1csol\u00e1s\u00e1ban\"<\/td>\r\n\t<td style=\"text-align:right;\"><a href=\"http:\/\/thurzozoltan.com\/ro\/koncert\/6361\/\">Mai multe<\/a><\/td>  \r\n   <\/tr><tr>\r\n\t<td class=\"koncert-datum\">2016.09.25<\/td>\r\n    <td>Nagyv\u00e1rad \/ Rom\u00e1nia<\/td>\r\n    <td>Lor\u00e1ntffy Zsuzsanna Reform\u00e1tus Egyh\u00e1zi K\u00f6zpont M\u00fazeumterme - \"Nagyv\u00e1rad a zene t\u00fckr\u00e9ben\" -In Memoriam Thurz\u00f3 S\u00e1ndor klasszikus zenei hangverseny<\/td>\r\n\t<td style=\"text-align:right;\"><a href=\"http:\/\/thurzozoltan.com\/ro\/koncert\/memoriam-thurzo-sandor-klasszikus-zenei-hangverseny\/\">Mai multe<\/a><\/td>  \r\n   <\/tr><tr>\r\n\t<td class=\"koncert-datum\">2016.08.28<\/td>\r\n    <td>Nagyv\u00e1rad \/ Rom\u00e1nia<\/td>\r\n    <td>Lor\u00e1ntffy Zsuzsanna Reform\u00e1tus Egyh\u00e1zi K\u00f6zs\u00e9g M\u00fazeumterme - \u201cSzerelmes Zeneszerz\u0151k - milyenek is voltak \u0150k igaz\u00e1b\u00f3l?!\u201d - k\u00f6z\u00f6ns\u00e9gk\u00e9r\u00e9sre \u00fajraj\u00e1tszva<\/td>\r\n\t<td style=\"text-align:right;\"><a href=\"http:\/\/thurzozoltan.com\/ro\/koncert\/szerelmes-zeneszerzok-kozonsegkeresre-ujrajatszva\/\">Mai multe<\/a><\/td>  \r\n   <\/tr><tr>\r\n\t<td class=\"koncert-datum\">2016.07.31<\/td>\r\n    <td>Nagyv\u00e1rad \/ Rom\u00e1nia<\/td>\r\n    <td>Lor\u00e1ntffy Zsuzsanna Reform\u00e1tus Egyh\u00e1zi K\u00f6zpont M\u00fazeumterme - Klasszikus zenei hangverseny<\/td>\r\n\t<td style=\"text-align:right;\"><a href=\"http:\/\/thurzozoltan.com\/ro\/koncert\/klasszikus-zenei-hangverseny\/\">Mai multe<\/a><\/td>  \r\n   <\/tr><tr>\r\n\t<td class=\"koncert-datum\">2016.06.30<\/td>\r\n    <td>Nagyv\u00e1rad \/ Rom\u00e1nia<\/td>\r\n    <td>Nagyv\u00e1radi V\u00e1r, Lapidarium - \u201cHangok, f\u00e9nyek, jellemz\u0151k...Egyedi, eddig be nem mutatott zenei dokumentumok a Thurz\u00f3 csal\u00e1d arh\u00edvum\u00e1b\u00f3l\u201d ki\u00e1ll\u00edt\u00e1s keret\u00e9n bel\u00fcl<\/td>\r\n\t<td style=\"text-align:right;\"><a href=\"http:\/\/thurzozoltan.com\/ro\/koncert\/1370\/\">Mai multe<\/a><\/td>  \r\n   <\/tr><tr>\r\n\t<td class=\"koncert-datum\">2016.06.26<\/td>\r\n    <td>Nagyv\u00e1rad \/ Rom\u00e1nia<\/td>\r\n    <td>Lor\u00e1ntffy Zsuzsanna Egyh\u00e1zi K\u00f6zpont M\u00fazeumterme - \u201cSzerelmes Zeneszerz\u0151k - milyenek is voltak \u0150k igaz\u00e1b\u00f3l?!\u201d<\/td>\r\n\t<td style=\"text-align:right;\"><a href=\"http:\/\/thurzozoltan.com\/ro\/koncert\/1368\/\">Mai multe<\/a><\/td>  \r\n   <\/tr><tr>\r\n\t<td class=\"koncert-datum\">2016.05.29<\/td>\r\n    <td>Nagyv\u00e1rad \/ Rom\u00e1nia<\/td>\r\n    <td>Lor\u00e1ntffy Zsuzsanna Egyh\u00e1zi K\u00f6zpont M\u00fazeumterme - \"Rendk\u00edv\u00fcli klarin\u00e9t-zongora est\" keret\u00e9n bel\u00fcl<\/td>\r\n\t<td style=\"text-align:right;\"><a href=\"http:\/\/thurzozoltan.com\/ro\/koncert\/rendkivuli-klarinet-zongora-est-kereten-belul\/\">Mai multe<\/a><\/td>  \r\n   <\/tr><tr>\r\n\t<td class=\"koncert-datum\">2016.05.22<\/td>\r\n    <td>Biharkeresztes \/ Magyarorsz\u00e1g<\/td>\r\n    <td>Reform\u00e1tus templom - BihART X. Reform\u00e1tus M\u0171v\u00e9szeti Fesztiv\u00e1l \u00fcnnepi z\u00e1r\u00f3 istentisztelete<\/td>\r\n\t<td style=\"text-align:right;\"><a href=\"http:\/\/thurzozoltan.com\/ro\/koncert\/event-14785\/\">Mai multe<\/a><\/td>  \r\n   <\/tr><tr>\r\n\t<td class=\"koncert-datum\">2016.05.16<\/td>\r\n    <td>Biharkeresztes \/ Magyarorsz\u00e1g<\/td>\r\n    <td>Reform\u00e1tus templom - BihART X. Reform\u00e1tus M\u0171v\u00e9szeti Fesztiv\u00e1l \u00fcnnepi nyit\u00f3 istentisztelete<\/td>\r\n\t<td style=\"text-align:right;\"><a href=\"http:\/\/thurzozoltan.com\/ro\/koncert\/event-49185\/\">Mai multe<\/a><\/td>  \r\n   <\/tr><span class=\"pods-pagination-advanced \">\n    \n    <span class=\"pods-pagination-number pods-pagination-current \">1<\/span>\n\n            <a href=\"\/ro\/wp-json\/wp\/v2\/pages\/8893?pg=2\" class=\"pods-pagination-number pods-pagination-last \">2<\/a>\n                    <a href=\"\/ro\/wp-json\/wp\/v2\/pages\/8893?pg=2\" class=\"pods-pagination-number pods-pagination-next \">Urm\u0103toarea &rsaquo;<\/a>\n                                <a href=\"\/ro\/wp-json\/wp\/v2\/pages\/8893?pg=2\" class=\"pods-pagination-number pods-pagination-last \">Ultima &raquo;<\/a>\n                    \n<\/span>\n\n<\/tbody>\n<\/table>\n","protected":false},"excerpt":{"rendered":"<p>Data Ora\u0219 \/ \u021bar\u0103 Loca\u021bie \u2013 Descriere<\/p>\n","protected":false},"author":1,"featured_media":0,"parent":0,"menu_order":0,"comment_status":"closed","ping_status":"closed","template":"","meta":{"footnotes":""},"class_list":["post-8893","page","type-page","status-publish","hentry"],"_links":{"self":[{"href":"http:\/\/thurzozoltan.com\/ro\/wp-json\/wp\/v2\/pages\/8893","targetHints":{"allow":["GET"]}}],"collection":[{"href":"http:\/\/thurzozoltan.com\/ro\/wp-json\/wp\/v2\/pages"}],"about":[{"href":"http:\/\/thurzozoltan.com\/ro\/wp-json\/wp\/v2\/types\/page"}],"author":[{"embeddable":true,"href":"http:\/\/thurzozoltan.com\/ro\/wp-json\/wp\/v2\/users\/1"}],"replies":[{"embeddable":true,"href":"http:\/\/thurzozoltan.com\/ro\/wp-json\/wp\/v2\/comments?post=8893"}],"version-history":[{"count":2,"href":"http:\/\/thurzozoltan.com\/ro\/wp-json\/wp\/v2\/pages\/8893\/revisions"}],"predecessor-version":[{"id":8957,"href":"http:\/\/thurzozoltan.com\/ro\/wp-json\/wp\/v2\/pages\/8893\/revisions\/8957"}],"wp:attachment":[{"href":"http:\/\/thurzozoltan.com\/ro\/wp-json\/wp\/v2\/media?parent=8893"}],"curies":[{"name":"wp","href":"https:\/\/api.w.org\/{rel}","templated":true}]}}