{"id":6466,"date":"2016-04-19T13:43:14","date_gmt":"2016-04-19T13:43:14","guid":{"rendered":"http:\/\/thurzozoltan.com\/de\/fenykepek\/"},"modified":"2016-10-13T16:32:56","modified_gmt":"2016-10-13T16:32:56","slug":"fenykepek","status":"publish","type":"page","link":"https:\/\/thurzozoltan.com\/de\/fenykepek\/","title":{"rendered":"Bilder"},"content":{"rendered":"[et_pb_section admin_label=&#8221;section&#8221; transparent_background=&#8221;on&#8221; background_color=&#8221;#ffffff&#8221; allow_player_pause=&#8221;off&#8221; inner_shadow=&#8221;off&#8221; parallax=&#8221;off&#8221; parallax_method=&#8221;off&#8221; padding_mobile=&#8221;off&#8221; make_fullwidth=&#8221;off&#8221; use_custom_width=&#8221;off&#8221; width_unit=&#8221;on&#8221; make_equal=&#8221;off&#8221; use_custom_gutter=&#8221;off&#8221;][et_pb_row admin_label=&#8221;Row&#8221; make_fullwidth=&#8221;off&#8221; use_custom_width=&#8221;off&#8221; width_unit=&#8221;on&#8221; use_custom_gutter=&#8221;off&#8221; padding_mobile=&#8221;off&#8221; allow_player_pause=&#8221;off&#8221; parallax=&#8221;off&#8221; parallax_method=&#8221;off&#8221; make_equal=&#8221;off&#8221; parallax_1=&#8221;off&#8221; parallax_method_1=&#8221;off&#8221; column_padding_mobile=&#8221;on&#8221; custom_padding=&#8221;0px|||&#8221;][et_pb_column type=&#8221;4_4&#8243;][et_pb_text admin_label=&#8221;Text&#8221; background_layout=&#8221;light&#8221; text_orientation=&#8221;center&#8221; use_border_color=&#8221;off&#8221; border_color=&#8221;#ffffff&#8221; border_style=&#8221;solid&#8221;]\n<h1>Auff\u00fchrungen f\u00fcr de Veranstalter angeboten<\/h1>\n[\/et_pb_text][et_pb_text admin_label=&#8221;Text&#8221; background_layout=&#8221;light&#8221; text_orientation=&#8221;left&#8221; use_border_color=&#8221;off&#8221; border_color=&#8221;#ffffff&#8221; border_style=&#8221;solid&#8221;]\n<p style=\"text-align: center;\"><em>&#8220;Musik ist nichts anderes als eine k\u00fcnstlerische Sprache.&#8221; (JJ Quantz)<\/em><\/p>\n<p style=\"text-align: justify;\">Thurz\u00f3 Zoltan ist in der Lage uns das Bild bez\u00fcglich die ernste Musik, die Klavierst\u00fccke mit endlosen Sch\u00f6nheiten und die Komponisten zu \u00e4ndern.<\/p>\n<p style=\"text-align: justify;\">Durch seine eigene Pers\u00f6nlichkeit gefiltert, bringt er die Besucher n\u00e4her an das Konzert dank der gew\u00e4hlten Klavierst\u00fccken , dank seiner pers\u00f6nlichen Stimmungen, und nat\u00fcrlich die Komponisten selbst, wenn sie \u00fcber die Geschichten Umst\u00e4nde der &#8220;Geburt&#8221; berichterstatten, so da\u00df die Vorteile der ausgezeichneten Kommunikation mit der \u00d6ffentlichkeit genommen wereden, und so ist er an dem Konzert st\u00e4ndig verbundet.<\/p>\n<p style=\"text-align: justify;\">Die unabh\u00e4ngig Klavierkonzerte sind oft der Natur &#8220;one man show&#8221;, wo er manchmal auch sein Instrument l\u00e4sst, und w\u00e4hrend er zwischen den Reihen zu Fu\u00df spaziert erkl\u00e4rt er\u00a0 \u00fcberraschende Geschichte, unter Hinweis auf die Geister Musik die wahrgenommen sind.\u00a0Wir wissen, da\u00df Musik die innerste Innenseite des Musikkomponisten ist, wodurch wir seine geistige Gr\u00f6\u00dfe, Natur und Pers\u00f6nlichkeit kennenlernen.\u00a0Er hat besondere Leistungen, die der musikalischen Abenteuer ansprechen.\u00a0Er genie\u00dft Musik und alles was damit verbunden ist. Diese durchdringt jede Auff\u00fchrung durch seine intuitive Nat\u00fcrlichkeit.\u00a0Es ist kein Geheimnis, da\u00df er das Publikum von Zeilen erreicht hat (Erwachsene und Kinder), durch die t\u00e4gliche von dem K\u00fcnstler \u00dcbertragung und Interpretation der Klavierst\u00fccke: die geheimnisvolle Welt der Musik und die Forschung der Veranstaltungen, Ereignisse, die hinter den Kulissen gibt.<\/p>\n<p style=\"text-align: justify;\">Die besten Erinnerungen sind zur Musik verbunden &#8211; in der Stimmungen von den besten Portr\u00e4tisten.\u00a0Die Musik sowie die Sensibilit\u00e4t sind wesentlich f\u00fcr die Revitalisierung der musikalischen Werke, in Bezug auf die \u00dcbertragung von Hintergrundinformationen an dem Publikum. Musicals stellen humorvolle Geschichten wie M\u00e4rchen dar.\u00a0Sein Ziel dabei ist, da\u00df das Versprechen der Unterhaltung f\u00fcr die ganze Publikum spannender, offener und interessanter aus gesellschaftlicher Sicht zu sein wurde.\u00a0<\/p>\n<p style=\"text-align: justify;\">Nach den auf musikalische Kreativit\u00e4t basierenden &#8220;T\u00e4tigkeiten&#8221; kehren die Besucher des Konzerts mit einem &#8220;\u00dcberschuss&#8221; nach Hause zur\u00fcck; und nach dieser Erfahrung, abgesehen von der Freude Musik zu h\u00f6ren, bleiben\u00a0 die Zuschauer mit den erhaltenen Informationen, mit den begleitenden Ereignissen und den gebildeten Gedanken.<\/p>\n<p style=\"text-align: justify;\">\u00a0<\/p>\n[\/et_pb_text][et_pb_blog admin_label=&#8221;Blog&#8221; fullwidth=&#8221;off&#8221; posts_number=&#8221;20&#8243; include_categories=&#8221;105&#8243; show_thumbnail=&#8221;on&#8221; show_content=&#8221;off&#8221; show_more=&#8221;off&#8221; show_author=&#8221;off&#8221; show_date=&#8221;off&#8221; show_categories=&#8221;off&#8221; show_comments=&#8221;off&#8221; show_pagination=&#8221;on&#8221; offset_number=&#8221;0&#8243; use_overlay=&#8221;on&#8221; background_layout=&#8221;light&#8221; use_dropshadow=&#8221;on&#8221; use_border_color=&#8221;off&#8221; border_color=&#8221;#fee290&#8243; border_style=&#8221;solid&#8221; meta_date=&#8221;Y M j &#8221; overlay_icon_color=&#8221;#fee290&#8243; hover_overlay_color=&#8221;rgba(254,226,144,0.44)&#8221; masonry_tile_background_color=&#8221;rgba(255,255,255,0)&#8221; header_font_size=&#8221;16&#8243;] [\/et_pb_blog][\/et_pb_column][\/et_pb_row][et_pb_row admin_label=&#8221;Row&#8221; make_fullwidth=&#8221;off&#8221; use_custom_width=&#8221;off&#8221; width_unit=&#8221;on&#8221; use_custom_gutter=&#8221;off&#8221; padding_mobile=&#8221;off&#8221; allow_player_pause=&#8221;off&#8221; parallax=&#8221;off&#8221; parallax_method=&#8221;off&#8221; make_equal=&#8221;off&#8221; parallax_1=&#8221;off&#8221; parallax_method_1=&#8221;off&#8221; column_padding_mobile=&#8221;on&#8221; custom_padding=&#8221;0px|||&#8221;][et_pb_column type=&#8221;4_4&#8243;][et_pb_text admin_label=&#8221;Text&#8221; background_layout=&#8221;light&#8221; text_orientation=&#8221;center&#8221; use_border_color=&#8221;off&#8221; border_color=&#8221;#ffffff&#8221; border_style=&#8221;solid&#8221;]\n<h1>Bilder von anderen Vorstellungen<\/h1>\n[\/et_pb_text][et_pb_blog admin_label=&#8221;Blog&#8221; fullwidth=&#8221;off&#8221; posts_number=&#8221;20&#8243; include_categories=&#8221;6&#8243; show_thumbnail=&#8221;on&#8221; show_content=&#8221;off&#8221; show_more=&#8221;off&#8221; show_author=&#8221;off&#8221; show_date=&#8221;off&#8221; show_categories=&#8221;off&#8221; show_comments=&#8221;off&#8221; show_pagination=&#8221;on&#8221; offset_number=&#8221;0&#8243; use_overlay=&#8221;on&#8221; background_layout=&#8221;light&#8221; use_dropshadow=&#8221;on&#8221; use_border_color=&#8221;off&#8221; border_color=&#8221;#fee290&#8243; border_style=&#8221;solid&#8221; meta_date=&#8221;Y M j &#8221; overlay_icon_color=&#8221;#fee290&#8243; hover_overlay_color=&#8221;rgba(254,226,144,0.44)&#8221; masonry_tile_background_color=&#8221;rgba(255,255,255,0)&#8221; header_font_size=&#8221;16&#8243;] [\/et_pb_blog][\/et_pb_column][\/et_pb_row][et_pb_row admin_label=&#8221;Row&#8221; make_fullwidth=&#8221;off&#8221; use_custom_width=&#8221;off&#8221; width_unit=&#8221;on&#8221; use_custom_gutter=&#8221;off&#8221; padding_mobile=&#8221;off&#8221; allow_player_pause=&#8221;off&#8221; parallax=&#8221;off&#8221; parallax_method=&#8221;off&#8221; make_equal=&#8221;off&#8221; parallax_1=&#8221;off&#8221; parallax_method_1=&#8221;off&#8221; column_padding_mobile=&#8221;on&#8221; custom_padding=&#8221;0px|||&#8221;][et_pb_column type=&#8221;4_4&#8243;][et_pb_text admin_label=&#8221;Text&#8221; background_layout=&#8221;light&#8221; text_orientation=&#8221;center&#8221; use_border_color=&#8221;off&#8221; border_color=&#8221;#ffffff&#8221; border_style=&#8221;solid&#8221;]\n<h1>Profil fotos<\/h1>\n[\/et_pb_text][et_pb_text admin_label=&#8221;Text&#8221; background_layout=&#8221;light&#8221; text_orientation=&#8221;left&#8221; use_border_color=&#8221;off&#8221; border_color=&#8221;#ffffff&#8221; border_style=&#8221;solid&#8221;]\n<p>Fotografien im Hintergrund.<\/p>\n<p>Diese Fotos sind zug\u00e4nglich f\u00fcr die Massenmedien, bzw. \u00a0sie k\u00f6nnen in gro\u00dfer Aufl\u00f6sung heruntergeladen werden.<\/p>\n<p>&nbsp;<\/p>\n[\/et_pb_text][et_pb_blog admin_label=&#8221;Blog&#8221; fullwidth=&#8221;off&#8221; posts_number=&#8221;20&#8243; include_categories=&#8221;10&#8243; show_thumbnail=&#8221;on&#8221; show_content=&#8221;off&#8221; show_more=&#8221;off&#8221; show_author=&#8221;off&#8221; show_date=&#8221;off&#8221; show_categories=&#8221;off&#8221; show_comments=&#8221;off&#8221; show_pagination=&#8221;on&#8221; offset_number=&#8221;0&#8243; use_overlay=&#8221;on&#8221; background_layout=&#8221;light&#8221; use_dropshadow=&#8221;on&#8221; use_border_color=&#8221;off&#8221; border_color=&#8221;#fee290&#8243; border_style=&#8221;solid&#8221; meta_date=&#8221;Y M j &#8221; overlay_icon_color=&#8221;#fee290&#8243; hover_overlay_color=&#8221;rgba(254,226,144,0.44)&#8221; masonry_tile_background_color=&#8221;rgba(255,255,255,0)&#8221; header_font_size=&#8221;16&#8243;] [\/et_pb_blog][\/et_pb_column][\/et_pb_row][\/et_pb_section]\n","protected":false},"excerpt":{"rendered":"<p>[et_pb_section admin_label=&#8221;section&#8221; transparent_background=&#8221;on&#8221; background_color=&#8221;#ffffff&#8221; allow_player_pause=&#8221;off&#8221; inner_shadow=&#8221;off&#8221; parallax=&#8221;off&#8221; parallax_method=&#8221;off&#8221; padding_mobile=&#8221;off&#8221; make_fullwidth=&#8221;off&#8221; use_custom_width=&#8221;off&#8221; width_unit=&#8221;on&#8221; make_equal=&#8221;off&#8221; use_custom_gutter=&#8221;off&#8221;][et_pb_row admin_label=&#8221;Row&#8221; make_fullwidth=&#8221;off&#8221; use_custom_width=&#8221;off&#8221; width_unit=&#8221;on&#8221; use_custom_gutter=&#8221;off&#8221; padding_mobile=&#8221;off&#8221; allow_player_pause=&#8221;off&#8221; parallax=&#8221;off&#8221; parallax_method=&#8221;off&#8221; make_equal=&#8221;off&#8221; parallax_1=&#8221;off&#8221; parallax_method_1=&#8221;off&#8221; column_padding_mobile=&#8221;on&#8221; custom_padding=&#8221;0px|||&#8221;][et_pb_column type=&#8221;4_4&#8243;][et_pb_text admin_label=&#8221;Text&#8221; background_layout=&#8221;light&#8221; text_orientation=&#8221;center&#8221; use_border_color=&#8221;off&#8221; border_color=&#8221;#ffffff&#8221; border_style=&#8221;solid&#8221;] Auff\u00fchrungen f\u00fcr de Veranstalter angeboten [\/et_pb_text][et_pb_text admin_label=&#8221;Text&#8221; background_layout=&#8221;light&#8221; text_orientation=&#8221;left&#8221; use_border_color=&#8221;off&#8221; border_color=&#8221;#ffffff&#8221; border_style=&#8221;solid&#8221;] &#8220;Musik ist nichts anderes als eine k\u00fcnstlerische Sprache.&#8221; [&hellip;]<\/p>\n","protected":false},"author":1,"featured_media":0,"parent":0,"menu_order":0,"comment_status":"closed","ping_status":"closed","template":"","meta":{"footnotes":""},"class_list":["post-6466","page","type-page","status-publish","hentry"],"_links":{"self":[{"href":"https:\/\/thurzozoltan.com\/de\/wp-json\/wp\/v2\/pages\/6466","targetHints":{"allow":["GET"]}}],"collection":[{"href":"https:\/\/thurzozoltan.com\/de\/wp-json\/wp\/v2\/pages"}],"about":[{"href":"https:\/\/thurzozoltan.com\/de\/wp-json\/wp\/v2\/types\/page"}],"author":[{"embeddable":true,"href":"https:\/\/thurzozoltan.com\/de\/wp-json\/wp\/v2\/users\/1"}],"replies":[{"embeddable":true,"href":"https:\/\/thurzozoltan.com\/de\/wp-json\/wp\/v2\/comments?post=6466"}],"version-history":[{"count":9,"href":"https:\/\/thurzozoltan.com\/de\/wp-json\/wp\/v2\/pages\/6466\/revisions"}],"predecessor-version":[{"id":9333,"href":"https:\/\/thurzozoltan.com\/de\/wp-json\/wp\/v2\/pages\/6466\/revisions\/9333"}],"wp:attachment":[{"href":"https:\/\/thurzozoltan.com\/de\/wp-json\/wp\/v2\/media?parent=6466"}],"curies":[{"name":"wp","href":"https:\/\/api.w.org\/{rel}","templated":true}]}}