{"id":6956,"date":"2016-04-19T13:45:59","date_gmt":"2016-04-19T13:45:59","guid":{"rendered":"http:\/\/thurzozoltan.com\/de\/blog\/"},"modified":"2016-10-10T20:00:18","modified_gmt":"2016-10-10T20:00:18","slug":"blog","status":"publish","type":"page","link":"https:\/\/thurzozoltan.com\/de\/blog\/","title":{"rendered":"Gedanken"},"content":{"rendered":"[et_pb_section admin_label=&#8221;Section&#8221; fullwidth=&#8221;on&#8221; specialty=&#8221;off&#8221; transparent_background=&#8221;on&#8221; background_color=&#8221;#ffffff&#8221; allow_player_pause=&#8221;off&#8221; inner_shadow=&#8221;off&#8221; parallax=&#8221;off&#8221; parallax_method=&#8221;off&#8221; padding_mobile=&#8221;off&#8221; make_fullwidth=&#8221;off&#8221; use_custom_width=&#8221;off&#8221; width_unit=&#8221;on&#8221; make_equal=&#8221;off&#8221; use_custom_gutter=&#8221;off&#8221;][et_pb_fullwidth_image admin_label=&#8221;Fullwidth Image&#8221; src=&#8221;http:\/\/thurzozoltan.com\/wp-content\/uploads\/2016\/04\/header-gondolatok.jpg&#8221; show_in_lightbox=&#8221;off&#8221; url_new_window=&#8221;off&#8221; use_overlay=&#8221;off&#8221; animation=&#8221;right&#8221; use_border_color=&#8221;off&#8221; border_color=&#8221;#ffffff&#8221; border_style=&#8221;solid&#8221;] [\/et_pb_fullwidth_image][et_pb_fullwidth_post_title admin_label=&#8221;Fullwidth Post Title&#8221; title=&#8221;on&#8221; meta=&#8221;off&#8221; author=&#8221;on&#8221; date=&#8221;on&#8221; categories=&#8221;on&#8221; comments=&#8221;on&#8221; featured_image=&#8221;off&#8221; featured_placement=&#8221;below&#8221; parallax_effect=&#8221;on&#8221; parallax_method=&#8221;on&#8221; text_orientation=&#8221;center&#8221; text_color=&#8221;light&#8221; text_background=&#8221;off&#8221; text_bg_color=&#8221;rgba(255,255,255,0.9)&#8221; module_bg_color=&#8221;rgba(255,255,255,0)&#8221; title_font_size=&#8221;36px&#8221; title_font_size_tablet=&#8221;29px&#8221; title_font_size_phone=&#8221;20px&#8221; title_font_size_last_edited=&#8221;on|phone&#8221; title_all_caps=&#8221;on&#8221; use_border_color=&#8221;off&#8221; border_color=&#8221;#ffffff&#8221; border_style=&#8221;solid&#8221; title_text_color=&#8221;#fee29b&#8221;] [\/et_pb_fullwidth_post_title][\/et_pb_section][et_pb_section admin_label=&#8221;Section&#8221; fullwidth=&#8221;off&#8221; specialty=&#8221;off&#8221; transparent_background=&#8221;on&#8221; background_color=&#8221;#ffffff&#8221; allow_player_pause=&#8221;off&#8221; inner_shadow=&#8221;off&#8221; parallax=&#8221;off&#8221; parallax_method=&#8221;off&#8221; padding_mobile=&#8221;off&#8221; make_fullwidth=&#8221;off&#8221; use_custom_width=&#8221;off&#8221; width_unit=&#8221;on&#8221; make_equal=&#8221;off&#8221; use_custom_gutter=&#8221;off&#8221;][et_pb_row admin_label=&#8221;Row&#8221;][et_pb_column type=&#8221;4_4&#8243;][et_pb_text admin_label=&#8221;Text&#8221; background_layout=&#8221;light&#8221; text_orientation=&#8221;left&#8221; use_border_color=&#8221;off&#8221; border_color=&#8221;#ffffff&#8221; border_style=&#8221;solid&#8221;]\n<p style=\"text-align: justify;\">Jeder Mensch hat in einer Seele &#8220;eine Abundanz&#8221; von Gedanken, die er mit anderen teilen m\u00f6chtet.\u00a0Ich m\u00f6chte Ihnen zeigen, wie ich die Welt und die Menschen darin sehe.\u00a0Die Werte der vergangenen Epochen und die historischen Anziehungen, sowie die zeitgen\u00f6ssische Bilder teilen wir hier mit allen mit.\u00a0Als K\u00fcnstler war ich in der privilegierte Lage, da\u00df meine Berufung auch mein Hobby ist.\u00a0Die meisten meiner Freizeit verbringe ich neben dem Klavier und mache so viele Wiederholungen wie es m\u00f6glich ist.<\/p>\n<p style=\"text-align: justify;\">Musik ist kein Arbeit f\u00fcr mich, sondern ein Spiel, eine Freude und eine Entspannungen.\u00a0Musik und die pers\u00f6nliche Ausbildung mache ich nicht nur mittels musikalische Instrumente.\u00a0Ich mag Transkriptionen zu machen, welche auch eine T\u00e4tigkeit als Komponist ist und welche eine punktuelle Kenntnisse der Musiktheorie, hoher Einsatzbereitschaft, Phantasie und Kreativit\u00e4t erfordert.\u00a0Um diese Eigenschaften zu assimilieren ist es \u00fcblich f\u00fcr mich, die Erfahrungen aus verschiedenen Bereichen des Lebens zu erwerben.<\/p>\n<p style=\"text-align: justify;\">Wie ich eine neugiriege offene Person bin, jedes Mal wenn ich Zeit und M\u00f6glichkeit habe, lese ich, gehe ich ins Theater und auf Konzerte und untersuche alles was ich als interessant betrachte.\u00a0Durch meine Publikationen \u00fcbertrage ich diese pers\u00f6nliche Gedanken, die ich sammle durch die Welt gehend.\u00a0Wenn ich in einer interessanten Ort bin, suche ich nach der Multilateralismus der Ort, ich suche die geheimnisvolle Orte und der Menschen die dort leben mutige und k\u00fchne Fragen frage.<\/p>\n<p style=\"text-align: justify;\">Ich versuche immer, bereit im gew\u00e4hlten Land\u00a0 anzukommen, aber immer habe ich ein Teil von \u00dcberraschungen und Neuigkeiten was\u00a0 meine Kenntnise betrifft.\u00a0Es ist wichtig, diese Erfahrungen zu teilen, weil ich so, auch anderen Freude zu bringen versuche, auch wenn die Freunde, die Bekannte oder die Leser schon in jenen Orten waren und an \u00e4hnlichen Sachen nachgedacht haben.\u00a0Manchmal erinnern Sie sich an die guten und sch\u00f6nen Erinnerungen auch weil ich diese Orte verschieden sehen kann.\u00a0Diejenigen, die nicht pers\u00f6nlich an diese Orte erreichen, k\u00f6nnen mit mir eine virtuelle Reise erleben, und vielleicht durch mich ihre Phantasien, Wissen und Erfahrungen entwickeln. \u00a0\u00a0\u00a0<\/p>\n<p style=\"text-align: justify;\">Die \u00dcbermittlung der durch t\u00e4glichen lernen erworbenen Wissen und Erfahrungen ist f\u00fcr mich sehr wichtig.\u00a0Aber nich nur dar\u00fcber schreibe ich.\u00a0Manchmal sind meine Publikationen ein wenig\u00a0 widerspr\u00fcchlich, weil ich jederzeit meine Pes\u00f6nlichkeit \u00fcbermitteln will.\u00a0Wenn meine Publikationen den Ton der Debatten geben, freue ich mich, weil keine zwei Menschen gleich sind, und darum ist es kein Problem, wenn wir unterschiedliche Meinungen zum gleichen Thema haben.\u00a0Das wertvollste Geschenk, das Sie jemandem geben k\u00f6nnen, ist die Zeit, die Sie zuteilen.<\/p>\n<p style=\"text-align: justify;\">Vielen Dank f\u00fcr Ihre Zeit und Aufmerksamkeit auf meine Publikationen, meine pers\u00f6nlichen Gedanken und diejenigen, die hinter ihnen sind.<\/p>\n<p style=\"text-align: justify;\">\u00a0<\/p>\n[\/et_pb_text][et_pb_code admin_label=&#8221;Code&#8221;]<div class=\"cff-wrapper\"><div id=\"cff\" data-char=\"300\" class=\" cff-thumb-layout  cff-lb\"  data-fb-text=\"View on Facebook\"><div class=\"cff-likebox cff-bottom\" ><script src=\"https:\/\/connect.facebook.net\/hu_HU\/all.js#xfbml=1&appId=712681982206086\"><\/script><div class=\"fb-page\" data-href=\"https:\/\/www.facebook.com\/1053027374755356\" data-width=\"\" data-hide-cover=\"false\" data-show-facepile=\"false\" data-small-header=\"false\" data-hide-cta=\"false\" data-show-posts=\"false\" data-adapt-container-width=\"true\"><div class=\"fb-xfbml-parse-ignore\"><blockquote cite=\"https:\/\/www.facebook.com\/1053027374755356\"><a href=\"https:\/\/www.facebook.com\/1053027374755356\">View on Facebook<\/a><\/blockquote><\/div><\/div><div id=\"fb-root\"><\/div><\/div><\/div><\/div>[\/et_pb_code][\/et_pb_column][\/et_pb_row][et_pb_row admin_label=&#8221;Row&#8221;][\/et_pb_row][\/et_pb_section]\n","protected":false},"excerpt":{"rendered":"<p>[et_pb_section admin_label=&#8221;Section&#8221; fullwidth=&#8221;on&#8221; specialty=&#8221;off&#8221; transparent_background=&#8221;on&#8221; background_color=&#8221;#ffffff&#8221; allow_player_pause=&#8221;off&#8221; inner_shadow=&#8221;off&#8221; parallax=&#8221;off&#8221; parallax_method=&#8221;off&#8221; padding_mobile=&#8221;off&#8221; make_fullwidth=&#8221;off&#8221; use_custom_width=&#8221;off&#8221; width_unit=&#8221;on&#8221; make_equal=&#8221;off&#8221; use_custom_gutter=&#8221;off&#8221;][et_pb_fullwidth_image admin_label=&#8221;Fullwidth Image&#8221; src=&#8221;http:\/\/thurzozoltan.com\/wp-content\/uploads\/2016\/04\/header-gondolatok.jpg&#8221; show_in_lightbox=&#8221;off&#8221; url_new_window=&#8221;off&#8221; use_overlay=&#8221;off&#8221; animation=&#8221;right&#8221; use_border_color=&#8221;off&#8221; border_color=&#8221;#ffffff&#8221; border_style=&#8221;solid&#8221;] [\/et_pb_fullwidth_image][et_pb_fullwidth_post_title admin_label=&#8221;Fullwidth Post Title&#8221; title=&#8221;on&#8221; meta=&#8221;off&#8221; author=&#8221;on&#8221; date=&#8221;on&#8221; categories=&#8221;on&#8221; comments=&#8221;on&#8221; featured_image=&#8221;off&#8221; featured_placement=&#8221;below&#8221; parallax_effect=&#8221;on&#8221; parallax_method=&#8221;on&#8221; text_orientation=&#8221;center&#8221; text_color=&#8221;light&#8221; text_background=&#8221;off&#8221; text_bg_color=&#8221;rgba(255,255,255,0.9)&#8221; module_bg_color=&#8221;rgba(255,255,255,0)&#8221; title_font_size=&#8221;36px&#8221; title_font_size_tablet=&#8221;29px&#8221; title_font_size_phone=&#8221;20px&#8221; title_font_size_last_edited=&#8221;on|phone&#8221; title_all_caps=&#8221;on&#8221; use_border_color=&#8221;off&#8221; border_color=&#8221;#ffffff&#8221; border_style=&#8221;solid&#8221; title_text_color=&#8221;#fee29b&#8221;] [\/et_pb_fullwidth_post_title][\/et_pb_section][et_pb_section [&hellip;]<\/p>\n","protected":false},"author":1,"featured_media":0,"parent":0,"menu_order":0,"comment_status":"closed","ping_status":"closed","template":"","meta":{"footnotes":""},"class_list":["post-6956","page","type-page","status-publish","hentry"],"_links":{"self":[{"href":"https:\/\/thurzozoltan.com\/de\/wp-json\/wp\/v2\/pages\/6956","targetHints":{"allow":["GET"]}}],"collection":[{"href":"https:\/\/thurzozoltan.com\/de\/wp-json\/wp\/v2\/pages"}],"about":[{"href":"https:\/\/thurzozoltan.com\/de\/wp-json\/wp\/v2\/types\/page"}],"author":[{"embeddable":true,"href":"https:\/\/thurzozoltan.com\/de\/wp-json\/wp\/v2\/users\/1"}],"replies":[{"embeddable":true,"href":"https:\/\/thurzozoltan.com\/de\/wp-json\/wp\/v2\/comments?post=6956"}],"version-history":[{"count":2,"href":"https:\/\/thurzozoltan.com\/de\/wp-json\/wp\/v2\/pages\/6956\/revisions"}],"predecessor-version":[{"id":9163,"href":"https:\/\/thurzozoltan.com\/de\/wp-json\/wp\/v2\/pages\/6956\/revisions\/9163"}],"wp:attachment":[{"href":"https:\/\/thurzozoltan.com\/de\/wp-json\/wp\/v2\/media?parent=6956"}],"curies":[{"name":"wp","href":"https:\/\/api.w.org\/{rel}","templated":true}]}}