{"id":6983,"date":"2016-04-19T13:45:41","date_gmt":"2016-04-19T13:45:41","guid":{"rendered":"http:\/\/thurzozoltan.com\/de\/konyvek\/"},"modified":"2016-10-26T14:10:51","modified_gmt":"2016-10-26T14:10:51","slug":"konyvek","status":"publish","type":"page","link":"https:\/\/thurzozoltan.com\/de\/konyvek\/","title":{"rendered":"B\u00fccher"},"content":{"rendered":"[et_pb_section admin_label=&#8221;Section&#8221; fullwidth=&#8221;on&#8221; specialty=&#8221;off&#8221; transparent_background=&#8221;on&#8221; background_color=&#8221;#ffffff&#8221; allow_player_pause=&#8221;off&#8221; inner_shadow=&#8221;off&#8221; parallax=&#8221;off&#8221; parallax_method=&#8221;off&#8221; padding_mobile=&#8221;off&#8221; make_fullwidth=&#8221;off&#8221; use_custom_width=&#8221;off&#8221; width_unit=&#8221;on&#8221; make_equal=&#8221;off&#8221; use_custom_gutter=&#8221;off&#8221;][et_pb_fullwidth_post_title admin_label=&#8221;Fullwidth Post Title&#8221; title=&#8221;on&#8221; meta=&#8221;off&#8221; author=&#8221;on&#8221; date=&#8221;on&#8221; categories=&#8221;on&#8221; comments=&#8221;on&#8221; featured_image=&#8221;off&#8221; featured_placement=&#8221;below&#8221; parallax_effect=&#8221;on&#8221; parallax_method=&#8221;on&#8221; text_orientation=&#8221;center&#8221; text_color=&#8221;dark&#8221; text_background=&#8221;off&#8221; text_bg_color=&#8221;rgba(255,255,255,0.9)&#8221; module_bg_color=&#8221;rgba(255,255,255,0)&#8221; title_font_size=&#8221;36&#8243; title_font_size_tablet=&#8221;29&#8243; title_font_size_phone=&#8221;20&#8243; title_font_size_last_edited=&#8221;on|phone&#8221; title_text_color=&#8221;#fee29b&#8221; title_all_caps=&#8221;off&#8221; use_border_color=&#8221;off&#8221; border_color=&#8221;#ffffff&#8221; border_style=&#8221;solid&#8221;] <br \/>\n [\/et_pb_fullwidth_post_title][\/et_pb_section][et_pb_section admin_label=&#8221;section&#8221; transparent_background=&#8221;on&#8221; background_color=&#8221;#ffffff&#8221; allow_player_pause=&#8221;off&#8221; inner_shadow=&#8221;off&#8221; parallax=&#8221;off&#8221; parallax_method=&#8221;off&#8221; padding_mobile=&#8221;off&#8221; make_fullwidth=&#8221;off&#8221; use_custom_width=&#8221;off&#8221; width_unit=&#8221;on&#8221; make_equal=&#8221;off&#8221; use_custom_gutter=&#8221;off&#8221;][et_pb_row admin_label=&#8221;Row&#8221;][et_pb_column type=&#8221;4_4&#8243;][et_pb_text admin_label=&#8221;Text&#8221; background_layout=&#8221;light&#8221; text_orientation=&#8221;left&#8221; use_border_color=&#8221;off&#8221; border_color=&#8221;#ffffff&#8221; border_style=&#8221;solid&#8221;]\n<p style=\"text-align: justify;\">Die Jahrhunderte sind ein Spiegel der Gegenwart, der pers\u00f6nlichen Gedanken, der gleiche Spiegel kann sowohl die Pers\u00f6nlichkeit eines Mannes als auch einer vergangenen \u00c4ra.<\/p>\n<p style=\"text-align: justify;\">Die neue wissensbasierte Gesellschaft, die Rolle des Wissens, der Zugang, den Erwerb von neuen und interessanten Informationen steigen.\u00a0Durch die im Laufe der Geschichte gesammelte Bildung, die b\u00fcrgerliche Beteiligung bedetutet &#8220;der unsterbliche Tr\u00e4ger&#8221;; der B\u00fccher selbst, und deshalb haben sich viel Wissen angesammelt, die in einen gro\u00dfen Teil die Empfindlcihkeit der Seele bilden.\u00a0Das ist nat\u00fcrlich g\u00fcltig f\u00fcr die Musiknoten.\u00a0Es ist bekannt, da\u00df alle Lebenswege, in der einen oder anderen sich mit den B\u00fcchern in Kontakt setzen.<\/p>\n<p style=\"text-align: justify;\">In den fr\u00fchen Jahren des Lebens, auch vor Beginn der Studien, die Entwicklung der Phantasie spielt eine wichtige Rolle.\u00a0Es ist die gro\u00dfe Verantwortung der Eltern, der Neugier und die\u00a0 Phantasie des Kindes durch die Kraft der M\u00e4rchen zu wecken und es so lange wie m\u00f6glich zu halten.\u00a0Sp\u00e4ter, w\u00e4hrend der Studie wird ihnen sichere Basen geliefert, um zu entscheiden, welche B\u00fccher aus dem Regal abzunehmen, und sie w\u00e4hlen, was es ihnen von den &#8220;Magazine des kulturellen Leben&#8221; gef\u00e4llt.\u00a0Die Stimulation wird mit gutem Motivations Beispiel des Erwachsenen, der st\u00e4ndig liest, geboren.\u00a0<\/p>\n<p style=\"text-align: justify;\"><img loading=\"lazy\" decoding=\"async\" class=\" wp-image-6986 alignright\" src=\"http:\/\/thurzozoltan.com\/wp-content\/uploads\/2016\/04\/Thurzo-Sandor-300x200.jpg\" alt=\"Thurzo Sandor\" width=\"342\" height=\"228\" srcset=\"https:\/\/thurzozoltan.com\/wp-content\/uploads\/2016\/04\/Thurzo-Sandor-300x200.jpg 300w, https:\/\/thurzozoltan.com\/wp-content\/uploads\/2016\/04\/Thurzo-Sandor.jpg 589w\" sizes=\"auto, (max-width: 342px) 100vw, 342px\" \/>Ein gutes Buch zu lesen kann ein spannenden geistigen Spiel sein wird, das auch die Nachrichten enth\u00e4lt, die der Schriftsteller zu vermitteln wollte als auch die Entdeckungen und Phantasien des Lesers.\u00a0Lesen ist gleichzeitig eine intime innere Beziehung, wo die Vorstellung von Zeit und Raum verschwindet, es schlie\u00dft sich die Au\u00dfenwelt und uns die T\u00fcren in der wunderbaren Welt der Fantasie \u00f6ffnet. Durch die in B\u00fccher gefundene Vielzahl von Ideen, die sich\u00a0 auf kleinen Wahrheiten basiert, kann man auch andere Standpunkte kennenlernen, die Schlussfolgerungen, damit die M\u00f6glichkeit besteht, die Grundlage des kulturellen Wissen zu legen und ein ganzes Leben aufzubauen.\u00a0Das Buch f\u00fcr ein Leser ist wie die Komposition f\u00fcr ein Musiker.\u00a0Wenn man etwas ohne zu verstehen liest, dann ist das Buch nur die Vielzahl der Buchstaben, wie die Vielzahl de Musiknoten zu dem Laien aussieht.\u00a0Stattdessen zeigt das Buch seine verborgene Sch\u00e4tze der interessierten und aufgeschlossenen Person, wie die Musiknoten dem Musiker Logik und Harmonie geben.\u00a0<\/p>\n<p style=\"text-align: justify;\">Musik ist eine Sprache&#8230;eine Sprache.<\/p>\n<p style=\"text-align: justify;\">F\u00fcr mich und f\u00fcr viele anderen ist Musik eine Sprache, die sehr gut auf h\u00f6he k\u00fcnstlerische Ebene von Komponisten und nachtr\u00e4glich von K\u00fcnstler verwendet ist.\u00a0Die musikalische Sprache ist ein wei\u00dfes-schwarzes ABC und jeder Komponist ben\u00fctzt dieselebe Grundpalette, die aus 12 Musiknoten besteht.\u00a0Es \u00e4ndert sich nur die Form, wie Musik\u00a0 gekleidet wird und zwar durch eine Situation der pers\u00f6nlichen Lebensweise.\u00a0Dasselbe Prinzip ist in der Welt der B\u00fccher wahr.\u00a0Jedes Buch und jede musikalische Komposition \u00fcbertragen andere und andere Werte.<\/p>\n<p style=\"text-align: justify;\">Die Worte und Noten sind die gleichen, aber ihre Ordnung und Vielfalt unendlich ist.\u00a0Jedes Buch bereichert unser Wissen \u00fcber die Welt, in der wir leben, wo unsere Vorfahren gelebt haben, wo wir leben m\u00f6chten.\u00a0Es ist ein phantastisches Gef\u00fchl f\u00fcr diejenigen, die durch die Augen der Seele das was sie lesen, sehen k\u00f6nnen.\u00a0Die beiden B\u00fccher, die von den Besuchern der Webseite eingesehen werden k\u00f6nnen, spiegeln eine Pers\u00f6nlichkeit, f\u00fcr welche es wichtig war, die Werte der Musik von Oradea in der Welt zu reflektieren.<\/p>\n<p style=\"text-align: justify;\">Thurz\u00f3 S\u00e1ndor, heimischer Musikologe und Historiker, bleibt bisher eine dominierende Pers\u00f6nlichkeit in der Bildungsgeschichte von Oradea.\u00a0<\/p>\n<p style=\"text-align: justify;\">Das Buch kann ganz oder auf Kapiteln heruntergeladen werden.\u00a0Klicken Sie auf den Buchtitel.<\/p>\n[\/et_pb_text][\/et_pb_column][\/et_pb_row][et_pb_row admin_label=&#8221;row&#8221;][et_pb_column type=&#8221;1_4&#8243;][et_pb_image admin_label=&#8221;Image&#8221; src=&#8221;http:\/\/thurzozoltan.com\/wp-content\/uploads\/2016\/04\/konyvek-borito-1.jpg&#8221; show_in_lightbox=&#8221;off&#8221; url_new_window=&#8221;off&#8221; use_overlay=&#8221;off&#8221; animation=&#8221;left&#8221; sticky=&#8221;off&#8221; align=&#8221;left&#8221; force_fullwidth=&#8221;off&#8221; always_center_on_mobile=&#8221;on&#8221; use_border_color=&#8221;off&#8221; border_color=&#8221;#ffffff&#8221; border_style=&#8221;solid&#8221; url=&#8221;http:\/\/thurzozoltan.com\/de\/konyvek\/a-nagyvaradi-zenei-elet-apostola-thurzo-sandor-emlekere\/&#8221;] [\/et_pb_image][\/et_pb_column][et_pb_column type=&#8221;3_4&#8243;][et_pb_text admin_label=&#8221;Text&#8221; background_layout=&#8221;light&#8221; text_orientation=&#8221;left&#8221; use_border_color=&#8221;off&#8221; border_color=&#8221;#ffffff&#8221; border_style=&#8221;solid&#8221;]\n<h2>&#8220;Der Apostel des musikalischen Lebens in Oradea &#8211; In Erinnerung an\u00a0 Thurz\u00f3 S\u00e1ndor&#8221;<\/h2>\n<p style=\"text-align: right;\"><a href=\"http:\/\/thurzozoltan.com\/de\/konyvek\/a-nagyvaradi-zenei-elet-apostola-thurzo-sandor-emlekere\/\">Fragmente<\/a><\/p>\n[\/et_pb_text][\/et_pb_column][\/et_pb_row][et_pb_row admin_label=&#8221;row&#8221;][et_pb_column type=&#8221;1_4&#8243;][et_pb_image admin_label=&#8221;Image&#8221; src=&#8221;http:\/\/thurzozoltan.com\/wp-content\/uploads\/2016\/04\/konyvek-borito-2.jpg&#8221; show_in_lightbox=&#8221;off&#8221; url_new_window=&#8221;off&#8221; use_overlay=&#8221;off&#8221; animation=&#8221;left&#8221; sticky=&#8221;off&#8221; align=&#8221;left&#8221; force_fullwidth=&#8221;off&#8221; always_center_on_mobile=&#8221;on&#8221; use_border_color=&#8221;off&#8221; border_color=&#8221;#ffffff&#8221; border_style=&#8221;solid&#8221; url=&#8221;http:\/\/thurzozoltan.com\/de\/konyvek\/bartok-nagyvaradon-a-helyi-sajto-tukreben\/&#8221;] [\/et_pb_image][\/et_pb_column][et_pb_column type=&#8221;3_4&#8243;][et_pb_text admin_label=&#8221;Text&#8221; background_layout=&#8221;light&#8221; text_orientation=&#8221;left&#8221; use_border_color=&#8221;off&#8221; border_color=&#8221;#ffffff&#8221; border_style=&#8221;solid&#8221;]\n<h2>&#8220;Bart\u00f3k in Oradea im Spiegel der lokalen Massenmedien&#8221;<\/h2>\n<p style=\"text-align: right;\"><a href=\"http:\/\/thurzozoltan.com\/de\/konyvek\/bartok-nagyvaradon-a-helyi-sajto-tukreben\/\">Fragmente<\/a><\/p>\n[\/et_pb_text][\/et_pb_column][\/et_pb_row][\/et_pb_section]\n","protected":false},"excerpt":{"rendered":"<p>[et_pb_section admin_label=&#8221;Section&#8221; fullwidth=&#8221;on&#8221; specialty=&#8221;off&#8221; transparent_background=&#8221;on&#8221; background_color=&#8221;#ffffff&#8221; allow_player_pause=&#8221;off&#8221; inner_shadow=&#8221;off&#8221; parallax=&#8221;off&#8221; parallax_method=&#8221;off&#8221; padding_mobile=&#8221;off&#8221; make_fullwidth=&#8221;off&#8221; use_custom_width=&#8221;off&#8221; width_unit=&#8221;on&#8221; make_equal=&#8221;off&#8221; use_custom_gutter=&#8221;off&#8221;][et_pb_fullwidth_post_title admin_label=&#8221;Fullwidth Post Title&#8221; title=&#8221;on&#8221; meta=&#8221;off&#8221; author=&#8221;on&#8221; date=&#8221;on&#8221; categories=&#8221;on&#8221; comments=&#8221;on&#8221; featured_image=&#8221;off&#8221; featured_placement=&#8221;below&#8221; parallax_effect=&#8221;on&#8221; parallax_method=&#8221;on&#8221; text_orientation=&#8221;center&#8221; text_color=&#8221;dark&#8221; text_background=&#8221;off&#8221; text_bg_color=&#8221;rgba(255,255,255,0.9)&#8221; module_bg_color=&#8221;rgba(255,255,255,0)&#8221; title_font_size=&#8221;36&#8243; title_font_size_tablet=&#8221;29&#8243; title_font_size_phone=&#8221;20&#8243; title_font_size_last_edited=&#8221;on|phone&#8221; title_text_color=&#8221;#fee29b&#8221; title_all_caps=&#8221;off&#8221; use_border_color=&#8221;off&#8221; border_color=&#8221;#ffffff&#8221; border_style=&#8221;solid&#8221;] [\/et_pb_fullwidth_post_title][\/et_pb_section][et_pb_section admin_label=&#8221;section&#8221; transparent_background=&#8221;on&#8221; background_color=&#8221;#ffffff&#8221; allow_player_pause=&#8221;off&#8221; inner_shadow=&#8221;off&#8221; parallax=&#8221;off&#8221; parallax_method=&#8221;off&#8221; padding_mobile=&#8221;off&#8221; make_fullwidth=&#8221;off&#8221; use_custom_width=&#8221;off&#8221; width_unit=&#8221;on&#8221; [&hellip;]<\/p>\n","protected":false},"author":1,"featured_media":0,"parent":0,"menu_order":0,"comment_status":"closed","ping_status":"closed","template":"","meta":{"footnotes":""},"class_list":["post-6983","page","type-page","status-publish","hentry"],"_links":{"self":[{"href":"https:\/\/thurzozoltan.com\/de\/wp-json\/wp\/v2\/pages\/6983","targetHints":{"allow":["GET"]}}],"collection":[{"href":"https:\/\/thurzozoltan.com\/de\/wp-json\/wp\/v2\/pages"}],"about":[{"href":"https:\/\/thurzozoltan.com\/de\/wp-json\/wp\/v2\/types\/page"}],"author":[{"embeddable":true,"href":"https:\/\/thurzozoltan.com\/de\/wp-json\/wp\/v2\/users\/1"}],"replies":[{"embeddable":true,"href":"https:\/\/thurzozoltan.com\/de\/wp-json\/wp\/v2\/comments?post=6983"}],"version-history":[{"count":7,"href":"https:\/\/thurzozoltan.com\/de\/wp-json\/wp\/v2\/pages\/6983\/revisions"}],"predecessor-version":[{"id":9485,"href":"https:\/\/thurzozoltan.com\/de\/wp-json\/wp\/v2\/pages\/6983\/revisions\/9485"}],"wp:attachment":[{"href":"https:\/\/thurzozoltan.com\/de\/wp-json\/wp\/v2\/media?parent=6983"}],"curies":[{"name":"wp","href":"https:\/\/api.w.org\/{rel}","templated":true}]}}