{"id":7460,"date":"2016-05-18T07:17:19","date_gmt":"2016-05-18T07:17:19","guid":{"rendered":"http:\/\/thurzozoltan.com\/de\/kozonseg-velemeny\/"},"modified":"2016-10-07T21:10:14","modified_gmt":"2016-10-07T21:10:14","slug":"kozonseg-velemeny","status":"publish","type":"page","link":"https:\/\/thurzozoltan.com\/de\/tagebuch\/kozonseg-velemeny\/","title":{"rendered":"Meinungen der Zuschauer"},"content":{"rendered":"[et_pb_section admin_label=&#8221;Section&#8221; fullwidth=&#8221;on&#8221; specialty=&#8221;off&#8221; transparent_background=&#8221;on&#8221; background_color=&#8221;#ffffff&#8221; allow_player_pause=&#8221;off&#8221; inner_shadow=&#8221;off&#8221; parallax=&#8221;off&#8221; parallax_method=&#8221;off&#8221; padding_mobile=&#8221;off&#8221; make_fullwidth=&#8221;off&#8221; use_custom_width=&#8221;off&#8221; width_unit=&#8221;on&#8221; make_equal=&#8221;off&#8221; use_custom_gutter=&#8221;off&#8221;][et_pb_fullwidth_post_title admin_label=&#8221;Fullwidth Post Title&#8221; title=&#8221;on&#8221; meta=&#8221;off&#8221; author=&#8221;on&#8221; date=&#8221;on&#8221; categories=&#8221;on&#8221; comments=&#8221;on&#8221; featured_image=&#8221;off&#8221; featured_placement=&#8221;below&#8221; parallax_effect=&#8221;on&#8221; parallax_method=&#8221;on&#8221; text_orientation=&#8221;center&#8221; text_color=&#8221;dark&#8221; text_background=&#8221;off&#8221; text_bg_color=&#8221;rgba(255,255,255,0.9)&#8221; module_bg_color=&#8221;rgba(255,255,255,0)&#8221; title_font_size=&#8221;36&#8243; title_font_size_tablet=&#8221;29&#8243; title_font_size_phone=&#8221;20&#8243; title_font_size_last_edited=&#8221;on|phone&#8221; title_text_color=&#8221;#fee29b&#8221; title_all_caps=&#8221;off&#8221; use_border_color=&#8221;off&#8221; border_color=&#8221;#ffffff&#8221; border_style=&#8221;solid&#8221;] [\/et_pb_fullwidth_post_title][\/et_pb_section][et_pb_section admin_label=&#8221;section&#8221; transparent_background=&#8221;on&#8221; background_color=&#8221;#ffffff&#8221; allow_player_pause=&#8221;off&#8221; inner_shadow=&#8221;off&#8221; parallax=&#8221;off&#8221; parallax_method=&#8221;off&#8221; padding_mobile=&#8221;off&#8221; make_fullwidth=&#8221;off&#8221; use_custom_width=&#8221;off&#8221; width_unit=&#8221;on&#8221; make_equal=&#8221;off&#8221; use_custom_gutter=&#8221;off&#8221;][et_pb_row admin_label=&#8221;Row&#8221; make_fullwidth=&#8221;off&#8221; use_custom_width=&#8221;off&#8221; width_unit=&#8221;on&#8221; use_custom_gutter=&#8221;off&#8221; padding_mobile=&#8221;off&#8221; allow_player_pause=&#8221;off&#8221; parallax=&#8221;off&#8221; parallax_method=&#8221;off&#8221; make_equal=&#8221;off&#8221; parallax_1=&#8221;off&#8221; parallax_method_1=&#8221;off&#8221; column_padding_mobile=&#8221;on&#8221; custom_padding=&#8221;0px|||&#8221;][et_pb_column type=&#8221;4_4&#8243;][et_pb_text admin_label=&#8221;Text&#8221; background_layout=&#8221;light&#8221; text_orientation=&#8221;left&#8221; use_border_color=&#8221;off&#8221; border_color=&#8221;#ffffff&#8221; border_style=&#8221;solid&#8221;]\n<p style=\"text-align: justify;\">Die Meinung des Publikums war auch in der Vergangenheit immer wichtig.\u00a0Der gr\u00f6\u00dfte \u00a0Wunsch eines sch\u00f6pferischen Mannes, ist etwas dauerhaft zu schaffen.\u00a0Seit der fr\u00fchen Kindheit, seitdem Denken Sinn macht, ist es sehr wichtig R\u00fcckmeldung\/Feedback zu haben.\u00a0Auch wenn die Grenzen durch das Verhalten dr\u00e4ngen werden, auch wenn wir f\u00fchlen, da\u00df wir etwas was uns gefiel, gemacht haben, sollte unser Umfeld alles durch Lob schlie\u00dfen.\u00a0Es ist wichtig, da\u00df wir w\u00e4hrend der Aktivit\u00e4t beide negative und positive Kritik zur richtigen Zeit zu erleben, weil es einen echten Mehrwert auf einer Treppe in unserem Leben sitzen kann.<\/p>\n<p style=\"text-align: justify;\"><img loading=\"lazy\" decoding=\"async\" class=\" wp-image-7461 alignright\" src=\"http:\/\/thurzozoltan.com\/wp-content\/uploads\/2016\/05\/K\u00f6z\u00f6ns\u00e9g-300x200.jpg\" alt=\"K\u00f6z\u00f6ns\u00e9g\" width=\"323\" height=\"215\" srcset=\"https:\/\/thurzozoltan.com\/wp-content\/uploads\/2016\/05\/K\u00f6z\u00f6ns\u00e9g-300x200.jpg 300w, https:\/\/thurzozoltan.com\/wp-content\/uploads\/2016\/05\/K\u00f6z\u00f6ns\u00e9g-768x512.jpg 768w, https:\/\/thurzozoltan.com\/wp-content\/uploads\/2016\/05\/K\u00f6z\u00f6ns\u00e9g-1024x683.jpg 1024w, https:\/\/thurzozoltan.com\/wp-content\/uploads\/2016\/05\/K\u00f6z\u00f6ns\u00e9g-1080x720.jpg 1080w\" sizes=\"auto, (max-width: 323px) 100vw, 323px\" \/>Es ist sehr wichtig, da\u00df der K\u00fcnstler, aber auch besonders im Falle einer Musiker, aufgrund der erlebte Ereignis, nach dem Konzert, der Feedback des Publikums richtig zu bewerten.\u00a0Ein Teil der k\u00fcnstlerischen Vorbereitung ist es seine Empfindlichkeit zu bewerten, weil diese der K\u00fcnstler Authentizit\u00e4t und Erfahrung anbieten kann.\u00a0Wie es zwei identische Personen nicht geben, so gibt es auch nicht zwei identische Meinungen.\u00a0Der Hauptpunkt einer k\u00fcnstlerischen Produktion, sei es ein Gedicht, ein Gem\u00e4lde, eine Theaterproduktion oder ein Konzert, ist ihr Ziel zu erreichen, dh durch den privilegierten und als Ziel bestimmt gesch\u00e4tzten K\u00fcnstler an dem jeweiligen empfindlichen Publikum zu erreichen.\u00a0Die \u00fcberwiegende Mehrheit der Menschen haben das Bed\u00fcrfnis, sich n\u00e4her der Kultur zu sammeln.<\/p>\n<p style=\"text-align: justify;\"><img loading=\"lazy\" decoding=\"async\" class=\" wp-image-7462 alignleft\" src=\"http:\/\/thurzozoltan.com\/wp-content\/uploads\/2016\/05\/K\u00f6z\u00f6ns\u00e9g-1-300x199.jpg\" alt=\"K\u00f6z\u00f6ns\u00e9g\" width=\"333\" height=\"221\" srcset=\"https:\/\/thurzozoltan.com\/wp-content\/uploads\/2016\/05\/K\u00f6z\u00f6ns\u00e9g-1-300x199.jpg 300w, https:\/\/thurzozoltan.com\/wp-content\/uploads\/2016\/05\/K\u00f6z\u00f6ns\u00e9g-1-768x509.jpg 768w, https:\/\/thurzozoltan.com\/wp-content\/uploads\/2016\/05\/K\u00f6z\u00f6ns\u00e9g-1-1024x678.jpg 1024w, https:\/\/thurzozoltan.com\/wp-content\/uploads\/2016\/05\/K\u00f6z\u00f6ns\u00e9g-1-1080x715.jpg 1080w\" sizes=\"auto, (max-width: 333px) 100vw, 333px\" \/>Jede pers\u00f6nliche Lebenserfahrung, jedes erlebten Ereignis, sammelt diese Menschen zu jeder Auff\u00fchrung.\u00a0Die Meinung des Publikums nach jeder Auff\u00fchrung, egal wie unterschiedlich, d\u00fcrfen wir nat\u00fcrlich nicht vernachl\u00e4ssigen. Die Kraft und St\u00e4rke des Publikums liegt auch hier.\u00a0In meinen Auff\u00fchrungen versuche ich mit der gr\u00f6\u00dften Vorbereitung und Einreichung, alle Kenntnisse, die ich besitze, weiter zu lehren.\u00a0Die positive Meinung des Publikums, auch\u00a0 wenunausgesprochen, ein Applaus, oder ein spannender Moment der Stille gibt mir einen Ansto\u00df, eine Inspiration.\u00a0Die Wirkung der Katharsis bei jedem Konzert ist der Traum eines jeden K\u00fcnstlers, seine Abwesenheit ist auch ein Effekt, von der wir konstruktive Schlussfolgerungen f\u00fcr die Zukunft zu ziehen sollten.<\/p>\n<p style=\"text-align: justify;\">Die Entwicklung so weit kann ein kontinuierlicher Prozess sein, bis man die kritische nachdenkliche Werte erreicht, wir m\u00fcssen immer versuchen, so viel und so gut f\u00fcr unserem Publikum zu bieten.<\/p>\n<p style=\"text-align: justify;\">Alle erlebte Erfahrungen sind in diesen Alben gesammelt.<\/p>\n<p style=\"text-align: justify;\"><strong>\u2026\u2026\u2026\u2026\u2026\u2026\u2026\u2026\u2026\u2026\u2026\u2026\u2026\u2026\u2026\u2026\u2026\u2026\u2026\u2026\u2026\u2026\u2026\u2026\u2026\u2026\u2026\u2026\u2026\u2026\u2026\u2026\u2026\u2026\u2026\u2026\u2026\u2026\u2026\u2026\u2026\u2026\u2026\u2026\u2026\u2026\u2026\u2026\u2026\u2026\u2026\u2026\u2026\u2026\u2026\u2026<\/strong><\/p>\n<p style=\"text-align: justify;\">\u00a0<\/p>\n[\/et_pb_text][et_pb_blog admin_label=&#8221;Blog&#8221; fullwidth=&#8221;off&#8221; posts_number=&#8221;20&#8243; include_categories=&#8221;8&#8243; show_thumbnail=&#8221;on&#8221; show_content=&#8221;off&#8221; show_more=&#8221;off&#8221; show_author=&#8221;off&#8221; show_date=&#8221;off&#8221; show_categories=&#8221;off&#8221; show_comments=&#8221;off&#8221; show_pagination=&#8221;on&#8221; offset_number=&#8221;0&#8243; use_overlay=&#8221;on&#8221; background_layout=&#8221;light&#8221; use_dropshadow=&#8221;on&#8221; use_border_color=&#8221;off&#8221; border_color=&#8221;#fee290&#8243; border_style=&#8221;solid&#8221; meta_date=&#8221;Y M j &#8221; overlay_icon_color=&#8221;#fee290&#8243; hover_overlay_color=&#8221;rgba(254,226,144,0.44)&#8221; masonry_tile_background_color=&#8221;rgba(255,255,255,0)&#8221;] [\/et_pb_blog][\/et_pb_column][\/et_pb_row][\/et_pb_section]\n","protected":false},"excerpt":{"rendered":"<p>[et_pb_section admin_label=&#8221;Section&#8221; fullwidth=&#8221;on&#8221; specialty=&#8221;off&#8221; transparent_background=&#8221;on&#8221; background_color=&#8221;#ffffff&#8221; allow_player_pause=&#8221;off&#8221; inner_shadow=&#8221;off&#8221; parallax=&#8221;off&#8221; parallax_method=&#8221;off&#8221; padding_mobile=&#8221;off&#8221; make_fullwidth=&#8221;off&#8221; use_custom_width=&#8221;off&#8221; width_unit=&#8221;on&#8221; make_equal=&#8221;off&#8221; use_custom_gutter=&#8221;off&#8221;][et_pb_fullwidth_post_title admin_label=&#8221;Fullwidth Post Title&#8221; title=&#8221;on&#8221; meta=&#8221;off&#8221; author=&#8221;on&#8221; date=&#8221;on&#8221; categories=&#8221;on&#8221; comments=&#8221;on&#8221; featured_image=&#8221;off&#8221; featured_placement=&#8221;below&#8221; parallax_effect=&#8221;on&#8221; parallax_method=&#8221;on&#8221; text_orientation=&#8221;center&#8221; text_color=&#8221;dark&#8221; text_background=&#8221;off&#8221; text_bg_color=&#8221;rgba(255,255,255,0.9)&#8221; module_bg_color=&#8221;rgba(255,255,255,0)&#8221; title_font_size=&#8221;36&#8243; title_font_size_tablet=&#8221;29&#8243; title_font_size_phone=&#8221;20&#8243; title_font_size_last_edited=&#8221;on|phone&#8221; title_text_color=&#8221;#fee29b&#8221; title_all_caps=&#8221;off&#8221; use_border_color=&#8221;off&#8221; border_color=&#8221;#ffffff&#8221; border_style=&#8221;solid&#8221;] [\/et_pb_fullwidth_post_title][\/et_pb_section][et_pb_section admin_label=&#8221;section&#8221; transparent_background=&#8221;on&#8221; background_color=&#8221;#ffffff&#8221; allow_player_pause=&#8221;off&#8221; inner_shadow=&#8221;off&#8221; parallax=&#8221;off&#8221; parallax_method=&#8221;off&#8221; padding_mobile=&#8221;off&#8221; make_fullwidth=&#8221;off&#8221; use_custom_width=&#8221;off&#8221; width_unit=&#8221;on&#8221; [&hellip;]<\/p>\n","protected":false},"author":1,"featured_media":0,"parent":8640,"menu_order":0,"comment_status":"closed","ping_status":"closed","template":"","meta":{"footnotes":""},"class_list":["post-7460","page","type-page","status-publish","hentry"],"_links":{"self":[{"href":"https:\/\/thurzozoltan.com\/de\/wp-json\/wp\/v2\/pages\/7460","targetHints":{"allow":["GET"]}}],"collection":[{"href":"https:\/\/thurzozoltan.com\/de\/wp-json\/wp\/v2\/pages"}],"about":[{"href":"https:\/\/thurzozoltan.com\/de\/wp-json\/wp\/v2\/types\/page"}],"author":[{"embeddable":true,"href":"https:\/\/thurzozoltan.com\/de\/wp-json\/wp\/v2\/users\/1"}],"replies":[{"embeddable":true,"href":"https:\/\/thurzozoltan.com\/de\/wp-json\/wp\/v2\/comments?post=7460"}],"version-history":[{"count":5,"href":"https:\/\/thurzozoltan.com\/de\/wp-json\/wp\/v2\/pages\/7460\/revisions"}],"predecessor-version":[{"id":9062,"href":"https:\/\/thurzozoltan.com\/de\/wp-json\/wp\/v2\/pages\/7460\/revisions\/9062"}],"up":[{"embeddable":true,"href":"https:\/\/thurzozoltan.com\/de\/wp-json\/wp\/v2\/pages\/8640"}],"wp:attachment":[{"href":"https:\/\/thurzozoltan.com\/de\/wp-json\/wp\/v2\/media?parent=7460"}],"curies":[{"name":"wp","href":"https:\/\/api.w.org\/{rel}","templated":true}]}}