{"id":2629,"date":"2016-07-20T11:23:15","date_gmt":"2016-07-20T11:23:15","guid":{"rendered":"http:\/\/thurzozoltan.com\/en\/?page_id=2629"},"modified":"2016-10-25T08:50:22","modified_gmt":"2016-10-25T08:50:22","slug":"my-published-articles","status":"publish","type":"page","link":"https:\/\/thurzozoltan.com\/en\/journal\/my-published-articles\/","title":{"rendered":"My published work"},"content":{"rendered":"[et_pb_section admin_label=&#8221;Section&#8221; fullwidth=&#8221;on&#8221; specialty=&#8221;off&#8221; transparent_background=&#8221;on&#8221; background_color=&#8221;#ffffff&#8221; allow_player_pause=&#8221;off&#8221; inner_shadow=&#8221;off&#8221; parallax=&#8221;off&#8221; parallax_method=&#8221;off&#8221; padding_mobile=&#8221;off&#8221; make_fullwidth=&#8221;off&#8221; use_custom_width=&#8221;off&#8221; width_unit=&#8221;on&#8221; make_equal=&#8221;off&#8221; use_custom_gutter=&#8221;off&#8221;][et_pb_fullwidth_post_title admin_label=&#8221;Fullwidth Post Title&#8221; title=&#8221;on&#8221; meta=&#8221;off&#8221; author=&#8221;on&#8221; date=&#8221;on&#8221; categories=&#8221;on&#8221; comments=&#8221;on&#8221; featured_image=&#8221;off&#8221; featured_placement=&#8221;below&#8221; parallax_effect=&#8221;on&#8221; parallax_method=&#8221;on&#8221; text_orientation=&#8221;center&#8221; text_color=&#8221;dark&#8221; text_background=&#8221;off&#8221; text_bg_color=&#8221;rgba(255,255,255,0.9)&#8221; module_bg_color=&#8221;rgba(255,255,255,0)&#8221; title_font_size=&#8221;36&#8243; title_font_size_tablet=&#8221;29&#8243; title_font_size_phone=&#8221;20&#8243; title_font_size_last_edited=&#8221;on|phone&#8221; title_text_color=&#8221;#fee29b&#8221; title_all_caps=&#8221;off&#8221; use_border_color=&#8221;off&#8221; border_color=&#8221;#ffffff&#8221; border_style=&#8221;solid&#8221;] [\/et_pb_fullwidth_post_title][\/et_pb_section][et_pb_section admin_label=&#8221;section&#8221; transparent_background=&#8221;on&#8221; background_color=&#8221;#ffffff&#8221; allow_player_pause=&#8221;off&#8221; inner_shadow=&#8221;off&#8221; parallax=&#8221;off&#8221; parallax_method=&#8221;off&#8221; padding_mobile=&#8221;off&#8221; make_fullwidth=&#8221;off&#8221; use_custom_width=&#8221;off&#8221; width_unit=&#8221;on&#8221; make_equal=&#8221;off&#8221; use_custom_gutter=&#8221;off&#8221;][et_pb_row admin_label=&#8221;row&#8221; make_fullwidth=&#8221;off&#8221; use_custom_width=&#8221;off&#8221; width_unit=&#8221;on&#8221; use_custom_gutter=&#8221;off&#8221; padding_mobile=&#8221;off&#8221; background_color=&#8221;rgba(0,0,0,0)&#8221; allow_player_pause=&#8221;off&#8221; parallax=&#8221;off&#8221; parallax_method=&#8221;off&#8221; make_equal=&#8221;off&#8221; parallax_1=&#8221;off&#8221; parallax_method_1=&#8221;off&#8221; column_padding_mobile=&#8221;on&#8221;][et_pb_column type=&#8221;4_4&#8243;][et_pb_text admin_label=&#8221;Text&#8221; background_layout=&#8221;light&#8221; text_orientation=&#8221;left&#8221; use_border_color=&#8221;off&#8221; border_color=&#8221;#ffffff&#8221; border_style=&#8221;solid&#8221;]\n<p style=\"text-align: justify;\">Our thoughts consist of depth and perspective. In everybody\u2019s soul, thoughts are \u201ccrowding\u201d, thoughts to be shared with others which equals with revealing the inside in the most intimate, personal way possible.\u00a0<\/p>\n<p style=\"text-align: justify;\"><img loading=\"lazy\" decoding=\"async\" class=\"alignright wp-image-6210\" src=\"http:\/\/thurzozoltan.com\/wp-content\/uploads\/2016\/04\/Thurz\u00f3-Zolt\u00e1n.jpg\" alt=\"Thurz\u00f3 Zolt\u00e1n, Megjelent \u00edr\u00e1saim\" width=\"243\" height=\"432\" srcset=\"https:\/\/thurzozoltan.com\/wp-content\/uploads\/2016\/04\/Thurz\u00f3-Zolt\u00e1n.jpg 540w, https:\/\/thurzozoltan.com\/wp-content\/uploads\/2016\/04\/Thurz\u00f3-Zolt\u00e1n-169x300.jpg 169w\" sizes=\"auto, (max-width: 243px) 100vw, 243px\" \/>Our \u201cgrey everyday life\u201d could become colourful if we \u201cpassed\u201d to each other our knowledge, experiences.<\/p>\n<p style=\"text-align: justify;\">I wish to show everyone the way I see the world and the people in it.\u00a0The web page\u2019s visitor can read about values of the bygone epochs, history curiosities, reflections of the contemporary image. He can find not only new information about the past, but important modern events, as well.\u00a0To capture authenticity in every artistic field, including music, modesty and versatile orientation are mandatory.<\/p>\n<p style=\"text-align: justify;\">I am dedicated and committed to pass to others, in different ways, the events I consider important and interesting.\u00a0The desire for knowledge awakened in me by my ancestors and teachers encouraged my research work.\u00a0I am honoured to print, from time to time, in the columns of some newspapers or magazines results of such researches.\u00a0Every musical momentum is an \u201cencapsulated eternal message\u201d.<\/p>\n<p style=\"text-align: justify;\">However, to be able to reveal the message, the connection between composer and his public is very important.\u00a0It is the artist\u2019s responsibility, hence mine too, to conquer the audience through my performance, not just with the piano but the supporting information, as well.\u00a0With my press releases I tend to correct and clear up any possible errors in the history of music<\/p>\n<p style=\"text-align: justify;\">As a piano player, it is very important to me to strive for the pursuit of perfection, as well as to care for culture and musical culture.\u00a0As a local patriot, I owe it to myself to reveal the history of music from Oradea and retain family traditions.\u00a0I am the humble guardian of my beloved grandfather, Thurz\u00f3 S\u00e1ndo\u2019s legacy, and I hope that through my writing, I can pass this heritage to posterity.<\/p>\n<p style=\"text-align: justify;\">I believe that the culture, the teachings of historical moments can shape the lives of the present people.\u00a0My main goal is so \u201cspeak up\u201d and manage to enrich the lives of the people living in cities and of those willing to learn more about our culture and the one beyond borders.\u00a0Digital communication will never replace the private conversations, but these days, the IT world has produced open doors for the people to represent and share values.<\/p>\n<p style=\"text-align: justify;\">I wish my writings could inspire ideas able to create a bridge between past people and events and current people and events.<\/p>\n<p style=\"text-align: justify;\">\u00a0<\/p>\n[\/et_pb_text][et_pb_text admin_label=&#8221;Text&#8221; background_layout=&#8221;light&#8221; text_orientation=&#8221;left&#8221; use_border_color=&#8221;off&#8221; border_color=&#8221;#ffffff&#8221; border_style=&#8221;solid&#8221;]\n<h3>About the \u201cMichael Haydn-Wenzel Pichl- Karl Ditters von Dittersdorf\u201d Festival<\/h3>\n<table border=\"1\" width=\"100%\">\n<tbody>\n<tr style=\"height: 23px;\">\n<th style=\"height: 23px;\" scope=\"col\">Title<\/th>\n<th style=\"height: 23px;\" scope=\"col\">Date of publication<\/th>\n<th style=\"height: 23px;\" scope=\"col\">Press<\/th>\n<th style=\"height: 23px;\" scope=\"col\">Language<\/th>\n<\/tr>\n<tr style=\"height: 23.6px;\">\n<td style=\"height: 23.6px;\"><a href=\"http:\/\/thurzozoltan.com\/en\/orizni-kell-a-kulturalis-szellemi-orokseget\/\">The cultural heritage must be treasured<\/a><\/td>\n<td style=\"height: 23.6px;\">October 8, 2010<\/td>\n<td style=\"height: 23.6px;\">Bihari Napl\u00f3<\/td>\n<td style=\"height: 23.6px;\">Hungarian<\/td>\n<\/tr>\n<tr style=\"height: 23px;\">\n<td style=\"height: 23px;\"><a href=\"http:\/\/thurzozoltan.com\/en\/nemzetkozi-rangra-emelni-nagyvarad-zenei-eletet\/\">Raising the musical life of Oradea to an international level<\/a><\/td>\n<td style=\"height: 23px;\">October 12, 2010<\/td>\n<td style=\"height: 23px;\">Bihari Napl\u00f3<\/td>\n<td style=\"height: 23px;\">Hungarian<\/td>\n<\/tr>\n<tr style=\"height: 23px;\">\n<td style=\"height: 23px;\"><a href=\"http:\/\/thurzozoltan.com\/en\/michael-haydn-patachich-adam-puspok-komponistaja\/\">Michael Haydn \u2013 Bishop \u00c1d\u00e1m Patachich\u2019s composer<\/a><\/td>\n<td style=\"height: 23px;\">October 13, 2010<\/td>\n<td style=\"height: 23px;\">Bihari Napl\u00f3<\/td>\n<td style=\"height: 23px;\">Hungarian<\/td>\n<\/tr>\n<tr style=\"height: 23px;\">\n<td style=\"height: 23px;\"><a href=\"http:\/\/thurzozoltan.com\/en\/dittersdorf-fontos-szerepe-a-varadi-klasszikus-zene-fejlodeseben\/\"> Dittersdorf\u2019s important part in the development of classical music in Oradea<\/a><\/td>\n<td style=\"height: 23px;\">October 14, 2010<\/td>\n<td style=\"height: 23px;\">Bihari Napl\u00f3<\/td>\n<td style=\"height: 23px;\">Hungarian<\/td>\n<\/tr>\n<tr style=\"height: 23px;\">\n<td style=\"height: 23px;\"><a href=\"http:\/\/thurzozoltan.com\/en\/karl-ditters-von-dittersdorf-nagyvaradi-munkassagarol\/\"> About Karl Ditters von Dittersdorf\u2019s work in Oradea<\/a><\/td>\n<td style=\"height: 23px;\">October 15, 2010<\/td>\n<td style=\"height: 23px;\">Bihari Napl\u00f3<\/td>\n<td style=\"height: 23px;\">Hungarian<\/td>\n<\/tr>\n<tr style=\"height: 23px;\">\n<td style=\"height: 23px;\"><a href=\"http:\/\/thurzozoltan.com\/en\/wenzel-pichl-zeneszerzo-nagyvaradi-tartozkodasarol\/\">Time spent by composer Wenzel Pichl in Oradea<\/a><\/td>\n<td style=\"height: 23px;\">October 16, 2010<\/td>\n<td style=\"height: 23px;\">Bihari Napl\u00f3<\/td>\n<td style=\"height: 23px;\">Hungarian<\/td>\n<\/tr>\n<\/tbody>\n<\/table>\n<p>&nbsp;<\/p>\n<table border=\"1\" width=\"100%\">\n<tbody>\n<tr>\n<th style=\"width: 53.5513%;\" scope=\"col\">Title<\/th>\n<th style=\"width: 21.954%;\" scope=\"col\">Date of publication<\/th>\n<th style=\"width: 21.7598%;\" scope=\"col\">Press<\/th>\n<th style=\"width: 21.7598%;\" scope=\"col\">Language<\/th>\n<\/tr>\n<tr>\n<td style=\"width: 53.5513%;\"><a href=\"http:\/\/thurzozoltan.com\/en\/megint-szegenyebbek-lettunk-elhunyt-varga-vilmos-szinmuvesz\/\" class=\"broken_link\">Once again we are smaller, actor Vilmos Varga has died<\/a><\/td>\n<td style=\"width: 21.954%;\">July 12, 2016<\/td>\n<td style=\"width: 21.7598%;\">Bihari Napl\u00f3<\/td>\n<td style=\"width: 21.7598%;\">Hungarian<\/td>\n<\/tr>\n<\/tbody>\n<\/table>\n<p>&nbsp;<\/p>\n[\/et_pb_text][\/et_pb_column][\/et_pb_row][et_pb_row admin_label=&#8221;Row&#8221;][et_pb_column type=&#8221;4_4&#8243;][et_pb_divider admin_label=&#8221;Divider&#8221; color=&#8221;#ffffff&#8221; show_divider=&#8221;off&#8221; height=&#8221;100&#8243; divider_style=&#8221;solid&#8221; divider_position=&#8221;top&#8221; hide_on_mobile=&#8221;on&#8221;] [\/et_pb_divider][\/et_pb_column][\/et_pb_row][\/et_pb_section]\n","protected":false},"excerpt":{"rendered":"<p>[et_pb_section admin_label=&#8221;Section&#8221; fullwidth=&#8221;on&#8221; specialty=&#8221;off&#8221; transparent_background=&#8221;on&#8221; background_color=&#8221;#ffffff&#8221; allow_player_pause=&#8221;off&#8221; inner_shadow=&#8221;off&#8221; parallax=&#8221;off&#8221; parallax_method=&#8221;off&#8221; padding_mobile=&#8221;off&#8221; make_fullwidth=&#8221;off&#8221; use_custom_width=&#8221;off&#8221; width_unit=&#8221;on&#8221; make_equal=&#8221;off&#8221; use_custom_gutter=&#8221;off&#8221;][et_pb_fullwidth_post_title admin_label=&#8221;Fullwidth Post Title&#8221; title=&#8221;on&#8221; meta=&#8221;off&#8221; author=&#8221;on&#8221; date=&#8221;on&#8221; categories=&#8221;on&#8221; comments=&#8221;on&#8221; featured_image=&#8221;off&#8221; featured_placement=&#8221;below&#8221; parallax_effect=&#8221;on&#8221; parallax_method=&#8221;on&#8221; text_orientation=&#8221;center&#8221; text_color=&#8221;dark&#8221; text_background=&#8221;off&#8221; text_bg_color=&#8221;rgba(255,255,255,0.9)&#8221; module_bg_color=&#8221;rgba(255,255,255,0)&#8221; title_font_size=&#8221;36&#8243; title_font_size_tablet=&#8221;29&#8243; title_font_size_phone=&#8221;20&#8243; title_font_size_last_edited=&#8221;on|phone&#8221; title_text_color=&#8221;#fee29b&#8221; title_all_caps=&#8221;off&#8221; use_border_color=&#8221;off&#8221; border_color=&#8221;#ffffff&#8221; border_style=&#8221;solid&#8221;] [\/et_pb_fullwidth_post_title][\/et_pb_section][et_pb_section admin_label=&#8221;section&#8221; transparent_background=&#8221;on&#8221; background_color=&#8221;#ffffff&#8221; allow_player_pause=&#8221;off&#8221; inner_shadow=&#8221;off&#8221; parallax=&#8221;off&#8221; parallax_method=&#8221;off&#8221; padding_mobile=&#8221;off&#8221; make_fullwidth=&#8221;off&#8221; use_custom_width=&#8221;off&#8221; width_unit=&#8221;on&#8221; [&hellip;]<\/p>\n","protected":false},"author":1,"featured_media":0,"parent":2928,"menu_order":0,"comment_status":"closed","ping_status":"closed","template":"","meta":{"footnotes":""},"class_list":["post-2629","page","type-page","status-publish","hentry"],"_links":{"self":[{"href":"https:\/\/thurzozoltan.com\/en\/wp-json\/wp\/v2\/pages\/2629","targetHints":{"allow":["GET"]}}],"collection":[{"href":"https:\/\/thurzozoltan.com\/en\/wp-json\/wp\/v2\/pages"}],"about":[{"href":"https:\/\/thurzozoltan.com\/en\/wp-json\/wp\/v2\/types\/page"}],"author":[{"embeddable":true,"href":"https:\/\/thurzozoltan.com\/en\/wp-json\/wp\/v2\/users\/1"}],"replies":[{"embeddable":true,"href":"https:\/\/thurzozoltan.com\/en\/wp-json\/wp\/v2\/comments?post=2629"}],"version-history":[{"count":11,"href":"https:\/\/thurzozoltan.com\/en\/wp-json\/wp\/v2\/pages\/2629\/revisions"}],"predecessor-version":[{"id":9414,"href":"https:\/\/thurzozoltan.com\/en\/wp-json\/wp\/v2\/pages\/2629\/revisions\/9414"}],"up":[{"embeddable":true,"href":"https:\/\/thurzozoltan.com\/en\/wp-json\/wp\/v2\/pages\/2928"}],"wp:attachment":[{"href":"https:\/\/thurzozoltan.com\/en\/wp-json\/wp\/v2\/media?parent=2629"}],"curies":[{"name":"wp","href":"https:\/\/api.w.org\/{rel}","templated":true}]}}