{"id":2896,"date":"2016-05-18T07:17:19","date_gmt":"2016-05-18T07:17:19","guid":{"rendered":"http:\/\/thurzozoltan.com\/en\/?page_id=2896"},"modified":"2016-10-07T21:18:58","modified_gmt":"2016-10-07T21:18:58","slug":"kozonseg-velemeny","status":"publish","type":"page","link":"https:\/\/thurzozoltan.com\/en\/journal\/kozonseg-velemeny\/","title":{"rendered":"The audience\u2019s reviews"},"content":{"rendered":"[et_pb_section admin_label=&#8221;Section&#8221; fullwidth=&#8221;on&#8221; specialty=&#8221;off&#8221; transparent_background=&#8221;on&#8221; background_color=&#8221;#ffffff&#8221; allow_player_pause=&#8221;off&#8221; inner_shadow=&#8221;off&#8221; parallax=&#8221;off&#8221; parallax_method=&#8221;off&#8221; padding_mobile=&#8221;off&#8221; make_fullwidth=&#8221;off&#8221; use_custom_width=&#8221;off&#8221; width_unit=&#8221;on&#8221; make_equal=&#8221;off&#8221; use_custom_gutter=&#8221;off&#8221;][et_pb_fullwidth_post_title admin_label=&#8221;Fullwidth Post Title&#8221; title=&#8221;on&#8221; meta=&#8221;off&#8221; author=&#8221;on&#8221; date=&#8221;on&#8221; categories=&#8221;on&#8221; comments=&#8221;on&#8221; featured_image=&#8221;off&#8221; featured_placement=&#8221;below&#8221; parallax_effect=&#8221;on&#8221; parallax_method=&#8221;on&#8221; text_orientation=&#8221;center&#8221; text_color=&#8221;dark&#8221; text_background=&#8221;off&#8221; text_bg_color=&#8221;rgba(255,255,255,0.9)&#8221; module_bg_color=&#8221;rgba(255,255,255,0)&#8221; title_font_size=&#8221;36&#8243; title_font_size_tablet=&#8221;29&#8243; title_font_size_phone=&#8221;20&#8243; title_font_size_last_edited=&#8221;on|phone&#8221; title_text_color=&#8221;#fee29b&#8221; title_all_caps=&#8221;off&#8221; use_border_color=&#8221;off&#8221; border_color=&#8221;#ffffff&#8221; border_style=&#8221;solid&#8221;] [\/et_pb_fullwidth_post_title][\/et_pb_section][et_pb_section admin_label=&#8221;section&#8221; transparent_background=&#8221;on&#8221; background_color=&#8221;#ffffff&#8221; allow_player_pause=&#8221;off&#8221; inner_shadow=&#8221;off&#8221; parallax=&#8221;off&#8221; parallax_method=&#8221;off&#8221; padding_mobile=&#8221;off&#8221; make_fullwidth=&#8221;off&#8221; use_custom_width=&#8221;off&#8221; width_unit=&#8221;on&#8221; make_equal=&#8221;off&#8221; use_custom_gutter=&#8221;off&#8221;][et_pb_row admin_label=&#8221;Row&#8221; make_fullwidth=&#8221;off&#8221; use_custom_width=&#8221;off&#8221; width_unit=&#8221;on&#8221; use_custom_gutter=&#8221;off&#8221; padding_mobile=&#8221;off&#8221; allow_player_pause=&#8221;off&#8221; parallax=&#8221;off&#8221; parallax_method=&#8221;off&#8221; make_equal=&#8221;off&#8221; parallax_1=&#8221;off&#8221; parallax_method_1=&#8221;off&#8221; column_padding_mobile=&#8221;on&#8221; custom_padding=&#8221;0px|||&#8221;][et_pb_column type=&#8221;4_4&#8243;][et_pb_text admin_label=&#8221;Text&#8221; background_layout=&#8221;light&#8221; text_orientation=&#8221;left&#8221; use_border_color=&#8221;off&#8221; border_color=&#8221;#ffffff&#8221; border_style=&#8221;solid&#8221;]\n<p style=\"text-align: justify;\">In past and present time, the public\u2019s point of view has always counted.<\/p>\n<p style=\"text-align: justify;\">The \u201carchitect\u2019s\u201d biggest desire is to create something for eternity.\u00a0Ever since childhood, when thinking begins to make sense, feed-back starts to be very important for all of us.\u00a0Even when we pushed the limits with our behaviour, even when we felt we had done something enjoyable, we wished the entourage accepted it with praise.\u00a0It is important throughout our work to receive negative comments and positive feed-back at the right time, because this can lay down the real foundation and scale of values in our lives.<\/p>\n<p style=\"text-align: justify;\"><img loading=\"lazy\" decoding=\"async\" class=\"size-medium wp-image-6217 alignright\" src=\"http:\/\/thurzozoltan.com\/wp-content\/uploads\/2016\/05\/K\u00f6z\u00f6ns\u00e9g-300x200.jpg\" alt=\"K\u00f6z\u00f6ns\u00e9g\" width=\"300\" height=\"200\" srcset=\"https:\/\/thurzozoltan.com\/wp-content\/uploads\/2016\/05\/K\u00f6z\u00f6ns\u00e9g-300x200.jpg 300w, https:\/\/thurzozoltan.com\/wp-content\/uploads\/2016\/05\/K\u00f6z\u00f6ns\u00e9g-768x512.jpg 768w, https:\/\/thurzozoltan.com\/wp-content\/uploads\/2016\/05\/K\u00f6z\u00f6ns\u00e9g-1024x683.jpg 1024w, https:\/\/thurzozoltan.com\/wp-content\/uploads\/2016\/05\/K\u00f6z\u00f6ns\u00e9g-1080x720.jpg 1080w\" sizes=\"auto, (max-width: 300px) 100vw, 300px\" \/>For the performer, in general, and the musician in particular, it is very important to be able to appreciate correctly, after the concert and through this experience, the feed-back from his public. Part of the art training is to build up sensitivity, since a skilled artist can provide experiences and become credible.\u00a0Since there are not two absolutely identical people, we will not have two identical points of view or opinions.\u00a0The essence of an artistic production, regarding that is a poem, painting, theatrical performance or a concert, is to reach its goal, as in, through the privileged artist, to get to the respected public.\u00a0The vast majority of people need to gather around culture.\u00a0<\/p>\n<p style=\"text-align: justify;\"><img loading=\"lazy\" decoding=\"async\" class=\"size-medium wp-image-6221 alignleft\" src=\"http:\/\/thurzozoltan.com\/wp-content\/uploads\/2016\/05\/K\u00f6z\u00f6ns\u00e9g-1-300x199.jpg\" alt=\"K\u00f6z\u00f6ns\u00e9g\" width=\"300\" height=\"199\" srcset=\"https:\/\/thurzozoltan.com\/wp-content\/uploads\/2016\/05\/K\u00f6z\u00f6ns\u00e9g-1-300x199.jpg 300w, https:\/\/thurzozoltan.com\/wp-content\/uploads\/2016\/05\/K\u00f6z\u00f6ns\u00e9g-1-768x509.jpg 768w, https:\/\/thurzozoltan.com\/wp-content\/uploads\/2016\/05\/K\u00f6z\u00f6ns\u00e9g-1-1024x678.jpg 1024w, https:\/\/thurzozoltan.com\/wp-content\/uploads\/2016\/05\/K\u00f6z\u00f6ns\u00e9g-1-1080x715.jpg 1080w\" sizes=\"auto, (max-width: 300px) 100vw, 300px\" \/>Any personal experience gathers them at concerts. Obviously, we should not overlook the fact that the public\u2019s point of view at the end is important, regardless of its nature.\u00a0The importance and strength of building up the community lies in this.\u00a0During my concerts, I strive to be better prepared and pass with modesty all the knowledge at my disposal.\u00a0The public\u2019s positive point of view always makes me enthusiastic, inspires me, implicitly, with the power of applause or an intimate moment of silence.\u00a0Cathartic experience is every artist\u2019s dream on every concert, its lack on the other hand, may count as a point of view also, which is worth a lesson to look into the future constructively.\u00a0\u00a0\u00a0<\/p>\n<p style=\"text-align: justify;\">Evolution might be an on-going process as long as criticism redefines our scale of values, making us strive for more, better experiences to give to our public.<\/p>\n<p style=\"text-align: justify;\">These \u201clived\/gone through experiences\u201d are gathered inside these albums.<\/p>\n<p style=\"text-align: justify;\"><strong>\u2026\u2026\u2026\u2026\u2026\u2026\u2026\u2026\u2026\u2026\u2026\u2026\u2026\u2026\u2026\u2026\u2026\u2026\u2026\u2026\u2026\u2026\u2026\u2026\u2026\u2026\u2026\u2026\u2026\u2026\u2026\u2026\u2026\u2026\u2026\u2026\u2026\u2026\u2026\u2026\u2026\u2026\u2026\u2026\u2026\u2026\u2026\u2026\u2026\u2026\u2026\u2026\u2026\u2026\u2026\u2026\u2026\u2026\u2026\u2026<\/strong><\/p>\n<p>&nbsp;<\/p>\n[\/et_pb_text][et_pb_blog admin_label=&#8221;Blog&#8221; fullwidth=&#8221;off&#8221; posts_number=&#8221;20&#8243; include_categories=&#8221;8&#8243; show_thumbnail=&#8221;on&#8221; show_content=&#8221;off&#8221; show_more=&#8221;off&#8221; show_author=&#8221;off&#8221; show_date=&#8221;off&#8221; show_categories=&#8221;off&#8221; show_comments=&#8221;off&#8221; show_pagination=&#8221;on&#8221; offset_number=&#8221;0&#8243; use_overlay=&#8221;on&#8221; background_layout=&#8221;light&#8221; use_dropshadow=&#8221;on&#8221; use_border_color=&#8221;off&#8221; border_color=&#8221;#fee290&#8243; border_style=&#8221;solid&#8221; meta_date=&#8221;Y M j &#8221; overlay_icon_color=&#8221;#fee290&#8243; hover_overlay_color=&#8221;rgba(254,226,144,0.44)&#8221; masonry_tile_background_color=&#8221;rgba(255,255,255,0)&#8221;] [\/et_pb_blog][\/et_pb_column][\/et_pb_row][\/et_pb_section]\n","protected":false},"excerpt":{"rendered":"<p>[et_pb_section admin_label=&#8221;Section&#8221; fullwidth=&#8221;on&#8221; specialty=&#8221;off&#8221; transparent_background=&#8221;on&#8221; background_color=&#8221;#ffffff&#8221; allow_player_pause=&#8221;off&#8221; inner_shadow=&#8221;off&#8221; parallax=&#8221;off&#8221; parallax_method=&#8221;off&#8221; padding_mobile=&#8221;off&#8221; make_fullwidth=&#8221;off&#8221; use_custom_width=&#8221;off&#8221; width_unit=&#8221;on&#8221; make_equal=&#8221;off&#8221; use_custom_gutter=&#8221;off&#8221;][et_pb_fullwidth_post_title admin_label=&#8221;Fullwidth Post Title&#8221; title=&#8221;on&#8221; meta=&#8221;off&#8221; author=&#8221;on&#8221; date=&#8221;on&#8221; categories=&#8221;on&#8221; comments=&#8221;on&#8221; featured_image=&#8221;off&#8221; featured_placement=&#8221;below&#8221; parallax_effect=&#8221;on&#8221; parallax_method=&#8221;on&#8221; text_orientation=&#8221;center&#8221; text_color=&#8221;dark&#8221; text_background=&#8221;off&#8221; text_bg_color=&#8221;rgba(255,255,255,0.9)&#8221; module_bg_color=&#8221;rgba(255,255,255,0)&#8221; title_font_size=&#8221;36&#8243; title_font_size_tablet=&#8221;29&#8243; title_font_size_phone=&#8221;20&#8243; title_font_size_last_edited=&#8221;on|phone&#8221; title_text_color=&#8221;#fee29b&#8221; title_all_caps=&#8221;off&#8221; use_border_color=&#8221;off&#8221; border_color=&#8221;#ffffff&#8221; border_style=&#8221;solid&#8221;] [\/et_pb_fullwidth_post_title][\/et_pb_section][et_pb_section admin_label=&#8221;section&#8221; transparent_background=&#8221;on&#8221; background_color=&#8221;#ffffff&#8221; allow_player_pause=&#8221;off&#8221; inner_shadow=&#8221;off&#8221; parallax=&#8221;off&#8221; parallax_method=&#8221;off&#8221; padding_mobile=&#8221;off&#8221; make_fullwidth=&#8221;off&#8221; use_custom_width=&#8221;off&#8221; width_unit=&#8221;on&#8221; [&hellip;]<\/p>\n","protected":false},"author":1,"featured_media":0,"parent":2928,"menu_order":0,"comment_status":"closed","ping_status":"closed","template":"","meta":{"footnotes":""},"class_list":["post-2896","page","type-page","status-publish","hentry"],"_links":{"self":[{"href":"https:\/\/thurzozoltan.com\/en\/wp-json\/wp\/v2\/pages\/2896","targetHints":{"allow":["GET"]}}],"collection":[{"href":"https:\/\/thurzozoltan.com\/en\/wp-json\/wp\/v2\/pages"}],"about":[{"href":"https:\/\/thurzozoltan.com\/en\/wp-json\/wp\/v2\/types\/page"}],"author":[{"embeddable":true,"href":"https:\/\/thurzozoltan.com\/en\/wp-json\/wp\/v2\/users\/1"}],"replies":[{"embeddable":true,"href":"https:\/\/thurzozoltan.com\/en\/wp-json\/wp\/v2\/comments?post=2896"}],"version-history":[{"count":5,"href":"https:\/\/thurzozoltan.com\/en\/wp-json\/wp\/v2\/pages\/2896\/revisions"}],"predecessor-version":[{"id":9065,"href":"https:\/\/thurzozoltan.com\/en\/wp-json\/wp\/v2\/pages\/2896\/revisions\/9065"}],"up":[{"embeddable":true,"href":"https:\/\/thurzozoltan.com\/en\/wp-json\/wp\/v2\/pages\/2928"}],"wp:attachment":[{"href":"https:\/\/thurzozoltan.com\/en\/wp-json\/wp\/v2\/media?parent=2896"}],"curies":[{"name":"wp","href":"https:\/\/api.w.org\/{rel}","templated":true}]}}