{"id":6463,"date":"2016-04-19T13:43:14","date_gmt":"2016-04-19T13:43:14","guid":{"rendered":"http:\/\/thurzozoltan.com\/fr\/fenykepek\/"},"modified":"2016-10-14T08:02:06","modified_gmt":"2016-10-14T08:02:06","slug":"fenykepek","status":"publish","type":"page","link":"https:\/\/thurzozoltan.com\/fr\/fenykepek\/","title":{"rendered":"Photos"},"content":{"rendered":"[et_pb_section admin_label=&#8221;section&#8221; transparent_background=&#8221;on&#8221; background_color=&#8221;#ffffff&#8221; allow_player_pause=&#8221;off&#8221; inner_shadow=&#8221;off&#8221; parallax=&#8221;off&#8221; parallax_method=&#8221;off&#8221; padding_mobile=&#8221;off&#8221; make_fullwidth=&#8221;off&#8221; use_custom_width=&#8221;off&#8221; width_unit=&#8221;on&#8221; make_equal=&#8221;off&#8221; use_custom_gutter=&#8221;off&#8221;][et_pb_row admin_label=&#8221;Row&#8221; make_fullwidth=&#8221;off&#8221; use_custom_width=&#8221;off&#8221; width_unit=&#8221;on&#8221; use_custom_gutter=&#8221;off&#8221; padding_mobile=&#8221;off&#8221; allow_player_pause=&#8221;off&#8221; parallax=&#8221;off&#8221; parallax_method=&#8221;off&#8221; make_equal=&#8221;off&#8221; parallax_1=&#8221;off&#8221; parallax_method_1=&#8221;off&#8221; column_padding_mobile=&#8221;on&#8221; custom_padding=&#8221;0px|||&#8221;][et_pb_column type=&#8221;4_4&#8243;][et_pb_text admin_label=&#8221;Text&#8221; background_layout=&#8221;light&#8221; text_orientation=&#8221;center&#8221; use_border_color=&#8221;off&#8221; border_color=&#8221;#ffffff&#8221; border_style=&#8221;solid&#8221;]\n<h1>Les spectacles offerts pour les organisateurs<\/h1>\n[\/et_pb_text][et_pb_text admin_label=&#8221;Text&#8221; background_layout=&#8221;light&#8221; text_orientation=&#8221;left&#8221; use_border_color=&#8221;off&#8221; border_color=&#8221;#ffffff&#8221; border_style=&#8221;solid&#8221;]\n<p style=\"text-align: center;\"><em>La musique n\u2019est pas autre chose qu\u2019un langage artistique.\u00a0 (J.J.Quantz)<\/em><\/p>\n<p style=\"text-align: justify;\">Thurzo Zoltan est capable de changer notre\u00a0 perception de la musique s\u00e9rieuse, des pi\u00e8ces pour piano des beaut\u00e9s illimit\u00e9s et compositeurs.<\/p>\n<p style=\"text-align: justify;\">Filtr\u00e9 par sa propre personnalit\u00e9 m\u00eame am\u00e8ne plus proche de visitateurs du concert donn\u00e9 par pi\u00e8ces de piano d\u2019\u00e9tats d\u2019esprit personnelles et bien sur eux m\u00eame compositeurs, tout en d\u00e9clarant la naissance des histoires circonstances &#8211; et en profitant des excellences comp\u00e9tences de communication avec le publique et constamment\u00a0 coupl\u00e9 au fil du concert.<\/p>\n<p style=\"text-align: justify;\">Les concertes ind\u00e9pendants de piano sont souvent de nature\u00a0,,one man show,, ou souvent il laisse meme son instrument expliquant au long de ses promenades parmi les rangs des histoires surprenantes en m\u00e9morant les esprites de musique per\u00e7ues comme intouchables.\u00a0Nous savons que la musique est la caricature la plus int\u00e9rieure du compositeur de musique \u00e0 travers laquelle on connait la grandeur spirituelle, la nature, la personnalit\u00e9.<\/p>\n<p style=\"text-align: justify;\">Il a des spectacles sp\u00e9ciaux qui font appel \u00e0 l\u2019aventure musicale.\u00a0Il savoure la musique et tout est associ\u00e9 \u00e0 elle. Cette chose par sa naturalit\u00e9 intuitive impr\u00e8gne dans chaque spectacle.\u00a0\u00a0<\/p>\n<p style=\"text-align: justify;\">Ce n\u2019est pas un secret l\u2019intention de toucher le publique des tribunes (adultes et aussi des enfants) de ce qui transmet les pi\u00e8ces de piano interpr\u00e9t\u00e9s ce qui represente pour un artiste le cotidien\u00a0: le monde mist\u00e9rieuse de la musique mais aussi l\u2019investigation des evenements trouv\u00e9s deriere les scenes.<\/p>\n<p style=\"text-align: justify;\">Les plus baux souvenirs sont stock\u00e9s de la musique dans les \u00e9tats d\u2019esprit de tous les meilleurs portraitistes.<\/p>\n<p style=\"text-align: justify;\">La musique mais aussi la sensibilit\u00e9 est essentielle pour la revitalisation des \u0153uvres musicales en ce qui concerne la transmission\u00a0 d\u2019informations de fond sur le publique. La musicale pr\u00e9sente des histoires comme les contes, humour. Son objectif avec ceci est que la promesse de divertissement tout au long de l\u2019audience\u00a0plus ouverte, plus interesante, plus compl\u00e8te, de devenir plus sensible de point de vu social.<\/p>\n<p style=\"text-align: justify;\">Apr\u00e8s les\u00a0,,activit\u00e9s,, qui ont\u00a0\u00a0 sur base la cr\u00e9ativit\u00e9 musicale, les visitateurs du concert rentrent \u00e0 la maison avec un ,,surplus,, et apr\u00e8s cette exp\u00e9rience, hors du plaisir d\u2019\u00e9couter la musique, le spectacle reste avec les informations obtenus, avec les \u00e9venements annex\u00e9s, avec les pens\u00e9s form\u00e9es. \u00a0<\/p>\n<p style=\"text-align: justify;\">\u00a0<\/p>\n[\/et_pb_text][et_pb_blog admin_label=&#8221;Blog&#8221; fullwidth=&#8221;off&#8221; posts_number=&#8221;20&#8243; include_categories=&#8221;9&#8243; show_thumbnail=&#8221;on&#8221; show_content=&#8221;off&#8221; show_more=&#8221;off&#8221; show_author=&#8221;off&#8221; show_date=&#8221;off&#8221; show_categories=&#8221;off&#8221; show_comments=&#8221;off&#8221; show_pagination=&#8221;on&#8221; offset_number=&#8221;0&#8243; use_overlay=&#8221;on&#8221; background_layout=&#8221;light&#8221; use_dropshadow=&#8221;on&#8221; use_border_color=&#8221;off&#8221; border_color=&#8221;#fee290&#8243; border_style=&#8221;solid&#8221; meta_date=&#8221;Y M j &#8221; overlay_icon_color=&#8221;#fee290&#8243; hover_overlay_color=&#8221;rgba(254,226,144,0.44)&#8221; masonry_tile_background_color=&#8221;rgba(255,255,255,0)&#8221; header_font_size=&#8221;16&#8243;] [\/et_pb_blog][\/et_pb_column][\/et_pb_row][et_pb_row admin_label=&#8221;Row&#8221; make_fullwidth=&#8221;off&#8221; use_custom_width=&#8221;off&#8221; width_unit=&#8221;on&#8221; use_custom_gutter=&#8221;off&#8221; padding_mobile=&#8221;off&#8221; allow_player_pause=&#8221;off&#8221; parallax=&#8221;off&#8221; parallax_method=&#8221;off&#8221; make_equal=&#8221;off&#8221; parallax_1=&#8221;off&#8221; parallax_method_1=&#8221;off&#8221; column_padding_mobile=&#8221;on&#8221; custom_padding=&#8221;0px|||&#8221;][et_pb_column type=&#8221;4_4&#8243;][et_pb_text admin_label=&#8221;Text&#8221; background_layout=&#8221;light&#8221; text_orientation=&#8221;center&#8221; use_border_color=&#8221;off&#8221; border_color=&#8221;#ffffff&#8221; border_style=&#8221;solid&#8221;]\n<h1>Photos sur autres presentations<\/h1>\n[\/et_pb_text][et_pb_blog admin_label=&#8221;Blog&#8221; fullwidth=&#8221;off&#8221; posts_number=&#8221;20&#8243; include_categories=&#8221;6&#8243; show_thumbnail=&#8221;on&#8221; show_content=&#8221;off&#8221; show_more=&#8221;off&#8221; show_author=&#8221;off&#8221; show_date=&#8221;off&#8221; show_categories=&#8221;off&#8221; show_comments=&#8221;off&#8221; show_pagination=&#8221;on&#8221; offset_number=&#8221;0&#8243; use_overlay=&#8221;on&#8221; background_layout=&#8221;light&#8221; use_dropshadow=&#8221;on&#8221; use_border_color=&#8221;off&#8221; border_color=&#8221;#fee290&#8243; border_style=&#8221;solid&#8221; meta_date=&#8221;Y M j &#8221; overlay_icon_color=&#8221;#fee290&#8243; hover_overlay_color=&#8221;rgba(254,226,144,0.44)&#8221; masonry_tile_background_color=&#8221;rgba(255,255,255,0)&#8221; header_font_size=&#8221;16&#8243;] [\/et_pb_blog][\/et_pb_column][\/et_pb_row][et_pb_row admin_label=&#8221;Row&#8221; make_fullwidth=&#8221;off&#8221; use_custom_width=&#8221;off&#8221; width_unit=&#8221;on&#8221; use_custom_gutter=&#8221;off&#8221; padding_mobile=&#8221;off&#8221; allow_player_pause=&#8221;off&#8221; parallax=&#8221;off&#8221; parallax_method=&#8221;off&#8221; make_equal=&#8221;off&#8221; parallax_1=&#8221;off&#8221; parallax_method_1=&#8221;off&#8221; column_padding_mobile=&#8221;on&#8221; custom_padding=&#8221;0px|||&#8221;][et_pb_column type=&#8221;4_4&#8243;][et_pb_text admin_label=&#8221;Text&#8221; background_layout=&#8221;light&#8221; text_orientation=&#8221;center&#8221; use_border_color=&#8221;off&#8221; border_color=&#8221;#ffffff&#8221; border_style=&#8221;solid&#8221;]\n<h1>Les photographies de profil<\/h1>\n[\/et_pb_text][et_pb_text admin_label=&#8221;Text&#8221; background_layout=&#8221;light&#8221; text_orientation=&#8221;left&#8221; use_border_color=&#8221;off&#8221; border_color=&#8221;#ffffff&#8221; border_style=&#8221;solid&#8221;]\n<p>Mat\u00e9riales de fond photographique.<\/p>\n<p>Les photographies qui peuvent \u00eatre trouv\u00e9s ici pour la presse sont disponibles et peuvent \u00eatre d\u00e9charg\u00e9s \u00e0 une haute r\u00e9solution.<\/p>\n<p>&nbsp;<\/p>\n[\/et_pb_text][et_pb_blog admin_label=&#8221;Blog&#8221; fullwidth=&#8221;off&#8221; posts_number=&#8221;20&#8243; include_categories=&#8221;10&#8243; show_thumbnail=&#8221;on&#8221; show_content=&#8221;off&#8221; show_more=&#8221;off&#8221; show_author=&#8221;off&#8221; show_date=&#8221;off&#8221; show_categories=&#8221;off&#8221; show_comments=&#8221;off&#8221; show_pagination=&#8221;on&#8221; offset_number=&#8221;0&#8243; use_overlay=&#8221;on&#8221; background_layout=&#8221;light&#8221; use_dropshadow=&#8221;on&#8221; use_border_color=&#8221;off&#8221; border_color=&#8221;#fee290&#8243; border_style=&#8221;solid&#8221; meta_date=&#8221;Y M j &#8221; overlay_icon_color=&#8221;#fee290&#8243; hover_overlay_color=&#8221;rgba(254,226,144,0.44)&#8221; masonry_tile_background_color=&#8221;rgba(255,255,255,0)&#8221; header_font_size=&#8221;16&#8243;] [\/et_pb_blog][\/et_pb_column][\/et_pb_row][\/et_pb_section]\n","protected":false},"excerpt":{"rendered":"<p>[et_pb_section admin_label=&#8221;section&#8221; transparent_background=&#8221;on&#8221; background_color=&#8221;#ffffff&#8221; allow_player_pause=&#8221;off&#8221; inner_shadow=&#8221;off&#8221; parallax=&#8221;off&#8221; parallax_method=&#8221;off&#8221; padding_mobile=&#8221;off&#8221; make_fullwidth=&#8221;off&#8221; use_custom_width=&#8221;off&#8221; width_unit=&#8221;on&#8221; make_equal=&#8221;off&#8221; use_custom_gutter=&#8221;off&#8221;][et_pb_row admin_label=&#8221;Row&#8221; make_fullwidth=&#8221;off&#8221; use_custom_width=&#8221;off&#8221; width_unit=&#8221;on&#8221; use_custom_gutter=&#8221;off&#8221; padding_mobile=&#8221;off&#8221; allow_player_pause=&#8221;off&#8221; parallax=&#8221;off&#8221; parallax_method=&#8221;off&#8221; make_equal=&#8221;off&#8221; parallax_1=&#8221;off&#8221; parallax_method_1=&#8221;off&#8221; column_padding_mobile=&#8221;on&#8221; custom_padding=&#8221;0px|||&#8221;][et_pb_column type=&#8221;4_4&#8243;][et_pb_text admin_label=&#8221;Text&#8221; background_layout=&#8221;light&#8221; text_orientation=&#8221;center&#8221; use_border_color=&#8221;off&#8221; border_color=&#8221;#ffffff&#8221; border_style=&#8221;solid&#8221;] Les spectacles offerts pour les organisateurs [\/et_pb_text][et_pb_text admin_label=&#8221;Text&#8221; background_layout=&#8221;light&#8221; text_orientation=&#8221;left&#8221; use_border_color=&#8221;off&#8221; border_color=&#8221;#ffffff&#8221; border_style=&#8221;solid&#8221;] La musique n\u2019est pas autre chose qu\u2019un [&hellip;]<\/p>\n","protected":false},"author":1,"featured_media":0,"parent":0,"menu_order":0,"comment_status":"closed","ping_status":"closed","template":"","meta":{"footnotes":""},"class_list":["post-6463","page","type-page","status-publish","hentry"],"_links":{"self":[{"href":"https:\/\/thurzozoltan.com\/fr\/wp-json\/wp\/v2\/pages\/6463","targetHints":{"allow":["GET"]}}],"collection":[{"href":"https:\/\/thurzozoltan.com\/fr\/wp-json\/wp\/v2\/pages"}],"about":[{"href":"https:\/\/thurzozoltan.com\/fr\/wp-json\/wp\/v2\/types\/page"}],"author":[{"embeddable":true,"href":"https:\/\/thurzozoltan.com\/fr\/wp-json\/wp\/v2\/users\/1"}],"replies":[{"embeddable":true,"href":"https:\/\/thurzozoltan.com\/fr\/wp-json\/wp\/v2\/comments?post=6463"}],"version-history":[{"count":6,"href":"https:\/\/thurzozoltan.com\/fr\/wp-json\/wp\/v2\/pages\/6463\/revisions"}],"predecessor-version":[{"id":9342,"href":"https:\/\/thurzozoltan.com\/fr\/wp-json\/wp\/v2\/pages\/6463\/revisions\/9342"}],"wp:attachment":[{"href":"https:\/\/thurzozoltan.com\/fr\/wp-json\/wp\/v2\/media?parent=6463"}],"curies":[{"name":"wp","href":"https:\/\/api.w.org\/{rel}","templated":true}]}}