{"id":6959,"date":"2016-04-19T13:45:59","date_gmt":"2016-04-19T13:45:59","guid":{"rendered":"http:\/\/thurzozoltan.com\/fr\/blog\/"},"modified":"2016-10-10T20:34:28","modified_gmt":"2016-10-10T20:34:28","slug":"blog","status":"publish","type":"page","link":"https:\/\/thurzozoltan.com\/fr\/blog\/","title":{"rendered":"Pens\u00e9es"},"content":{"rendered":"[et_pb_section admin_label=&#8221;Section&#8221; fullwidth=&#8221;on&#8221; specialty=&#8221;off&#8221; transparent_background=&#8221;on&#8221; background_color=&#8221;#ffffff&#8221; allow_player_pause=&#8221;off&#8221; inner_shadow=&#8221;off&#8221; parallax=&#8221;off&#8221; parallax_method=&#8221;off&#8221; padding_mobile=&#8221;off&#8221; make_fullwidth=&#8221;off&#8221; use_custom_width=&#8221;off&#8221; width_unit=&#8221;on&#8221; make_equal=&#8221;off&#8221; use_custom_gutter=&#8221;off&#8221;][et_pb_fullwidth_image admin_label=&#8221;Fullwidth Image&#8221; src=&#8221;http:\/\/thurzozoltan.com\/wp-content\/uploads\/2016\/04\/header-gondolatok.jpg&#8221; show_in_lightbox=&#8221;off&#8221; url_new_window=&#8221;off&#8221; use_overlay=&#8221;off&#8221; animation=&#8221;right&#8221; use_border_color=&#8221;off&#8221; border_color=&#8221;#ffffff&#8221; border_style=&#8221;solid&#8221;] [\/et_pb_fullwidth_image][et_pb_fullwidth_post_title admin_label=&#8221;Fullwidth Post Title&#8221; title=&#8221;on&#8221; meta=&#8221;off&#8221; author=&#8221;on&#8221; date=&#8221;on&#8221; categories=&#8221;on&#8221; comments=&#8221;on&#8221; featured_image=&#8221;off&#8221; featured_placement=&#8221;below&#8221; parallax_effect=&#8221;on&#8221; parallax_method=&#8221;on&#8221; text_orientation=&#8221;center&#8221; text_color=&#8221;light&#8221; text_background=&#8221;off&#8221; text_bg_color=&#8221;rgba(255,255,255,0.9)&#8221; module_bg_color=&#8221;rgba(255,255,255,0)&#8221; title_font_size=&#8221;36px&#8221; title_font_size_tablet=&#8221;29px&#8221; title_font_size_phone=&#8221;20px&#8221; title_font_size_last_edited=&#8221;on|phone&#8221; title_all_caps=&#8221;on&#8221; use_border_color=&#8221;off&#8221; border_color=&#8221;#ffffff&#8221; border_style=&#8221;solid&#8221; title_text_color=&#8221;#fee29b&#8221;] [\/et_pb_fullwidth_post_title][\/et_pb_section][et_pb_section admin_label=&#8221;Section&#8221; fullwidth=&#8221;off&#8221; specialty=&#8221;off&#8221; transparent_background=&#8221;on&#8221; background_color=&#8221;#ffffff&#8221; allow_player_pause=&#8221;off&#8221; inner_shadow=&#8221;off&#8221; parallax=&#8221;off&#8221; parallax_method=&#8221;off&#8221; padding_mobile=&#8221;off&#8221; make_fullwidth=&#8221;off&#8221; use_custom_width=&#8221;off&#8221; width_unit=&#8221;on&#8221; make_equal=&#8221;off&#8221; use_custom_gutter=&#8221;off&#8221;][et_pb_row admin_label=&#8221;Row&#8221;][et_pb_column type=&#8221;4_4&#8243;][et_pb_text admin_label=&#8221;Text&#8221; background_layout=&#8221;light&#8221; text_orientation=&#8221;left&#8221; use_border_color=&#8221;off&#8221; border_color=&#8221;#ffffff&#8221; border_style=&#8221;solid&#8221;]\n<p style=\"text-align: justify;\">Toute le monde a dans son ame une\u00a0,,aglom\u00e9ration,, de pens\u00e9es que vous d\u00e9sirez partager avec les autres.\u00a0Je veux montrer a tous la fa\u00e7on dont je vois le monde et les gens.\u00a0Je veux partager avec tout le monde les valeurs de l\u2019\u00e9poque et les attractions historiques et aussi les images contemporaines.<\/p>\n<p style=\"text-align: justify;\">En tant que artiste, j\u2019\u00e9tais privil\u00e9gi\u00e9 dans cette situation parce que ma vocation soit aussi mon loisir.\u00a0La plupart de mon telps libre je le passe \u00e0 cot\u00e9 de mon piano, en faisant autant de r\u00e9p\u00e9titions. Pour moi, la musique n\u2019est pas un travail mais un jeu, de la joie et d\u00e9tente.\u00a0Le travail avec la musique et la chute personnelle a aussi d\u2019autres m\u00e9thodes que la r\u00e9p\u00e9tition aux instruments musicales.\u00a0J\u2019aime faire des transcriptions, une des activit\u00e9s de compositeurs qui \u00e9xige\u00a0 une connaissance ponctuelle de la th\u00e9orie musicale, une haute formation, fantaisie et cr\u00e9ativit\u00e9.<\/p>\n<p style=\"text-align: justify;\">Pour acqu\u00e9rir ces caract\u00e9ristiques pour moi il est indispensable l\u2019acquisition de diff\u00e9rents domaines de la vie.\u00a0Ayant un caract\u00e8re curieu et \u00e9tant une personne ouverte, chaque fois que je re\u00e7oit une chance, je lis, je vais au theatre, \u00e0 des concerts, je fais des investigations sur tout ce que je consid\u00e8re int\u00e9ressant.\u00a0A l\u2019aide de mes publications je reussis transmettre ces pens\u00e9es personnelles aue j\u2019enracine en voyageant dans le monde.\u00a0Quand je vais quelque part int\u00e9ressant, je cherche le multilat\u00e9ralisme du lieu, les lieux myst\u00e9rieux, j\u2019int\u00e9rroge plusieurs fois les gens qui habitent l\u00e0-bas.<\/p>\n<p style=\"text-align: justify;\">Je me pr\u00e9pare pour partir dans un pays choisie mais souvent j\u2019ai des surprises et des nouvelles\u00a0 en ce qui concerne mes connaissances.\u00a0Il est important de partager ces exp\u00e9riences car je reussis d\u2019apporter de la joie aux autres, meme si les amis et les connaissances, les lecteurs \u00e9taient dans ces lieux, ont m\u00e9dit\u00e9s sur des choses semblables.<\/p>\n<p style=\"text-align: justify;\">Des fois ils se rappellent des bons souvenirs et parce que je peux voir diff\u00e9rents les endroits.\u00a0Et ceux qui ont la possibilit\u00e9 d\u2019arriver personnellement dans ces endroits, peuvent partager un voyage virtuel avec moi et \u00e0 travers moi et comme moi peuvent d\u00e9velopper leurs fantasmes, les connaissances et les exp\u00e9riences.\u00a0Il est tr\u00e8s important pour moi la transmission des connaissances acquis par l\u2019apprentissage quotidien et des exp\u00e9riences.\u00a0Mais je n\u2019\u00e9cris pas seulement sur ce sujet.\u00a0<\/p>\n<p style=\"text-align: justify;\">Des fois j\u2019ai des publications contradictoires, parce que chaque fois\u00a0 je veux transmettre ma personnalit\u00e9.\u00a0Si mes publications donnent le ton des d\u00e9bats, je me r\u00e9jouis parce qu\u2019il n\u2019existe deux personnes identiques et pour cet raison il n\u2019est pas un probl\u00e8me\u00a0 qu\u2019on a des differents opinions sur le meme theme. Le plus pr\u00e9tieux cadeau qu\u2019on peut offrir a une personne c\u2019est le temps qu\u2019on attribue un pour l\u2019autre.<\/p>\n<p style=\"text-align: justify;\">Je remercie pour le temps et l\u2019attention pour mes publications, mes pens\u00e9es personnelles et ceux qui sont derri\u00e8re eux.<\/p>\n<p style=\"text-align: justify;\">\u00a0<\/p>\n[\/et_pb_text][et_pb_code admin_label=&#8221;Code&#8221;]<div class=\"cff-wrapper\"><div id=\"cff\" data-char=\"300\" class=\" cff-thumb-layout  cff-lb\"  data-fb-text=\"View on Facebook\"><div class=\"cff-likebox cff-bottom\" ><script src=\"https:\/\/connect.facebook.net\/hu_HU\/all.js#xfbml=1&appId=712681982206086\"><\/script><div class=\"fb-page\" data-href=\"https:\/\/www.facebook.com\/1053027374755356\" data-width=\"\" data-hide-cover=\"false\" data-show-facepile=\"false\" data-small-header=\"false\" data-hide-cta=\"false\" data-show-posts=\"false\" data-adapt-container-width=\"true\"><div class=\"fb-xfbml-parse-ignore\"><blockquote cite=\"https:\/\/www.facebook.com\/1053027374755356\"><a href=\"https:\/\/www.facebook.com\/1053027374755356\">View on Facebook<\/a><\/blockquote><\/div><\/div><div id=\"fb-root\"><\/div><\/div><\/div><\/div>[\/et_pb_code][\/et_pb_column][\/et_pb_row][\/et_pb_section]\n","protected":false},"excerpt":{"rendered":"<p>[et_pb_section admin_label=&#8221;Section&#8221; fullwidth=&#8221;on&#8221; specialty=&#8221;off&#8221; transparent_background=&#8221;on&#8221; background_color=&#8221;#ffffff&#8221; allow_player_pause=&#8221;off&#8221; inner_shadow=&#8221;off&#8221; parallax=&#8221;off&#8221; parallax_method=&#8221;off&#8221; padding_mobile=&#8221;off&#8221; make_fullwidth=&#8221;off&#8221; use_custom_width=&#8221;off&#8221; width_unit=&#8221;on&#8221; make_equal=&#8221;off&#8221; use_custom_gutter=&#8221;off&#8221;][et_pb_fullwidth_image admin_label=&#8221;Fullwidth Image&#8221; src=&#8221;http:\/\/thurzozoltan.com\/wp-content\/uploads\/2016\/04\/header-gondolatok.jpg&#8221; show_in_lightbox=&#8221;off&#8221; url_new_window=&#8221;off&#8221; use_overlay=&#8221;off&#8221; animation=&#8221;right&#8221; use_border_color=&#8221;off&#8221; border_color=&#8221;#ffffff&#8221; border_style=&#8221;solid&#8221;] [\/et_pb_fullwidth_image][et_pb_fullwidth_post_title admin_label=&#8221;Fullwidth Post Title&#8221; title=&#8221;on&#8221; meta=&#8221;off&#8221; author=&#8221;on&#8221; date=&#8221;on&#8221; categories=&#8221;on&#8221; comments=&#8221;on&#8221; featured_image=&#8221;off&#8221; featured_placement=&#8221;below&#8221; parallax_effect=&#8221;on&#8221; parallax_method=&#8221;on&#8221; text_orientation=&#8221;center&#8221; text_color=&#8221;light&#8221; text_background=&#8221;off&#8221; text_bg_color=&#8221;rgba(255,255,255,0.9)&#8221; module_bg_color=&#8221;rgba(255,255,255,0)&#8221; title_font_size=&#8221;36px&#8221; title_font_size_tablet=&#8221;29px&#8221; title_font_size_phone=&#8221;20px&#8221; title_font_size_last_edited=&#8221;on|phone&#8221; title_all_caps=&#8221;on&#8221; use_border_color=&#8221;off&#8221; border_color=&#8221;#ffffff&#8221; border_style=&#8221;solid&#8221; title_text_color=&#8221;#fee29b&#8221;] [\/et_pb_fullwidth_post_title][\/et_pb_section][et_pb_section [&hellip;]<\/p>\n","protected":false},"author":1,"featured_media":0,"parent":0,"menu_order":0,"comment_status":"closed","ping_status":"closed","template":"","meta":{"footnotes":""},"class_list":["post-6959","page","type-page","status-publish","hentry"],"_links":{"self":[{"href":"https:\/\/thurzozoltan.com\/fr\/wp-json\/wp\/v2\/pages\/6959","targetHints":{"allow":["GET"]}}],"collection":[{"href":"https:\/\/thurzozoltan.com\/fr\/wp-json\/wp\/v2\/pages"}],"about":[{"href":"https:\/\/thurzozoltan.com\/fr\/wp-json\/wp\/v2\/types\/page"}],"author":[{"embeddable":true,"href":"https:\/\/thurzozoltan.com\/fr\/wp-json\/wp\/v2\/users\/1"}],"replies":[{"embeddable":true,"href":"https:\/\/thurzozoltan.com\/fr\/wp-json\/wp\/v2\/comments?post=6959"}],"version-history":[{"count":4,"href":"https:\/\/thurzozoltan.com\/fr\/wp-json\/wp\/v2\/pages\/6959\/revisions"}],"predecessor-version":[{"id":9170,"href":"https:\/\/thurzozoltan.com\/fr\/wp-json\/wp\/v2\/pages\/6959\/revisions\/9170"}],"wp:attachment":[{"href":"https:\/\/thurzozoltan.com\/fr\/wp-json\/wp\/v2\/media?parent=6959"}],"curies":[{"name":"wp","href":"https:\/\/api.w.org\/{rel}","templated":true}]}}