{"id":7456,"date":"2016-05-18T07:17:19","date_gmt":"2016-05-18T07:17:19","guid":{"rendered":"http:\/\/thurzozoltan.com\/fr\/kozonseg-velemeny\/"},"modified":"2016-10-07T20:01:38","modified_gmt":"2016-10-07T20:01:38","slug":"kozonseg-velemeny","status":"publish","type":"page","link":"https:\/\/thurzozoltan.com\/fr\/journal\/kozonseg-velemeny\/","title":{"rendered":"Des opinions de l\u2019audience"},"content":{"rendered":"[et_pb_section admin_label=&#8221;Section&#8221; fullwidth=&#8221;on&#8221; specialty=&#8221;off&#8221; transparent_background=&#8221;on&#8221; background_color=&#8221;#ffffff&#8221; allow_player_pause=&#8221;off&#8221; inner_shadow=&#8221;off&#8221; parallax=&#8221;off&#8221; parallax_method=&#8221;off&#8221; padding_mobile=&#8221;off&#8221; make_fullwidth=&#8221;off&#8221; use_custom_width=&#8221;off&#8221; width_unit=&#8221;on&#8221; make_equal=&#8221;off&#8221; use_custom_gutter=&#8221;off&#8221;][et_pb_fullwidth_post_title admin_label=&#8221;Fullwidth Post Title&#8221; title=&#8221;on&#8221; meta=&#8221;off&#8221; author=&#8221;on&#8221; date=&#8221;on&#8221; categories=&#8221;on&#8221; comments=&#8221;on&#8221; featured_image=&#8221;off&#8221; featured_placement=&#8221;below&#8221; parallax_effect=&#8221;on&#8221; parallax_method=&#8221;on&#8221; text_orientation=&#8221;center&#8221; text_color=&#8221;dark&#8221; text_background=&#8221;off&#8221; text_bg_color=&#8221;rgba(255,255,255,0.9)&#8221; module_bg_color=&#8221;rgba(255,255,255,0)&#8221; title_font_size=&#8221;36&#8243; title_font_size_tablet=&#8221;29&#8243; title_font_size_phone=&#8221;20&#8243; title_font_size_last_edited=&#8221;on|phone&#8221; title_text_color=&#8221;#fee29b&#8221; title_all_caps=&#8221;off&#8221; use_border_color=&#8221;off&#8221; border_color=&#8221;#ffffff&#8221; border_style=&#8221;solid&#8221;] [\/et_pb_fullwidth_post_title][\/et_pb_section][et_pb_section admin_label=&#8221;section&#8221; transparent_background=&#8221;on&#8221; background_color=&#8221;#ffffff&#8221; allow_player_pause=&#8221;off&#8221; inner_shadow=&#8221;off&#8221; parallax=&#8221;off&#8221; parallax_method=&#8221;off&#8221; padding_mobile=&#8221;off&#8221; make_fullwidth=&#8221;off&#8221; use_custom_width=&#8221;off&#8221; width_unit=&#8221;on&#8221; make_equal=&#8221;off&#8221; use_custom_gutter=&#8221;off&#8221;][et_pb_row admin_label=&#8221;Row&#8221; make_fullwidth=&#8221;off&#8221; use_custom_width=&#8221;off&#8221; width_unit=&#8221;on&#8221; use_custom_gutter=&#8221;off&#8221; padding_mobile=&#8221;off&#8221; allow_player_pause=&#8221;off&#8221; parallax=&#8221;off&#8221; parallax_method=&#8221;off&#8221; make_equal=&#8221;off&#8221; parallax_1=&#8221;off&#8221; parallax_method_1=&#8221;off&#8221; column_padding_mobile=&#8221;on&#8221; custom_padding=&#8221;0px|||&#8221;][et_pb_column type=&#8221;4_4&#8243;][et_pb_text admin_label=&#8221;Text&#8221; background_layout=&#8221;light&#8221; text_orientation=&#8221;left&#8221; use_border_color=&#8221;off&#8221; border_color=&#8221;#ffffff&#8221; border_style=&#8221;solid&#8221;]\n<p style=\"text-align: justify;\">L\u2019avis du publique\u00a0 comptait tout le temps et dans le pass\u00e9 tres encien.<\/p>\n<p style=\"text-align: justify;\">Le plus grand souhait de l\u2019homme cr\u00e9ateur\u00a0 est de cr\u00e9er quelque chose durable.\u00a0Depuis le d\u00e9but de l\u2019enfance, quand la pens\u00e9e devient logique, il est tr\u00e8s important de feed-back.\u00a0Au moment quand on pousse les limites par le comportement, meme quand on sent qu\u2019on a fait ce qu\u2019on aimait, l\u2019entourage doit fermer ca avec des louanges.\u00a0Il est important que pendant l\u2019activit\u00e9\u00a0 d\u2019avoir partie de la critique n\u00e9gative et positive au bon moment car ca peut etre la base d\u2019une echelle de valeurs dans nos vies.<\/p>\n<p style=\"text-align: justify;\"><img loading=\"lazy\" decoding=\"async\" class=\" wp-image-7457 alignright\" src=\"http:\/\/thurzozoltan.com\/wp-content\/uploads\/2016\/05\/K\u00f6z\u00f6ns\u00e9g-300x200.jpg\" alt=\"K\u00f6z\u00f6ns\u00e9g\" width=\"309\" height=\"206\" srcset=\"https:\/\/thurzozoltan.com\/wp-content\/uploads\/2016\/05\/K\u00f6z\u00f6ns\u00e9g-300x200.jpg 300w, https:\/\/thurzozoltan.com\/wp-content\/uploads\/2016\/05\/K\u00f6z\u00f6ns\u00e9g-768x512.jpg 768w, https:\/\/thurzozoltan.com\/wp-content\/uploads\/2016\/05\/K\u00f6z\u00f6ns\u00e9g-1024x683.jpg 1024w, https:\/\/thurzozoltan.com\/wp-content\/uploads\/2016\/05\/K\u00f6z\u00f6ns\u00e9g-1080x720.jpg 1080w\" sizes=\"auto, (max-width: 309px) 100vw, 309px\" \/>Pour l\u2019artiste mais surtout pour un musicien il est particuli\u00e8rement important\u00a0 que sur la base de l\u2019exp\u00e9rience v\u00e9cue, apr\u00e8s un concert d\u2019apprecier correctement le feed-back du public.\u00a0La condamnation de la sensibilit\u00e9 fait partie de la pr\u00e9paration artistique parce qu\u2019avec cette qualit\u00e9 l\u2019artiste peut offrir de l\u2019authenticit\u00e9 et de l\u2019exp\u00e9rience.\u00a0Comme il n\u2019existe pas deux personnes identiques aussi il n\u2019existe pas deux opinions identiques.\u00a0Le principal point de production artistique que ce soit un po\u00e8me, une peinture, une production de theatre, un concert est d\u2019atteindre son objectif, c&#8217;est-\u00e0-dire qu\u2019il est destin\u00e9 que \u00e0 travers\u00a0 l\u2019artiste privil\u00e9gi\u00e9 d\u2019arriver au public r\u00e9cepteur et \u00e9stim\u00e9.\u00a0<\/p>\n<p style=\"text-align: justify;\"><img loading=\"lazy\" decoding=\"async\" class=\" wp-image-7458 alignleft\" src=\"http:\/\/thurzozoltan.com\/wp-content\/uploads\/2016\/05\/K\u00f6z\u00f6ns\u00e9g-1-300x199.jpg\" alt=\"K\u00f6z\u00f6ns\u00e9g\" width=\"317\" height=\"210\" srcset=\"https:\/\/thurzozoltan.com\/wp-content\/uploads\/2016\/05\/K\u00f6z\u00f6ns\u00e9g-1-300x199.jpg 300w, https:\/\/thurzozoltan.com\/wp-content\/uploads\/2016\/05\/K\u00f6z\u00f6ns\u00e9g-1-768x509.jpg 768w, https:\/\/thurzozoltan.com\/wp-content\/uploads\/2016\/05\/K\u00f6z\u00f6ns\u00e9g-1-1024x678.jpg 1024w, https:\/\/thurzozoltan.com\/wp-content\/uploads\/2016\/05\/K\u00f6z\u00f6ns\u00e9g-1-1080x715.jpg 1080w\" sizes=\"auto, (max-width: 317px) 100vw, 317px\" \/>La pluparte des gens sent le besoin de se reunir \u00e0 cote de la culture.\u00a0Toute exp\u00e9rience personnelle v\u00e9cue, tout \u00e9v\u00e9nement v\u00e9cu, il\u00a0 rassemble \u00e0 l\u2019occasion de\u00a0 chaque spectacle.\u00a0C\u2019est sur qu\u2019il ne faut pas n\u00e9gliger l\u2019avis du public apr\u00e8s chaque spectacle, peu importe s\u2019il est differ\u00e9nt.\u00a0\u00c7a consiste dans la force et la cr\u00e9ation du public.\u00a0A mes spectacles j\u2019essaie\u00a0 d\u2019enseigner avec la plus grande pr\u00e9paration et soumission, toutes les connaissances que je dispose.\u00a0L\u2019opinion positive du public, meme tacite, un coup ou un moment tendu de silence qui me donne une impulsion, une source d\u2019inspiration.\u00a0L\u2019effet catharsis est le reve de chaque artiste, \u00e0 l\u2019occasion de chaque concert; son manqu\u00e9 est aussi un effet d\u2019ou on doit tirer des conclusions constructives pour l\u2019avenir.\u00a0Le progr\u00e9 peut etre un processus continu jusqu\u2019\u00e0 atteindre le niveau des valeurs critiques r\u00e9fl\u00e9chies, on doit toujours faire des efforts pour offrir autant et aussi bon pour notre public.<\/p>\n<p style=\"text-align: justify;\">Ces exp\u00e9riences v\u00e9cues sont rassembl\u00e9s dans un bouquet avec ses albums.<\/p>\n<p style=\"text-align: justify;\"><strong>\u2026\u2026\u2026\u2026\u2026\u2026\u2026\u2026\u2026\u2026\u2026\u2026\u2026\u2026\u2026\u2026\u2026\u2026\u2026\u2026\u2026\u2026\u2026\u2026\u2026\u2026\u2026\u2026\u2026\u2026\u2026\u2026\u2026\u2026\u2026\u2026\u2026\u2026\u2026\u2026\u2026\u2026\u2026\u2026\u2026\u2026\u2026\u2026\u2026\u2026\u2026\u2026\u2026\u2026\u2026\u2026\u2026\u2026\u2026<\/strong><\/p>\n<p style=\"text-align: justify;\">\u00a0<\/p>\n[\/et_pb_text][et_pb_blog admin_label=&#8221;Blog&#8221; fullwidth=&#8221;off&#8221; posts_number=&#8221;20&#8243; include_categories=&#8221;8&#8243; show_thumbnail=&#8221;on&#8221; show_content=&#8221;off&#8221; show_more=&#8221;off&#8221; show_author=&#8221;off&#8221; show_date=&#8221;off&#8221; show_categories=&#8221;off&#8221; show_comments=&#8221;off&#8221; show_pagination=&#8221;on&#8221; offset_number=&#8221;0&#8243; use_overlay=&#8221;on&#8221; background_layout=&#8221;light&#8221; use_dropshadow=&#8221;on&#8221; use_border_color=&#8221;off&#8221; border_color=&#8221;#fee290&#8243; border_style=&#8221;solid&#8221; meta_date=&#8221;Y M j &#8221; overlay_icon_color=&#8221;#fee290&#8243; hover_overlay_color=&#8221;rgba(254,226,144,0.44)&#8221; masonry_tile_background_color=&#8221;rgba(255,255,255,0)&#8221;] [\/et_pb_blog][\/et_pb_column][\/et_pb_row][\/et_pb_section]\n","protected":false},"excerpt":{"rendered":"<p>[et_pb_section admin_label=&#8221;Section&#8221; fullwidth=&#8221;on&#8221; specialty=&#8221;off&#8221; transparent_background=&#8221;on&#8221; background_color=&#8221;#ffffff&#8221; allow_player_pause=&#8221;off&#8221; inner_shadow=&#8221;off&#8221; parallax=&#8221;off&#8221; parallax_method=&#8221;off&#8221; padding_mobile=&#8221;off&#8221; make_fullwidth=&#8221;off&#8221; use_custom_width=&#8221;off&#8221; width_unit=&#8221;on&#8221; make_equal=&#8221;off&#8221; use_custom_gutter=&#8221;off&#8221;][et_pb_fullwidth_post_title admin_label=&#8221;Fullwidth Post Title&#8221; title=&#8221;on&#8221; meta=&#8221;off&#8221; author=&#8221;on&#8221; date=&#8221;on&#8221; categories=&#8221;on&#8221; comments=&#8221;on&#8221; featured_image=&#8221;off&#8221; featured_placement=&#8221;below&#8221; parallax_effect=&#8221;on&#8221; parallax_method=&#8221;on&#8221; text_orientation=&#8221;center&#8221; text_color=&#8221;dark&#8221; text_background=&#8221;off&#8221; text_bg_color=&#8221;rgba(255,255,255,0.9)&#8221; module_bg_color=&#8221;rgba(255,255,255,0)&#8221; title_font_size=&#8221;36&#8243; title_font_size_tablet=&#8221;29&#8243; title_font_size_phone=&#8221;20&#8243; title_font_size_last_edited=&#8221;on|phone&#8221; title_text_color=&#8221;#fee29b&#8221; title_all_caps=&#8221;off&#8221; use_border_color=&#8221;off&#8221; border_color=&#8221;#ffffff&#8221; border_style=&#8221;solid&#8221;] [\/et_pb_fullwidth_post_title][\/et_pb_section][et_pb_section admin_label=&#8221;section&#8221; transparent_background=&#8221;on&#8221; background_color=&#8221;#ffffff&#8221; allow_player_pause=&#8221;off&#8221; inner_shadow=&#8221;off&#8221; parallax=&#8221;off&#8221; parallax_method=&#8221;off&#8221; padding_mobile=&#8221;off&#8221; make_fullwidth=&#8221;off&#8221; use_custom_width=&#8221;off&#8221; width_unit=&#8221;on&#8221; [&hellip;]<\/p>\n","protected":false},"author":1,"featured_media":0,"parent":8639,"menu_order":0,"comment_status":"closed","ping_status":"closed","template":"","meta":{"footnotes":""},"class_list":["post-7456","page","type-page","status-publish","hentry"],"_links":{"self":[{"href":"https:\/\/thurzozoltan.com\/fr\/wp-json\/wp\/v2\/pages\/7456","targetHints":{"allow":["GET"]}}],"collection":[{"href":"https:\/\/thurzozoltan.com\/fr\/wp-json\/wp\/v2\/pages"}],"about":[{"href":"https:\/\/thurzozoltan.com\/fr\/wp-json\/wp\/v2\/types\/page"}],"author":[{"embeddable":true,"href":"https:\/\/thurzozoltan.com\/fr\/wp-json\/wp\/v2\/users\/1"}],"replies":[{"embeddable":true,"href":"https:\/\/thurzozoltan.com\/fr\/wp-json\/wp\/v2\/comments?post=7456"}],"version-history":[{"count":4,"href":"https:\/\/thurzozoltan.com\/fr\/wp-json\/wp\/v2\/pages\/7456\/revisions"}],"predecessor-version":[{"id":9060,"href":"https:\/\/thurzozoltan.com\/fr\/wp-json\/wp\/v2\/pages\/7456\/revisions\/9060"}],"up":[{"embeddable":true,"href":"https:\/\/thurzozoltan.com\/fr\/wp-json\/wp\/v2\/pages\/8639"}],"wp:attachment":[{"href":"https:\/\/thurzozoltan.com\/fr\/wp-json\/wp\/v2\/media?parent=7456"}],"curies":[{"name":"wp","href":"https:\/\/api.w.org\/{rel}","templated":true}]}}