{"id":1419,"date":"2016-04-19T13:43:14","date_gmt":"2016-04-19T13:43:14","guid":{"rendered":"http:\/\/thurzozoltan.com\/it\/fenykepek\/"},"modified":"2016-10-13T16:35:48","modified_gmt":"2016-10-13T16:35:48","slug":"foto","status":"publish","type":"page","link":"https:\/\/thurzozoltan.com\/it\/foto\/","title":{"rendered":"Foto"},"content":{"rendered":"[et_pb_section admin_label=&#8221;section&#8221; transparent_background=&#8221;on&#8221; background_color=&#8221;#ffffff&#8221; allow_player_pause=&#8221;off&#8221; inner_shadow=&#8221;off&#8221; parallax=&#8221;off&#8221; parallax_method=&#8221;off&#8221; padding_mobile=&#8221;off&#8221; make_fullwidth=&#8221;off&#8221; use_custom_width=&#8221;off&#8221; width_unit=&#8221;on&#8221; make_equal=&#8221;off&#8221; use_custom_gutter=&#8221;off&#8221;][et_pb_row admin_label=&#8221;Row&#8221; make_fullwidth=&#8221;off&#8221; use_custom_width=&#8221;off&#8221; width_unit=&#8221;on&#8221; use_custom_gutter=&#8221;off&#8221; padding_mobile=&#8221;off&#8221; allow_player_pause=&#8221;off&#8221; parallax=&#8221;off&#8221; parallax_method=&#8221;off&#8221; make_equal=&#8221;off&#8221; parallax_1=&#8221;off&#8221; parallax_method_1=&#8221;off&#8221; column_padding_mobile=&#8221;on&#8221; custom_padding=&#8221;0px|||&#8221;][et_pb_column type=&#8221;4_4&#8243;][et_pb_text admin_label=&#8221;Text&#8221; background_layout=&#8221;light&#8221; text_orientation=&#8221;center&#8221; use_border_color=&#8221;off&#8221; border_color=&#8221;#ffffff&#8221; border_style=&#8221;solid&#8221;]\n<h1>Spettacoli consigliati dagli organizzatori<\/h1>\n[\/et_pb_text][et_pb_text admin_label=&#8221;Text&#8221; background_layout=&#8221;light&#8221; text_orientation=&#8221;left&#8221; use_border_color=&#8221;off&#8221; border_color=&#8221;#ffffff&#8221; border_style=&#8221;solid&#8221;]\n<p style=\"text-align: center;\"><em>&#8220;La musica non \u00e8 altro che un linguaggio artistico.&#8221; (J. J. Quantz)<\/em><\/p>\n<p style=\"text-align: justify;\">Thurz\u00f3 Zoltan \u00e8 in grado di cambiare la nostra immagine formata sulla musica classica, sulla bellezza senza limiti della musica del pianoforte e sui compositori.<\/p>\n<p style=\"text-align: justify;\">Filtrato attraverso la personalit\u00e0 propria, porta ancora pi\u00f9 vicino agli spettatori del concerto, gli umori personali dei pezzi per pianoforte suonati , e, naturalmente, gli stessi ai compositori, quando con le circostanze della &#8220;nascita&#8221; dei pezzi , con la storia- cos\u00ec approfittando di eccellenti doti di comunicazione con il pubblico &#8211; egli \u00e8 costantemente collegato al filo del concerto.<\/p>\n<p style=\"text-align: justify;\">I concerti solo di pianoforte sono spesso tipo \u201cone man show\u201d , in cui delle volte lascia anche lo strumento ,\u00a0 passeggia tra le file del pubblico raccontando, e , a volte, in occasione di queste \u201cstorie\u201d evoca lo spirito intoccabile delle icone musicali.\u00a0Sappiamo che la musica \u00e8 la caricatura pi\u00f9 intima di un compositore di musica, attraverso la sua musica conosciamo la sua grandezza spirituale, la sua natura, la sua personalit\u00e0.<\/p>\n<p style=\"text-align: justify;\">Ha un\u2019inclinazione verso avventure musicali speciali, ha degli spettacoli fantastici.\u00a0Egli gode la musica e tutto ci\u00f2 legato a questa. Questa naturalezza intuitiva permea ogni spettacolo.\u00a0Non \u00e8 un segreto la sua intenzione di toccare tanto quanto il pubblico in sala (adulti e bambini) con quello che i pezzi di pianoforte trasmettono, quello che per l\u2019artista rappresenta la vita quotidiana: il misterioso mondo della musica nonch\u00e9 la ricerca degli eventi, degli avvenimenti che sono dietro le quinte.<\/p>\n<p style=\"text-align: justify;\">La musica sta immagazzinando meglio possibile i ricordi &#8211; fa i ritratti degli stati d\u2019animo in modo migliore possibile.<\/p>\n<p style=\"text-align: justify;\">La musica, cos\u00ec come la sensibilit\u00e0, \u00e8 essenziale per rivitalizzare le opere musicali, per quanto riguarda la trasmissione di informazioni di sfondo al pubblico. Le storie musicali li presenta con umorismo. Con questa cosa il suo obiettivo \u00e8 che la promessa di intrattenimento del pubblico, li faccia pi\u00f9 aperti, pi\u00f9 interessanti, pi\u00f9 comprendenti , pi\u00f9 in compagnia e sensibili .<\/p>\n<p style=\"text-align: justify;\">Dopo le \u201eattivit\u00e0\u201d a base di creativit\u00e0 musicale, gli spettatori ritornano a casa con \u201euna cosa in pi\u00f9\u201d , dopo questa esperienza possono portare con loro il piacere di ascoltare la musica, oltre ai pezzi associati rimangono con i pensieri, con le storie, con le informazioni ottenute.<\/p>\n<p style=\"text-align: justify;\">\u00a0<\/p>\n[\/et_pb_text][et_pb_blog admin_label=&#8221;Blog&#8221; fullwidth=&#8221;off&#8221; posts_number=&#8221;20&#8243; include_categories=&#8221;20&#8243; show_thumbnail=&#8221;on&#8221; show_content=&#8221;off&#8221; show_more=&#8221;off&#8221; show_author=&#8221;off&#8221; show_date=&#8221;off&#8221; show_categories=&#8221;off&#8221; show_comments=&#8221;off&#8221; show_pagination=&#8221;on&#8221; offset_number=&#8221;0&#8243; use_overlay=&#8221;on&#8221; background_layout=&#8221;light&#8221; use_dropshadow=&#8221;on&#8221; use_border_color=&#8221;off&#8221; border_color=&#8221;#fee290&#8243; border_style=&#8221;solid&#8221; meta_date=&#8221;Y M j &#8221; overlay_icon_color=&#8221;#fee290&#8243; hover_overlay_color=&#8221;rgba(254,226,144,0.44)&#8221; masonry_tile_background_color=&#8221;rgba(255,255,255,0)&#8221; header_font_size=&#8221;16&#8243;] [\/et_pb_blog][\/et_pb_column][\/et_pb_row][et_pb_row admin_label=&#8221;Row&#8221; make_fullwidth=&#8221;off&#8221; use_custom_width=&#8221;off&#8221; width_unit=&#8221;on&#8221; use_custom_gutter=&#8221;off&#8221; padding_mobile=&#8221;off&#8221; allow_player_pause=&#8221;off&#8221; parallax=&#8221;off&#8221; parallax_method=&#8221;off&#8221; make_equal=&#8221;off&#8221; parallax_1=&#8221;off&#8221; parallax_method_1=&#8221;off&#8221; column_padding_mobile=&#8221;on&#8221; custom_padding=&#8221;0px|||&#8221;][et_pb_column type=&#8221;4_4&#8243;][et_pb_text admin_label=&#8221;Text&#8221; background_layout=&#8221;light&#8221; text_orientation=&#8221;center&#8221; use_border_color=&#8221;off&#8221; border_color=&#8221;#ffffff&#8221; border_style=&#8221;solid&#8221;]\n<h1>Foto su altre presentazioni<\/h1>\n[\/et_pb_text][et_pb_blog admin_label=&#8221;Blog&#8221; fullwidth=&#8221;off&#8221; posts_number=&#8221;20&#8243; include_categories=&#8221;23&#8243; show_thumbnail=&#8221;on&#8221; show_content=&#8221;off&#8221; show_more=&#8221;off&#8221; show_author=&#8221;off&#8221; show_date=&#8221;off&#8221; show_categories=&#8221;off&#8221; show_comments=&#8221;off&#8221; show_pagination=&#8221;on&#8221; offset_number=&#8221;0&#8243; use_overlay=&#8221;on&#8221; background_layout=&#8221;light&#8221; use_dropshadow=&#8221;on&#8221; use_border_color=&#8221;off&#8221; border_color=&#8221;#fee290&#8243; border_style=&#8221;solid&#8221; meta_date=&#8221;Y M j &#8221; overlay_icon_color=&#8221;#fee290&#8243; hover_overlay_color=&#8221;rgba(254,226,144,0.44)&#8221; masonry_tile_background_color=&#8221;rgba(255,255,255,0)&#8221; header_font_size=&#8221;16&#8243;] [\/et_pb_blog][\/et_pb_column][\/et_pb_row][et_pb_row admin_label=&#8221;Row&#8221; make_fullwidth=&#8221;off&#8221; use_custom_width=&#8221;off&#8221; width_unit=&#8221;on&#8221; use_custom_gutter=&#8221;off&#8221; padding_mobile=&#8221;off&#8221; allow_player_pause=&#8221;off&#8221; parallax=&#8221;off&#8221; parallax_method=&#8221;off&#8221; make_equal=&#8221;off&#8221; parallax_1=&#8221;off&#8221; parallax_method_1=&#8221;off&#8221; column_padding_mobile=&#8221;on&#8221; custom_padding=&#8221;0px|||&#8221;][et_pb_column type=&#8221;4_4&#8243;][et_pb_text admin_label=&#8221;Text&#8221; background_layout=&#8221;light&#8221; text_orientation=&#8221;center&#8221; use_border_color=&#8221;off&#8221; border_color=&#8221;#ffffff&#8221; border_style=&#8221;solid&#8221;]\n<h1>Fotografie di profilo<\/h1>\n[\/et_pb_text][et_pb_text admin_label=&#8221;Text&#8221; background_layout=&#8221;light&#8221; text_orientation=&#8221;left&#8221; use_border_color=&#8221;off&#8221; border_color=&#8221;#ffffff&#8221; border_style=&#8221;solid&#8221;]\n<p>Materiale fotografico di fondo.<br \/>\n Queste foto sono accessibili ai mass-media, rispettivamente, possono essere scaricati in grande risoluzione.<\/p>\n<p>&nbsp;<\/p>\n[\/et_pb_text][et_pb_blog admin_label=&#8221;Blog&#8221; fullwidth=&#8221;off&#8221; posts_number=&#8221;20&#8243; include_categories=&#8221;29&#8243; show_thumbnail=&#8221;on&#8221; show_content=&#8221;off&#8221; show_more=&#8221;off&#8221; show_author=&#8221;off&#8221; show_date=&#8221;off&#8221; show_categories=&#8221;off&#8221; show_comments=&#8221;off&#8221; show_pagination=&#8221;on&#8221; offset_number=&#8221;0&#8243; use_overlay=&#8221;on&#8221; background_layout=&#8221;light&#8221; use_dropshadow=&#8221;on&#8221; use_border_color=&#8221;off&#8221; border_color=&#8221;#fee290&#8243; border_style=&#8221;solid&#8221; meta_date=&#8221;Y M j &#8221; overlay_icon_color=&#8221;#fee290&#8243; hover_overlay_color=&#8221;rgba(254,226,144,0.44)&#8221; masonry_tile_background_color=&#8221;rgba(255,255,255,0)&#8221; header_font_size=&#8221;16&#8243;] [\/et_pb_blog][\/et_pb_column][\/et_pb_row][\/et_pb_section]\n","protected":false},"excerpt":{"rendered":"<p>[et_pb_section admin_label=&#8221;section&#8221; transparent_background=&#8221;on&#8221; background_color=&#8221;#ffffff&#8221; allow_player_pause=&#8221;off&#8221; inner_shadow=&#8221;off&#8221; parallax=&#8221;off&#8221; parallax_method=&#8221;off&#8221; padding_mobile=&#8221;off&#8221; make_fullwidth=&#8221;off&#8221; use_custom_width=&#8221;off&#8221; width_unit=&#8221;on&#8221; make_equal=&#8221;off&#8221; use_custom_gutter=&#8221;off&#8221;][et_pb_row admin_label=&#8221;Row&#8221; make_fullwidth=&#8221;off&#8221; use_custom_width=&#8221;off&#8221; width_unit=&#8221;on&#8221; use_custom_gutter=&#8221;off&#8221; padding_mobile=&#8221;off&#8221; allow_player_pause=&#8221;off&#8221; parallax=&#8221;off&#8221; parallax_method=&#8221;off&#8221; make_equal=&#8221;off&#8221; parallax_1=&#8221;off&#8221; parallax_method_1=&#8221;off&#8221; column_padding_mobile=&#8221;on&#8221; custom_padding=&#8221;0px|||&#8221;][et_pb_column type=&#8221;4_4&#8243;][et_pb_text admin_label=&#8221;Text&#8221; background_layout=&#8221;light&#8221; text_orientation=&#8221;center&#8221; use_border_color=&#8221;off&#8221; border_color=&#8221;#ffffff&#8221; border_style=&#8221;solid&#8221;] Spettacoli consigliati dagli organizzatori [\/et_pb_text][et_pb_text admin_label=&#8221;Text&#8221; background_layout=&#8221;light&#8221; text_orientation=&#8221;left&#8221; use_border_color=&#8221;off&#8221; border_color=&#8221;#ffffff&#8221; border_style=&#8221;solid&#8221;] &#8220;La musica non \u00e8 altro che un linguaggio artistico.&#8221; [&hellip;]<\/p>\n","protected":false},"author":1,"featured_media":0,"parent":0,"menu_order":0,"comment_status":"closed","ping_status":"closed","template":"","meta":{"footnotes":""},"class_list":["post-1419","page","type-page","status-publish","hentry"],"_links":{"self":[{"href":"https:\/\/thurzozoltan.com\/it\/wp-json\/wp\/v2\/pages\/1419","targetHints":{"allow":["GET"]}}],"collection":[{"href":"https:\/\/thurzozoltan.com\/it\/wp-json\/wp\/v2\/pages"}],"about":[{"href":"https:\/\/thurzozoltan.com\/it\/wp-json\/wp\/v2\/types\/page"}],"author":[{"embeddable":true,"href":"https:\/\/thurzozoltan.com\/it\/wp-json\/wp\/v2\/users\/1"}],"replies":[{"embeddable":true,"href":"https:\/\/thurzozoltan.com\/it\/wp-json\/wp\/v2\/comments?post=1419"}],"version-history":[{"count":10,"href":"https:\/\/thurzozoltan.com\/it\/wp-json\/wp\/v2\/pages\/1419\/revisions"}],"predecessor-version":[{"id":9334,"href":"https:\/\/thurzozoltan.com\/it\/wp-json\/wp\/v2\/pages\/1419\/revisions\/9334"}],"wp:attachment":[{"href":"https:\/\/thurzozoltan.com\/it\/wp-json\/wp\/v2\/media?parent=1419"}],"curies":[{"name":"wp","href":"https:\/\/api.w.org\/{rel}","templated":true}]}}