{"id":2658,"date":"2016-07-20T13:10:53","date_gmt":"2016-07-20T13:10:53","guid":{"rendered":"http:\/\/thurzozoltan.com\/it\/?page_id=2658"},"modified":"2016-10-26T14:02:52","modified_gmt":"2016-10-26T14:02:52","slug":"libri","status":"publish","type":"page","link":"https:\/\/thurzozoltan.com\/it\/libri\/","title":{"rendered":"Libri"},"content":{"rendered":"[et_pb_section admin_label=&#8221;Section&#8221; fullwidth=&#8221;on&#8221; specialty=&#8221;off&#8221; transparent_background=&#8221;on&#8221; background_color=&#8221;#ffffff&#8221; allow_player_pause=&#8221;off&#8221; inner_shadow=&#8221;off&#8221; parallax=&#8221;off&#8221; parallax_method=&#8221;off&#8221; padding_mobile=&#8221;off&#8221; make_fullwidth=&#8221;off&#8221; use_custom_width=&#8221;off&#8221; width_unit=&#8221;on&#8221; make_equal=&#8221;off&#8221; use_custom_gutter=&#8221;off&#8221;][et_pb_fullwidth_post_title admin_label=&#8221;Fullwidth Post Title&#8221; title=&#8221;on&#8221; meta=&#8221;off&#8221; author=&#8221;on&#8221; date=&#8221;on&#8221; categories=&#8221;on&#8221; comments=&#8221;on&#8221; featured_image=&#8221;off&#8221; featured_placement=&#8221;below&#8221; parallax_effect=&#8221;on&#8221; parallax_method=&#8221;on&#8221; text_orientation=&#8221;center&#8221; text_color=&#8221;dark&#8221; text_background=&#8221;off&#8221; text_bg_color=&#8221;rgba(255,255,255,0.9)&#8221; module_bg_color=&#8221;rgba(255,255,255,0)&#8221; title_font_size=&#8221;36&#8243; title_font_size_tablet=&#8221;29&#8243; title_font_size_phone=&#8221;20&#8243; title_font_size_last_edited=&#8221;on|phone&#8221; title_text_color=&#8221;#fee29b&#8221; title_all_caps=&#8221;off&#8221; use_border_color=&#8221;off&#8221; border_color=&#8221;#ffffff&#8221; border_style=&#8221;solid&#8221;] <br \/>\n [\/et_pb_fullwidth_post_title][\/et_pb_section][et_pb_section admin_label=&#8221;section&#8221; transparent_background=&#8221;on&#8221; background_color=&#8221;#ffffff&#8221; allow_player_pause=&#8221;off&#8221; inner_shadow=&#8221;off&#8221; parallax=&#8221;off&#8221; parallax_method=&#8221;off&#8221; padding_mobile=&#8221;off&#8221; make_fullwidth=&#8221;off&#8221; use_custom_width=&#8221;off&#8221; width_unit=&#8221;on&#8221; make_equal=&#8221;off&#8221; use_custom_gutter=&#8221;off&#8221;][et_pb_row admin_label=&#8221;Row&#8221;][et_pb_column type=&#8221;4_4&#8243;][et_pb_text admin_label=&#8221;Text&#8221; background_layout=&#8221;light&#8221; text_orientation=&#8221;left&#8221; use_border_color=&#8221;off&#8221; border_color=&#8221;#ffffff&#8221; border_style=&#8221;solid&#8221;]\n<p style=\"text-align: justify;\">I secoli sono uno specchio del presente, dei pensieri personali, lo stesso specchio pu\u00f2 rappresentare sia la personalit\u00e0 di un uomo che di un&#8217;epoca passata.<\/p>\n<p style=\"text-align: justify;\">La nuova societ\u00e0 basata sulla conoscenza, il ruolo della conoscenza, l&#8217;accesso, l&#8217;acquisizione di informazioni nuove e interessanti sono in aumento.\u00a0Attraverso l\u2019educazione accumulata nel corso della storia imbiber, la conoscenza civica \u00e8\u00a0 &#8220;il vettore&#8221; senza tempo dei libri stessi, e questa ha accumulato un sacco di conoscenze, che costituiscono in gran parte la sensibilit\u00e0 dell&#8217;anima.\u00a0Naturalmente, questo \u00e8 altrettanto vero per spartiti.\u00a0\u00c8 noto il fatto che tutti i livelli sociali, in un modo o nell\u2019altro, sono in contatto con il mondo dei libri.\u00a0Nei primi anni di vita, anche prima dell&#8217;inizio della scuola \u00e8 di grande importanza lo sviluppo della fantasia.<\/p>\n<p style=\"text-align: justify;\">\u00c8 la grande responsabilit\u00e0 dei genitori di risvegliare la curiosit\u00e0 del bambino, l\u2019immaginazione con il mondo delle fiabe, e di tenere sveglia questa cosa per un lungo periodo. Pi\u00f9 tardi, il periodo di studio \u00e8 quello che fornisce una solida base per decidere qualli libri comperare dalla libreria e come scegliere quello che ci piace dalle &#8220;riviste di cultura &#8220;.\u00a0La stimolazione nasce dall\u2019esempio motivazionale dell\u2019adulto che legge sempre.\u00a0Potrebbe diventare un &#8220;gioco da tavolo spirituale&#8221; la lettura di un buon libro perch\u00e9 include anche quello che voleva comunicare lo scrittore e ci\u00f2 che intende l&#8217;immaginazione del lettore.<\/p>\n<p style=\"text-align: justify;\"><img loading=\"lazy\" decoding=\"async\" class=\" wp-image-6268 alignright\" src=\"http:\/\/thurzozoltan.com\/wp-content\/uploads\/2016\/04\/Thurzo-Sandor-300x200.jpg\" alt=\"Thurzo Sandor\" width=\"314\" height=\"209\" srcset=\"https:\/\/thurzozoltan.com\/wp-content\/uploads\/2016\/04\/Thurzo-Sandor-300x200.jpg 300w, https:\/\/thurzozoltan.com\/wp-content\/uploads\/2016\/04\/Thurzo-Sandor.jpg 589w\" sizes=\"auto, (max-width: 314px) 100vw, 314px\" \/>La lettura, tuttavia, \u00e8 un rapporto intimo, in cui il tempo e lo spazio svanisce , ci chiude dal mondo esterno e ci apre la porta di un meraviglioso mondo di fantasia.\u00a0Con le mille idee che si trovano nei libri che si basano su piccole verit\u00e0, l&#8217;uomo pu\u00f2 conoscere altri punti di vista, conclusioni, avendo cos\u00ec la possibilit\u00e0 di mettere la base della propria conoscenza culturale e di costruirla una vita intera.\u00a0Il libro per il lettore \u00e8 come la composizione per il musicista. \u00a0Se non si capisce quello che leggi, il libro \u00e8 solo un gran numero di lettere, come il palo delle note musicali per il profano. \u00a0Invece all&#8217;uomo interessato e ricettivo li mostra i tesori nascosti e al musicista la logica e l\u2019armonia delle note musicali.<\/p>\n<p style=\"text-align: justify;\">La musica \u00e8 un linguaggio&#8230;nel linguaggio.<\/p>\n<p style=\"text-align: justify;\">Per me, e per molti altri, la musica \u00e8 un linguaggio, un linguaggio che \u00e8 molto ben usato a livello artistico alto dai compositori e successivamente dagli artisti.\u00a0La base del linguaggio musicale \u00e8 un ABC bianco-nero, e ogni compositore usa una base composta da 12 note musicali.\u00a0Cambia solo la forma della musica, in base a una situazione del modo di vita personale.\u00a0Lo stesso principio vale per il mondo dei libri.\u00a0Ogni libro ed ogni composizione musicale, trasmettono altri e altri valori.<\/p>\n<p style=\"text-align: justify;\">Le parole e le note musicali sono uguali, ma l&#8217;ordine e la loro variet\u00e0 \u00e8 infinita. Ogni libro arricchisce la nostra conoscenza sul mondo in cui viviamo, in cui vivevano i nostri predecessori , in cui desideriamo vivere. \u00c8 una sensazione fantastica per coloro che vedono attraverso gli occhi dell&#8217;anima ci\u00f2 che leggono.<\/p>\n<p style=\"text-align: justify;\">I due libri che possono essere visualizzati dai visitatori del sito riflettono una personalit\u00e0 per la quale era importante riflettere i valori della musica di Oradea al mondo.\u00a0Thurz\u00f3 S\u00e1ndor, musicologo e storico della musica , abitante di Oradea, rimane finora la personalit\u00e0 dominante nella storia educativa.\u00a0<\/p>\n<p style=\"text-align: justify;\">Il libro pu\u00f2 essere scaricato nella sua interezza o diviso in capitoli.\u00a0Fare clic sul titolo del libro.<\/p>\n[\/et_pb_text][\/et_pb_column][\/et_pb_row][et_pb_row admin_label=&#8221;row&#8221;][et_pb_column type=&#8221;1_4&#8243;][et_pb_image admin_label=&#8221;Image&#8221; src=&#8221;http:\/\/thurzozoltan.com\/wp-content\/uploads\/2016\/04\/konyvek-borito-1.jpg&#8221; show_in_lightbox=&#8221;off&#8221; url_new_window=&#8221;off&#8221; use_overlay=&#8221;off&#8221; animation=&#8221;left&#8221; sticky=&#8221;off&#8221; align=&#8221;left&#8221; force_fullwidth=&#8221;off&#8221; always_center_on_mobile=&#8221;on&#8221; use_border_color=&#8221;off&#8221; border_color=&#8221;#ffffff&#8221; border_style=&#8221;solid&#8221; url=&#8221;http:\/\/thurzozoltan.com\/it\/libri\/apostolo-della-vita-musicale-di-oradea-in-memoriam-thurzo-sandor\/&#8221;] [\/et_pb_image][\/et_pb_column][et_pb_column type=&#8221;3_4&#8243;][et_pb_text admin_label=&#8221;Text&#8221; background_layout=&#8221;light&#8221; text_orientation=&#8221;left&#8221; use_border_color=&#8221;off&#8221; border_color=&#8221;#ffffff&#8221; border_style=&#8221;solid&#8221;]\n<h2>Apostolo della vita musicale di Oradea &#8211; in memoriam Thurz\u00f3 S\u00e1ndor<\/h2>\n<p style=\"text-align: right;\"><a href=\"http:\/\/thurzozoltan.com\/it\/libri\/apostolo-della-vita-musicale-di-oradea-in-memoriam-thurzo-sandor\/\"><span id=\"result_box\" class=\"short_text\" lang=\"it\"><span class=\"\">dettagli<\/span><\/span><\/a><\/p>\n[\/et_pb_text][\/et_pb_column][\/et_pb_row][et_pb_row admin_label=&#8221;row&#8221;][et_pb_column type=&#8221;1_4&#8243;][et_pb_image admin_label=&#8221;Image&#8221; src=&#8221;http:\/\/thurzozoltan.com\/wp-content\/uploads\/2016\/04\/konyvek-borito-2.jpg&#8221; show_in_lightbox=&#8221;off&#8221; url_new_window=&#8221;off&#8221; use_overlay=&#8221;off&#8221; animation=&#8221;left&#8221; sticky=&#8221;off&#8221; align=&#8221;left&#8221; force_fullwidth=&#8221;off&#8221; always_center_on_mobile=&#8221;on&#8221; use_border_color=&#8221;off&#8221; border_color=&#8221;#ffffff&#8221; border_style=&#8221;solid&#8221; url=&#8221;http:\/\/thurzozoltan.com\/it\/libri\/bartok-a-oradea-nello-specchio-dei-media-locali\/&#8221;] [\/et_pb_image][\/et_pb_column][et_pb_column type=&#8221;3_4&#8243;][et_pb_text admin_label=&#8221;Text&#8221; background_layout=&#8221;light&#8221; text_orientation=&#8221;left&#8221; use_border_color=&#8221;off&#8221; border_color=&#8221;#ffffff&#8221; border_style=&#8221;solid&#8221;]\n<h2>Bart\u00f3k a Oradea, nello specchio dei media locali<\/h2>\n<p style=\"text-align: right;\"><a href=\"http:\/\/thurzozoltan.com\/it\/libri\/bartok-a-oradea-nello-specchio-dei-media-locali\/\" class=\"broken_link\"><span id=\"result_box\" class=\"short_text\" lang=\"it\"><span class=\"\">dettagli<\/span><\/span><\/a><\/p>\n[\/et_pb_text][\/et_pb_column][\/et_pb_row][\/et_pb_section]\n","protected":false},"excerpt":{"rendered":"<p>[et_pb_section admin_label=&#8221;Section&#8221; fullwidth=&#8221;on&#8221; specialty=&#8221;off&#8221; transparent_background=&#8221;on&#8221; background_color=&#8221;#ffffff&#8221; allow_player_pause=&#8221;off&#8221; inner_shadow=&#8221;off&#8221; parallax=&#8221;off&#8221; parallax_method=&#8221;off&#8221; padding_mobile=&#8221;off&#8221; make_fullwidth=&#8221;off&#8221; use_custom_width=&#8221;off&#8221; width_unit=&#8221;on&#8221; make_equal=&#8221;off&#8221; use_custom_gutter=&#8221;off&#8221;][et_pb_fullwidth_post_title admin_label=&#8221;Fullwidth Post Title&#8221; title=&#8221;on&#8221; meta=&#8221;off&#8221; author=&#8221;on&#8221; date=&#8221;on&#8221; categories=&#8221;on&#8221; comments=&#8221;on&#8221; featured_image=&#8221;off&#8221; featured_placement=&#8221;below&#8221; parallax_effect=&#8221;on&#8221; parallax_method=&#8221;on&#8221; text_orientation=&#8221;center&#8221; text_color=&#8221;dark&#8221; text_background=&#8221;off&#8221; text_bg_color=&#8221;rgba(255,255,255,0.9)&#8221; module_bg_color=&#8221;rgba(255,255,255,0)&#8221; title_font_size=&#8221;36&#8243; title_font_size_tablet=&#8221;29&#8243; title_font_size_phone=&#8221;20&#8243; title_font_size_last_edited=&#8221;on|phone&#8221; title_text_color=&#8221;#fee29b&#8221; title_all_caps=&#8221;off&#8221; use_border_color=&#8221;off&#8221; border_color=&#8221;#ffffff&#8221; border_style=&#8221;solid&#8221;] [\/et_pb_fullwidth_post_title][\/et_pb_section][et_pb_section admin_label=&#8221;section&#8221; transparent_background=&#8221;on&#8221; background_color=&#8221;#ffffff&#8221; allow_player_pause=&#8221;off&#8221; inner_shadow=&#8221;off&#8221; parallax=&#8221;off&#8221; parallax_method=&#8221;off&#8221; padding_mobile=&#8221;off&#8221; make_fullwidth=&#8221;off&#8221; use_custom_width=&#8221;off&#8221; width_unit=&#8221;on&#8221; [&hellip;]<\/p>\n","protected":false},"author":1,"featured_media":0,"parent":0,"menu_order":0,"comment_status":"closed","ping_status":"closed","template":"","meta":{"footnotes":""},"class_list":["post-2658","page","type-page","status-publish","hentry"],"_links":{"self":[{"href":"https:\/\/thurzozoltan.com\/it\/wp-json\/wp\/v2\/pages\/2658","targetHints":{"allow":["GET"]}}],"collection":[{"href":"https:\/\/thurzozoltan.com\/it\/wp-json\/wp\/v2\/pages"}],"about":[{"href":"https:\/\/thurzozoltan.com\/it\/wp-json\/wp\/v2\/types\/page"}],"author":[{"embeddable":true,"href":"https:\/\/thurzozoltan.com\/it\/wp-json\/wp\/v2\/users\/1"}],"replies":[{"embeddable":true,"href":"https:\/\/thurzozoltan.com\/it\/wp-json\/wp\/v2\/comments?post=2658"}],"version-history":[{"count":7,"href":"https:\/\/thurzozoltan.com\/it\/wp-json\/wp\/v2\/pages\/2658\/revisions"}],"predecessor-version":[{"id":9481,"href":"https:\/\/thurzozoltan.com\/it\/wp-json\/wp\/v2\/pages\/2658\/revisions\/9481"}],"wp:attachment":[{"href":"https:\/\/thurzozoltan.com\/it\/wp-json\/wp\/v2\/media?parent=2658"}],"curies":[{"name":"wp","href":"https:\/\/api.w.org\/{rel}","templated":true}]}}