{"id":2864,"date":"2016-07-22T10:24:35","date_gmt":"2016-07-22T10:24:35","guid":{"rendered":"http:\/\/thurzozoltan.com\/it\/?page_id=2864"},"modified":"2016-10-10T20:59:58","modified_gmt":"2016-10-10T20:59:58","slug":"pensieri","status":"publish","type":"page","link":"https:\/\/thurzozoltan.com\/it\/pensieri\/","title":{"rendered":"Pensieri"},"content":{"rendered":"[et_pb_section admin_label=&#8221;Section&#8221; fullwidth=&#8221;on&#8221; specialty=&#8221;off&#8221; transparent_background=&#8221;on&#8221; background_color=&#8221;#ffffff&#8221; allow_player_pause=&#8221;off&#8221; inner_shadow=&#8221;off&#8221; parallax=&#8221;off&#8221; parallax_method=&#8221;off&#8221; padding_mobile=&#8221;off&#8221; make_fullwidth=&#8221;off&#8221; use_custom_width=&#8221;off&#8221; width_unit=&#8221;on&#8221; make_equal=&#8221;off&#8221; use_custom_gutter=&#8221;off&#8221;][et_pb_fullwidth_image admin_label=&#8221;Fullwidth Image&#8221; src=&#8221;http:\/\/thurzozoltan.com\/wp-content\/uploads\/2016\/04\/header-gondolatok.jpg&#8221; show_in_lightbox=&#8221;off&#8221; url_new_window=&#8221;off&#8221; use_overlay=&#8221;off&#8221; animation=&#8221;right&#8221; use_border_color=&#8221;off&#8221; border_color=&#8221;#ffffff&#8221; border_style=&#8221;solid&#8221;] [\/et_pb_fullwidth_image][et_pb_fullwidth_post_title admin_label=&#8221;Fullwidth Post Title&#8221; title=&#8221;on&#8221; meta=&#8221;off&#8221; author=&#8221;on&#8221; date=&#8221;on&#8221; categories=&#8221;on&#8221; comments=&#8221;on&#8221; featured_image=&#8221;off&#8221; featured_placement=&#8221;below&#8221; parallax_effect=&#8221;on&#8221; parallax_method=&#8221;on&#8221; text_orientation=&#8221;center&#8221; text_color=&#8221;light&#8221; text_background=&#8221;off&#8221; text_bg_color=&#8221;rgba(255,255,255,0.9)&#8221; module_bg_color=&#8221;rgba(255,255,255,0)&#8221; title_font_size=&#8221;36px&#8221; title_font_size_tablet=&#8221;29px&#8221; title_font_size_phone=&#8221;20px&#8221; title_font_size_last_edited=&#8221;on|phone&#8221; title_all_caps=&#8221;on&#8221; use_border_color=&#8221;off&#8221; border_color=&#8221;#ffffff&#8221; border_style=&#8221;solid&#8221; title_text_color=&#8221;#fee29b&#8221;] [\/et_pb_fullwidth_post_title][\/et_pb_section][et_pb_section admin_label=&#8221;Section&#8221; fullwidth=&#8221;off&#8221; specialty=&#8221;off&#8221; transparent_background=&#8221;on&#8221; background_color=&#8221;#ffffff&#8221; allow_player_pause=&#8221;off&#8221; inner_shadow=&#8221;off&#8221; parallax=&#8221;off&#8221; parallax_method=&#8221;off&#8221; padding_mobile=&#8221;off&#8221; make_fullwidth=&#8221;off&#8221; use_custom_width=&#8221;off&#8221; width_unit=&#8221;on&#8221; make_equal=&#8221;off&#8221; use_custom_gutter=&#8221;off&#8221;][et_pb_row admin_label=&#8221;Row&#8221;][et_pb_column type=&#8221;4_4&#8243;][et_pb_text admin_label=&#8221;Text&#8221; background_layout=&#8221;light&#8221; text_orientation=&#8221;left&#8221; use_border_color=&#8221;off&#8221; border_color=&#8221;#ffffff&#8221; border_style=&#8221;solid&#8221;]\n<p style=\"text-align: justify;\">Ognuno ha nell&#8217;anima un &#8220;affollamento&#8221; di pensieri che si desidera condividere con gli altri.\u00a0Voglio mostrare a tutti voi come vedo il mondo e le persone in esso.\u00a0I valori delle epoche passate e le attrazioni storiche, e le immagini contemporanee desidero ondividere qui con tutti.\u00a0Essendo artista, ero in quella posizione privilegiata che la mia vocazione sia anche il mio hobby.\u00a0La maggior parte del mio tempo libero lo passo accanto al pianoforte, facendo molte ripetizioni.<\/p>\n<p style=\"text-align: justify;\">Per me la musica non \u00e8 un lavoro ma \u00e8 un gioco, gioia e relax.\u00a0L\u2019occupazione con la musica, come \u201ccostruzione\u201d di se stesso, ha anche altri metodi diversi dalla ripetizione su strumenti musicali. Mi piace fare trascrizioni, che \u00e8 anche un&#8217;attivit\u00e0 di compositore, che richiede una conoscenza puntuale di teoria musicale, alta formazione, fantasia e creativit\u00e0. Per acquisire queste caratteristiche per me \u00e8 da non mancare acquisire esperienze provenienti da diversi campi della vita.<\/p>\n<p style=\"text-align: justify;\">Quando una natura curiosa ed essendo una persona aperta, ogni volta che ho la possibilit\u00e0, leggo, vado al teatro, ai concerti, alla ricerca\u00a0 di tutto quello che considero interessante. Attraverso le mie pubblicazioni trasmetto quei pensieri personali che li sento per sempre quando giro per il mondo.\u00a0Quando vado in un posto interessante cerco il multilateralismo del luogo, luoghi misteriosi,\u00a0 sono a interrogare pi\u00f9 volte le persone che abitano l\u00e0.\u00a0Sto cercando di arrivare nel paese scelto preparato, ma ho sempre parte di sorprese e novit\u00e0 per quanto riguardano le mie conoscenze.<\/p>\n<p style=\"text-align: justify;\">\u00c8 importante condividere queste esperienze, perch\u00e9 cosi riesco a portare gioia acnhe agli altri, anche se gli amici o conoscenti, i lettori, sono stati in quei luoghi, hanno meditato su cose simili.\u00a0A volte, anche perch\u00e9 cos\u00ec ricordano bei ricordi, anche perch\u00e9 posso vedere in modo diverso quei luoghi.\u00a0E coloro che non sono in grado di raggiungere personalmente questi luoghi possono sperimentare un viaggio virtuale con me, e forse attraverso di me possono sviluppare le loro fantasie, le conoscenze ed esperienze in modo simile.\u00a0La trasmissione delle conoscenze acquisite attraverso l\u2019apprendimento quotidiano e delle esperienze \u00e8 particolarmente importante per me.<\/p>\n<p style=\"text-align: justify;\">Ma non scrivo solo su queste cose.\u00a0A volte i miei scritti sono contradittori perch\u00e9 ogni volta voglio trasmettere la mia personalit\u00e0. Se le mie pubblicazioni danno il tono ai dibattiti io sono contento perch\u00e9 non esistono due persone uguali, e per queste non \u00e8 un problema che sullo stesso tema abbiamo opinioni diverse.<\/p>\n<p style=\"text-align: justify;\">Grazie per il vostro tempo e per la vostra attenzione alle mie pubblicazioni, ai miei pensieri personali e a coloro che sono dietro di loro.<\/p>\n<p style=\"text-align: justify;\">\u00a0<\/p>\n[\/et_pb_text][et_pb_code admin_label=&#8221;Code&#8221;]<div class=\"cff-wrapper\"><div id=\"cff\" data-char=\"300\" class=\" cff-thumb-layout  cff-lb\"  data-fb-text=\"View on Facebook\"><div class=\"cff-likebox cff-bottom\" ><script src=\"https:\/\/connect.facebook.net\/hu_HU\/all.js#xfbml=1&appId=712681982206086\"><\/script><div class=\"fb-page\" data-href=\"https:\/\/www.facebook.com\/1053027374755356\" data-width=\"\" data-hide-cover=\"false\" data-show-facepile=\"false\" data-small-header=\"false\" data-hide-cta=\"false\" data-show-posts=\"false\" data-adapt-container-width=\"true\"><div class=\"fb-xfbml-parse-ignore\"><blockquote cite=\"https:\/\/www.facebook.com\/1053027374755356\"><a href=\"https:\/\/www.facebook.com\/1053027374755356\">View on Facebook<\/a><\/blockquote><\/div><\/div><div id=\"fb-root\"><\/div><\/div><\/div><\/div>[\/et_pb_code][\/et_pb_column][\/et_pb_row][\/et_pb_section]\n","protected":false},"excerpt":{"rendered":"<p>[et_pb_section admin_label=&#8221;Section&#8221; fullwidth=&#8221;on&#8221; specialty=&#8221;off&#8221; transparent_background=&#8221;on&#8221; background_color=&#8221;#ffffff&#8221; allow_player_pause=&#8221;off&#8221; inner_shadow=&#8221;off&#8221; parallax=&#8221;off&#8221; parallax_method=&#8221;off&#8221; padding_mobile=&#8221;off&#8221; make_fullwidth=&#8221;off&#8221; use_custom_width=&#8221;off&#8221; width_unit=&#8221;on&#8221; make_equal=&#8221;off&#8221; use_custom_gutter=&#8221;off&#8221;][et_pb_fullwidth_image admin_label=&#8221;Fullwidth Image&#8221; src=&#8221;http:\/\/thurzozoltan.com\/wp-content\/uploads\/2016\/04\/header-gondolatok.jpg&#8221; show_in_lightbox=&#8221;off&#8221; url_new_window=&#8221;off&#8221; use_overlay=&#8221;off&#8221; animation=&#8221;right&#8221; use_border_color=&#8221;off&#8221; border_color=&#8221;#ffffff&#8221; border_style=&#8221;solid&#8221;] [\/et_pb_fullwidth_image][et_pb_fullwidth_post_title admin_label=&#8221;Fullwidth Post Title&#8221; title=&#8221;on&#8221; meta=&#8221;off&#8221; author=&#8221;on&#8221; date=&#8221;on&#8221; categories=&#8221;on&#8221; comments=&#8221;on&#8221; featured_image=&#8221;off&#8221; featured_placement=&#8221;below&#8221; parallax_effect=&#8221;on&#8221; parallax_method=&#8221;on&#8221; text_orientation=&#8221;center&#8221; text_color=&#8221;light&#8221; text_background=&#8221;off&#8221; text_bg_color=&#8221;rgba(255,255,255,0.9)&#8221; module_bg_color=&#8221;rgba(255,255,255,0)&#8221; title_font_size=&#8221;36px&#8221; title_font_size_tablet=&#8221;29px&#8221; title_font_size_phone=&#8221;20px&#8221; title_font_size_last_edited=&#8221;on|phone&#8221; title_all_caps=&#8221;on&#8221; use_border_color=&#8221;off&#8221; border_color=&#8221;#ffffff&#8221; border_style=&#8221;solid&#8221; title_text_color=&#8221;#fee29b&#8221;] [\/et_pb_fullwidth_post_title][\/et_pb_section][et_pb_section [&hellip;]<\/p>\n","protected":false},"author":1,"featured_media":0,"parent":0,"menu_order":0,"comment_status":"closed","ping_status":"closed","template":"","meta":{"footnotes":""},"class_list":["post-2864","page","type-page","status-publish","hentry"],"_links":{"self":[{"href":"https:\/\/thurzozoltan.com\/it\/wp-json\/wp\/v2\/pages\/2864","targetHints":{"allow":["GET"]}}],"collection":[{"href":"https:\/\/thurzozoltan.com\/it\/wp-json\/wp\/v2\/pages"}],"about":[{"href":"https:\/\/thurzozoltan.com\/it\/wp-json\/wp\/v2\/types\/page"}],"author":[{"embeddable":true,"href":"https:\/\/thurzozoltan.com\/it\/wp-json\/wp\/v2\/users\/1"}],"replies":[{"embeddable":true,"href":"https:\/\/thurzozoltan.com\/it\/wp-json\/wp\/v2\/comments?post=2864"}],"version-history":[{"count":3,"href":"https:\/\/thurzozoltan.com\/it\/wp-json\/wp\/v2\/pages\/2864\/revisions"}],"predecessor-version":[{"id":9178,"href":"https:\/\/thurzozoltan.com\/it\/wp-json\/wp\/v2\/pages\/2864\/revisions\/9178"}],"wp:attachment":[{"href":"https:\/\/thurzozoltan.com\/it\/wp-json\/wp\/v2\/media?parent=2864"}],"curies":[{"name":"wp","href":"https:\/\/api.w.org\/{rel}","templated":true}]}}