{"id":2901,"date":"2016-05-18T07:17:19","date_gmt":"2016-05-18T07:17:19","guid":{"rendered":"http:\/\/thurzozoltan.com\/it\/?page_id=2901"},"modified":"2016-10-07T20:06:07","modified_gmt":"2016-10-07T20:06:07","slug":"kozonseg-velemeny","status":"publish","type":"page","link":"https:\/\/thurzozoltan.com\/it\/diario\/kozonseg-velemeny\/","title":{"rendered":"Opinioni del pubblico"},"content":{"rendered":"[et_pb_section admin_label=&#8221;Section&#8221; fullwidth=&#8221;on&#8221; specialty=&#8221;off&#8221; transparent_background=&#8221;on&#8221; background_color=&#8221;#ffffff&#8221; allow_player_pause=&#8221;off&#8221; inner_shadow=&#8221;off&#8221; parallax=&#8221;off&#8221; parallax_method=&#8221;off&#8221; padding_mobile=&#8221;off&#8221; make_fullwidth=&#8221;off&#8221; use_custom_width=&#8221;off&#8221; width_unit=&#8221;on&#8221; make_equal=&#8221;off&#8221; use_custom_gutter=&#8221;off&#8221;][et_pb_fullwidth_post_title admin_label=&#8221;Fullwidth Post Title&#8221; title=&#8221;on&#8221; meta=&#8221;off&#8221; author=&#8221;on&#8221; date=&#8221;on&#8221; categories=&#8221;on&#8221; comments=&#8221;on&#8221; featured_image=&#8221;off&#8221; featured_placement=&#8221;below&#8221; parallax_effect=&#8221;on&#8221; parallax_method=&#8221;on&#8221; text_orientation=&#8221;center&#8221; text_color=&#8221;dark&#8221; text_background=&#8221;off&#8221; text_bg_color=&#8221;rgba(255,255,255,0.9)&#8221; module_bg_color=&#8221;rgba(255,255,255,0)&#8221; title_font_size=&#8221;36&#8243; title_font_size_tablet=&#8221;29&#8243; title_font_size_phone=&#8221;20&#8243; title_font_size_last_edited=&#8221;on|phone&#8221; title_text_color=&#8221;#fee29b&#8221; title_all_caps=&#8221;off&#8221; use_border_color=&#8221;off&#8221; border_color=&#8221;#ffffff&#8221; border_style=&#8221;solid&#8221;] [\/et_pb_fullwidth_post_title][\/et_pb_section][et_pb_section admin_label=&#8221;section&#8221; transparent_background=&#8221;on&#8221; background_color=&#8221;#ffffff&#8221; allow_player_pause=&#8221;off&#8221; inner_shadow=&#8221;off&#8221; parallax=&#8221;off&#8221; parallax_method=&#8221;off&#8221; padding_mobile=&#8221;off&#8221; make_fullwidth=&#8221;off&#8221; use_custom_width=&#8221;off&#8221; width_unit=&#8221;on&#8221; make_equal=&#8221;off&#8221; use_custom_gutter=&#8221;off&#8221;][et_pb_row admin_label=&#8221;Row&#8221; make_fullwidth=&#8221;off&#8221; use_custom_width=&#8221;off&#8221; width_unit=&#8221;on&#8221; use_custom_gutter=&#8221;off&#8221; padding_mobile=&#8221;off&#8221; allow_player_pause=&#8221;off&#8221; parallax=&#8221;off&#8221; parallax_method=&#8221;off&#8221; make_equal=&#8221;off&#8221; parallax_1=&#8221;off&#8221; parallax_method_1=&#8221;off&#8221; column_padding_mobile=&#8221;on&#8221; custom_padding=&#8221;0px|||&#8221;][et_pb_column type=&#8221;4_4&#8243;][et_pb_text admin_label=&#8221;Text&#8221; background_layout=&#8221;light&#8221; text_orientation=&#8221;left&#8221; use_border_color=&#8221;off&#8221; border_color=&#8221;#ffffff&#8221; border_style=&#8221;solid&#8221;]\n<p style=\"text-align: justify;\">Il parere del pubblico contava sempre, anche\u00a0 nel passato vecchio.<\/p>\n<p style=\"text-align: justify;\">Il desiderio pi\u00f9 grande dell\u2019uomo che crea \u00e8 quello di creare qualcosa di duraturo.\u00a0Fin dalla prima infanzia, da quando il pensiero ha un senso, \u00e8 molto importante il feed-back.\u00a0Anche quando abbiamo superato i limiti con il comportamento, anche quando abbiamo sentito che abbiamo fatto qualcosa che ci \u00e8 piaciuto , se l\u2019ambiente circostante conferma con la lode. \u00a0\u00c8 importante che durante l&#8217;attivit\u00e0 abbiamo anche critica negativa e positiva al momento giusto perch\u00e9 pu\u00f2 collocare su una scala reale del valore nella nostra vita.<\/p>\n<p style=\"text-align: justify;\"><img loading=\"lazy\" decoding=\"async\" class=\"size-medium wp-image-6218 alignright\" src=\"http:\/\/thurzozoltan.com\/wp-content\/uploads\/2016\/05\/K\u00f6z\u00f6ns\u00e9g-300x200.jpg\" alt=\"K\u00f6z\u00f6ns\u00e9g\" width=\"300\" height=\"200\" srcset=\"https:\/\/thurzozoltan.com\/wp-content\/uploads\/2016\/05\/K\u00f6z\u00f6ns\u00e9g-300x200.jpg 300w, https:\/\/thurzozoltan.com\/wp-content\/uploads\/2016\/05\/K\u00f6z\u00f6ns\u00e9g-768x512.jpg 768w, https:\/\/thurzozoltan.com\/wp-content\/uploads\/2016\/05\/K\u00f6z\u00f6ns\u00e9g-1024x683.jpg 1024w, https:\/\/thurzozoltan.com\/wp-content\/uploads\/2016\/05\/K\u00f6z\u00f6ns\u00e9g-1080x720.jpg 1080w\" sizes=\"auto, (max-width: 300px) 100vw, 300px\" \/>All\u2019artista, ma specialmente se \u00e8 un musicista,\u00a0 \u00e8 particolarmente importante ,in base all&#8217;esperienza vissuta, dopo il concerto, il feedback del pubblico. Fa parte della preparazione artistica il rafforzamento della sensibilit\u00e0 perch\u00e9 l&#8217;artista con questa qualit\u00e0 \u00e8 in grado di fornire autenticit\u00e0 e genuinit\u00e0.\u00a0Poich\u00e9 non esistono due persone identiche, cosi non ci sono due punti di vista identici.\u00a0Il punto principale di una produzione artistica, sia una poesia, un dipinto, una produzione teatrale o un concerto, \u00e8 quello di raggiungere lo scopo, cio\u00e8 \u00e8 inteso che per il tramite dell\u2019artista di raggiungere al pubblico stimato e ricettivo..<\/p>\n<p style=\"text-align: justify;\"><img loading=\"lazy\" decoding=\"async\" class=\" wp-image-6222 alignleft\" src=\"http:\/\/thurzozoltan.com\/wp-content\/uploads\/2016\/05\/K\u00f6z\u00f6ns\u00e9g-1-300x199.jpg\" alt=\"K\u00f6z\u00f6ns\u00e9g\" width=\"320\" height=\"212\" srcset=\"https:\/\/thurzozoltan.com\/wp-content\/uploads\/2016\/05\/K\u00f6z\u00f6ns\u00e9g-1-300x199.jpg 300w, https:\/\/thurzozoltan.com\/wp-content\/uploads\/2016\/05\/K\u00f6z\u00f6ns\u00e9g-1-768x509.jpg 768w, https:\/\/thurzozoltan.com\/wp-content\/uploads\/2016\/05\/K\u00f6z\u00f6ns\u00e9g-1-1024x678.jpg 1024w, https:\/\/thurzozoltan.com\/wp-content\/uploads\/2016\/05\/K\u00f6z\u00f6ns\u00e9g-1-1080x715.jpg 1080w\" sizes=\"auto, (max-width: 320px) 100vw, 320px\" \/>La stragrande maggioranza delle persone sentono la necessit\u00e0 raddunarsi nella cultura. Ogni esperienza personale vissuta, ogni evento vissuto, gli unisce ad ogni spettacolo.\u00a0Naturalmente non dobbiamo trascurare l&#8217;opinione del pubblico dopo ogni spettacolo, non importa quanto diverso sia.\u00a0Il potere e la forza di creare del pubblico in questa cosa consiste. Ai miei spettacoli cerco di mostare con la massima preparazione e umilt\u00e0 tutte le conoscenze che ho.\u00a0L\u2019opinione positiva del pubblico,anche non detto, un applauso, o un momento teso di silenzio, mi d\u00e0 slancio, ispirazione.\u00a0L&#8217;effetto di catarsi \u00e8 il sogno di ogni artista, ad ogni concerto, la sua assenza \u00e8 anche un effetto di cui merita trarre conclusioni costruttive per il futuro.\u00a0Il progresso fino allora pu\u00f2 essere continuo fino a raggiungere al livello dei valori critici pensati, ci dobbiamo sempre sforzare per fornire il massimo e il meglio per il nostro pubblico.<\/p>\n<p style=\"text-align: justify;\">Queste esperienze vissute sono riunite in un gruppo da questi album.<\/p>\n<p><strong>\u2026\u2026\u2026\u2026\u2026\u2026\u2026\u2026\u2026\u2026\u2026\u2026\u2026\u2026\u2026\u2026\u2026\u2026\u2026\u2026\u2026\u2026\u2026\u2026\u2026\u2026\u2026\u2026\u2026\u2026\u2026\u2026\u2026\u2026\u2026\u2026\u2026\u2026\u2026\u2026\u2026\u2026\u2026\u2026\u2026\u2026\u2026\u2026\u2026\u2026\u2026\u2026\u2026\u2026\u2026\u2026\u2026\u2026\u2026\u2026<\/strong><\/p>\n<p>&nbsp;<\/p>\n<p>&nbsp;<\/p>\n[\/et_pb_text][et_pb_blog admin_label=&#8221;Blog&#8221; fullwidth=&#8221;off&#8221; posts_number=&#8221;20&#8243; include_categories=&#8221;8&#8243; show_thumbnail=&#8221;on&#8221; show_content=&#8221;off&#8221; show_more=&#8221;off&#8221; show_author=&#8221;off&#8221; show_date=&#8221;off&#8221; show_categories=&#8221;off&#8221; show_comments=&#8221;off&#8221; show_pagination=&#8221;on&#8221; offset_number=&#8221;0&#8243; use_overlay=&#8221;on&#8221; background_layout=&#8221;light&#8221; use_dropshadow=&#8221;on&#8221; use_border_color=&#8221;off&#8221; border_color=&#8221;#fee290&#8243; border_style=&#8221;solid&#8221; meta_date=&#8221;Y M j &#8221; overlay_icon_color=&#8221;#fee290&#8243; hover_overlay_color=&#8221;rgba(254,226,144,0.44)&#8221; masonry_tile_background_color=&#8221;rgba(255,255,255,0)&#8221;] [\/et_pb_blog][\/et_pb_column][\/et_pb_row][\/et_pb_section]\n","protected":false},"excerpt":{"rendered":"<p>[et_pb_section admin_label=&#8221;Section&#8221; fullwidth=&#8221;on&#8221; specialty=&#8221;off&#8221; transparent_background=&#8221;on&#8221; background_color=&#8221;#ffffff&#8221; allow_player_pause=&#8221;off&#8221; inner_shadow=&#8221;off&#8221; parallax=&#8221;off&#8221; parallax_method=&#8221;off&#8221; padding_mobile=&#8221;off&#8221; make_fullwidth=&#8221;off&#8221; use_custom_width=&#8221;off&#8221; width_unit=&#8221;on&#8221; make_equal=&#8221;off&#8221; use_custom_gutter=&#8221;off&#8221;][et_pb_fullwidth_post_title admin_label=&#8221;Fullwidth Post Title&#8221; title=&#8221;on&#8221; meta=&#8221;off&#8221; author=&#8221;on&#8221; date=&#8221;on&#8221; categories=&#8221;on&#8221; comments=&#8221;on&#8221; featured_image=&#8221;off&#8221; featured_placement=&#8221;below&#8221; parallax_effect=&#8221;on&#8221; parallax_method=&#8221;on&#8221; text_orientation=&#8221;center&#8221; text_color=&#8221;dark&#8221; text_background=&#8221;off&#8221; text_bg_color=&#8221;rgba(255,255,255,0.9)&#8221; module_bg_color=&#8221;rgba(255,255,255,0)&#8221; title_font_size=&#8221;36&#8243; title_font_size_tablet=&#8221;29&#8243; title_font_size_phone=&#8221;20&#8243; title_font_size_last_edited=&#8221;on|phone&#8221; title_text_color=&#8221;#fee29b&#8221; title_all_caps=&#8221;off&#8221; use_border_color=&#8221;off&#8221; border_color=&#8221;#ffffff&#8221; border_style=&#8221;solid&#8221;] [\/et_pb_fullwidth_post_title][\/et_pb_section][et_pb_section admin_label=&#8221;section&#8221; transparent_background=&#8221;on&#8221; background_color=&#8221;#ffffff&#8221; allow_player_pause=&#8221;off&#8221; inner_shadow=&#8221;off&#8221; parallax=&#8221;off&#8221; parallax_method=&#8221;off&#8221; padding_mobile=&#8221;off&#8221; make_fullwidth=&#8221;off&#8221; use_custom_width=&#8221;off&#8221; width_unit=&#8221;on&#8221; [&hellip;]<\/p>\n","protected":false},"author":1,"featured_media":0,"parent":2929,"menu_order":0,"comment_status":"closed","ping_status":"closed","template":"","meta":{"footnotes":""},"class_list":["post-2901","page","type-page","status-publish","hentry"],"_links":{"self":[{"href":"https:\/\/thurzozoltan.com\/it\/wp-json\/wp\/v2\/pages\/2901","targetHints":{"allow":["GET"]}}],"collection":[{"href":"https:\/\/thurzozoltan.com\/it\/wp-json\/wp\/v2\/pages"}],"about":[{"href":"https:\/\/thurzozoltan.com\/it\/wp-json\/wp\/v2\/types\/page"}],"author":[{"embeddable":true,"href":"https:\/\/thurzozoltan.com\/it\/wp-json\/wp\/v2\/users\/1"}],"replies":[{"embeddable":true,"href":"https:\/\/thurzozoltan.com\/it\/wp-json\/wp\/v2\/comments?post=2901"}],"version-history":[{"count":5,"href":"https:\/\/thurzozoltan.com\/it\/wp-json\/wp\/v2\/pages\/2901\/revisions"}],"predecessor-version":[{"id":9061,"href":"https:\/\/thurzozoltan.com\/it\/wp-json\/wp\/v2\/pages\/2901\/revisions\/9061"}],"up":[{"embeddable":true,"href":"https:\/\/thurzozoltan.com\/it\/wp-json\/wp\/v2\/pages\/2929"}],"wp:attachment":[{"href":"https:\/\/thurzozoltan.com\/it\/wp-json\/wp\/v2\/media?parent=2901"}],"curies":[{"name":"wp","href":"https:\/\/api.w.org\/{rel}","templated":true}]}}