{"id":2631,"date":"2016-07-20T11:42:16","date_gmt":"2016-07-20T11:42:16","guid":{"rendered":"http:\/\/thurzozoltan.com\/ro\/?page_id=2631"},"modified":"2016-10-25T08:53:07","modified_gmt":"2016-10-25T08:53:07","slug":"articolele-mele-publicate","status":"publish","type":"page","link":"https:\/\/thurzozoltan.com\/ro\/jurnal\/articolele-mele-publicate\/","title":{"rendered":"Scrierile mele publicate"},"content":{"rendered":"[et_pb_section admin_label=&#8221;Section&#8221; fullwidth=&#8221;on&#8221; specialty=&#8221;off&#8221; transparent_background=&#8221;on&#8221; background_color=&#8221;#ffffff&#8221; allow_player_pause=&#8221;off&#8221; inner_shadow=&#8221;off&#8221; parallax=&#8221;off&#8221; parallax_method=&#8221;off&#8221; padding_mobile=&#8221;off&#8221; make_fullwidth=&#8221;off&#8221; use_custom_width=&#8221;off&#8221; width_unit=&#8221;on&#8221; make_equal=&#8221;off&#8221; use_custom_gutter=&#8221;off&#8221;][et_pb_fullwidth_post_title admin_label=&#8221;Fullwidth Post Title&#8221; title=&#8221;on&#8221; meta=&#8221;off&#8221; author=&#8221;on&#8221; date=&#8221;on&#8221; categories=&#8221;on&#8221; comments=&#8221;on&#8221; featured_image=&#8221;off&#8221; featured_placement=&#8221;below&#8221; parallax_effect=&#8221;on&#8221; parallax_method=&#8221;on&#8221; text_orientation=&#8221;center&#8221; text_color=&#8221;dark&#8221; text_background=&#8221;off&#8221; text_bg_color=&#8221;rgba(255,255,255,0.9)&#8221; module_bg_color=&#8221;rgba(255,255,255,0)&#8221; title_font_size=&#8221;36&#8243; title_font_size_tablet=&#8221;29&#8243; title_font_size_phone=&#8221;20&#8243; title_font_size_last_edited=&#8221;on|phone&#8221; title_text_color=&#8221;#fee29b&#8221; title_all_caps=&#8221;off&#8221; use_border_color=&#8221;off&#8221; border_color=&#8221;#ffffff&#8221; border_style=&#8221;solid&#8221;] [\/et_pb_fullwidth_post_title][\/et_pb_section][et_pb_section admin_label=&#8221;section&#8221; transparent_background=&#8221;on&#8221; background_color=&#8221;#ffffff&#8221; allow_player_pause=&#8221;off&#8221; inner_shadow=&#8221;off&#8221; parallax=&#8221;off&#8221; parallax_method=&#8221;off&#8221; padding_mobile=&#8221;off&#8221; make_fullwidth=&#8221;off&#8221; use_custom_width=&#8221;off&#8221; width_unit=&#8221;on&#8221; make_equal=&#8221;off&#8221; use_custom_gutter=&#8221;off&#8221;][et_pb_row admin_label=&#8221;row&#8221; make_fullwidth=&#8221;off&#8221; use_custom_width=&#8221;off&#8221; width_unit=&#8221;on&#8221; use_custom_gutter=&#8221;off&#8221; padding_mobile=&#8221;off&#8221; background_color=&#8221;rgba(0,0,0,0)&#8221; allow_player_pause=&#8221;off&#8221; parallax=&#8221;off&#8221; parallax_method=&#8221;off&#8221; make_equal=&#8221;off&#8221; parallax_1=&#8221;off&#8221; parallax_method_1=&#8221;off&#8221; column_padding_mobile=&#8221;on&#8221;][et_pb_column type=&#8221;4_4&#8243;][et_pb_text admin_label=&#8221;Text&#8221; background_layout=&#8221;light&#8221; text_orientation=&#8221;left&#8221; use_border_color=&#8221;off&#8221; border_color=&#8221;#ffffff&#8221; border_style=&#8221;solid&#8221;]\n<p style=\"text-align: justify;\">\u00cen g\u00e2ndurile noastre se \u00eembin\u0103 profunzime cu \u00eendep\u0103rtarea. \u00cen sufletul fiec\u0103ruia se aglomeraz\u0103 g\u00e2nduri care vor s\u0103 fie \u00eemp\u0103rt\u0103\u015fite cu al\u0163ii, ceea ce este dezv\u0103lirea lumii interioare \u00een modul cel mai personal, cel mai intim.<\/p>\n<p style=\"text-align: justify;\"><img loading=\"lazy\" decoding=\"async\" class=\" wp-image-6213 alignright\" src=\"http:\/\/thurzozoltan.com\/wp-content\/uploads\/2016\/04\/Thurz\u00f3-Zolt\u00e1n-169x300.jpg\" alt=\"Thurz\u00f3 Zolt\u00e1n\" width=\"251\" height=\"446\" srcset=\"https:\/\/thurzozoltan.com\/wp-content\/uploads\/2016\/04\/Thurz\u00f3-Zolt\u00e1n-169x300.jpg 169w, https:\/\/thurzozoltan.com\/wp-content\/uploads\/2016\/04\/Thurz\u00f3-Zolt\u00e1n.jpg 540w\" sizes=\"auto, (max-width: 251px) 100vw, 251px\" \/>Zilele cotidiene cenu\u015fii pot deveni mai colorate, dac\u0103 \u00eemp\u0103rt\u0103\u015fim cuno\u015ftin\u0163ele, evenimentele experimentate.\u00a0A\u015f dori s\u0103 v\u0103 ar\u0103t tuturor modul \u00een care eu v\u0103d lumea \u015fi oamenii.\u00a0Vizitatorul paginii poate citi despre valorile epicilor apuse, atrac\u0163ii de istorie, reflect\u0103ri\u00a0\u00a0 ale imaginii contemporane.\u00a0G\u0103se\u015fte at\u00e2t nout\u0103\u0163i despre trecut care ii atrag aten\u0163ia, c\u00e2t \u015fi eventimente contemporane.\u00a0Pentru redarea autentic\u0103 a domeniilor artistice, \u015fi pentru arta muzicii, este necesar\u0103 umilin\u0163a \u015fi orientarea multilateral\u0103.\u00a0Simt necesar\u0103 o d\u0103ruire \u015fi un angajament de a transmite \u00een moduri diferite, \u00eent\u00e2mplarile pe care le consider importante \u015fi interesanta.\u00a0Dorin\u0163a mea de cunoa\u015ftere st\u0103rnit\u0103 de profesorii \u015fi str\u0103mosii mei, m\u0103 \u00eendeamn\u0103\u00a0 la o cercetare continu\u0103Este o onoare pentru mine, ca rezultatele acestora\u00a0 le pot \u00eempar\u0163ii din c\u00e2nd \u00een c\u00e2nd cu presa.<\/p>\n<p style=\"text-align: justify;\">Orice moment muzical\u00a0 este un \u201emesaj inchis pe ve\u015fnicie \u00eentr-o capsul\u0103\u201d.\u00a0Dar pentru a \u00een\u0163elege mesajul este foarte important\u0103 elementul de leg\u0103tura dintre compozitor \u015fi public.\u00a0\u00cen totalitate este r\u0103spunderea artistului, astfel \u015fi al meu, ca la spectacol, nu doar cu pianul ci \u015fi cu informa\u0163ii punctuale s\u0103 redau interpretarea.\u00a0Scopul pubilica\u0163iilor este \u015fi corec\u0163ia, clarificarea eventualelor erori la istoria muzici.\u00a0Ca \u015fi artist de pian este important pentru mine perfec\u0163ionismul. Deasemenea \u00eengrijirea culturii muzicale \u015fi a culturii.\u00a0\u00cen calitate de localnic, este serviciul meu special de a descoperi istoria muzical\u0103 a Oradiei, \u015fi p\u0103strarea tradi\u0163iilor familiei.\u00a0De mostenirea de la veneratul meu bunic, Thurz\u00f3 S\u00e1ndor, am grij\u0103 \u00een mod special, \u015fi \u00eencerc prin scrierile mele s\u0103 predau posterit\u0103\u0163ii.<\/p>\n<p style=\"text-align: justify;\">Eu cred c\u0103 at\u00e2t cultura maghiar\u0103\/rom\u00e2n\u0103\/interna\u0163ional\u0103, c\u00e2t \u015fi momentelor istorice pot modela via\u0163a oamenilor de azi.\u00a0Scopul meu principal este s\u0103 pot spune totul ce poate \u00eembog\u0103\u0163ii \u00een mod special\u00a0 locuitorii ora\u015fului, dar \u015fi pe cei deschisi pentru cultura de aici \u015fi dincolo de grani\u0163e.\u00a0Publicarea digitala nu \u00eenlocuie\u015fte convorbirile personale, dar \u00een zilele noastre, \u00een lumea informaticii, se pot g\u0103si porti\u021bele prin care omul poate difuza, reprezenta valori.<\/p>\n<p style=\"text-align: justify;\">A\u015f dori ca scrierile mele s\u0103 dea na\u015ftere altor g\u00e2nduri,care astfel ar putea alc\u0103tui un pod \u00eentre oamenii \u015fi evenimentele trecutului \u015fi oamenii \u015fi evenimentele prezentului.\u00a0Valorile epocilor apuse \u0219i atrac\u0163iile istorice trebuie s\u0103 cunoa\u015ftem cu to\u0163ii.<\/p>\n<p style=\"text-align: justify;\">\u00a0<\/p>\n[\/et_pb_text][et_pb_text admin_label=&#8221;Text&#8221; background_layout=&#8221;light&#8221; text_orientation=&#8221;left&#8221; use_border_color=&#8221;off&#8221; border_color=&#8221;#ffffff&#8221; border_style=&#8221;solid&#8221;]\n<h3>Despre festivalul \u201cMichael Haydn-Wenzel Pichl- Karl Ditters von Dittersdorf\u201d<\/h3>\n<table border=\"1\" width=\"100%\">\n<tbody>\n<tr>\n<th scope=\"col\">Titlu<\/th>\n<th scope=\"col\">Data public\u0103rii<\/th>\n<th scope=\"col\">Numele organului presei<\/th>\n<th scope=\"col\">Limba<\/th>\n<\/tr>\n<tr>\n<td><a href=\"http:\/\/thurzozoltan.com\/ro\/orizni-kell-a-kulturalis-szellemi-orokseget\/\"> Mo\u015ftenirea cultural\u0103 trebuie p\u0103strat\u0103<\/a><\/td>\n<td>08.10.2010<\/td>\n<td>Bihari Napl\u00f3<\/td>\n<td>maghiar\u0103<\/td>\n<\/tr>\n<tr>\n<td><a href=\"http:\/\/thurzozoltan.com\/ro\/nemzetkozi-rangra-emelni-nagyvarad-zenei-eletet\/\"> Ridicarea vie\u021bii muzicale din Oradea la nivel interna\u021bional<\/a><\/td>\n<td>12.10.2010<\/td>\n<td>Bihari Napl\u00f3<\/td>\n<td>maghiar\u0103<\/td>\n<\/tr>\n<tr>\n<td><a href=\"http:\/\/thurzozoltan.com\/ro\/michael-haydn-patachich-adam-puspok-komponistaja\/\">Michael Haydn \u2013 Compozitorul episcopului Patachich \u00c1d\u00e1m<\/a><\/td>\n<td>13.10.2010<\/td>\n<td>Bihari Napl\u00f3<\/td>\n<td>maghiar\u0103<\/td>\n<\/tr>\n<tr>\n<td><a href=\"http:\/\/thurzozoltan.com\/ro\/dittersdorf-fontos-szerepe-a-varadi-klasszikus-zene-fejlodeseben\/\">Rolul important al lui Dittersdorf \u00een evolu\u021bia muzicii clasice din Oradea<\/a><\/td>\n<td>14.10.2010<\/td>\n<td>Bihari Napl\u00f3<\/td>\n<td>maghiar\u0103<\/td>\n<\/tr>\n<tr>\n<td><a href=\"http:\/\/thurzozoltan.com\/ro\/karl-ditters-von-dittersdorf-nagyvaradi-munkassagarol\/\"> Despre activitatea din Oradea al lui Karl Ditters von Dittersdorf<\/a><\/td>\n<td>15.10.2010<\/td>\n<td>Bihari Napl\u00f3<\/td>\n<td>maghiar\u0103<\/td>\n<\/tr>\n<tr>\n<td><a href=\"http:\/\/thurzozoltan.com\/ro\/wenzel-pichl-zeneszerzo-nagyvaradi-tartozkodasarol\/\"> Timpul petrecut de compozitorul Wenzel Pichl la Oradea<\/a><\/td>\n<td>16.10.2010<\/td>\n<td>Bihari Napl\u00f3<\/td>\n<td>maghiar\u0103<\/td>\n<\/tr>\n<\/tbody>\n<\/table>\n<p>&nbsp;<\/p>\n<table border=\"1\" width=\"100%\">\n<tbody>\n<tr>\n<th scope=\"col\">Titlu<\/th>\n<th scope=\"col\">Data public\u0103rii<\/th>\n<th scope=\"col\">Numele organului presei<\/th>\n<th scope=\"col\">Limba<\/th>\n<\/tr>\n<tr>\n<td><a href=\"http:\/\/thurzozoltan.com\/ro\/megint-szegenyebbek-lettunk-elhunyt-varga-vilmos-szinmuvesz\/\"> Din nou am devenit mai s\u0103raci, actorul Varga Vilmos s-a stins din via\u0163\u0103<\/a><\/td>\n<td>12.07.2016<\/td>\n<td>Bihari Napl\u00f3<\/td>\n<td>maghiar\u0103<\/td>\n<\/tr>\n<\/tbody>\n<\/table>\n<p>&nbsp;<\/p>\n[\/et_pb_text][\/et_pb_column][\/et_pb_row][et_pb_row admin_label=&#8221;Row&#8221;][et_pb_column type=&#8221;4_4&#8243;][et_pb_divider admin_label=&#8221;Divider&#8221; color=&#8221;#ffffff&#8221; show_divider=&#8221;off&#8221; height=&#8221;100&#8243; divider_style=&#8221;solid&#8221; divider_position=&#8221;top&#8221; hide_on_mobile=&#8221;on&#8221;] [\/et_pb_divider][\/et_pb_column][\/et_pb_row][\/et_pb_section]\n","protected":false},"excerpt":{"rendered":"<p>[et_pb_section admin_label=&#8221;Section&#8221; fullwidth=&#8221;on&#8221; specialty=&#8221;off&#8221; transparent_background=&#8221;on&#8221; background_color=&#8221;#ffffff&#8221; allow_player_pause=&#8221;off&#8221; inner_shadow=&#8221;off&#8221; parallax=&#8221;off&#8221; parallax_method=&#8221;off&#8221; padding_mobile=&#8221;off&#8221; make_fullwidth=&#8221;off&#8221; use_custom_width=&#8221;off&#8221; width_unit=&#8221;on&#8221; make_equal=&#8221;off&#8221; use_custom_gutter=&#8221;off&#8221;][et_pb_fullwidth_post_title admin_label=&#8221;Fullwidth Post Title&#8221; title=&#8221;on&#8221; meta=&#8221;off&#8221; author=&#8221;on&#8221; date=&#8221;on&#8221; categories=&#8221;on&#8221; comments=&#8221;on&#8221; featured_image=&#8221;off&#8221; featured_placement=&#8221;below&#8221; parallax_effect=&#8221;on&#8221; parallax_method=&#8221;on&#8221; text_orientation=&#8221;center&#8221; text_color=&#8221;dark&#8221; text_background=&#8221;off&#8221; text_bg_color=&#8221;rgba(255,255,255,0.9)&#8221; module_bg_color=&#8221;rgba(255,255,255,0)&#8221; title_font_size=&#8221;36&#8243; title_font_size_tablet=&#8221;29&#8243; title_font_size_phone=&#8221;20&#8243; title_font_size_last_edited=&#8221;on|phone&#8221; title_text_color=&#8221;#fee29b&#8221; title_all_caps=&#8221;off&#8221; use_border_color=&#8221;off&#8221; border_color=&#8221;#ffffff&#8221; border_style=&#8221;solid&#8221;] [\/et_pb_fullwidth_post_title][\/et_pb_section][et_pb_section admin_label=&#8221;section&#8221; transparent_background=&#8221;on&#8221; background_color=&#8221;#ffffff&#8221; allow_player_pause=&#8221;off&#8221; inner_shadow=&#8221;off&#8221; parallax=&#8221;off&#8221; parallax_method=&#8221;off&#8221; padding_mobile=&#8221;off&#8221; make_fullwidth=&#8221;off&#8221; use_custom_width=&#8221;off&#8221; width_unit=&#8221;on&#8221; [&hellip;]<\/p>\n","protected":false},"author":1,"featured_media":0,"parent":2930,"menu_order":0,"comment_status":"closed","ping_status":"closed","template":"","meta":{"footnotes":""},"class_list":["post-2631","page","type-page","status-publish","hentry"],"_links":{"self":[{"href":"https:\/\/thurzozoltan.com\/ro\/wp-json\/wp\/v2\/pages\/2631","targetHints":{"allow":["GET"]}}],"collection":[{"href":"https:\/\/thurzozoltan.com\/ro\/wp-json\/wp\/v2\/pages"}],"about":[{"href":"https:\/\/thurzozoltan.com\/ro\/wp-json\/wp\/v2\/types\/page"}],"author":[{"embeddable":true,"href":"https:\/\/thurzozoltan.com\/ro\/wp-json\/wp\/v2\/users\/1"}],"replies":[{"embeddable":true,"href":"https:\/\/thurzozoltan.com\/ro\/wp-json\/wp\/v2\/comments?post=2631"}],"version-history":[{"count":10,"href":"https:\/\/thurzozoltan.com\/ro\/wp-json\/wp\/v2\/pages\/2631\/revisions"}],"predecessor-version":[{"id":9415,"href":"https:\/\/thurzozoltan.com\/ro\/wp-json\/wp\/v2\/pages\/2631\/revisions\/9415"}],"up":[{"embeddable":true,"href":"https:\/\/thurzozoltan.com\/ro\/wp-json\/wp\/v2\/pages\/2930"}],"wp:attachment":[{"href":"https:\/\/thurzozoltan.com\/ro\/wp-json\/wp\/v2\/media?parent=2631"}],"curies":[{"name":"wp","href":"https:\/\/api.w.org\/{rel}","templated":true}]}}