{"id":2897,"date":"2016-05-18T07:17:19","date_gmt":"2016-05-18T07:17:19","guid":{"rendered":"http:\/\/thurzozoltan.com\/ro\/?page_id=2897"},"modified":"2016-10-07T21:17:49","modified_gmt":"2016-10-07T21:17:49","slug":"kozonseg-velemeny","status":"publish","type":"page","link":"https:\/\/thurzozoltan.com\/ro\/jurnal\/kozonseg-velemeny\/","title":{"rendered":"P\u0103reri ale audien\u021bei"},"content":{"rendered":"[et_pb_section admin_label=&#8221;Section&#8221; fullwidth=&#8221;on&#8221; specialty=&#8221;off&#8221; transparent_background=&#8221;on&#8221; background_color=&#8221;#ffffff&#8221; allow_player_pause=&#8221;off&#8221; inner_shadow=&#8221;off&#8221; parallax=&#8221;off&#8221; parallax_method=&#8221;off&#8221; padding_mobile=&#8221;off&#8221; make_fullwidth=&#8221;off&#8221; use_custom_width=&#8221;off&#8221; width_unit=&#8221;on&#8221; make_equal=&#8221;off&#8221; use_custom_gutter=&#8221;off&#8221;][et_pb_fullwidth_post_title admin_label=&#8221;Fullwidth Post Title&#8221; title=&#8221;on&#8221; meta=&#8221;off&#8221; author=&#8221;on&#8221; date=&#8221;on&#8221; categories=&#8221;on&#8221; comments=&#8221;on&#8221; featured_image=&#8221;off&#8221; featured_placement=&#8221;below&#8221; parallax_effect=&#8221;on&#8221; parallax_method=&#8221;on&#8221; text_orientation=&#8221;center&#8221; text_color=&#8221;dark&#8221; text_background=&#8221;off&#8221; text_bg_color=&#8221;rgba(255,255,255,0.9)&#8221; module_bg_color=&#8221;rgba(255,255,255,0)&#8221; title_font_size=&#8221;36&#8243; title_font_size_tablet=&#8221;29&#8243; title_font_size_phone=&#8221;20&#8243; title_font_size_last_edited=&#8221;on|phone&#8221; title_text_color=&#8221;#fee29b&#8221; title_all_caps=&#8221;off&#8221; use_border_color=&#8221;off&#8221; border_color=&#8221;#ffffff&#8221; border_style=&#8221;solid&#8221;] [\/et_pb_fullwidth_post_title][\/et_pb_section][et_pb_section admin_label=&#8221;section&#8221; transparent_background=&#8221;on&#8221; background_color=&#8221;#ffffff&#8221; allow_player_pause=&#8221;off&#8221; inner_shadow=&#8221;off&#8221; parallax=&#8221;off&#8221; parallax_method=&#8221;off&#8221; padding_mobile=&#8221;off&#8221; make_fullwidth=&#8221;off&#8221; use_custom_width=&#8221;off&#8221; width_unit=&#8221;on&#8221; make_equal=&#8221;off&#8221; use_custom_gutter=&#8221;off&#8221;][et_pb_row admin_label=&#8221;Row&#8221; make_fullwidth=&#8221;off&#8221; use_custom_width=&#8221;off&#8221; width_unit=&#8221;on&#8221; use_custom_gutter=&#8221;off&#8221; padding_mobile=&#8221;off&#8221; allow_player_pause=&#8221;off&#8221; parallax=&#8221;off&#8221; parallax_method=&#8221;off&#8221; make_equal=&#8221;off&#8221; parallax_1=&#8221;off&#8221; parallax_method_1=&#8221;off&#8221; column_padding_mobile=&#8221;on&#8221; custom_padding=&#8221;0px|||&#8221;][et_pb_column type=&#8221;4_4&#8243;][et_pb_text admin_label=&#8221;Text&#8221; background_layout=&#8221;light&#8221; text_orientation=&#8221;left&#8221; use_border_color=&#8221;off&#8221; border_color=&#8221;#ffffff&#8221; border_style=&#8221;solid&#8221;]\n<p style=\"text-align: justify;\">P\u0103rerea audien\u021bei tot timpul a contat, \u015fi \u00een trecutul de demult.<\/p>\n<p style=\"text-align: justify;\">Dorin\u021ba cea mai mare a omului creator este s\u0103\u00a0 creeze ceva de durat\u0103.\u00a0\u00cenc\u0103\u00a0 din frageda copil\u0103rie, de c\u00e2nd g\u00e2ndirea cap\u0103t\u0103 sens, este foarte important feed-back-ul. \u015ei atunci c\u00e2nd for\u021bam limitele prin comportament, chiar \u015fi atunci c\u00e2nd sim\u021bim c\u0103 am f\u0103cut ceva ce ne pl\u0103cea, anturajul se incheie printr-o laud\u0103.\u00a0Este important ca pe parcursul activit\u0103\u021bii s\u0103 avem parte de critic\u0103 negativ\u0103 \u015fi pozitiv\u0103 la momentul potrivit, deoarece asta poate a\u015feza baza unei sc\u0103ri valorice reale \u00een via\u021ba noastr\u0103.<\/p>\n<p style=\"text-align: justify;\"><img loading=\"lazy\" decoding=\"async\" class=\"size-medium wp-image-6219 alignright\" src=\"http:\/\/thurzozoltan.com\/wp-content\/uploads\/2016\/05\/K\u00f6z\u00f6ns\u00e9g-300x200.jpg\" alt=\"K\u00f6z\u00f6ns\u00e9g\" width=\"300\" height=\"200\" srcset=\"https:\/\/thurzozoltan.com\/wp-content\/uploads\/2016\/05\/K\u00f6z\u00f6ns\u00e9g-300x200.jpg 300w, https:\/\/thurzozoltan.com\/wp-content\/uploads\/2016\/05\/K\u00f6z\u00f6ns\u00e9g-768x512.jpg 768w, https:\/\/thurzozoltan.com\/wp-content\/uploads\/2016\/05\/K\u00f6z\u00f6ns\u00e9g-1024x683.jpg 1024w, https:\/\/thurzozoltan.com\/wp-content\/uploads\/2016\/05\/K\u00f6z\u00f6ns\u00e9g-1080x720.jpg 1080w\" sizes=\"auto, (max-width: 300px) 100vw, 300px\" \/>Artistului, dar mai ales \u00een cazul unui muzician este deosebit de important c\u0103 pe baza experien\u021bei tr\u0103ite, dup\u0103 un concert, s\u0103 aprecieze corect feed-back-ul\u00a0 publicul.\u00a0Face parte din preg\u0103tirea artistic\u0103 os\u00e2ndirea sensibilit\u0103\u021bii, deoarece artistul prin aceast\u0103 calitate poate oferi autenticitate si experien\u021b\u0103.\u00a0Cum nu exist\u0103 dou\u0103 persoane identice, a\u015fa nu exist\u0103 nici dou\u0103 p\u0103reri identice.\u00a0Punctul principal unei produc\u021bii artistice, fie o poezie, o pictur\u0103, o produc\u021bie de teatru\u00a0 fie un concert, este s\u0103 \u00ee\u015fi ating\u0103 scopul, adic\u0103 este destinat ca prin privilegiatul si destinatul artist s\u0103 ajung\u0103 la stimatul \u015fi receptivul public.<\/p>\n<p style=\"text-align: justify;\"><img loading=\"lazy\" decoding=\"async\" class=\" wp-image-6223 alignleft\" src=\"http:\/\/thurzozoltan.com\/wp-content\/uploads\/2016\/05\/K\u00f6z\u00f6ns\u00e9g-1-300x199.jpg\" alt=\"K\u00f6z\u00f6ns\u00e9g\" width=\"310\" height=\"206\" srcset=\"https:\/\/thurzozoltan.com\/wp-content\/uploads\/2016\/05\/K\u00f6z\u00f6ns\u00e9g-1-300x199.jpg 300w, https:\/\/thurzozoltan.com\/wp-content\/uploads\/2016\/05\/K\u00f6z\u00f6ns\u00e9g-1-768x509.jpg 768w, https:\/\/thurzozoltan.com\/wp-content\/uploads\/2016\/05\/K\u00f6z\u00f6ns\u00e9g-1-1024x678.jpg 1024w, https:\/\/thurzozoltan.com\/wp-content\/uploads\/2016\/05\/K\u00f6z\u00f6ns\u00e9g-1-1080x715.jpg 1080w\" sizes=\"auto, (max-width: 310px) 100vw, 310px\" \/>Marea majoritatea oamenilor simt nevoia de a se aduna pe l\u00eeng\u0103 cultur\u0103. Orice experien\u021b\u0103 tr\u0103it\u0103 personal, orice eveniment experimentat, ii adun\u0103 la fiecare spectacol.\u00a0Bine\u00een\u021beles nu e voie s\u0103 neglij\u0103m p\u0103rerea publicului dup\u0103 fiecare spectacol, indiferent c\u00e2t este de diferit.\u00a0Puterea \u015fi for\u021ba cre\u0103rii publicului \u015fi \u00een asta const\u0103.\u00a0La spectacolele mele m\u0103 str\u0103duiesc s\u0103 predau cu cea mai mare preg\u0103tire, \u015fi supunere, toat\u0103 cuno\u015ftin\u021ba de care dispun.\u00a0P\u0103rerea pozitiv\u0103 a publicului, chiar \u015fi nerostit, o aplaudare, sau c\u0103te un moment \u00eencordat de lini\u015fte, \u00eemi d\u0103 un nu av\u00e2nt, o inspira\u021bie.Efectul catarsist este visul oric\u0103rei artist, cu ocazia fiec\u0103rei concert, lipsa acestuia este si el un efect, din care merit\u0103 s\u0103 tragem concluzii constructive pentru viitor.<\/p>\n<p style=\"text-align: justify;\">Progresul p\u00e2n\u0103 atunci poate fi un proces continuu, p\u00e2na\u00a0 ajunge la nivelul valorilor critice g\u00e2ndite, trebuie s\u0103 ne str\u0103duim mereu s\u0103\u00a0 oferim c\u00e2t mai mult \u015fi c\u00e2t mai bun pentru publicul nostru.<\/p>\n<p style=\"text-align: justify;\">Aceste experien\u021be tr\u0103ite sunt adunate \u00eentr-un buchet de aceste albume.<\/p>\n<p style=\"text-align: justify;\"><strong>\u2026\u2026\u2026\u2026\u2026\u2026\u2026\u2026\u2026\u2026\u2026\u2026\u2026\u2026\u2026\u2026\u2026\u2026\u2026\u2026\u2026\u2026\u2026\u2026\u2026\u2026\u2026\u2026\u2026\u2026\u2026\u2026\u2026\u2026\u2026\u2026\u2026\u2026\u2026\u2026\u2026\u2026\u2026\u2026\u2026\u2026\u2026\u2026\u2026\u2026\u2026\u2026\u2026\u2026\u2026\u2026\u2026\u2026\u2026\u2026.<\/strong><\/p>\n<p style=\"text-align: justify;\">\u00a0<\/p>\n[\/et_pb_text][et_pb_blog admin_label=&#8221;Blog&#8221; fullwidth=&#8221;off&#8221; posts_number=&#8221;20&#8243; include_categories=&#8221;8&#8243; show_thumbnail=&#8221;on&#8221; show_content=&#8221;off&#8221; show_more=&#8221;off&#8221; show_author=&#8221;off&#8221; show_date=&#8221;off&#8221; show_categories=&#8221;off&#8221; show_comments=&#8221;off&#8221; show_pagination=&#8221;on&#8221; offset_number=&#8221;0&#8243; use_overlay=&#8221;on&#8221; background_layout=&#8221;light&#8221; use_dropshadow=&#8221;on&#8221; use_border_color=&#8221;off&#8221; border_color=&#8221;#fee290&#8243; border_style=&#8221;solid&#8221; meta_date=&#8221;Y M j &#8221; overlay_icon_color=&#8221;#fee290&#8243; hover_overlay_color=&#8221;rgba(254,226,144,0.44)&#8221; masonry_tile_background_color=&#8221;rgba(255,255,255,0)&#8221;] [\/et_pb_blog][\/et_pb_column][\/et_pb_row][\/et_pb_section]\n","protected":false},"excerpt":{"rendered":"<p>[et_pb_section admin_label=&#8221;Section&#8221; fullwidth=&#8221;on&#8221; specialty=&#8221;off&#8221; transparent_background=&#8221;on&#8221; background_color=&#8221;#ffffff&#8221; allow_player_pause=&#8221;off&#8221; inner_shadow=&#8221;off&#8221; parallax=&#8221;off&#8221; parallax_method=&#8221;off&#8221; padding_mobile=&#8221;off&#8221; make_fullwidth=&#8221;off&#8221; use_custom_width=&#8221;off&#8221; width_unit=&#8221;on&#8221; make_equal=&#8221;off&#8221; use_custom_gutter=&#8221;off&#8221;][et_pb_fullwidth_post_title admin_label=&#8221;Fullwidth Post Title&#8221; title=&#8221;on&#8221; meta=&#8221;off&#8221; author=&#8221;on&#8221; date=&#8221;on&#8221; categories=&#8221;on&#8221; comments=&#8221;on&#8221; featured_image=&#8221;off&#8221; featured_placement=&#8221;below&#8221; parallax_effect=&#8221;on&#8221; parallax_method=&#8221;on&#8221; text_orientation=&#8221;center&#8221; text_color=&#8221;dark&#8221; text_background=&#8221;off&#8221; text_bg_color=&#8221;rgba(255,255,255,0.9)&#8221; module_bg_color=&#8221;rgba(255,255,255,0)&#8221; title_font_size=&#8221;36&#8243; title_font_size_tablet=&#8221;29&#8243; title_font_size_phone=&#8221;20&#8243; title_font_size_last_edited=&#8221;on|phone&#8221; title_text_color=&#8221;#fee29b&#8221; title_all_caps=&#8221;off&#8221; use_border_color=&#8221;off&#8221; border_color=&#8221;#ffffff&#8221; border_style=&#8221;solid&#8221;] [\/et_pb_fullwidth_post_title][\/et_pb_section][et_pb_section admin_label=&#8221;section&#8221; transparent_background=&#8221;on&#8221; background_color=&#8221;#ffffff&#8221; allow_player_pause=&#8221;off&#8221; inner_shadow=&#8221;off&#8221; parallax=&#8221;off&#8221; parallax_method=&#8221;off&#8221; padding_mobile=&#8221;off&#8221; make_fullwidth=&#8221;off&#8221; use_custom_width=&#8221;off&#8221; width_unit=&#8221;on&#8221; [&hellip;]<\/p>\n","protected":false},"author":1,"featured_media":0,"parent":2930,"menu_order":0,"comment_status":"closed","ping_status":"closed","template":"","meta":{"footnotes":""},"class_list":["post-2897","page","type-page","status-publish","hentry"],"_links":{"self":[{"href":"https:\/\/thurzozoltan.com\/ro\/wp-json\/wp\/v2\/pages\/2897","targetHints":{"allow":["GET"]}}],"collection":[{"href":"https:\/\/thurzozoltan.com\/ro\/wp-json\/wp\/v2\/pages"}],"about":[{"href":"https:\/\/thurzozoltan.com\/ro\/wp-json\/wp\/v2\/types\/page"}],"author":[{"embeddable":true,"href":"https:\/\/thurzozoltan.com\/ro\/wp-json\/wp\/v2\/users\/1"}],"replies":[{"embeddable":true,"href":"https:\/\/thurzozoltan.com\/ro\/wp-json\/wp\/v2\/comments?post=2897"}],"version-history":[{"count":10,"href":"https:\/\/thurzozoltan.com\/ro\/wp-json\/wp\/v2\/pages\/2897\/revisions"}],"predecessor-version":[{"id":9064,"href":"https:\/\/thurzozoltan.com\/ro\/wp-json\/wp\/v2\/pages\/2897\/revisions\/9064"}],"up":[{"embeddable":true,"href":"https:\/\/thurzozoltan.com\/ro\/wp-json\/wp\/v2\/pages\/2930"}],"wp:attachment":[{"href":"https:\/\/thurzozoltan.com\/ro\/wp-json\/wp\/v2\/media?parent=2897"}],"curies":[{"name":"wp","href":"https:\/\/api.w.org\/{rel}","templated":true}]}}